{"id":5719,"date":"2022-04-05T09:39:21","date_gmt":"2022-04-05T07:39:21","guid":{"rendered":"https:\/\/www.promostar.it\/prodotto\/las-cajas-de-troquelado\/"},"modified":"2023-04-27T15:31:43","modified_gmt":"2023-04-27T13:31:43","slug":"las-cajas-de-troquelado","status":"publish","type":"product","link":"https:\/\/www.promostar.it\/es\/prodotto\/las-cajas-de-troquelado\/","title":{"rendered":"Las cajas de troquelado"},"content":{"rendered":"<p>[et_pb_section fb_built=\u00bb1&#8243; _builder_version=\u00bb4.17.0&#8243; _module_preset=\u00bbdefault\u00bb global_colors_info=\u00bb{}\u00bb][\/et_pb_section]<\/p>\n","protected":false},"excerpt":{"rendered":"<p><strong>Las cajas de troquelado<\/strong> se utilizan para el proceso de trefilado en fr\u00edo del alambr\u00f3n fabricado sin suministro de calor.<\/p>\n<p><strong>Las cajas de troquelado<\/strong> gracias al proceso de trefilado que reduce el di\u00e1metro del alambre simple al tama\u00f1o deseado es un producto con una excelente redondez con propiedades mec\u00e1nicas aumentadas en comparaci\u00f3n con el alambr\u00f3n de entrada.<\/p>\n<p>Las aplicaciones del producto final son normalmente para el sector industrial o agr\u00edcola para la producci\u00f3n de alambre liso, alambre galvanizado, alambre brillante, alambre de p\u00faas, alambre de partici\u00f3n, alambre de barrera, alambre para cercas, alambre para muelles, clavos y alambre de atar.<\/p>\n<p>Las cajas de trefilado constan de un robusto bastidor de acero soldado sobre el que se montan los soportes que permiten utilizar el troquel de presi\u00f3n para trefilar en fr\u00edo el alambre.<\/p>\n<p>Cada caja de trefilado est\u00e1 equipada con un recipiente de jab\u00f3n para la lubricaci\u00f3n del alambre con el fin de reducir la fricci\u00f3n generada entre el alambre y el troquel.<\/p>\n","protected":false},"featured_media":4169,"template":"","meta":{"_et_pb_use_builder":"on","_et_pb_old_content":"<strong>Las cajas de troquelado<\/strong> se utilizan para el proceso de trefilado en fr\u00edo del alambr\u00f3n fabricado sin suministro de calor.\n\n<strong>Las cajas de troquelado<\/strong> gracias al proceso de trefilado que reduce el di\u00e1metro del alambre simple al tama\u00f1o deseado es un producto con una excelente redondez con propiedades mec\u00e1nicas aumentadas en comparaci\u00f3n con el alambr\u00f3n de entrada.\n\nLas aplicaciones del producto final son normalmente para el sector industrial o agr\u00edcola para la producci\u00f3n de alambre liso, alambre galvanizado, alambre brillante, alambre de p\u00faas, alambre de partici\u00f3n, alambre de barrera, alambre para cercas, alambre para muelles, clavos y alambre de atar.\n\nLas cajas de trefilado constan de un robusto bastidor de acero soldado sobre el que se montan los soportes que permiten utilizar el troquel de presi\u00f3n para trefilar en fr\u00edo el alambre.\n\nCada caja de trefilado est\u00e1 equipada con un recipiente de jab\u00f3n para la lubricaci\u00f3n del alambre con el fin de reducir la fricci\u00f3n generada entre el alambre y el troquel.\n\nEl calor producido por el proceso de trefilado se elimina mediante un circuito de agua de refrigeraci\u00f3n que fluye directamente por los troqueles de trefilado (en las cajas de trefilado giratorias, el flujo de agua se invierte alternativamente para aumentar la turbulencia y la eficacia del intercambio t\u00e9rmico).\n\nCada troquel de trefilado est\u00e1 montado en un soporte perfectamente alineado para facilitar su sustituci\u00f3n.\n\n<strong>Las Cajas de troquelado<\/strong> son dise\u00f1adas y fabricadas por Promostar en colaboraci\u00f3n con nuestros socios utilizando las \u00faltimas tecnolog\u00edas y las mejores marcas disponibles en el mercado.\n\nPodemos suministrar tres (3) tipos diferentes de cajas de troquelado\n<ul>\n \t<li>Fijas<\/li>\n \t<li>Rotativa - libre<\/li>\n \t<li>Rotativa - motorizada<\/li>\n<\/ul>\nEn las cajas de troquelado fijas el troquel de presi\u00f3n es fijo mientras que en las de tipo rotativo giran durante el avance del alambre reduciendo de esta manera la fricci\u00f3n generada entre el alambre y el troquel.\n\nEn las \"rotativas - libres\" la rotaci\u00f3n del troquel se obtiene a trav\u00e9s del avance del alambre mientras que en las \"rotativas - motorizadas\" la rotaci\u00f3n del troquel se da por un motor espec\u00edfico y por lo tanto es independiente del avance del alambre.\n\nNuestra oferta no se limita a las cajas de trefilado, sino que se puede completar tambi\u00e9n con una serie de opcionales y accesorios, como:\n<ul>\n \t<li><a href=\"https:\/\/www.promostar.it\/prodotto\/pressure-drawing-dies\/\"><u>TROQUELES DE PRESI\u00d3N<\/u><\/a><\/li>\n \t<li><a href=\"https:\/\/www.promostar.it\/prodotto\/pointing-machines\/\"><u>M\u00c1QUINAS APUNTADORAS<\/u><\/a><\/li>\n<\/ul>","_et_gb_content_width":""},"product_cat":[179],"product_tag":[121,126],"yoast_head":"<!-- This site is optimized with the Yoast SEO plugin v20.5 - https:\/\/yoast.com\/wordpress\/plugins\/seo\/ -->\n<title>Las cajas de troquelado | Promostar<\/title>\n<meta name=\"description\" content=\"Las cajas de troquelado se utilizan para el proceso de trefilado en fr\u00edo del alambr\u00f3n fabricado sin suministro de calor y reduce el di\u00e1metro del alambre\" \/>\n<meta name=\"robots\" content=\"index, follow, max-snippet:-1, max-image-preview:large, max-video-preview:-1\" \/>\n<link rel=\"canonical\" href=\"https:\/\/www.promostar.it\/es\/prodotto\/las-cajas-de-troquelado\/\" \/>\n<meta property=\"og:locale\" content=\"es_ES\" \/>\n<meta property=\"og:type\" content=\"article\" \/>\n<meta property=\"og:title\" content=\"Las cajas de troquelado | Promostar\" \/>\n<meta property=\"og:description\" content=\"Las cajas de troquelado se utilizan para el proceso de trefilado en fr\u00edo del alambr\u00f3n fabricado sin suministro de calor y reduce el di\u00e1metro del alambre\" \/>\n<meta property=\"og:url\" content=\"https:\/\/www.promostar.it\/es\/prodotto\/las-cajas-de-troquelado\/\" \/>\n<meta property=\"og:site_name\" content=\"PromoStar S.r.l.\" \/>\n<meta property=\"article:modified_time\" content=\"2023-04-27T13:31:43+00:00\" \/>\n<meta property=\"og:image\" content=\"https:\/\/www.promostar.it\/wp-content\/uploads\/2022\/04\/Motorized-drawing-box-2.jpg\" \/>\n\t<meta property=\"og:image:width\" content=\"1200\" \/>\n\t<meta property=\"og:image:height\" content=\"1200\" \/>\n\t<meta property=\"og:image:type\" content=\"image\/jpeg\" \/>\n<meta name=\"twitter:card\" content=\"summary_large_image\" \/>\n<script type=\"application\/ld+json\" class=\"yoast-schema-graph\">{\"@context\":\"https:\/\/schema.org\",\"@graph\":[{\"@type\":\"WebPage\",\"@id\":\"https:\/\/www.promostar.it\/es\/prodotto\/las-cajas-de-troquelado\/\",\"url\":\"https:\/\/www.promostar.it\/es\/prodotto\/las-cajas-de-troquelado\/\",\"name\":\"Las cajas de troquelado | Promostar\",\"isPartOf\":{\"@id\":\"https:\/\/www.promostar.it\/es\/#website\"},\"datePublished\":\"2022-04-05T07:39:21+00:00\",\"dateModified\":\"2023-04-27T13:31:43+00:00\",\"description\":\"Las cajas de troquelado se utilizan para el proceso de trefilado en fr\u00edo del alambr\u00f3n fabricado sin suministro de calor y reduce el di\u00e1metro del alambre\",\"breadcrumb\":{\"@id\":\"https:\/\/www.promostar.it\/es\/prodotto\/las-cajas-de-troquelado\/#breadcrumb\"},\"inLanguage\":\"es\",\"potentialAction\":[{\"@type\":\"ReadAction\",\"target\":[\"https:\/\/www.promostar.it\/es\/prodotto\/las-cajas-de-troquelado\/\"]}]},{\"@type\":\"BreadcrumbList\",\"@id\":\"https:\/\/www.promostar.it\/es\/prodotto\/las-cajas-de-troquelado\/#breadcrumb\",\"itemListElement\":[{\"@type\":\"ListItem\",\"position\":1,\"name\":\"Home\",\"item\":\"https:\/\/www.promostar.it\/es\/\"},{\"@type\":\"ListItem\",\"position\":2,\"name\":\"Productos\",\"item\":\"https:\/\/www.promostar.it\/es\/shop\/\"},{\"@type\":\"ListItem\",\"position\":3,\"name\":\"Las cajas de troquelado\"}]},{\"@type\":\"WebSite\",\"@id\":\"https:\/\/www.promostar.it\/es\/#website\",\"url\":\"https:\/\/www.promostar.it\/es\/\",\"name\":\"PromoStar S.r.l.\",\"description\":\"Promostar \u00e8 l\u2019azienda leader e la prima ad introdurre il processo di stiratura\",\"publisher\":{\"@id\":\"https:\/\/www.promostar.it\/es\/#organization\"},\"potentialAction\":[{\"@type\":\"SearchAction\",\"target\":{\"@type\":\"EntryPoint\",\"urlTemplate\":\"https:\/\/www.promostar.it\/es\/?s={search_term_string}\"},\"query-input\":\"required name=search_term_string\"}],\"inLanguage\":\"es\"},{\"@type\":\"Organization\",\"@id\":\"https:\/\/www.promostar.it\/es\/#organization\",\"name\":\"Promostar\",\"url\":\"https:\/\/www.promostar.it\/es\/\",\"logo\":{\"@type\":\"ImageObject\",\"inLanguage\":\"es\",\"@id\":\"https:\/\/www.promostar.it\/es\/#\/schema\/logo\/image\/\",\"url\":\"https:\/\/www.promostar.it\/wp-content\/uploads\/2020\/10\/promostar-logo.png\",\"contentUrl\":\"https:\/\/www.promostar.it\/wp-content\/uploads\/2020\/10\/promostar-logo.png\",\"width\":210,\"height\":69,\"caption\":\"Promostar\"},\"image\":{\"@id\":\"https:\/\/www.promostar.it\/es\/#\/schema\/logo\/image\/\"}}]}<\/script>\n<!-- \/ Yoast SEO plugin. -->","yoast_head_json":{"title":"Las cajas de troquelado | Promostar","description":"Las cajas de troquelado se utilizan para el proceso de trefilado en fr\u00edo del alambr\u00f3n fabricado sin suministro de calor y reduce el di\u00e1metro del alambre","robots":{"index":"index","follow":"follow","max-snippet":"max-snippet:-1","max-image-preview":"max-image-preview:large","max-video-preview":"max-video-preview:-1"},"canonical":"https:\/\/www.promostar.it\/es\/prodotto\/las-cajas-de-troquelado\/","og_locale":"es_ES","og_type":"article","og_title":"Las cajas de troquelado | Promostar","og_description":"Las cajas de troquelado se utilizan para el proceso de trefilado en fr\u00edo del alambr\u00f3n fabricado sin suministro de calor y reduce el di\u00e1metro del alambre","og_url":"https:\/\/www.promostar.it\/es\/prodotto\/las-cajas-de-troquelado\/","og_site_name":"PromoStar S.r.l.","article_modified_time":"2023-04-27T13:31:43+00:00","og_image":[{"width":1200,"height":1200,"url":"https:\/\/www.promostar.it\/wp-content\/uploads\/2022\/04\/Motorized-drawing-box-2.jpg","type":"image\/jpeg"}],"twitter_card":"summary_large_image","schema":{"@context":"https:\/\/schema.org","@graph":[{"@type":"WebPage","@id":"https:\/\/www.promostar.it\/es\/prodotto\/las-cajas-de-troquelado\/","url":"https:\/\/www.promostar.it\/es\/prodotto\/las-cajas-de-troquelado\/","name":"Las cajas de troquelado | Promostar","isPartOf":{"@id":"https:\/\/www.promostar.it\/es\/#website"},"datePublished":"2022-04-05T07:39:21+00:00","dateModified":"2023-04-27T13:31:43+00:00","description":"Las cajas de troquelado se utilizan para el proceso de trefilado en fr\u00edo del alambr\u00f3n fabricado sin suministro de calor y reduce el di\u00e1metro del alambre","breadcrumb":{"@id":"https:\/\/www.promostar.it\/es\/prodotto\/las-cajas-de-troquelado\/#breadcrumb"},"inLanguage":"es","potentialAction":[{"@type":"ReadAction","target":["https:\/\/www.promostar.it\/es\/prodotto\/las-cajas-de-troquelado\/"]}]},{"@type":"BreadcrumbList","@id":"https:\/\/www.promostar.it\/es\/prodotto\/las-cajas-de-troquelado\/#breadcrumb","itemListElement":[{"@type":"ListItem","position":1,"name":"Home","item":"https:\/\/www.promostar.it\/es\/"},{"@type":"ListItem","position":2,"name":"Productos","item":"https:\/\/www.promostar.it\/es\/shop\/"},{"@type":"ListItem","position":3,"name":"Las cajas de troquelado"}]},{"@type":"WebSite","@id":"https:\/\/www.promostar.it\/es\/#website","url":"https:\/\/www.promostar.it\/es\/","name":"PromoStar S.r.l.","description":"Promostar \u00e8 l\u2019azienda leader e la prima ad introdurre il processo di stiratura","publisher":{"@id":"https:\/\/www.promostar.it\/es\/#organization"},"potentialAction":[{"@type":"SearchAction","target":{"@type":"EntryPoint","urlTemplate":"https:\/\/www.promostar.it\/es\/?s={search_term_string}"},"query-input":"required name=search_term_string"}],"inLanguage":"es"},{"@type":"Organization","@id":"https:\/\/www.promostar.it\/es\/#organization","name":"Promostar","url":"https:\/\/www.promostar.it\/es\/","logo":{"@type":"ImageObject","inLanguage":"es","@id":"https:\/\/www.promostar.it\/es\/#\/schema\/logo\/image\/","url":"https:\/\/www.promostar.it\/wp-content\/uploads\/2020\/10\/promostar-logo.png","contentUrl":"https:\/\/www.promostar.it\/wp-content\/uploads\/2020\/10\/promostar-logo.png","width":210,"height":69,"caption":"Promostar"},"image":{"@id":"https:\/\/www.promostar.it\/es\/#\/schema\/logo\/image\/"}}]}},"_links":{"self":[{"href":"https:\/\/www.promostar.it\/es\/wp-json\/wp\/v3\/product\/5719"}],"collection":[{"href":"https:\/\/www.promostar.it\/es\/wp-json\/wp\/v3\/product"}],"about":[{"href":"https:\/\/www.promostar.it\/es\/wp-json\/wp\/v2\/types\/product"}],"wp:featuredmedia":[{"embeddable":true,"href":"https:\/\/www.promostar.it\/es\/wp-json\/wp\/v2\/media\/4169"}],"wp:attachment":[{"href":"https:\/\/www.promostar.it\/es\/wp-json\/wp\/v2\/media?parent=5719"}],"wp:term":[{"taxonomy":"product_cat","embeddable":true,"href":"https:\/\/www.promostar.it\/es\/wp-json\/wp\/v2\/product_cat?post=5719"},{"taxonomy":"product_tag","embeddable":true,"href":"https:\/\/www.promostar.it\/es\/wp-json\/wp\/v2\/product_tag?post=5719"}],"curies":[{"name":"wp","href":"https:\/\/api.w.org\/{rel}","templated":true}]}}