{"id":5718,"date":"2022-04-05T09:45:03","date_gmt":"2022-04-05T07:45:03","guid":{"rendered":"https:\/\/www.promostar.it\/prodotto\/los-carretes-fijos-rollos\/"},"modified":"2023-04-27T15:25:31","modified_gmt":"2023-04-27T13:25:31","slug":"los-carretes-fijos-rollos","status":"publish","type":"product","link":"https:\/\/www.promostar.it\/es\/prodotto\/los-carretes-fijos-rollos\/","title":{"rendered":"Los Carretes fijos \u2013 Rollos"},"content":{"rendered":"<p>[et_pb_section fb_built=\u00bb1&#8243; _builder_version=\u00bb4.17.0&#8243; _module_preset=\u00bbdefault\u00bb global_colors_info=\u00bb{}\u00bb][\/et_pb_section]<\/p>\n","protected":false},"excerpt":{"rendered":"<p><strong>Los Carretes fijos \u2013 Rollos<\/strong> se utilizan para recoger el alambre tras el proceso de laminaci\u00f3n en fr\u00edo, trefilado o estirado para la producci\u00f3n de bobinas de alambre.<\/p>\n<p><strong>Los Carretes fijos \u2013 rollos<\/strong> pueden adaptarse a diferentes tipos de carretes (horizontales y verticales, con diferentes dimensiones y capacidades de carga).<\/p>\n<p>Los carretes fijos PROMOSTAR est\u00e1n fabricados con una carpinter\u00eda pesada de acero (tubo), perfectamente equilibrada para evitar vibraciones peligrosas durante el bobinado a alta velocidad en la bobinadora.<\/p>\n<p>Estas bobinas se utilizan para alimentar otras m\u00e1quinas para procesos internos de transformaci\u00f3n del alambre, como por ejemplo l\u00edneas de malla, m\u00e1quinas de enderezado, estribos, jaulas y m\u00e1quinas de vigas de celos\u00eda.<\/p>\n<p>Las aplicaciones finales del producto son normalmente mallas de refuerzo, estribos, jaulas y vigas de celos\u00eda para la construcci\u00f3n civil e industrial, cimentaciones e industria de prefabricados.<\/p>\n","protected":false},"featured_media":4154,"template":"","meta":{"_et_pb_use_builder":"on","_et_pb_old_content":"<strong>Los Carretes fijos \u2013 Rollos<\/strong> se utilizan para recoger el alambre tras el proceso de laminaci\u00f3n en fr\u00edo, trefilado o estirado para la producci\u00f3n de bobinas de alambre.\n\n<strong>Los Carretes fijos \u2013 rollos<\/strong> pueden adaptarse a diferentes tipos de carretes (horizontales y verticales, con diferentes dimensiones y capacidades de carga).\n\nLos carretes fijos PROMOSTAR est\u00e1n fabricados con una carpinter\u00eda pesada de acero (tubo), perfectamente equilibrada para evitar vibraciones peligrosas durante el bobinado a alta velocidad en la bobinadora.\n\nEstas bobinas se utilizan para alimentar otras m\u00e1quinas para procesos internos de transformaci\u00f3n del alambre, como por ejemplo l\u00edneas de malla, m\u00e1quinas de enderezado, estribos, jaulas y m\u00e1quinas de vigas de celos\u00eda.\n\nLas aplicaciones finales del producto son normalmente mallas de refuerzo, estribos, jaulas y vigas de celos\u00eda para la construcci\u00f3n civil e industrial, cimentaciones e industria de prefabricados.","_et_gb_content_width":""},"product_cat":[179],"product_tag":[98,105,107,110,114,119,121,126,133,138],"yoast_head":"<!-- This site is optimized with the Yoast SEO plugin v20.5 - https:\/\/yoast.com\/wordpress\/plugins\/seo\/ -->\n<title>Carretes fijos \u2013 Rollos | Promostar<\/title>\n<meta name=\"description\" content=\"Los Carretes fijos \u2013 Rollos se utilizan para recoger el alambre tras el proceso de laminaci\u00f3n en fr\u00edo, trefilado o estirado para la producci\u00f3n de bobinas de alambre\" \/>\n<meta name=\"robots\" content=\"index, follow, max-snippet:-1, max-image-preview:large, max-video-preview:-1\" \/>\n<link rel=\"canonical\" href=\"https:\/\/www.promostar.it\/es\/prodotto\/los-carretes-fijos-rollos\/\" \/>\n<meta property=\"og:locale\" content=\"es_ES\" \/>\n<meta property=\"og:type\" content=\"article\" \/>\n<meta property=\"og:title\" content=\"Carretes fijos \u2013 Rollos | Promostar\" \/>\n<meta property=\"og:description\" content=\"Los Carretes fijos \u2013 Rollos se utilizan para recoger el alambre tras el proceso de laminaci\u00f3n en fr\u00edo, trefilado o estirado para la producci\u00f3n de bobinas de alambre\" \/>\n<meta property=\"og:url\" content=\"https:\/\/www.promostar.it\/es\/prodotto\/los-carretes-fijos-rollos\/\" \/>\n<meta property=\"og:site_name\" content=\"PromoStar S.r.l.\" \/>\n<meta property=\"article:modified_time\" content=\"2023-04-27T13:25:31+00:00\" \/>\n<meta property=\"og:image\" content=\"https:\/\/www.promostar.it\/wp-content\/uploads\/2022\/04\/Fixed-spool-1-transparent.jpg\" \/>\n\t<meta property=\"og:image:width\" content=\"627\" \/>\n\t<meta property=\"og:image:height\" content=\"627\" \/>\n\t<meta property=\"og:image:type\" content=\"image\/jpeg\" \/>\n<meta name=\"twitter:card\" content=\"summary_large_image\" \/>\n<script type=\"application\/ld+json\" class=\"yoast-schema-graph\">{\"@context\":\"https:\/\/schema.org\",\"@graph\":[{\"@type\":\"WebPage\",\"@id\":\"https:\/\/www.promostar.it\/es\/prodotto\/los-carretes-fijos-rollos\/\",\"url\":\"https:\/\/www.promostar.it\/es\/prodotto\/los-carretes-fijos-rollos\/\",\"name\":\"Carretes fijos \u2013 Rollos | Promostar\",\"isPartOf\":{\"@id\":\"https:\/\/www.promostar.it\/es\/#website\"},\"datePublished\":\"2022-04-05T07:45:03+00:00\",\"dateModified\":\"2023-04-27T13:25:31+00:00\",\"description\":\"Los Carretes fijos \u2013 Rollos se utilizan para recoger el alambre tras el proceso de laminaci\u00f3n en fr\u00edo, trefilado o estirado para la producci\u00f3n de bobinas de alambre\",\"breadcrumb\":{\"@id\":\"https:\/\/www.promostar.it\/es\/prodotto\/los-carretes-fijos-rollos\/#breadcrumb\"},\"inLanguage\":\"es\",\"potentialAction\":[{\"@type\":\"ReadAction\",\"target\":[\"https:\/\/www.promostar.it\/es\/prodotto\/los-carretes-fijos-rollos\/\"]}]},{\"@type\":\"BreadcrumbList\",\"@id\":\"https:\/\/www.promostar.it\/es\/prodotto\/los-carretes-fijos-rollos\/#breadcrumb\",\"itemListElement\":[{\"@type\":\"ListItem\",\"position\":1,\"name\":\"Home\",\"item\":\"https:\/\/www.promostar.it\/es\/home-2\/\"},{\"@type\":\"ListItem\",\"position\":2,\"name\":\"Productos\",\"item\":\"https:\/\/www.promostar.it\/es\/shop\/\"},{\"@type\":\"ListItem\",\"position\":3,\"name\":\"Los Carretes fijos \u2013 Rollos\"}]},{\"@type\":\"WebSite\",\"@id\":\"https:\/\/www.promostar.it\/es\/#website\",\"url\":\"https:\/\/www.promostar.it\/es\/\",\"name\":\"PromoStar S.r.l.\",\"description\":\"Promostar \u00e8 l\u2019azienda leader e la prima ad introdurre il processo di stiratura\",\"publisher\":{\"@id\":\"https:\/\/www.promostar.it\/es\/#organization\"},\"potentialAction\":[{\"@type\":\"SearchAction\",\"target\":{\"@type\":\"EntryPoint\",\"urlTemplate\":\"https:\/\/www.promostar.it\/es\/?s={search_term_string}\"},\"query-input\":\"required name=search_term_string\"}],\"inLanguage\":\"es\"},{\"@type\":\"Organization\",\"@id\":\"https:\/\/www.promostar.it\/es\/#organization\",\"name\":\"Promostar\",\"url\":\"https:\/\/www.promostar.it\/es\/\",\"logo\":{\"@type\":\"ImageObject\",\"inLanguage\":\"es\",\"@id\":\"https:\/\/www.promostar.it\/es\/#\/schema\/logo\/image\/\",\"url\":\"https:\/\/www.promostar.it\/wp-content\/uploads\/2020\/10\/promostar-logo.png\",\"contentUrl\":\"https:\/\/www.promostar.it\/wp-content\/uploads\/2020\/10\/promostar-logo.png\",\"width\":210,\"height\":69,\"caption\":\"Promostar\"},\"image\":{\"@id\":\"https:\/\/www.promostar.it\/es\/#\/schema\/logo\/image\/\"}}]}<\/script>\n<!-- \/ Yoast SEO plugin. -->","yoast_head_json":{"title":"Carretes fijos \u2013 Rollos | Promostar","description":"Los Carretes fijos \u2013 Rollos se utilizan para recoger el alambre tras el proceso de laminaci\u00f3n en fr\u00edo, trefilado o estirado para la producci\u00f3n de bobinas de alambre","robots":{"index":"index","follow":"follow","max-snippet":"max-snippet:-1","max-image-preview":"max-image-preview:large","max-video-preview":"max-video-preview:-1"},"canonical":"https:\/\/www.promostar.it\/es\/prodotto\/los-carretes-fijos-rollos\/","og_locale":"es_ES","og_type":"article","og_title":"Carretes fijos \u2013 Rollos | Promostar","og_description":"Los Carretes fijos \u2013 Rollos se utilizan para recoger el alambre tras el proceso de laminaci\u00f3n en fr\u00edo, trefilado o estirado para la producci\u00f3n de bobinas de alambre","og_url":"https:\/\/www.promostar.it\/es\/prodotto\/los-carretes-fijos-rollos\/","og_site_name":"PromoStar S.r.l.","article_modified_time":"2023-04-27T13:25:31+00:00","og_image":[{"width":627,"height":627,"url":"https:\/\/www.promostar.it\/wp-content\/uploads\/2022\/04\/Fixed-spool-1-transparent.jpg","type":"image\/jpeg"}],"twitter_card":"summary_large_image","schema":{"@context":"https:\/\/schema.org","@graph":[{"@type":"WebPage","@id":"https:\/\/www.promostar.it\/es\/prodotto\/los-carretes-fijos-rollos\/","url":"https:\/\/www.promostar.it\/es\/prodotto\/los-carretes-fijos-rollos\/","name":"Carretes fijos \u2013 Rollos | Promostar","isPartOf":{"@id":"https:\/\/www.promostar.it\/es\/#website"},"datePublished":"2022-04-05T07:45:03+00:00","dateModified":"2023-04-27T13:25:31+00:00","description":"Los Carretes fijos \u2013 Rollos se utilizan para recoger el alambre tras el proceso de laminaci\u00f3n en fr\u00edo, trefilado o estirado para la producci\u00f3n de bobinas de alambre","breadcrumb":{"@id":"https:\/\/www.promostar.it\/es\/prodotto\/los-carretes-fijos-rollos\/#breadcrumb"},"inLanguage":"es","potentialAction":[{"@type":"ReadAction","target":["https:\/\/www.promostar.it\/es\/prodotto\/los-carretes-fijos-rollos\/"]}]},{"@type":"BreadcrumbList","@id":"https:\/\/www.promostar.it\/es\/prodotto\/los-carretes-fijos-rollos\/#breadcrumb","itemListElement":[{"@type":"ListItem","position":1,"name":"Home","item":"https:\/\/www.promostar.it\/es\/home-2\/"},{"@type":"ListItem","position":2,"name":"Productos","item":"https:\/\/www.promostar.it\/es\/shop\/"},{"@type":"ListItem","position":3,"name":"Los Carretes fijos \u2013 Rollos"}]},{"@type":"WebSite","@id":"https:\/\/www.promostar.it\/es\/#website","url":"https:\/\/www.promostar.it\/es\/","name":"PromoStar S.r.l.","description":"Promostar \u00e8 l\u2019azienda leader e la prima ad introdurre il processo di stiratura","publisher":{"@id":"https:\/\/www.promostar.it\/es\/#organization"},"potentialAction":[{"@type":"SearchAction","target":{"@type":"EntryPoint","urlTemplate":"https:\/\/www.promostar.it\/es\/?s={search_term_string}"},"query-input":"required name=search_term_string"}],"inLanguage":"es"},{"@type":"Organization","@id":"https:\/\/www.promostar.it\/es\/#organization","name":"Promostar","url":"https:\/\/www.promostar.it\/es\/","logo":{"@type":"ImageObject","inLanguage":"es","@id":"https:\/\/www.promostar.it\/es\/#\/schema\/logo\/image\/","url":"https:\/\/www.promostar.it\/wp-content\/uploads\/2020\/10\/promostar-logo.png","contentUrl":"https:\/\/www.promostar.it\/wp-content\/uploads\/2020\/10\/promostar-logo.png","width":210,"height":69,"caption":"Promostar"},"image":{"@id":"https:\/\/www.promostar.it\/es\/#\/schema\/logo\/image\/"}}]}},"_links":{"self":[{"href":"https:\/\/www.promostar.it\/es\/wp-json\/wp\/v3\/product\/5718"}],"collection":[{"href":"https:\/\/www.promostar.it\/es\/wp-json\/wp\/v3\/product"}],"about":[{"href":"https:\/\/www.promostar.it\/es\/wp-json\/wp\/v2\/types\/product"}],"wp:featuredmedia":[{"embeddable":true,"href":"https:\/\/www.promostar.it\/es\/wp-json\/wp\/v2\/media\/4154"}],"wp:attachment":[{"href":"https:\/\/www.promostar.it\/es\/wp-json\/wp\/v2\/media?parent=5718"}],"wp:term":[{"taxonomy":"product_cat","embeddable":true,"href":"https:\/\/www.promostar.it\/es\/wp-json\/wp\/v2\/product_cat?post=5718"},{"taxonomy":"product_tag","embeddable":true,"href":"https:\/\/www.promostar.it\/es\/wp-json\/wp\/v2\/product_tag?post=5718"}],"curies":[{"name":"wp","href":"https:\/\/api.w.org\/{rel}","templated":true}]}}