{"id":5717,"date":"2022-04-05T09:56:44","date_gmt":"2022-04-05T07:56:44","guid":{"rendered":"https:\/\/www.promostar.it\/prodotto\/estacion-de-flejado-manual-para-bobinas\/"},"modified":"2023-04-27T15:16:27","modified_gmt":"2023-04-27T13:16:27","slug":"estacion-de-flejado-manual-para-bobinas","status":"publish","type":"product","link":"https:\/\/www.promostar.it\/es\/prodotto\/estacion-de-flejado-manual-para-bobinas\/","title":{"rendered":"Estaci\u00f3n de Flejado Manual para bobinas"},"content":{"rendered":"<p>[et_pb_section fb_built=\u00bb1&#8243; _builder_version=\u00bb4.17.0&#8243; _module_preset=\u00bbdefault\u00bb global_colors_info=\u00bb{}\u00bb][\/et_pb_section]<\/p>\n","protected":false},"excerpt":{"rendered":"<p><strong>La Estaci\u00f3n de Flejado Manual para bobinas<\/strong> se utiliza para permitir al operador manipular y atar manualmente, utilizando fleje met\u00e1lico, las bobinas compactas producidas en carretes plegables.<\/p>\n<p>La <strong>Estaci\u00f3n de Flejado Manual para bobinas<\/strong> se instala normalmente como una m\u00e1quina aut\u00f3noma m\u00e1s cerca de la bobinadora de la que salen las bobinas. Las bobinas se manipulan y cargan en la estaci\u00f3n con una gr\u00faa o simplemente se enrollan manualmente desde la bobinadora.<\/p>\n<p>La estaci\u00f3n, fabricada en robusta carpinter\u00eda de acero, incluye una plataforma de volteo que permite al operador girar de eje horizontal a vertical (y al rev\u00e9s) las bobinas y un elevador de brazo para levantar la brida superior de las bobinas con el fin de desmontar y volver a montar las bobinas plegables.<\/p>\n<p>Gracias a esta unidad se pueden flejar manualmente las bobinas y\/o girar 90\u00b0 el eje de las bobinas para resolver problemas de manipulaci\u00f3n en aquellas situaciones en las que, por ejemplo, las bobinas se fabrican en posici\u00f3n horizontal mientras que la descarga en la m\u00e1quina de malla de alambre est\u00e1 en posici\u00f3n vertical.<\/p>\n","protected":false},"featured_media":4157,"template":"","meta":{"_et_pb_use_builder":"on","_et_pb_old_content":"<strong>La Estaci\u00f3n de Flejado Manual para bobinas<\/strong> se utiliza para permitir al operador manipular y atar manualmente, utilizando fleje met\u00e1lico, las bobinas compactas producidas en carretes plegables.\n\nLa <strong>Estaci\u00f3n de Flejado Manual para bobinas<\/strong> se instala normalmente como una m\u00e1quina aut\u00f3noma m\u00e1s cerca de la bobinadora de la que salen las bobinas. Las bobinas se manipulan y cargan en la estaci\u00f3n con una gr\u00faa o simplemente se enrollan manualmente desde la bobinadora.\n\nLa estaci\u00f3n, fabricada en robusta carpinter\u00eda de acero, incluye una plataforma de volteo que permite al operador girar de eje horizontal a vertical (y al rev\u00e9s) las bobinas y un elevador de brazo para levantar la brida superior de las bobinas con el fin de desmontar y volver a montar las bobinas plegables.\n\nGracias a esta unidad se pueden flejar manualmente las bobinas y\/o girar 90\u00b0 el eje de las bobinas para resolver problemas de manipulaci\u00f3n en aquellas situaciones en las que, por ejemplo, las bobinas se fabrican en posici\u00f3n horizontal mientras que la descarga en la m\u00e1quina de malla de alambre est\u00e1 en posici\u00f3n vertical.","_et_gb_content_width":""},"product_cat":[179],"product_tag":[98,105,107,110,119,133],"yoast_head":"<!-- This site is optimized with the Yoast SEO plugin v20.5 - https:\/\/yoast.com\/wordpress\/plugins\/seo\/ -->\n<title>Estaci\u00f3n de Flejado Manual para bobinas | Promostar<\/title>\n<meta name=\"description\" content=\"La Estaci\u00f3n de Flejado Manual para bobinas se utiliza para permitir al operador manipular y atar manualmente, utilizando fleje met\u00e1lico, las bobinas compactas producidas en carretes plegables\" \/>\n<meta name=\"robots\" content=\"index, follow, max-snippet:-1, max-image-preview:large, max-video-preview:-1\" \/>\n<link rel=\"canonical\" href=\"https:\/\/www.promostar.it\/es\/prodotto\/estacion-de-flejado-manual-para-bobinas\/\" \/>\n<meta property=\"og:locale\" content=\"es_ES\" \/>\n<meta property=\"og:type\" content=\"article\" \/>\n<meta property=\"og:title\" content=\"Estaci\u00f3n de Flejado Manual para bobinas | Promostar\" \/>\n<meta property=\"og:description\" content=\"La Estaci\u00f3n de Flejado Manual para bobinas se utiliza para permitir al operador manipular y atar manualmente, utilizando fleje met\u00e1lico, las bobinas compactas producidas en carretes plegables\" \/>\n<meta property=\"og:url\" content=\"https:\/\/www.promostar.it\/es\/prodotto\/estacion-de-flejado-manual-para-bobinas\/\" \/>\n<meta property=\"og:site_name\" content=\"PromoStar S.r.l.\" \/>\n<meta property=\"article:modified_time\" content=\"2023-04-27T13:16:27+00:00\" \/>\n<meta property=\"og:image\" content=\"https:\/\/www.promostar.it\/wp-content\/uploads\/2022\/04\/Manual-Strapping-station-2-transparent.jpg\" \/>\n\t<meta property=\"og:image:width\" content=\"1200\" \/>\n\t<meta property=\"og:image:height\" content=\"1200\" \/>\n\t<meta property=\"og:image:type\" content=\"image\/jpeg\" \/>\n<meta name=\"twitter:card\" content=\"summary_large_image\" \/>\n<script type=\"application\/ld+json\" class=\"yoast-schema-graph\">{\"@context\":\"https:\/\/schema.org\",\"@graph\":[{\"@type\":\"WebPage\",\"@id\":\"https:\/\/www.promostar.it\/es\/prodotto\/estacion-de-flejado-manual-para-bobinas\/\",\"url\":\"https:\/\/www.promostar.it\/es\/prodotto\/estacion-de-flejado-manual-para-bobinas\/\",\"name\":\"Estaci\u00f3n de Flejado Manual para bobinas | Promostar\",\"isPartOf\":{\"@id\":\"https:\/\/www.promostar.it\/es\/#website\"},\"datePublished\":\"2022-04-05T07:56:44+00:00\",\"dateModified\":\"2023-04-27T13:16:27+00:00\",\"description\":\"La Estaci\u00f3n de Flejado Manual para bobinas se utiliza para permitir al operador manipular y atar manualmente, utilizando fleje met\u00e1lico, las bobinas compactas producidas en carretes plegables\",\"breadcrumb\":{\"@id\":\"https:\/\/www.promostar.it\/es\/prodotto\/estacion-de-flejado-manual-para-bobinas\/#breadcrumb\"},\"inLanguage\":\"es\",\"potentialAction\":[{\"@type\":\"ReadAction\",\"target\":[\"https:\/\/www.promostar.it\/es\/prodotto\/estacion-de-flejado-manual-para-bobinas\/\"]}]},{\"@type\":\"BreadcrumbList\",\"@id\":\"https:\/\/www.promostar.it\/es\/prodotto\/estacion-de-flejado-manual-para-bobinas\/#breadcrumb\",\"itemListElement\":[{\"@type\":\"ListItem\",\"position\":1,\"name\":\"Home\",\"item\":\"https:\/\/www.promostar.it\/es\/\"},{\"@type\":\"ListItem\",\"position\":2,\"name\":\"Productos\",\"item\":\"https:\/\/www.promostar.it\/es\/shop\/\"},{\"@type\":\"ListItem\",\"position\":3,\"name\":\"Estaci\u00f3n de Flejado Manual para bobinas\"}]},{\"@type\":\"WebSite\",\"@id\":\"https:\/\/www.promostar.it\/es\/#website\",\"url\":\"https:\/\/www.promostar.it\/es\/\",\"name\":\"PromoStar S.r.l.\",\"description\":\"Promostar \u00e8 l\u2019azienda leader e la prima ad introdurre il processo di stiratura\",\"publisher\":{\"@id\":\"https:\/\/www.promostar.it\/es\/#organization\"},\"potentialAction\":[{\"@type\":\"SearchAction\",\"target\":{\"@type\":\"EntryPoint\",\"urlTemplate\":\"https:\/\/www.promostar.it\/es\/?s={search_term_string}\"},\"query-input\":\"required name=search_term_string\"}],\"inLanguage\":\"es\"},{\"@type\":\"Organization\",\"@id\":\"https:\/\/www.promostar.it\/es\/#organization\",\"name\":\"Promostar\",\"url\":\"https:\/\/www.promostar.it\/es\/\",\"logo\":{\"@type\":\"ImageObject\",\"inLanguage\":\"es\",\"@id\":\"https:\/\/www.promostar.it\/es\/#\/schema\/logo\/image\/\",\"url\":\"https:\/\/www.promostar.it\/wp-content\/uploads\/2020\/10\/promostar-logo.png\",\"contentUrl\":\"https:\/\/www.promostar.it\/wp-content\/uploads\/2020\/10\/promostar-logo.png\",\"width\":210,\"height\":69,\"caption\":\"Promostar\"},\"image\":{\"@id\":\"https:\/\/www.promostar.it\/es\/#\/schema\/logo\/image\/\"}}]}<\/script>\n<!-- \/ Yoast SEO plugin. -->","yoast_head_json":{"title":"Estaci\u00f3n de Flejado Manual para bobinas | Promostar","description":"La Estaci\u00f3n de Flejado Manual para bobinas se utiliza para permitir al operador manipular y atar manualmente, utilizando fleje met\u00e1lico, las bobinas compactas producidas en carretes plegables","robots":{"index":"index","follow":"follow","max-snippet":"max-snippet:-1","max-image-preview":"max-image-preview:large","max-video-preview":"max-video-preview:-1"},"canonical":"https:\/\/www.promostar.it\/es\/prodotto\/estacion-de-flejado-manual-para-bobinas\/","og_locale":"es_ES","og_type":"article","og_title":"Estaci\u00f3n de Flejado Manual para bobinas | Promostar","og_description":"La Estaci\u00f3n de Flejado Manual para bobinas se utiliza para permitir al operador manipular y atar manualmente, utilizando fleje met\u00e1lico, las bobinas compactas producidas en carretes plegables","og_url":"https:\/\/www.promostar.it\/es\/prodotto\/estacion-de-flejado-manual-para-bobinas\/","og_site_name":"PromoStar S.r.l.","article_modified_time":"2023-04-27T13:16:27+00:00","og_image":[{"width":1200,"height":1200,"url":"https:\/\/www.promostar.it\/wp-content\/uploads\/2022\/04\/Manual-Strapping-station-2-transparent.jpg","type":"image\/jpeg"}],"twitter_card":"summary_large_image","schema":{"@context":"https:\/\/schema.org","@graph":[{"@type":"WebPage","@id":"https:\/\/www.promostar.it\/es\/prodotto\/estacion-de-flejado-manual-para-bobinas\/","url":"https:\/\/www.promostar.it\/es\/prodotto\/estacion-de-flejado-manual-para-bobinas\/","name":"Estaci\u00f3n de Flejado Manual para bobinas | Promostar","isPartOf":{"@id":"https:\/\/www.promostar.it\/es\/#website"},"datePublished":"2022-04-05T07:56:44+00:00","dateModified":"2023-04-27T13:16:27+00:00","description":"La Estaci\u00f3n de Flejado Manual para bobinas se utiliza para permitir al operador manipular y atar manualmente, utilizando fleje met\u00e1lico, las bobinas compactas producidas en carretes plegables","breadcrumb":{"@id":"https:\/\/www.promostar.it\/es\/prodotto\/estacion-de-flejado-manual-para-bobinas\/#breadcrumb"},"inLanguage":"es","potentialAction":[{"@type":"ReadAction","target":["https:\/\/www.promostar.it\/es\/prodotto\/estacion-de-flejado-manual-para-bobinas\/"]}]},{"@type":"BreadcrumbList","@id":"https:\/\/www.promostar.it\/es\/prodotto\/estacion-de-flejado-manual-para-bobinas\/#breadcrumb","itemListElement":[{"@type":"ListItem","position":1,"name":"Home","item":"https:\/\/www.promostar.it\/es\/"},{"@type":"ListItem","position":2,"name":"Productos","item":"https:\/\/www.promostar.it\/es\/shop\/"},{"@type":"ListItem","position":3,"name":"Estaci\u00f3n de Flejado Manual para bobinas"}]},{"@type":"WebSite","@id":"https:\/\/www.promostar.it\/es\/#website","url":"https:\/\/www.promostar.it\/es\/","name":"PromoStar S.r.l.","description":"Promostar \u00e8 l\u2019azienda leader e la prima ad introdurre il processo di stiratura","publisher":{"@id":"https:\/\/www.promostar.it\/es\/#organization"},"potentialAction":[{"@type":"SearchAction","target":{"@type":"EntryPoint","urlTemplate":"https:\/\/www.promostar.it\/es\/?s={search_term_string}"},"query-input":"required name=search_term_string"}],"inLanguage":"es"},{"@type":"Organization","@id":"https:\/\/www.promostar.it\/es\/#organization","name":"Promostar","url":"https:\/\/www.promostar.it\/es\/","logo":{"@type":"ImageObject","inLanguage":"es","@id":"https:\/\/www.promostar.it\/es\/#\/schema\/logo\/image\/","url":"https:\/\/www.promostar.it\/wp-content\/uploads\/2020\/10\/promostar-logo.png","contentUrl":"https:\/\/www.promostar.it\/wp-content\/uploads\/2020\/10\/promostar-logo.png","width":210,"height":69,"caption":"Promostar"},"image":{"@id":"https:\/\/www.promostar.it\/es\/#\/schema\/logo\/image\/"}}]}},"_links":{"self":[{"href":"https:\/\/www.promostar.it\/es\/wp-json\/wp\/v3\/product\/5717"}],"collection":[{"href":"https:\/\/www.promostar.it\/es\/wp-json\/wp\/v3\/product"}],"about":[{"href":"https:\/\/www.promostar.it\/es\/wp-json\/wp\/v2\/types\/product"}],"wp:featuredmedia":[{"embeddable":true,"href":"https:\/\/www.promostar.it\/es\/wp-json\/wp\/v2\/media\/4157"}],"wp:attachment":[{"href":"https:\/\/www.promostar.it\/es\/wp-json\/wp\/v2\/media?parent=5717"}],"wp:term":[{"taxonomy":"product_cat","embeddable":true,"href":"https:\/\/www.promostar.it\/es\/wp-json\/wp\/v2\/product_cat?post=5717"},{"taxonomy":"product_tag","embeddable":true,"href":"https:\/\/www.promostar.it\/es\/wp-json\/wp\/v2\/product_tag?post=5717"}],"curies":[{"name":"wp","href":"https:\/\/api.w.org\/{rel}","templated":true}]}}