{"id":5716,"date":"2022-04-05T10:07:28","date_gmt":"2022-04-05T08:07:28","guid":{"rendered":"https:\/\/www.promostar.it\/prodotto\/dispositivo-de-volteo-de-bobinas\/"},"modified":"2023-04-27T15:12:38","modified_gmt":"2023-04-27T13:12:38","slug":"dispositivo-de-volteo-de-bobinas","status":"publish","type":"product","link":"https:\/\/www.promostar.it\/es\/prodotto\/dispositivo-de-volteo-de-bobinas\/","title":{"rendered":"Dispositivo de volteo de bobinas"},"content":{"rendered":"<p>[et_pb_section fb_built=\u00bb1&#8243; _builder_version=\u00bb4.17.0&#8243; _module_preset=\u00bbdefault\u00bb global_colors_info=\u00bb{}\u00bb][\/et_pb_section]<\/p>\n","protected":false},"excerpt":{"rendered":"<p>El <strong>Dispositivo de volteo de bobinas<\/strong> se utiliza para voltear de horizontal a vertical (y viceversa) las bobinas (vac\u00edas o llenas) procedentes de la bobinadora de la l\u00ednea de laminaci\u00f3n en fr\u00edo o de estirado.<\/p>\n<p><strong>El Dispositivo de volteo de bobinas<\/strong> suele ayudar a resolver problemas de manipulaci\u00f3n en aquellas situaciones en las que, por ejemplo, las bobinas se producen de forma horizontal, mientras que la descarga de la m\u00e1quina de malla met\u00e1lica est\u00e1 en posici\u00f3n vertical.<\/p>\n<p><strong>Dispositivo de volteo de bobinas <\/strong>se instala normalmente como una m\u00e1quina independiente cerca de la bobinadora de la que salen las bobinas o, como alternativa, puede integrarse en el transportador autom\u00e1tico de rodillos de descarga: de hecho, esta es la instalaci\u00f3n t\u00edpica cuando las bobinas (o incluso los rollos), reci\u00e9n producidos por una bobinadora vertical, deben voltearse 180\u00b0 para obtener bobinas en el sentido de las agujas del reloj ( en vez de en sentido contrario).<\/p>\n<p>Otra aplicaci\u00f3n espec\u00edfica para bobinas manuales plegables integra el dispositivo de volteo en la <u>estaci\u00f3n de flejado manual<\/u> que permite al operador realizar f\u00e1cilmente el flejado manual y manipular la bobina (apertura\/cierre).<\/p>\n","protected":false},"featured_media":4160,"template":"","meta":{"_et_pb_use_builder":"on","_et_pb_old_content":"El <strong>Dispositivo de volteo de bobinas<\/strong> se utiliza para voltear de horizontal a vertical (y viceversa) las bobinas (vac\u00edas o llenas) procedentes de la bobinadora de la l\u00ednea de laminaci\u00f3n en fr\u00edo o de estirado.\n\n<strong>El Dispositivo de volteo de bobinas<\/strong> suele ayudar a resolver problemas de manipulaci\u00f3n en aquellas situaciones en las que, por ejemplo, las bobinas se producen de forma horizontal, mientras que la descarga de la m\u00e1quina de malla met\u00e1lica est\u00e1 en posici\u00f3n vertical.\n\n<strong>Dispositivo de volteo de bobinas <\/strong>se instala normalmente como una m\u00e1quina independiente cerca de la bobinadora de la que salen las bobinas o, como alternativa, puede integrarse en el transportador autom\u00e1tico de rodillos de descarga: de hecho, esta es la instalaci\u00f3n t\u00edpica cuando las bobinas (o incluso los rollos), reci\u00e9n producidos por una bobinadora vertical, deben voltearse 180\u00b0 para obtener bobinas en el sentido de las agujas del reloj ( en vez de en sentido contrario).\n\nOtra aplicaci\u00f3n espec\u00edfica para bobinas manuales plegables integra el dispositivo de volteo en la <a href=\"https:\/\/www.promostar.it\/prodotto\/manual-strapping-station-for-coils\/\"><u>estaci\u00f3n de flejado manual<\/u><\/a> que permite al operador realizar f\u00e1cilmente el flejado manual y manipular la bobina (apertura\/cierre).","_et_gb_content_width":""},"product_cat":[179],"product_tag":[98,105,107,110,114,119,121,126,133,138],"yoast_head":"<!-- This site is optimized with the Yoast SEO plugin v20.5 - https:\/\/yoast.com\/wordpress\/plugins\/seo\/ -->\n<title>Dispositivo de volteo de bobinas | Promostar<\/title>\n<meta name=\"description\" content=\"El Dispositivo de volteo de bobinas se utiliza para voltear de horizontal a vertical las bobinas procedentes de la bobinadora de la l\u00ednea de laminaci\u00f3n en fr\u00edo o de estirado.\" \/>\n<meta name=\"robots\" content=\"index, follow, max-snippet:-1, max-image-preview:large, max-video-preview:-1\" \/>\n<link rel=\"canonical\" href=\"https:\/\/www.promostar.it\/es\/prodotto\/dispositivo-de-volteo-de-bobinas\/\" \/>\n<meta property=\"og:locale\" content=\"es_ES\" \/>\n<meta property=\"og:type\" content=\"article\" \/>\n<meta property=\"og:title\" content=\"Dispositivo de volteo de bobinas | Promostar\" \/>\n<meta property=\"og:description\" content=\"El Dispositivo de volteo de bobinas se utiliza para voltear de horizontal a vertical las bobinas procedentes de la bobinadora de la l\u00ednea de laminaci\u00f3n en fr\u00edo o de estirado.\" \/>\n<meta property=\"og:url\" content=\"https:\/\/www.promostar.it\/es\/prodotto\/dispositivo-de-volteo-de-bobinas\/\" \/>\n<meta property=\"og:site_name\" content=\"PromoStar S.r.l.\" \/>\n<meta property=\"article:modified_time\" content=\"2023-04-27T13:12:38+00:00\" \/>\n<meta property=\"og:image\" content=\"https:\/\/www.promostar.it\/wp-content\/uploads\/2022\/04\/Overturning-spool-device-1-transaparent.jpg\" \/>\n\t<meta property=\"og:image:width\" content=\"1200\" \/>\n\t<meta property=\"og:image:height\" content=\"1200\" \/>\n\t<meta property=\"og:image:type\" content=\"image\/jpeg\" \/>\n<meta name=\"twitter:card\" content=\"summary_large_image\" \/>\n<script type=\"application\/ld+json\" class=\"yoast-schema-graph\">{\"@context\":\"https:\/\/schema.org\",\"@graph\":[{\"@type\":\"WebPage\",\"@id\":\"https:\/\/www.promostar.it\/es\/prodotto\/dispositivo-de-volteo-de-bobinas\/\",\"url\":\"https:\/\/www.promostar.it\/es\/prodotto\/dispositivo-de-volteo-de-bobinas\/\",\"name\":\"Dispositivo de volteo de bobinas | Promostar\",\"isPartOf\":{\"@id\":\"https:\/\/www.promostar.it\/es\/#website\"},\"datePublished\":\"2022-04-05T08:07:28+00:00\",\"dateModified\":\"2023-04-27T13:12:38+00:00\",\"description\":\"El Dispositivo de volteo de bobinas se utiliza para voltear de horizontal a vertical las bobinas procedentes de la bobinadora de la l\u00ednea de laminaci\u00f3n en fr\u00edo o de estirado.\",\"breadcrumb\":{\"@id\":\"https:\/\/www.promostar.it\/es\/prodotto\/dispositivo-de-volteo-de-bobinas\/#breadcrumb\"},\"inLanguage\":\"es\",\"potentialAction\":[{\"@type\":\"ReadAction\",\"target\":[\"https:\/\/www.promostar.it\/es\/prodotto\/dispositivo-de-volteo-de-bobinas\/\"]}]},{\"@type\":\"BreadcrumbList\",\"@id\":\"https:\/\/www.promostar.it\/es\/prodotto\/dispositivo-de-volteo-de-bobinas\/#breadcrumb\",\"itemListElement\":[{\"@type\":\"ListItem\",\"position\":1,\"name\":\"Home\",\"item\":\"https:\/\/www.promostar.it\/es\/home-2\/\"},{\"@type\":\"ListItem\",\"position\":2,\"name\":\"Productos\",\"item\":\"https:\/\/www.promostar.it\/es\/shop\/\"},{\"@type\":\"ListItem\",\"position\":3,\"name\":\"Dispositivo de volteo de bobinas\"}]},{\"@type\":\"WebSite\",\"@id\":\"https:\/\/www.promostar.it\/es\/#website\",\"url\":\"https:\/\/www.promostar.it\/es\/\",\"name\":\"PromoStar S.r.l.\",\"description\":\"Promostar \u00e8 l\u2019azienda leader e la prima ad introdurre il processo di stiratura\",\"publisher\":{\"@id\":\"https:\/\/www.promostar.it\/es\/#organization\"},\"potentialAction\":[{\"@type\":\"SearchAction\",\"target\":{\"@type\":\"EntryPoint\",\"urlTemplate\":\"https:\/\/www.promostar.it\/es\/?s={search_term_string}\"},\"query-input\":\"required name=search_term_string\"}],\"inLanguage\":\"es\"},{\"@type\":\"Organization\",\"@id\":\"https:\/\/www.promostar.it\/es\/#organization\",\"name\":\"Promostar\",\"url\":\"https:\/\/www.promostar.it\/es\/\",\"logo\":{\"@type\":\"ImageObject\",\"inLanguage\":\"es\",\"@id\":\"https:\/\/www.promostar.it\/es\/#\/schema\/logo\/image\/\",\"url\":\"https:\/\/www.promostar.it\/wp-content\/uploads\/2020\/10\/promostar-logo.png\",\"contentUrl\":\"https:\/\/www.promostar.it\/wp-content\/uploads\/2020\/10\/promostar-logo.png\",\"width\":210,\"height\":69,\"caption\":\"Promostar\"},\"image\":{\"@id\":\"https:\/\/www.promostar.it\/es\/#\/schema\/logo\/image\/\"}}]}<\/script>\n<!-- \/ Yoast SEO plugin. -->","yoast_head_json":{"title":"Dispositivo de volteo de bobinas | Promostar","description":"El Dispositivo de volteo de bobinas se utiliza para voltear de horizontal a vertical las bobinas procedentes de la bobinadora de la l\u00ednea de laminaci\u00f3n en fr\u00edo o de estirado.","robots":{"index":"index","follow":"follow","max-snippet":"max-snippet:-1","max-image-preview":"max-image-preview:large","max-video-preview":"max-video-preview:-1"},"canonical":"https:\/\/www.promostar.it\/es\/prodotto\/dispositivo-de-volteo-de-bobinas\/","og_locale":"es_ES","og_type":"article","og_title":"Dispositivo de volteo de bobinas | Promostar","og_description":"El Dispositivo de volteo de bobinas se utiliza para voltear de horizontal a vertical las bobinas procedentes de la bobinadora de la l\u00ednea de laminaci\u00f3n en fr\u00edo o de estirado.","og_url":"https:\/\/www.promostar.it\/es\/prodotto\/dispositivo-de-volteo-de-bobinas\/","og_site_name":"PromoStar S.r.l.","article_modified_time":"2023-04-27T13:12:38+00:00","og_image":[{"width":1200,"height":1200,"url":"https:\/\/www.promostar.it\/wp-content\/uploads\/2022\/04\/Overturning-spool-device-1-transaparent.jpg","type":"image\/jpeg"}],"twitter_card":"summary_large_image","schema":{"@context":"https:\/\/schema.org","@graph":[{"@type":"WebPage","@id":"https:\/\/www.promostar.it\/es\/prodotto\/dispositivo-de-volteo-de-bobinas\/","url":"https:\/\/www.promostar.it\/es\/prodotto\/dispositivo-de-volteo-de-bobinas\/","name":"Dispositivo de volteo de bobinas | Promostar","isPartOf":{"@id":"https:\/\/www.promostar.it\/es\/#website"},"datePublished":"2022-04-05T08:07:28+00:00","dateModified":"2023-04-27T13:12:38+00:00","description":"El Dispositivo de volteo de bobinas se utiliza para voltear de horizontal a vertical las bobinas procedentes de la bobinadora de la l\u00ednea de laminaci\u00f3n en fr\u00edo o de estirado.","breadcrumb":{"@id":"https:\/\/www.promostar.it\/es\/prodotto\/dispositivo-de-volteo-de-bobinas\/#breadcrumb"},"inLanguage":"es","potentialAction":[{"@type":"ReadAction","target":["https:\/\/www.promostar.it\/es\/prodotto\/dispositivo-de-volteo-de-bobinas\/"]}]},{"@type":"BreadcrumbList","@id":"https:\/\/www.promostar.it\/es\/prodotto\/dispositivo-de-volteo-de-bobinas\/#breadcrumb","itemListElement":[{"@type":"ListItem","position":1,"name":"Home","item":"https:\/\/www.promostar.it\/es\/home-2\/"},{"@type":"ListItem","position":2,"name":"Productos","item":"https:\/\/www.promostar.it\/es\/shop\/"},{"@type":"ListItem","position":3,"name":"Dispositivo de volteo de bobinas"}]},{"@type":"WebSite","@id":"https:\/\/www.promostar.it\/es\/#website","url":"https:\/\/www.promostar.it\/es\/","name":"PromoStar S.r.l.","description":"Promostar \u00e8 l\u2019azienda leader e la prima ad introdurre il processo di stiratura","publisher":{"@id":"https:\/\/www.promostar.it\/es\/#organization"},"potentialAction":[{"@type":"SearchAction","target":{"@type":"EntryPoint","urlTemplate":"https:\/\/www.promostar.it\/es\/?s={search_term_string}"},"query-input":"required name=search_term_string"}],"inLanguage":"es"},{"@type":"Organization","@id":"https:\/\/www.promostar.it\/es\/#organization","name":"Promostar","url":"https:\/\/www.promostar.it\/es\/","logo":{"@type":"ImageObject","inLanguage":"es","@id":"https:\/\/www.promostar.it\/es\/#\/schema\/logo\/image\/","url":"https:\/\/www.promostar.it\/wp-content\/uploads\/2020\/10\/promostar-logo.png","contentUrl":"https:\/\/www.promostar.it\/wp-content\/uploads\/2020\/10\/promostar-logo.png","width":210,"height":69,"caption":"Promostar"},"image":{"@id":"https:\/\/www.promostar.it\/es\/#\/schema\/logo\/image\/"}}]}},"_links":{"self":[{"href":"https:\/\/www.promostar.it\/es\/wp-json\/wp\/v3\/product\/5716"}],"collection":[{"href":"https:\/\/www.promostar.it\/es\/wp-json\/wp\/v3\/product"}],"about":[{"href":"https:\/\/www.promostar.it\/es\/wp-json\/wp\/v2\/types\/product"}],"wp:featuredmedia":[{"embeddable":true,"href":"https:\/\/www.promostar.it\/es\/wp-json\/wp\/v2\/media\/4160"}],"wp:attachment":[{"href":"https:\/\/www.promostar.it\/es\/wp-json\/wp\/v2\/media?parent=5716"}],"wp:term":[{"taxonomy":"product_cat","embeddable":true,"href":"https:\/\/www.promostar.it\/es\/wp-json\/wp\/v2\/product_cat?post=5716"},{"taxonomy":"product_tag","embeddable":true,"href":"https:\/\/www.promostar.it\/es\/wp-json\/wp\/v2\/product_tag?post=5716"}],"curies":[{"name":"wp","href":"https:\/\/api.w.org\/{rel}","templated":true}]}}