{"id":5715,"date":"2022-04-05T10:13:45","date_gmt":"2022-04-05T08:13:45","guid":{"rendered":"https:\/\/www.promostar.it\/prodotto\/maquinas-apuntadoras\/"},"modified":"2023-04-27T12:31:00","modified_gmt":"2023-04-27T10:31:00","slug":"maquinas-apuntadoras","status":"publish","type":"product","link":"https:\/\/www.promostar.it\/es\/prodotto\/maquinas-apuntadoras\/","title":{"rendered":"M\u00e1quinas apuntadoras"},"content":{"rendered":"<p>[et_pb_section fb_built=\u00bb1&#8243; _builder_version=\u00bb4.17.0&#8243; _module_preset=\u00bbdefault\u00bb global_colors_info=\u00bb{}\u00bb][\/et_pb_section]<\/p>\n","protected":false},"excerpt":{"rendered":"<p>Las <strong>M\u00e1quinas apuntadoras<\/strong> son equipos utilizados en las m\u00e1quinas de trefilado para se\u00f1alar el alambre de acero de bajo carbono facilitando su entrada en el casete del troquel de trefilado.<\/p>\n<p>Las <strong>M\u00e1quinas apuntadoras<\/strong> est\u00e1n montadas sobre un soporte con 2 ruedas fijas y 2 ruedas giratorias con frenos. Una argolla colocada en la parte trasera de la m\u00e1quina ayuda a manejarla durante el movimiento.<\/p>\n","protected":false},"featured_media":6257,"template":"","meta":{"_et_pb_use_builder":"on","_et_pb_old_content":"Las <strong>M\u00e1quinas apuntadoras<\/strong> son equipos utilizados en las m\u00e1quinas de trefilado para se\u00f1alar el alambre de acero de bajo carbono facilitando su entrada en el casete del troquel de trefilado.\n\nLas <strong>M\u00e1quinas apuntadoras<\/strong> est\u00e1n montadas sobre un soporte con 2 ruedas fijas y 2 ruedas giratorias con frenos. Una argolla colocada en la parte trasera de la m\u00e1quina ayuda a manejarla durante el movimiento.","_et_gb_content_width":""},"product_cat":[179],"product_tag":[121,126],"yoast_head":"<!-- This site is optimized with the Yoast SEO plugin v20.5 - https:\/\/yoast.com\/wordpress\/plugins\/seo\/ -->\n<title>M\u00e1quinas apuntadoras | Promostar<\/title>\n<meta name=\"description\" content=\"Las M\u00e1quinas apuntadoras son equipos utilizados en las m\u00e1quinas de trefilado para se\u00f1alar el alambre de acero de bajo carbono facilitando su entrada en el casete del troquel de trefilado\" \/>\n<meta name=\"robots\" content=\"index, follow, max-snippet:-1, max-image-preview:large, max-video-preview:-1\" \/>\n<link rel=\"canonical\" href=\"https:\/\/www.promostar.it\/es\/prodotto\/maquinas-apuntadoras\/\" \/>\n<meta property=\"og:locale\" content=\"es_ES\" \/>\n<meta property=\"og:type\" content=\"article\" \/>\n<meta property=\"og:title\" content=\"M\u00e1quinas apuntadoras | Promostar\" \/>\n<meta property=\"og:description\" content=\"Las M\u00e1quinas apuntadoras son equipos utilizados en las m\u00e1quinas de trefilado para se\u00f1alar el alambre de acero de bajo carbono facilitando su entrada en el casete del troquel de trefilado\" \/>\n<meta property=\"og:url\" content=\"https:\/\/www.promostar.it\/es\/prodotto\/maquinas-apuntadoras\/\" \/>\n<meta property=\"og:site_name\" content=\"PromoStar S.r.l.\" \/>\n<meta property=\"article:modified_time\" content=\"2023-04-27T10:31:00+00:00\" \/>\n<meta property=\"og:image\" content=\"https:\/\/www.promostar.it\/wp-content\/uploads\/2022\/04\/Pointing-machines-2024.jpg\" \/>\n\t<meta property=\"og:image:width\" content=\"420\" \/>\n\t<meta property=\"og:image:height\" content=\"600\" \/>\n\t<meta property=\"og:image:type\" content=\"image\/jpeg\" \/>\n<meta name=\"twitter:card\" content=\"summary_large_image\" \/>\n<script type=\"application\/ld+json\" class=\"yoast-schema-graph\">{\"@context\":\"https:\/\/schema.org\",\"@graph\":[{\"@type\":\"WebPage\",\"@id\":\"https:\/\/www.promostar.it\/es\/prodotto\/maquinas-apuntadoras\/\",\"url\":\"https:\/\/www.promostar.it\/es\/prodotto\/maquinas-apuntadoras\/\",\"name\":\"M\u00e1quinas apuntadoras | Promostar\",\"isPartOf\":{\"@id\":\"https:\/\/www.promostar.it\/es\/#website\"},\"datePublished\":\"2022-04-05T08:13:45+00:00\",\"dateModified\":\"2023-04-27T10:31:00+00:00\",\"description\":\"Las M\u00e1quinas apuntadoras son equipos utilizados en las m\u00e1quinas de trefilado para se\u00f1alar el alambre de acero de bajo carbono facilitando su entrada en el casete del troquel de trefilado\",\"breadcrumb\":{\"@id\":\"https:\/\/www.promostar.it\/es\/prodotto\/maquinas-apuntadoras\/#breadcrumb\"},\"inLanguage\":\"es\",\"potentialAction\":[{\"@type\":\"ReadAction\",\"target\":[\"https:\/\/www.promostar.it\/es\/prodotto\/maquinas-apuntadoras\/\"]}]},{\"@type\":\"BreadcrumbList\",\"@id\":\"https:\/\/www.promostar.it\/es\/prodotto\/maquinas-apuntadoras\/#breadcrumb\",\"itemListElement\":[{\"@type\":\"ListItem\",\"position\":1,\"name\":\"Home\",\"item\":\"https:\/\/www.promostar.it\/es\/\"},{\"@type\":\"ListItem\",\"position\":2,\"name\":\"Productos\",\"item\":\"https:\/\/www.promostar.it\/es\/shop\/\"},{\"@type\":\"ListItem\",\"position\":3,\"name\":\"M\u00e1quinas apuntadoras\"}]},{\"@type\":\"WebSite\",\"@id\":\"https:\/\/www.promostar.it\/es\/#website\",\"url\":\"https:\/\/www.promostar.it\/es\/\",\"name\":\"PromoStar S.r.l.\",\"description\":\"Promostar \u00e8 l\u2019azienda leader e la prima ad introdurre il processo di stiratura\",\"publisher\":{\"@id\":\"https:\/\/www.promostar.it\/es\/#organization\"},\"potentialAction\":[{\"@type\":\"SearchAction\",\"target\":{\"@type\":\"EntryPoint\",\"urlTemplate\":\"https:\/\/www.promostar.it\/es\/?s={search_term_string}\"},\"query-input\":\"required name=search_term_string\"}],\"inLanguage\":\"es\"},{\"@type\":\"Organization\",\"@id\":\"https:\/\/www.promostar.it\/es\/#organization\",\"name\":\"Promostar\",\"url\":\"https:\/\/www.promostar.it\/es\/\",\"logo\":{\"@type\":\"ImageObject\",\"inLanguage\":\"es\",\"@id\":\"https:\/\/www.promostar.it\/es\/#\/schema\/logo\/image\/\",\"url\":\"https:\/\/www.promostar.it\/wp-content\/uploads\/2020\/10\/promostar-logo.png\",\"contentUrl\":\"https:\/\/www.promostar.it\/wp-content\/uploads\/2020\/10\/promostar-logo.png\",\"width\":210,\"height\":69,\"caption\":\"Promostar\"},\"image\":{\"@id\":\"https:\/\/www.promostar.it\/es\/#\/schema\/logo\/image\/\"}}]}<\/script>\n<!-- \/ Yoast SEO plugin. -->","yoast_head_json":{"title":"M\u00e1quinas apuntadoras | Promostar","description":"Las M\u00e1quinas apuntadoras son equipos utilizados en las m\u00e1quinas de trefilado para se\u00f1alar el alambre de acero de bajo carbono facilitando su entrada en el casete del troquel de trefilado","robots":{"index":"index","follow":"follow","max-snippet":"max-snippet:-1","max-image-preview":"max-image-preview:large","max-video-preview":"max-video-preview:-1"},"canonical":"https:\/\/www.promostar.it\/es\/prodotto\/maquinas-apuntadoras\/","og_locale":"es_ES","og_type":"article","og_title":"M\u00e1quinas apuntadoras | Promostar","og_description":"Las M\u00e1quinas apuntadoras son equipos utilizados en las m\u00e1quinas de trefilado para se\u00f1alar el alambre de acero de bajo carbono facilitando su entrada en el casete del troquel de trefilado","og_url":"https:\/\/www.promostar.it\/es\/prodotto\/maquinas-apuntadoras\/","og_site_name":"PromoStar S.r.l.","article_modified_time":"2023-04-27T10:31:00+00:00","og_image":[{"width":420,"height":600,"url":"https:\/\/www.promostar.it\/wp-content\/uploads\/2022\/04\/Pointing-machines-2024.jpg","type":"image\/jpeg"}],"twitter_card":"summary_large_image","schema":{"@context":"https:\/\/schema.org","@graph":[{"@type":"WebPage","@id":"https:\/\/www.promostar.it\/es\/prodotto\/maquinas-apuntadoras\/","url":"https:\/\/www.promostar.it\/es\/prodotto\/maquinas-apuntadoras\/","name":"M\u00e1quinas apuntadoras | Promostar","isPartOf":{"@id":"https:\/\/www.promostar.it\/es\/#website"},"datePublished":"2022-04-05T08:13:45+00:00","dateModified":"2023-04-27T10:31:00+00:00","description":"Las M\u00e1quinas apuntadoras son equipos utilizados en las m\u00e1quinas de trefilado para se\u00f1alar el alambre de acero de bajo carbono facilitando su entrada en el casete del troquel de trefilado","breadcrumb":{"@id":"https:\/\/www.promostar.it\/es\/prodotto\/maquinas-apuntadoras\/#breadcrumb"},"inLanguage":"es","potentialAction":[{"@type":"ReadAction","target":["https:\/\/www.promostar.it\/es\/prodotto\/maquinas-apuntadoras\/"]}]},{"@type":"BreadcrumbList","@id":"https:\/\/www.promostar.it\/es\/prodotto\/maquinas-apuntadoras\/#breadcrumb","itemListElement":[{"@type":"ListItem","position":1,"name":"Home","item":"https:\/\/www.promostar.it\/es\/"},{"@type":"ListItem","position":2,"name":"Productos","item":"https:\/\/www.promostar.it\/es\/shop\/"},{"@type":"ListItem","position":3,"name":"M\u00e1quinas apuntadoras"}]},{"@type":"WebSite","@id":"https:\/\/www.promostar.it\/es\/#website","url":"https:\/\/www.promostar.it\/es\/","name":"PromoStar S.r.l.","description":"Promostar \u00e8 l\u2019azienda leader e la prima ad introdurre il processo di stiratura","publisher":{"@id":"https:\/\/www.promostar.it\/es\/#organization"},"potentialAction":[{"@type":"SearchAction","target":{"@type":"EntryPoint","urlTemplate":"https:\/\/www.promostar.it\/es\/?s={search_term_string}"},"query-input":"required name=search_term_string"}],"inLanguage":"es"},{"@type":"Organization","@id":"https:\/\/www.promostar.it\/es\/#organization","name":"Promostar","url":"https:\/\/www.promostar.it\/es\/","logo":{"@type":"ImageObject","inLanguage":"es","@id":"https:\/\/www.promostar.it\/es\/#\/schema\/logo\/image\/","url":"https:\/\/www.promostar.it\/wp-content\/uploads\/2020\/10\/promostar-logo.png","contentUrl":"https:\/\/www.promostar.it\/wp-content\/uploads\/2020\/10\/promostar-logo.png","width":210,"height":69,"caption":"Promostar"},"image":{"@id":"https:\/\/www.promostar.it\/es\/#\/schema\/logo\/image\/"}}]}},"_links":{"self":[{"href":"https:\/\/www.promostar.it\/es\/wp-json\/wp\/v3\/product\/5715"}],"collection":[{"href":"https:\/\/www.promostar.it\/es\/wp-json\/wp\/v3\/product"}],"about":[{"href":"https:\/\/www.promostar.it\/es\/wp-json\/wp\/v2\/types\/product"}],"wp:featuredmedia":[{"embeddable":true,"href":"https:\/\/www.promostar.it\/es\/wp-json\/wp\/v2\/media\/6257"}],"wp:attachment":[{"href":"https:\/\/www.promostar.it\/es\/wp-json\/wp\/v2\/media?parent=5715"}],"wp:term":[{"taxonomy":"product_cat","embeddable":true,"href":"https:\/\/www.promostar.it\/es\/wp-json\/wp\/v2\/product_cat?post=5715"},{"taxonomy":"product_tag","embeddable":true,"href":"https:\/\/www.promostar.it\/es\/wp-json\/wp\/v2\/product_tag?post=5715"}],"curies":[{"name":"wp","href":"https:\/\/api.w.org\/{rel}","templated":true}]}}