{"id":5713,"date":"2022-04-05T10:24:46","date_gmt":"2022-04-05T08:24:46","guid":{"rendered":"https:\/\/www.promostar.it\/prodotto\/troqueles-de-trefilado-a-presion\/"},"modified":"2023-04-27T11:27:45","modified_gmt":"2023-04-27T09:27:45","slug":"troqueles-de-trefilado-a-presion","status":"publish","type":"product","link":"https:\/\/www.promostar.it\/es\/prodotto\/troqueles-de-trefilado-a-presion\/","title":{"rendered":"Troqueles de trefilado a presi\u00f3n"},"content":{"rendered":"<p>[et_pb_section fb_built=\u00bb1&#8243; _builder_version=\u00bb4.17.0&#8243; _module_preset=\u00bbdefault\u00bb global_colors_info=\u00bb{}\u00bb][\/et_pb_section]<\/p>\n","protected":false},"excerpt":{"rendered":"<p><strong>Los Troqueles de trefilado<\/strong> a presi\u00f3n se utilizan para el proceso de trefilado en fr\u00edo del alambre en las cajas de troqueles de trefilado.<\/p>\n<p><strong>Los Troqueles de trefilado<\/strong> a presi\u00f3n se fabrican en dos piezas, un soporte de acero de alta resistencia sobre el que se monta un inserto de carburo de tungsteno<\/p>\n<p>B\u00e1sicamente, podemos suministrar dos (2) modelos diferentes de troquel: el tipo cil\u00edndrico est\u00e1ndar o el tipo cil\u00edndrico est\u00e1ndar con el casquillo de presi\u00f3n que aumenta la cantidad de polvo de jab\u00f3n en la superficie del alambre mejorando la lubricaci\u00f3n y permitiendo altas velocidades de producci\u00f3n.<\/p>\n<p><strong>Los Troqueles de trefilado<\/strong> a presi\u00f3n se suministran en colaboraci\u00f3n con nuestros socios utilizando las \u00faltimas tecnolog\u00edas disponibles en el mercado.<\/p>\n","protected":false},"featured_media":4172,"template":"","meta":{"_et_pb_use_builder":"on","_et_pb_old_content":"<strong>Los Troqueles de trefilado<\/strong> a presi\u00f3n se utilizan para el proceso de trefilado en fr\u00edo del alambre en las cajas de troqueles de trefilado.\n\n<strong>Los Troqueles de trefilado<\/strong> a presi\u00f3n se fabrican en dos piezas, un soporte de acero de alta resistencia sobre el que se monta un inserto de carburo de tungsteno\n\nB\u00e1sicamente, podemos suministrar dos (2) modelos diferentes de troquel: el tipo cil\u00edndrico est\u00e1ndar o el tipo cil\u00edndrico est\u00e1ndar con el casquillo de presi\u00f3n que aumenta la cantidad de polvo de jab\u00f3n en la superficie del alambre mejorando la lubricaci\u00f3n y permitiendo altas velocidades de producci\u00f3n.\n\n<strong>Los Troqueles de trefilado<\/strong> a presi\u00f3n se suministran en colaboraci\u00f3n con nuestros socios utilizando las \u00faltimas tecnolog\u00edas disponibles en el mercado.","_et_gb_content_width":""},"product_cat":[179],"product_tag":[121,126],"yoast_head":"<!-- This site is optimized with the Yoast SEO plugin v20.5 - https:\/\/yoast.com\/wordpress\/plugins\/seo\/ -->\n<title>Troqueles de trefilado a presi\u00f3n | Promostar<\/title>\n<meta name=\"description\" content=\"Los Troqueles de trefilado a presi\u00f3n se utilizan para el proceso de trefilado en fr\u00edo del alambre en las cajas de troqueles de trefilado. Los Troqueles de trefilado a presi\u00f3n se fabrican en dos piezas\" \/>\n<meta name=\"robots\" content=\"index, follow, max-snippet:-1, max-image-preview:large, max-video-preview:-1\" \/>\n<link rel=\"canonical\" href=\"https:\/\/www.promostar.it\/es\/prodotto\/troqueles-de-trefilado-a-presion\/\" \/>\n<meta property=\"og:locale\" content=\"es_ES\" \/>\n<meta property=\"og:type\" content=\"article\" \/>\n<meta property=\"og:title\" content=\"Troqueles de trefilado a presi\u00f3n | Promostar\" \/>\n<meta property=\"og:description\" content=\"Los Troqueles de trefilado a presi\u00f3n se utilizan para el proceso de trefilado en fr\u00edo del alambre en las cajas de troqueles de trefilado. Los Troqueles de trefilado a presi\u00f3n se fabrican en dos piezas\" \/>\n<meta property=\"og:url\" content=\"https:\/\/www.promostar.it\/es\/prodotto\/troqueles-de-trefilado-a-presion\/\" \/>\n<meta property=\"og:site_name\" content=\"PromoStar S.r.l.\" \/>\n<meta property=\"article:modified_time\" content=\"2023-04-27T09:27:45+00:00\" \/>\n<meta property=\"og:image\" content=\"https:\/\/www.promostar.it\/wp-content\/uploads\/2022\/04\/Presssure-drawing-dies-1-transparent.jpg\" \/>\n\t<meta property=\"og:image:width\" content=\"1200\" \/>\n\t<meta property=\"og:image:height\" content=\"1200\" \/>\n\t<meta property=\"og:image:type\" content=\"image\/jpeg\" \/>\n<meta name=\"twitter:card\" content=\"summary_large_image\" \/>\n<script type=\"application\/ld+json\" class=\"yoast-schema-graph\">{\"@context\":\"https:\/\/schema.org\",\"@graph\":[{\"@type\":\"WebPage\",\"@id\":\"https:\/\/www.promostar.it\/es\/prodotto\/troqueles-de-trefilado-a-presion\/\",\"url\":\"https:\/\/www.promostar.it\/es\/prodotto\/troqueles-de-trefilado-a-presion\/\",\"name\":\"Troqueles de trefilado a presi\u00f3n | Promostar\",\"isPartOf\":{\"@id\":\"https:\/\/www.promostar.it\/es\/#website\"},\"datePublished\":\"2022-04-05T08:24:46+00:00\",\"dateModified\":\"2023-04-27T09:27:45+00:00\",\"description\":\"Los Troqueles de trefilado a presi\u00f3n se utilizan para el proceso de trefilado en fr\u00edo del alambre en las cajas de troqueles de trefilado. Los Troqueles de trefilado a presi\u00f3n se fabrican en dos piezas\",\"breadcrumb\":{\"@id\":\"https:\/\/www.promostar.it\/es\/prodotto\/troqueles-de-trefilado-a-presion\/#breadcrumb\"},\"inLanguage\":\"es\",\"potentialAction\":[{\"@type\":\"ReadAction\",\"target\":[\"https:\/\/www.promostar.it\/es\/prodotto\/troqueles-de-trefilado-a-presion\/\"]}]},{\"@type\":\"BreadcrumbList\",\"@id\":\"https:\/\/www.promostar.it\/es\/prodotto\/troqueles-de-trefilado-a-presion\/#breadcrumb\",\"itemListElement\":[{\"@type\":\"ListItem\",\"position\":1,\"name\":\"Home\",\"item\":\"https:\/\/www.promostar.it\/es\/\"},{\"@type\":\"ListItem\",\"position\":2,\"name\":\"Productos\",\"item\":\"https:\/\/www.promostar.it\/es\/shop\/\"},{\"@type\":\"ListItem\",\"position\":3,\"name\":\"Troqueles de trefilado a presi\u00f3n\"}]},{\"@type\":\"WebSite\",\"@id\":\"https:\/\/www.promostar.it\/es\/#website\",\"url\":\"https:\/\/www.promostar.it\/es\/\",\"name\":\"PromoStar S.r.l.\",\"description\":\"Promostar \u00e8 l\u2019azienda leader e la prima ad introdurre il processo di stiratura\",\"publisher\":{\"@id\":\"https:\/\/www.promostar.it\/es\/#organization\"},\"potentialAction\":[{\"@type\":\"SearchAction\",\"target\":{\"@type\":\"EntryPoint\",\"urlTemplate\":\"https:\/\/www.promostar.it\/es\/?s={search_term_string}\"},\"query-input\":\"required name=search_term_string\"}],\"inLanguage\":\"es\"},{\"@type\":\"Organization\",\"@id\":\"https:\/\/www.promostar.it\/es\/#organization\",\"name\":\"Promostar\",\"url\":\"https:\/\/www.promostar.it\/es\/\",\"logo\":{\"@type\":\"ImageObject\",\"inLanguage\":\"es\",\"@id\":\"https:\/\/www.promostar.it\/es\/#\/schema\/logo\/image\/\",\"url\":\"https:\/\/www.promostar.it\/wp-content\/uploads\/2020\/10\/promostar-logo.png\",\"contentUrl\":\"https:\/\/www.promostar.it\/wp-content\/uploads\/2020\/10\/promostar-logo.png\",\"width\":210,\"height\":69,\"caption\":\"Promostar\"},\"image\":{\"@id\":\"https:\/\/www.promostar.it\/es\/#\/schema\/logo\/image\/\"}}]}<\/script>\n<!-- \/ Yoast SEO plugin. -->","yoast_head_json":{"title":"Troqueles de trefilado a presi\u00f3n | Promostar","description":"Los Troqueles de trefilado a presi\u00f3n se utilizan para el proceso de trefilado en fr\u00edo del alambre en las cajas de troqueles de trefilado. Los Troqueles de trefilado a presi\u00f3n se fabrican en dos piezas","robots":{"index":"index","follow":"follow","max-snippet":"max-snippet:-1","max-image-preview":"max-image-preview:large","max-video-preview":"max-video-preview:-1"},"canonical":"https:\/\/www.promostar.it\/es\/prodotto\/troqueles-de-trefilado-a-presion\/","og_locale":"es_ES","og_type":"article","og_title":"Troqueles de trefilado a presi\u00f3n | Promostar","og_description":"Los Troqueles de trefilado a presi\u00f3n se utilizan para el proceso de trefilado en fr\u00edo del alambre en las cajas de troqueles de trefilado. Los Troqueles de trefilado a presi\u00f3n se fabrican en dos piezas","og_url":"https:\/\/www.promostar.it\/es\/prodotto\/troqueles-de-trefilado-a-presion\/","og_site_name":"PromoStar S.r.l.","article_modified_time":"2023-04-27T09:27:45+00:00","og_image":[{"width":1200,"height":1200,"url":"https:\/\/www.promostar.it\/wp-content\/uploads\/2022\/04\/Presssure-drawing-dies-1-transparent.jpg","type":"image\/jpeg"}],"twitter_card":"summary_large_image","schema":{"@context":"https:\/\/schema.org","@graph":[{"@type":"WebPage","@id":"https:\/\/www.promostar.it\/es\/prodotto\/troqueles-de-trefilado-a-presion\/","url":"https:\/\/www.promostar.it\/es\/prodotto\/troqueles-de-trefilado-a-presion\/","name":"Troqueles de trefilado a presi\u00f3n | Promostar","isPartOf":{"@id":"https:\/\/www.promostar.it\/es\/#website"},"datePublished":"2022-04-05T08:24:46+00:00","dateModified":"2023-04-27T09:27:45+00:00","description":"Los Troqueles de trefilado a presi\u00f3n se utilizan para el proceso de trefilado en fr\u00edo del alambre en las cajas de troqueles de trefilado. Los Troqueles de trefilado a presi\u00f3n se fabrican en dos piezas","breadcrumb":{"@id":"https:\/\/www.promostar.it\/es\/prodotto\/troqueles-de-trefilado-a-presion\/#breadcrumb"},"inLanguage":"es","potentialAction":[{"@type":"ReadAction","target":["https:\/\/www.promostar.it\/es\/prodotto\/troqueles-de-trefilado-a-presion\/"]}]},{"@type":"BreadcrumbList","@id":"https:\/\/www.promostar.it\/es\/prodotto\/troqueles-de-trefilado-a-presion\/#breadcrumb","itemListElement":[{"@type":"ListItem","position":1,"name":"Home","item":"https:\/\/www.promostar.it\/es\/"},{"@type":"ListItem","position":2,"name":"Productos","item":"https:\/\/www.promostar.it\/es\/shop\/"},{"@type":"ListItem","position":3,"name":"Troqueles de trefilado a presi\u00f3n"}]},{"@type":"WebSite","@id":"https:\/\/www.promostar.it\/es\/#website","url":"https:\/\/www.promostar.it\/es\/","name":"PromoStar S.r.l.","description":"Promostar \u00e8 l\u2019azienda leader e la prima ad introdurre il processo di stiratura","publisher":{"@id":"https:\/\/www.promostar.it\/es\/#organization"},"potentialAction":[{"@type":"SearchAction","target":{"@type":"EntryPoint","urlTemplate":"https:\/\/www.promostar.it\/es\/?s={search_term_string}"},"query-input":"required name=search_term_string"}],"inLanguage":"es"},{"@type":"Organization","@id":"https:\/\/www.promostar.it\/es\/#organization","name":"Promostar","url":"https:\/\/www.promostar.it\/es\/","logo":{"@type":"ImageObject","inLanguage":"es","@id":"https:\/\/www.promostar.it\/es\/#\/schema\/logo\/image\/","url":"https:\/\/www.promostar.it\/wp-content\/uploads\/2020\/10\/promostar-logo.png","contentUrl":"https:\/\/www.promostar.it\/wp-content\/uploads\/2020\/10\/promostar-logo.png","width":210,"height":69,"caption":"Promostar"},"image":{"@id":"https:\/\/www.promostar.it\/es\/#\/schema\/logo\/image\/"}}]}},"_links":{"self":[{"href":"https:\/\/www.promostar.it\/es\/wp-json\/wp\/v3\/product\/5713"}],"collection":[{"href":"https:\/\/www.promostar.it\/es\/wp-json\/wp\/v3\/product"}],"about":[{"href":"https:\/\/www.promostar.it\/es\/wp-json\/wp\/v2\/types\/product"}],"wp:featuredmedia":[{"embeddable":true,"href":"https:\/\/www.promostar.it\/es\/wp-json\/wp\/v2\/media\/4172"}],"wp:attachment":[{"href":"https:\/\/www.promostar.it\/es\/wp-json\/wp\/v2\/media?parent=5713"}],"wp:term":[{"taxonomy":"product_cat","embeddable":true,"href":"https:\/\/www.promostar.it\/es\/wp-json\/wp\/v2\/product_cat?post=5713"},{"taxonomy":"product_tag","embeddable":true,"href":"https:\/\/www.promostar.it\/es\/wp-json\/wp\/v2\/product_tag?post=5713"}],"curies":[{"name":"wp","href":"https:\/\/api.w.org\/{rel}","templated":true}]}}