{"id":5712,"date":"2022-04-05T10:31:02","date_gmt":"2022-04-05T08:31:02","guid":{"rendered":"https:\/\/www.promostar.it\/prodotto\/bloques-de-traccion\/"},"modified":"2023-04-27T11:17:45","modified_gmt":"2023-04-27T09:17:45","slug":"bloques-de-traccion","status":"publish","type":"product","link":"https:\/\/www.promostar.it\/es\/prodotto\/bloques-de-traccion\/","title":{"rendered":"Bloques de tracci\u00f3n"},"content":{"rendered":"<p>[et_pb_section fb_built=\u00bb1&#8243; _builder_version=\u00bb4.17.0&#8243; _module_preset=\u00bbdefault\u00bb global_colors_info=\u00bb{}\u00bb][\/et_pb_section]<\/p>\n","protected":false},"excerpt":{"rendered":"<p><strong>Los bloques de tracci\u00f3n<\/strong> se utilizan en los procesos de laminaci\u00f3n en fr\u00edo, trefilado y estirado del alambre.<\/p>\n<p>Los <strong>bloques de tracci\u00f3n<\/strong> pueden considerarse uno de los componentes principales de la m\u00e1quina, ya que permiten arrastrar el alambre a trav\u00e9s de los <a href=\"https:\/\/www.promostar.it\/prodotto\/rolling-cassettes\/\"><u>casetes de laminaci\u00f3n<\/u><\/a>, las <a href=\"https:\/\/www.promostar.it\/prodotto\/die-drawing-boxes\/\"><u>cajas de troquelado<\/u><\/a> o <u>paneles de estirado<\/u>, reduciendo as\u00ed su di\u00e1metro, a\u00f1adiendo las nervaduras o aumentando su alargamiento para mejorar las propiedades mec\u00e1nicas de los alambrones de entrada de acuerdo con los requisitos del mercado en t\u00e9rminos de resistencia a la tracci\u00f3n, l\u00edmite el\u00e1stico y alargamiento final, normalmente denominado Agt.<\/p>\n<p>Las aplicaciones finales del producto son normalmente mallas de refuerzo, estribos, jaulas y vigas de celos\u00eda para la construcci\u00f3n civil e industrial, cimentaciones e industria de prefabricados.<\/p>\n<p>Principalmente, se pueden identificar tres categor\u00edas diferentes:<\/p>\n<ul>\n<li>Bloques de tracci\u00f3n con eje horizontal<\/li>\n<li>Bloques de tracci\u00f3n con eje vertical<\/li>\n<li>Bloques de tracci\u00f3n dobles con eje vertical<\/li>\n<\/ul>\n","protected":false},"featured_media":4175,"template":"","meta":{"_et_pb_use_builder":"on","_et_pb_old_content":"<strong>Los bloques de tracci\u00f3n<\/strong> se utilizan en los procesos de laminaci\u00f3n en fr\u00edo, trefilado y estirado del alambre.\n\n<strong>Los bloques de tracci\u00f3n<\/strong> pueden considerarse uno de los componentes principales de la m\u00e1quina, ya que permiten arrastrar el alambre a trav\u00e9s de los <u>casetes de laminaci\u00f3n<\/u>, las <u>cajas de troquelado<\/u> o <u>paneles de estirado<\/u>, reduciendo as\u00ed su di\u00e1metro, a\u00f1adiendo las nervaduras o aumentando su alargamiento para mejorar las propiedades mec\u00e1nicas de los alambrones de entrada de acuerdo con los requisitos del mercado en t\u00e9rminos de resistencia a la tracci\u00f3n, l\u00edmite el\u00e1stico y alargamiento final, normalmente denominado Agt.\n\nLas aplicaciones finales del producto son normalmente mallas de refuerzo, estribos, jaulas y vigas de celos\u00eda para la construcci\u00f3n civil e industrial, cimentaciones e industria de prefabricados.\n\nPrincipalmente, se pueden identificar tres categor\u00edas diferentes:\n<ul>\n \t<li>Bloques de tracci\u00f3n con eje horizontal<\/li>\n \t<li>Bloques de tracci\u00f3n con eje vertical<\/li>\n \t<li>Bloques de tracci\u00f3n dobles con eje vertical<\/li>\n<\/ul>\nLos bloques de tracci\u00f3n con eje horizontal o vertical se utilizan en la m\u00e1quina de alambre laminado en fr\u00edo y la principal diferencia es la direcci\u00f3n del eje del bloque de tracci\u00f3n y, en consecuencia, de los cabrestantes. En cambio, en la m\u00e1quina de estirado de alambre se utiliza el doble bloque de tracci\u00f3n con eje vertical consistente en dos cabrestantes montados con eje vertical y paralelo que obligan al alambre a realizar un recorrido en forma de S evitando que el alambre pueda solaparse o girar dando un grado adicional de estiramiento al producto.\n\nCada categor\u00eda est\u00e1 dise\u00f1ada con una estructura compacta para dar la m\u00e1xima rigidez durante el proceso de transformaci\u00f3n del alambre con todos los mecanismos internos lubricados por aceite a presi\u00f3n. La unidad y sus elementos est\u00e1n completamente cerrados por protecciones de seguridad.\n\nCada modelo puede ser equipado con diferentes tama\u00f1os de motores y una soluci\u00f3n de cajas de engranajes en funci\u00f3n de la tabla de producci\u00f3n de nuestros clientes.\n\nEl n\u00famero de cabrestantes de laminaci\u00f3n en fr\u00edo permite realizar la reducci\u00f3n solicitada (la doble reducci\u00f3n tambi\u00e9n es posible en el mismo bloque de tracci\u00f3n) y el alivio de tensi\u00f3n del alambre con un cabrestante espec\u00edfico. El tipo de cabrestante en forma de V se puede montar adem\u00e1s de los cabrestantes de laminaci\u00f3n en fr\u00edo existentes en aquellas m\u00e1quinas que se destinan a ambos procesos de producci\u00f3n de alambre: laminaci\u00f3n en fr\u00edo y estirado (por ejemplo, como <a href=\"\/prodotto\/cold-rolling-line-vegastar\/\"><u>nuestra m\u00e1quina de laminaci\u00f3n en fr\u00edo tipo Vegastar<\/u><\/a><u>)<\/u>.\n\nLos <strong>Bloques de tracci\u00f3n<\/strong> son dise\u00f1ados y fabricados por Promostar en colaboraci\u00f3n con nuestros socios utilizando las \u00faltimas tecnolog\u00edas y las mejores marcas disponibles en el mercado.","_et_gb_content_width":""},"product_cat":[179],"product_tag":[98,107,110,119,133],"yoast_head":"<!-- This site is optimized with the Yoast SEO plugin v20.5 - https:\/\/yoast.com\/wordpress\/plugins\/seo\/ -->\n<title>Bloques de tracci\u00f3n | Promostar<\/title>\n<meta name=\"description\" content=\"Los bloques de tracci\u00f3n se utilizan en los procesos de laminaci\u00f3n en fr\u00edo, trefilado y estirado del alambre.\" \/>\n<meta name=\"robots\" content=\"index, follow, max-snippet:-1, max-image-preview:large, max-video-preview:-1\" \/>\n<link rel=\"canonical\" href=\"https:\/\/www.promostar.it\/es\/prodotto\/bloques-de-traccion\/\" \/>\n<meta property=\"og:locale\" content=\"es_ES\" \/>\n<meta property=\"og:type\" content=\"article\" \/>\n<meta property=\"og:title\" content=\"Bloques de tracci\u00f3n | Promostar\" \/>\n<meta property=\"og:description\" content=\"Los bloques de tracci\u00f3n se utilizan en los procesos de laminaci\u00f3n en fr\u00edo, trefilado y estirado del alambre.\" \/>\n<meta property=\"og:url\" content=\"https:\/\/www.promostar.it\/es\/prodotto\/bloques-de-traccion\/\" \/>\n<meta property=\"og:site_name\" content=\"PromoStar S.r.l.\" \/>\n<meta property=\"article:modified_time\" content=\"2023-04-27T09:17:45+00:00\" \/>\n<meta property=\"og:image\" content=\"https:\/\/www.promostar.it\/wp-content\/uploads\/2022\/04\/Pulling-bull-blocks-2-transparent.jpg\" \/>\n\t<meta property=\"og:image:width\" content=\"1200\" \/>\n\t<meta property=\"og:image:height\" content=\"1200\" \/>\n\t<meta property=\"og:image:type\" content=\"image\/jpeg\" \/>\n<meta name=\"twitter:card\" content=\"summary_large_image\" \/>\n<script type=\"application\/ld+json\" class=\"yoast-schema-graph\">{\"@context\":\"https:\/\/schema.org\",\"@graph\":[{\"@type\":\"WebPage\",\"@id\":\"https:\/\/www.promostar.it\/es\/prodotto\/bloques-de-traccion\/\",\"url\":\"https:\/\/www.promostar.it\/es\/prodotto\/bloques-de-traccion\/\",\"name\":\"Bloques de tracci\u00f3n | Promostar\",\"isPartOf\":{\"@id\":\"https:\/\/www.promostar.it\/es\/#website\"},\"datePublished\":\"2022-04-05T08:31:02+00:00\",\"dateModified\":\"2023-04-27T09:17:45+00:00\",\"description\":\"Los bloques de tracci\u00f3n se utilizan en los procesos de laminaci\u00f3n en fr\u00edo, trefilado y estirado del alambre.\",\"breadcrumb\":{\"@id\":\"https:\/\/www.promostar.it\/es\/prodotto\/bloques-de-traccion\/#breadcrumb\"},\"inLanguage\":\"es\",\"potentialAction\":[{\"@type\":\"ReadAction\",\"target\":[\"https:\/\/www.promostar.it\/es\/prodotto\/bloques-de-traccion\/\"]}]},{\"@type\":\"BreadcrumbList\",\"@id\":\"https:\/\/www.promostar.it\/es\/prodotto\/bloques-de-traccion\/#breadcrumb\",\"itemListElement\":[{\"@type\":\"ListItem\",\"position\":1,\"name\":\"Home\",\"item\":\"https:\/\/www.promostar.it\/es\/\"},{\"@type\":\"ListItem\",\"position\":2,\"name\":\"Productos\",\"item\":\"https:\/\/www.promostar.it\/es\/shop\/\"},{\"@type\":\"ListItem\",\"position\":3,\"name\":\"Bloques de tracci\u00f3n\"}]},{\"@type\":\"WebSite\",\"@id\":\"https:\/\/www.promostar.it\/es\/#website\",\"url\":\"https:\/\/www.promostar.it\/es\/\",\"name\":\"PromoStar S.r.l.\",\"description\":\"Promostar \u00e8 l\u2019azienda leader e la prima ad introdurre il processo di stiratura\",\"publisher\":{\"@id\":\"https:\/\/www.promostar.it\/es\/#organization\"},\"potentialAction\":[{\"@type\":\"SearchAction\",\"target\":{\"@type\":\"EntryPoint\",\"urlTemplate\":\"https:\/\/www.promostar.it\/es\/?s={search_term_string}\"},\"query-input\":\"required name=search_term_string\"}],\"inLanguage\":\"es\"},{\"@type\":\"Organization\",\"@id\":\"https:\/\/www.promostar.it\/es\/#organization\",\"name\":\"Promostar\",\"url\":\"https:\/\/www.promostar.it\/es\/\",\"logo\":{\"@type\":\"ImageObject\",\"inLanguage\":\"es\",\"@id\":\"https:\/\/www.promostar.it\/es\/#\/schema\/logo\/image\/\",\"url\":\"https:\/\/www.promostar.it\/wp-content\/uploads\/2020\/10\/promostar-logo.png\",\"contentUrl\":\"https:\/\/www.promostar.it\/wp-content\/uploads\/2020\/10\/promostar-logo.png\",\"width\":210,\"height\":69,\"caption\":\"Promostar\"},\"image\":{\"@id\":\"https:\/\/www.promostar.it\/es\/#\/schema\/logo\/image\/\"}}]}<\/script>\n<!-- \/ Yoast SEO plugin. -->","yoast_head_json":{"title":"Bloques de tracci\u00f3n | Promostar","description":"Los bloques de tracci\u00f3n se utilizan en los procesos de laminaci\u00f3n en fr\u00edo, trefilado y estirado del alambre.","robots":{"index":"index","follow":"follow","max-snippet":"max-snippet:-1","max-image-preview":"max-image-preview:large","max-video-preview":"max-video-preview:-1"},"canonical":"https:\/\/www.promostar.it\/es\/prodotto\/bloques-de-traccion\/","og_locale":"es_ES","og_type":"article","og_title":"Bloques de tracci\u00f3n | Promostar","og_description":"Los bloques de tracci\u00f3n se utilizan en los procesos de laminaci\u00f3n en fr\u00edo, trefilado y estirado del alambre.","og_url":"https:\/\/www.promostar.it\/es\/prodotto\/bloques-de-traccion\/","og_site_name":"PromoStar S.r.l.","article_modified_time":"2023-04-27T09:17:45+00:00","og_image":[{"width":1200,"height":1200,"url":"https:\/\/www.promostar.it\/wp-content\/uploads\/2022\/04\/Pulling-bull-blocks-2-transparent.jpg","type":"image\/jpeg"}],"twitter_card":"summary_large_image","schema":{"@context":"https:\/\/schema.org","@graph":[{"@type":"WebPage","@id":"https:\/\/www.promostar.it\/es\/prodotto\/bloques-de-traccion\/","url":"https:\/\/www.promostar.it\/es\/prodotto\/bloques-de-traccion\/","name":"Bloques de tracci\u00f3n | Promostar","isPartOf":{"@id":"https:\/\/www.promostar.it\/es\/#website"},"datePublished":"2022-04-05T08:31:02+00:00","dateModified":"2023-04-27T09:17:45+00:00","description":"Los bloques de tracci\u00f3n se utilizan en los procesos de laminaci\u00f3n en fr\u00edo, trefilado y estirado del alambre.","breadcrumb":{"@id":"https:\/\/www.promostar.it\/es\/prodotto\/bloques-de-traccion\/#breadcrumb"},"inLanguage":"es","potentialAction":[{"@type":"ReadAction","target":["https:\/\/www.promostar.it\/es\/prodotto\/bloques-de-traccion\/"]}]},{"@type":"BreadcrumbList","@id":"https:\/\/www.promostar.it\/es\/prodotto\/bloques-de-traccion\/#breadcrumb","itemListElement":[{"@type":"ListItem","position":1,"name":"Home","item":"https:\/\/www.promostar.it\/es\/"},{"@type":"ListItem","position":2,"name":"Productos","item":"https:\/\/www.promostar.it\/es\/shop\/"},{"@type":"ListItem","position":3,"name":"Bloques de tracci\u00f3n"}]},{"@type":"WebSite","@id":"https:\/\/www.promostar.it\/es\/#website","url":"https:\/\/www.promostar.it\/es\/","name":"PromoStar S.r.l.","description":"Promostar \u00e8 l\u2019azienda leader e la prima ad introdurre il processo di stiratura","publisher":{"@id":"https:\/\/www.promostar.it\/es\/#organization"},"potentialAction":[{"@type":"SearchAction","target":{"@type":"EntryPoint","urlTemplate":"https:\/\/www.promostar.it\/es\/?s={search_term_string}"},"query-input":"required name=search_term_string"}],"inLanguage":"es"},{"@type":"Organization","@id":"https:\/\/www.promostar.it\/es\/#organization","name":"Promostar","url":"https:\/\/www.promostar.it\/es\/","logo":{"@type":"ImageObject","inLanguage":"es","@id":"https:\/\/www.promostar.it\/es\/#\/schema\/logo\/image\/","url":"https:\/\/www.promostar.it\/wp-content\/uploads\/2020\/10\/promostar-logo.png","contentUrl":"https:\/\/www.promostar.it\/wp-content\/uploads\/2020\/10\/promostar-logo.png","width":210,"height":69,"caption":"Promostar"},"image":{"@id":"https:\/\/www.promostar.it\/es\/#\/schema\/logo\/image\/"}}]}},"_links":{"self":[{"href":"https:\/\/www.promostar.it\/es\/wp-json\/wp\/v3\/product\/5712"}],"collection":[{"href":"https:\/\/www.promostar.it\/es\/wp-json\/wp\/v3\/product"}],"about":[{"href":"https:\/\/www.promostar.it\/es\/wp-json\/wp\/v2\/types\/product"}],"wp:featuredmedia":[{"embeddable":true,"href":"https:\/\/www.promostar.it\/es\/wp-json\/wp\/v2\/media\/4175"}],"wp:attachment":[{"href":"https:\/\/www.promostar.it\/es\/wp-json\/wp\/v2\/media?parent=5712"}],"wp:term":[{"taxonomy":"product_cat","embeddable":true,"href":"https:\/\/www.promostar.it\/es\/wp-json\/wp\/v2\/product_cat?post=5712"},{"taxonomy":"product_tag","embeddable":true,"href":"https:\/\/www.promostar.it\/es\/wp-json\/wp\/v2\/product_tag?post=5712"}],"curies":[{"name":"wp","href":"https:\/\/api.w.org\/{rel}","templated":true}]}}