{"id":5711,"date":"2022-04-05T10:47:10","date_gmt":"2022-04-05T08:47:10","guid":{"rendered":"https:\/\/www.promostar.it\/prodotto\/basculas-y-los-sistemas-de-recogida-de-polvo\/"},"modified":"2023-04-27T10:36:24","modified_gmt":"2023-04-27T08:36:24","slug":"basculas-y-los-sistemas-de-recogida-de-polvo","status":"publish","type":"product","link":"https:\/\/www.promostar.it\/es\/prodotto\/basculas-y-los-sistemas-de-recogida-de-polvo\/","title":{"rendered":"B\u00e1sculas y los sistemas de recogida de polvo"},"content":{"rendered":"<p>[et_pb_section fb_built=\u00bb1&#8243; _builder_version=\u00bb4.17.0&#8243; _module_preset=\u00bbdefault\u00bb global_colors_info=\u00bb{}\u00bb][\/et_pb_section]<\/p>\n","protected":false},"excerpt":{"rendered":"<p>Las <strong>B\u00e1sculas y los sistemas de recogida de polvo<\/strong> se utilizan en las m\u00e1quinas trefiladoras, laminadoras en fr\u00edo y de estirado para recoger la calamina pesada que normalmente se acumula durante el funcionamiento y transportarla\/descargarla en el exterior a un cubo o contenedor espec\u00edfico.<\/p>\n<p>Las <strong>B\u00e1sculas y los sistemas de recogida de polvo<\/strong> est\u00e1n dise\u00f1ados y adaptados en funci\u00f3n de la disposici\u00f3n espec\u00edfica de la instalaci\u00f3n de las m\u00e1quinas y de la empresa del cliente.<\/p>\n<p>Principalmente, se pueden identificar dos categor\u00edas diferentes: una para el polvo pesado y otra para el polvo ligero.<\/p>\n<p>Los transportadores mec\u00e1nicos de cadena pertenecen al primer tipo y se instalan debajo del cuerpo principal de la m\u00e1quina y debajo de la zona de descarga. Estos dispositivos pueden recoger la calamina y el polvo pesado que caen por gravedad lejos del alambre durante la producci\u00f3n. Una o m\u00e1s l\u00edneas (instaladas una al lado de la otra), pueden ser servidas por un sistema integrado que comparte un \u00fanico punto de descarga.<\/p>\n","protected":false},"featured_media":4184,"template":"","meta":{"_et_pb_use_builder":"on","_et_pb_old_content":"Las <strong>B\u00e1sculas y los sistemas de recogida de polvo<\/strong> se utilizan en las m\u00e1quinas trefiladoras, laminadoras en fr\u00edo y de estirado para recoger la calamina pesada que normalmente se acumula durante el funcionamiento y transportarla\/descargarla en el exterior a un cubo o contenedor espec\u00edfico.\n\nLas <strong>B\u00e1sculas y los sistemas de recogida de polvo<\/strong> est\u00e1n dise\u00f1ados y adaptados en funci\u00f3n de la disposici\u00f3n espec\u00edfica de la instalaci\u00f3n de las m\u00e1quinas y de la empresa del cliente.\n\nPrincipalmente, se pueden identificar dos categor\u00edas diferentes: una para el polvo pesado y otra para el polvo ligero.\n\nLos transportadores mec\u00e1nicos de cadena pertenecen al primer tipo y se instalan debajo del cuerpo principal de la m\u00e1quina y debajo de la zona de descarga. Estos dispositivos pueden recoger la calamina y el polvo pesado que caen por gravedad lejos del alambre durante la producci\u00f3n. Una o m\u00e1s l\u00edneas (instaladas una al lado de la otra), pueden ser servidas por un sistema integrado que comparte un \u00fanico punto de descarga.\n\nLa segunda categor\u00eda incluye el dispositivo para la eliminaci\u00f3n de polvos ligeros: dado que el cuerpo de las m\u00e1quinas Promostar est\u00e1 completamente cerrado por protecciones, permiten la instalaci\u00f3n de un sistema de aspiraci\u00f3n y filtrado de polvo capaz de capturar el polvo ligero generado durante la producci\u00f3n de alambre. Podemos suministrar dispositivos espec\u00edficos que tienen la funci\u00f3n no s\u00f3lo de mantener limpio el interior de la m\u00e1quina, sino tambi\u00e9n de optimizar el consumo de lubricante cuando se utilizan en combinaci\u00f3n con nuestra unidad de adici\u00f3n de jab\u00f3n.","_et_gb_content_width":""},"product_cat":[179],"product_tag":[98,101,107,110,117,119,121,126,132,133,141],"yoast_head":"<!-- This site is optimized with the Yoast SEO plugin v20.5 - https:\/\/yoast.com\/wordpress\/plugins\/seo\/ -->\n<title>B\u00e1sculas y los sistemas de recogida de polvo | Promostar<\/title>\n<meta name=\"description\" content=\"Las B\u00e1sculas y los sistemas de recogida de polvo se utilizan en las m\u00e1quinas trefiladoras, laminadoras en fr\u00edo y de estirado para recoger la calamina pesada que normalmente se acumula\" \/>\n<meta name=\"robots\" content=\"index, follow, max-snippet:-1, max-image-preview:large, max-video-preview:-1\" \/>\n<link rel=\"canonical\" href=\"https:\/\/www.promostar.it\/es\/prodotto\/basculas-y-los-sistemas-de-recogida-de-polvo\/\" \/>\n<meta property=\"og:locale\" content=\"es_ES\" \/>\n<meta property=\"og:type\" content=\"article\" \/>\n<meta property=\"og:title\" content=\"B\u00e1sculas y los sistemas de recogida de polvo | Promostar\" \/>\n<meta property=\"og:description\" content=\"Las B\u00e1sculas y los sistemas de recogida de polvo se utilizan en las m\u00e1quinas trefiladoras, laminadoras en fr\u00edo y de estirado para recoger la calamina pesada que normalmente se acumula\" \/>\n<meta property=\"og:url\" content=\"https:\/\/www.promostar.it\/es\/prodotto\/basculas-y-los-sistemas-de-recogida-de-polvo\/\" \/>\n<meta property=\"og:site_name\" content=\"PromoStar S.r.l.\" \/>\n<meta property=\"article:modified_time\" content=\"2023-04-27T08:36:24+00:00\" \/>\n<meta property=\"og:image\" content=\"https:\/\/www.promostar.it\/wp-content\/uploads\/2022\/04\/Scale-and-dust-evacuation-systems-1-1-scaled.jpg\" \/>\n\t<meta property=\"og:image:width\" content=\"2471\" \/>\n\t<meta property=\"og:image:height\" content=\"2560\" \/>\n\t<meta property=\"og:image:type\" content=\"image\/jpeg\" \/>\n<meta name=\"twitter:card\" content=\"summary_large_image\" \/>\n<script type=\"application\/ld+json\" class=\"yoast-schema-graph\">{\"@context\":\"https:\/\/schema.org\",\"@graph\":[{\"@type\":\"WebPage\",\"@id\":\"https:\/\/www.promostar.it\/es\/prodotto\/basculas-y-los-sistemas-de-recogida-de-polvo\/\",\"url\":\"https:\/\/www.promostar.it\/es\/prodotto\/basculas-y-los-sistemas-de-recogida-de-polvo\/\",\"name\":\"B\u00e1sculas y los sistemas de recogida de polvo | Promostar\",\"isPartOf\":{\"@id\":\"https:\/\/www.promostar.it\/es\/#website\"},\"datePublished\":\"2022-04-05T08:47:10+00:00\",\"dateModified\":\"2023-04-27T08:36:24+00:00\",\"description\":\"Las B\u00e1sculas y los sistemas de recogida de polvo se utilizan en las m\u00e1quinas trefiladoras, laminadoras en fr\u00edo y de estirado para recoger la calamina pesada que normalmente se acumula\",\"breadcrumb\":{\"@id\":\"https:\/\/www.promostar.it\/es\/prodotto\/basculas-y-los-sistemas-de-recogida-de-polvo\/#breadcrumb\"},\"inLanguage\":\"es\",\"potentialAction\":[{\"@type\":\"ReadAction\",\"target\":[\"https:\/\/www.promostar.it\/es\/prodotto\/basculas-y-los-sistemas-de-recogida-de-polvo\/\"]}]},{\"@type\":\"BreadcrumbList\",\"@id\":\"https:\/\/www.promostar.it\/es\/prodotto\/basculas-y-los-sistemas-de-recogida-de-polvo\/#breadcrumb\",\"itemListElement\":[{\"@type\":\"ListItem\",\"position\":1,\"name\":\"Home\",\"item\":\"https:\/\/www.promostar.it\/es\/home-2\/\"},{\"@type\":\"ListItem\",\"position\":2,\"name\":\"Productos\",\"item\":\"https:\/\/www.promostar.it\/es\/shop\/\"},{\"@type\":\"ListItem\",\"position\":3,\"name\":\"B\u00e1sculas y los sistemas de recogida de polvo\"}]},{\"@type\":\"WebSite\",\"@id\":\"https:\/\/www.promostar.it\/es\/#website\",\"url\":\"https:\/\/www.promostar.it\/es\/\",\"name\":\"PromoStar S.r.l.\",\"description\":\"Promostar \u00e8 l\u2019azienda leader e la prima ad introdurre il processo di stiratura\",\"publisher\":{\"@id\":\"https:\/\/www.promostar.it\/es\/#organization\"},\"potentialAction\":[{\"@type\":\"SearchAction\",\"target\":{\"@type\":\"EntryPoint\",\"urlTemplate\":\"https:\/\/www.promostar.it\/es\/?s={search_term_string}\"},\"query-input\":\"required name=search_term_string\"}],\"inLanguage\":\"es\"},{\"@type\":\"Organization\",\"@id\":\"https:\/\/www.promostar.it\/es\/#organization\",\"name\":\"Promostar\",\"url\":\"https:\/\/www.promostar.it\/es\/\",\"logo\":{\"@type\":\"ImageObject\",\"inLanguage\":\"es\",\"@id\":\"https:\/\/www.promostar.it\/es\/#\/schema\/logo\/image\/\",\"url\":\"https:\/\/www.promostar.it\/wp-content\/uploads\/2020\/10\/promostar-logo.png\",\"contentUrl\":\"https:\/\/www.promostar.it\/wp-content\/uploads\/2020\/10\/promostar-logo.png\",\"width\":210,\"height\":69,\"caption\":\"Promostar\"},\"image\":{\"@id\":\"https:\/\/www.promostar.it\/es\/#\/schema\/logo\/image\/\"}}]}<\/script>\n<!-- \/ Yoast SEO plugin. -->","yoast_head_json":{"title":"B\u00e1sculas y los sistemas de recogida de polvo | Promostar","description":"Las B\u00e1sculas y los sistemas de recogida de polvo se utilizan en las m\u00e1quinas trefiladoras, laminadoras en fr\u00edo y de estirado para recoger la calamina pesada que normalmente se acumula","robots":{"index":"index","follow":"follow","max-snippet":"max-snippet:-1","max-image-preview":"max-image-preview:large","max-video-preview":"max-video-preview:-1"},"canonical":"https:\/\/www.promostar.it\/es\/prodotto\/basculas-y-los-sistemas-de-recogida-de-polvo\/","og_locale":"es_ES","og_type":"article","og_title":"B\u00e1sculas y los sistemas de recogida de polvo | Promostar","og_description":"Las B\u00e1sculas y los sistemas de recogida de polvo se utilizan en las m\u00e1quinas trefiladoras, laminadoras en fr\u00edo y de estirado para recoger la calamina pesada que normalmente se acumula","og_url":"https:\/\/www.promostar.it\/es\/prodotto\/basculas-y-los-sistemas-de-recogida-de-polvo\/","og_site_name":"PromoStar S.r.l.","article_modified_time":"2023-04-27T08:36:24+00:00","og_image":[{"width":2471,"height":2560,"url":"https:\/\/www.promostar.it\/wp-content\/uploads\/2022\/04\/Scale-and-dust-evacuation-systems-1-1-scaled.jpg","type":"image\/jpeg"}],"twitter_card":"summary_large_image","schema":{"@context":"https:\/\/schema.org","@graph":[{"@type":"WebPage","@id":"https:\/\/www.promostar.it\/es\/prodotto\/basculas-y-los-sistemas-de-recogida-de-polvo\/","url":"https:\/\/www.promostar.it\/es\/prodotto\/basculas-y-los-sistemas-de-recogida-de-polvo\/","name":"B\u00e1sculas y los sistemas de recogida de polvo | Promostar","isPartOf":{"@id":"https:\/\/www.promostar.it\/es\/#website"},"datePublished":"2022-04-05T08:47:10+00:00","dateModified":"2023-04-27T08:36:24+00:00","description":"Las B\u00e1sculas y los sistemas de recogida de polvo se utilizan en las m\u00e1quinas trefiladoras, laminadoras en fr\u00edo y de estirado para recoger la calamina pesada que normalmente se acumula","breadcrumb":{"@id":"https:\/\/www.promostar.it\/es\/prodotto\/basculas-y-los-sistemas-de-recogida-de-polvo\/#breadcrumb"},"inLanguage":"es","potentialAction":[{"@type":"ReadAction","target":["https:\/\/www.promostar.it\/es\/prodotto\/basculas-y-los-sistemas-de-recogida-de-polvo\/"]}]},{"@type":"BreadcrumbList","@id":"https:\/\/www.promostar.it\/es\/prodotto\/basculas-y-los-sistemas-de-recogida-de-polvo\/#breadcrumb","itemListElement":[{"@type":"ListItem","position":1,"name":"Home","item":"https:\/\/www.promostar.it\/es\/home-2\/"},{"@type":"ListItem","position":2,"name":"Productos","item":"https:\/\/www.promostar.it\/es\/shop\/"},{"@type":"ListItem","position":3,"name":"B\u00e1sculas y los sistemas de recogida de polvo"}]},{"@type":"WebSite","@id":"https:\/\/www.promostar.it\/es\/#website","url":"https:\/\/www.promostar.it\/es\/","name":"PromoStar S.r.l.","description":"Promostar \u00e8 l\u2019azienda leader e la prima ad introdurre il processo di stiratura","publisher":{"@id":"https:\/\/www.promostar.it\/es\/#organization"},"potentialAction":[{"@type":"SearchAction","target":{"@type":"EntryPoint","urlTemplate":"https:\/\/www.promostar.it\/es\/?s={search_term_string}"},"query-input":"required name=search_term_string"}],"inLanguage":"es"},{"@type":"Organization","@id":"https:\/\/www.promostar.it\/es\/#organization","name":"Promostar","url":"https:\/\/www.promostar.it\/es\/","logo":{"@type":"ImageObject","inLanguage":"es","@id":"https:\/\/www.promostar.it\/es\/#\/schema\/logo\/image\/","url":"https:\/\/www.promostar.it\/wp-content\/uploads\/2020\/10\/promostar-logo.png","contentUrl":"https:\/\/www.promostar.it\/wp-content\/uploads\/2020\/10\/promostar-logo.png","width":210,"height":69,"caption":"Promostar"},"image":{"@id":"https:\/\/www.promostar.it\/es\/#\/schema\/logo\/image\/"}}]}},"_links":{"self":[{"href":"https:\/\/www.promostar.it\/es\/wp-json\/wp\/v3\/product\/5711"}],"collection":[{"href":"https:\/\/www.promostar.it\/es\/wp-json\/wp\/v3\/product"}],"about":[{"href":"https:\/\/www.promostar.it\/es\/wp-json\/wp\/v2\/types\/product"}],"wp:featuredmedia":[{"embeddable":true,"href":"https:\/\/www.promostar.it\/es\/wp-json\/wp\/v2\/media\/4184"}],"wp:attachment":[{"href":"https:\/\/www.promostar.it\/es\/wp-json\/wp\/v2\/media?parent=5711"}],"wp:term":[{"taxonomy":"product_cat","embeddable":true,"href":"https:\/\/www.promostar.it\/es\/wp-json\/wp\/v2\/product_cat?post=5711"},{"taxonomy":"product_tag","embeddable":true,"href":"https:\/\/www.promostar.it\/es\/wp-json\/wp\/v2\/product_tag?post=5711"}],"curies":[{"name":"wp","href":"https:\/\/api.w.org\/{rel}","templated":true}]}}