{"id":5710,"date":"2022-04-05T10:52:24","date_gmt":"2022-04-05T08:52:24","guid":{"rendered":"https:\/\/www.promostar.it\/prodotto\/arretes-de-arana-portadores-de-alambre\/"},"modified":"2023-04-27T10:31:45","modified_gmt":"2023-04-27T08:31:45","slug":"arretes-de-arana-portadores-de-alambre","status":"publish","type":"product","link":"https:\/\/www.promostar.it\/es\/prodotto\/arretes-de-arana-portadores-de-alambre\/","title":{"rendered":"Arretes de ara\u00f1a &#8211; Portadores de alambre"},"content":{"rendered":"<p>[et_pb_section fb_built=\u00bb1&#8243; _builder_version=\u00bb4.17.0&#8243; _module_preset=\u00bbdefault\u00bb global_colors_info=\u00bb{}\u00bb][\/et_pb_section]<\/p>\n","protected":false},"excerpt":{"rendered":"<p>Los <strong>Carretes de ara\u00f1a (portadores de alambre)<\/strong> se utilizan para recoger el alambre despu\u00e9s del proceso de trefilado en la m\u00e1quina trefiladora multipaso para la producci\u00f3n de bobinas de alambre en bruto.<\/p>\n<p>Los <strong>Carretes de ara\u00f1a (portadores de alambre)<\/strong> pueden instalarse en diferentes tipos de bobinadoras est\u00e1ticas &#8211; de bloque muerto, que tienen diferentes dimensiones y capacidades de carga.<\/p>\n<p>Estas bobinas se utilizan para alimentar otras m\u00e1quinas para procesos internos de transformaci\u00f3n del alambre, como por ejemplo l\u00edneas de malla, m\u00e1quinas de enderezado, m\u00e1quinas de cadenas, muelles y clavos.<\/p>\n<p>Las aplicaciones del producto final son normalmente alambre recocido, malla para cercas, alambre para muelles, clavos, alambre galvanizado, para el mercado industrial y agr\u00edcola.<\/p>\n","protected":false},"featured_media":4187,"template":"","meta":{"_et_pb_use_builder":"on","_et_pb_old_content":"Los <strong>Carretes de ara\u00f1a (portadores de alambre)<\/strong> se utilizan para recoger el alambre despu\u00e9s del proceso de trefilado en la m\u00e1quina trefiladora multipaso para la producci\u00f3n de bobinas de alambre en bruto.\n\nLos <strong>Carretes de ara\u00f1a (portadores de alambre)<\/strong> pueden instalarse en diferentes tipos de bobinadoras est\u00e1ticas - de bloque muerto, que tienen diferentes dimensiones y capacidades de carga.\n\nEstas bobinas se utilizan para alimentar otras m\u00e1quinas para procesos internos de transformaci\u00f3n del alambre, como por ejemplo l\u00edneas de malla, m\u00e1quinas de enderezado, m\u00e1quinas de cadenas, muelles y clavos.\n\nLas aplicaciones del producto final son normalmente alambre recocido, malla para cercas, alambre para muelles, clavos, alambre galvanizado, para el mercado industrial y agr\u00edcola.","_et_gb_content_width":""},"product_cat":[179],"product_tag":[121,126],"yoast_head":"<!-- This site is optimized with the Yoast SEO plugin v20.5 - https:\/\/yoast.com\/wordpress\/plugins\/seo\/ -->\n<title>Arretes de ara\u00f1a - Portadores de alambre | Promostar<\/title>\n<meta name=\"description\" content=\"Los Carretes de ara\u00f1a (portadores de alambre) se utilizan para recoger el alambre despu\u00e9s del proceso de trefilado en la m\u00e1quina trefiladora multipaso para la producci\u00f3n de bobinas de alambre en bruto\" \/>\n<meta name=\"robots\" content=\"index, follow, max-snippet:-1, max-image-preview:large, max-video-preview:-1\" \/>\n<link rel=\"canonical\" href=\"https:\/\/www.promostar.it\/es\/prodotto\/arretes-de-arana-portadores-de-alambre\/\" \/>\n<meta property=\"og:locale\" content=\"es_ES\" \/>\n<meta property=\"og:type\" content=\"article\" \/>\n<meta property=\"og:title\" content=\"Arretes de ara\u00f1a - Portadores de alambre | Promostar\" \/>\n<meta property=\"og:description\" content=\"Los Carretes de ara\u00f1a (portadores de alambre) se utilizan para recoger el alambre despu\u00e9s del proceso de trefilado en la m\u00e1quina trefiladora multipaso para la producci\u00f3n de bobinas de alambre en bruto\" \/>\n<meta property=\"og:url\" content=\"https:\/\/www.promostar.it\/es\/prodotto\/arretes-de-arana-portadores-de-alambre\/\" \/>\n<meta property=\"og:site_name\" content=\"PromoStar S.r.l.\" \/>\n<meta property=\"article:modified_time\" content=\"2023-04-27T08:31:45+00:00\" \/>\n<meta property=\"og:image\" content=\"https:\/\/www.promostar.it\/wp-content\/uploads\/2022\/04\/Spider-reels-1-transaparent.jpg\" \/>\n\t<meta property=\"og:image:width\" content=\"1200\" \/>\n\t<meta property=\"og:image:height\" content=\"1200\" \/>\n\t<meta property=\"og:image:type\" content=\"image\/jpeg\" \/>\n<meta name=\"twitter:card\" content=\"summary_large_image\" \/>\n<script type=\"application\/ld+json\" class=\"yoast-schema-graph\">{\"@context\":\"https:\/\/schema.org\",\"@graph\":[{\"@type\":\"WebPage\",\"@id\":\"https:\/\/www.promostar.it\/es\/prodotto\/arretes-de-arana-portadores-de-alambre\/\",\"url\":\"https:\/\/www.promostar.it\/es\/prodotto\/arretes-de-arana-portadores-de-alambre\/\",\"name\":\"Arretes de ara\u00f1a - Portadores de alambre | Promostar\",\"isPartOf\":{\"@id\":\"https:\/\/www.promostar.it\/es\/#website\"},\"datePublished\":\"2022-04-05T08:52:24+00:00\",\"dateModified\":\"2023-04-27T08:31:45+00:00\",\"description\":\"Los Carretes de ara\u00f1a (portadores de alambre) se utilizan para recoger el alambre despu\u00e9s del proceso de trefilado en la m\u00e1quina trefiladora multipaso para la producci\u00f3n de bobinas de alambre en bruto\",\"breadcrumb\":{\"@id\":\"https:\/\/www.promostar.it\/es\/prodotto\/arretes-de-arana-portadores-de-alambre\/#breadcrumb\"},\"inLanguage\":\"es\",\"potentialAction\":[{\"@type\":\"ReadAction\",\"target\":[\"https:\/\/www.promostar.it\/es\/prodotto\/arretes-de-arana-portadores-de-alambre\/\"]}]},{\"@type\":\"BreadcrumbList\",\"@id\":\"https:\/\/www.promostar.it\/es\/prodotto\/arretes-de-arana-portadores-de-alambre\/#breadcrumb\",\"itemListElement\":[{\"@type\":\"ListItem\",\"position\":1,\"name\":\"Home\",\"item\":\"https:\/\/www.promostar.it\/es\/home-2\/\"},{\"@type\":\"ListItem\",\"position\":2,\"name\":\"Productos\",\"item\":\"https:\/\/www.promostar.it\/es\/shop\/\"},{\"@type\":\"ListItem\",\"position\":3,\"name\":\"Arretes de ara\u00f1a &#8211; Portadores de alambre\"}]},{\"@type\":\"WebSite\",\"@id\":\"https:\/\/www.promostar.it\/es\/#website\",\"url\":\"https:\/\/www.promostar.it\/es\/\",\"name\":\"PromoStar S.r.l.\",\"description\":\"Promostar \u00e8 l\u2019azienda leader e la prima ad introdurre il processo di stiratura\",\"publisher\":{\"@id\":\"https:\/\/www.promostar.it\/es\/#organization\"},\"potentialAction\":[{\"@type\":\"SearchAction\",\"target\":{\"@type\":\"EntryPoint\",\"urlTemplate\":\"https:\/\/www.promostar.it\/es\/?s={search_term_string}\"},\"query-input\":\"required name=search_term_string\"}],\"inLanguage\":\"es\"},{\"@type\":\"Organization\",\"@id\":\"https:\/\/www.promostar.it\/es\/#organization\",\"name\":\"Promostar\",\"url\":\"https:\/\/www.promostar.it\/es\/\",\"logo\":{\"@type\":\"ImageObject\",\"inLanguage\":\"es\",\"@id\":\"https:\/\/www.promostar.it\/es\/#\/schema\/logo\/image\/\",\"url\":\"https:\/\/www.promostar.it\/wp-content\/uploads\/2020\/10\/promostar-logo.png\",\"contentUrl\":\"https:\/\/www.promostar.it\/wp-content\/uploads\/2020\/10\/promostar-logo.png\",\"width\":210,\"height\":69,\"caption\":\"Promostar\"},\"image\":{\"@id\":\"https:\/\/www.promostar.it\/es\/#\/schema\/logo\/image\/\"}}]}<\/script>\n<!-- \/ Yoast SEO plugin. -->","yoast_head_json":{"title":"Arretes de ara\u00f1a - Portadores de alambre | Promostar","description":"Los Carretes de ara\u00f1a (portadores de alambre) se utilizan para recoger el alambre despu\u00e9s del proceso de trefilado en la m\u00e1quina trefiladora multipaso para la producci\u00f3n de bobinas de alambre en bruto","robots":{"index":"index","follow":"follow","max-snippet":"max-snippet:-1","max-image-preview":"max-image-preview:large","max-video-preview":"max-video-preview:-1"},"canonical":"https:\/\/www.promostar.it\/es\/prodotto\/arretes-de-arana-portadores-de-alambre\/","og_locale":"es_ES","og_type":"article","og_title":"Arretes de ara\u00f1a - Portadores de alambre | Promostar","og_description":"Los Carretes de ara\u00f1a (portadores de alambre) se utilizan para recoger el alambre despu\u00e9s del proceso de trefilado en la m\u00e1quina trefiladora multipaso para la producci\u00f3n de bobinas de alambre en bruto","og_url":"https:\/\/www.promostar.it\/es\/prodotto\/arretes-de-arana-portadores-de-alambre\/","og_site_name":"PromoStar S.r.l.","article_modified_time":"2023-04-27T08:31:45+00:00","og_image":[{"width":1200,"height":1200,"url":"https:\/\/www.promostar.it\/wp-content\/uploads\/2022\/04\/Spider-reels-1-transaparent.jpg","type":"image\/jpeg"}],"twitter_card":"summary_large_image","schema":{"@context":"https:\/\/schema.org","@graph":[{"@type":"WebPage","@id":"https:\/\/www.promostar.it\/es\/prodotto\/arretes-de-arana-portadores-de-alambre\/","url":"https:\/\/www.promostar.it\/es\/prodotto\/arretes-de-arana-portadores-de-alambre\/","name":"Arretes de ara\u00f1a - Portadores de alambre | Promostar","isPartOf":{"@id":"https:\/\/www.promostar.it\/es\/#website"},"datePublished":"2022-04-05T08:52:24+00:00","dateModified":"2023-04-27T08:31:45+00:00","description":"Los Carretes de ara\u00f1a (portadores de alambre) se utilizan para recoger el alambre despu\u00e9s del proceso de trefilado en la m\u00e1quina trefiladora multipaso para la producci\u00f3n de bobinas de alambre en bruto","breadcrumb":{"@id":"https:\/\/www.promostar.it\/es\/prodotto\/arretes-de-arana-portadores-de-alambre\/#breadcrumb"},"inLanguage":"es","potentialAction":[{"@type":"ReadAction","target":["https:\/\/www.promostar.it\/es\/prodotto\/arretes-de-arana-portadores-de-alambre\/"]}]},{"@type":"BreadcrumbList","@id":"https:\/\/www.promostar.it\/es\/prodotto\/arretes-de-arana-portadores-de-alambre\/#breadcrumb","itemListElement":[{"@type":"ListItem","position":1,"name":"Home","item":"https:\/\/www.promostar.it\/es\/home-2\/"},{"@type":"ListItem","position":2,"name":"Productos","item":"https:\/\/www.promostar.it\/es\/shop\/"},{"@type":"ListItem","position":3,"name":"Arretes de ara\u00f1a &#8211; Portadores de alambre"}]},{"@type":"WebSite","@id":"https:\/\/www.promostar.it\/es\/#website","url":"https:\/\/www.promostar.it\/es\/","name":"PromoStar S.r.l.","description":"Promostar \u00e8 l\u2019azienda leader e la prima ad introdurre il processo di stiratura","publisher":{"@id":"https:\/\/www.promostar.it\/es\/#organization"},"potentialAction":[{"@type":"SearchAction","target":{"@type":"EntryPoint","urlTemplate":"https:\/\/www.promostar.it\/es\/?s={search_term_string}"},"query-input":"required name=search_term_string"}],"inLanguage":"es"},{"@type":"Organization","@id":"https:\/\/www.promostar.it\/es\/#organization","name":"Promostar","url":"https:\/\/www.promostar.it\/es\/","logo":{"@type":"ImageObject","inLanguage":"es","@id":"https:\/\/www.promostar.it\/es\/#\/schema\/logo\/image\/","url":"https:\/\/www.promostar.it\/wp-content\/uploads\/2020\/10\/promostar-logo.png","contentUrl":"https:\/\/www.promostar.it\/wp-content\/uploads\/2020\/10\/promostar-logo.png","width":210,"height":69,"caption":"Promostar"},"image":{"@id":"https:\/\/www.promostar.it\/es\/#\/schema\/logo\/image\/"}}]}},"_links":{"self":[{"href":"https:\/\/www.promostar.it\/es\/wp-json\/wp\/v3\/product\/5710"}],"collection":[{"href":"https:\/\/www.promostar.it\/es\/wp-json\/wp\/v3\/product"}],"about":[{"href":"https:\/\/www.promostar.it\/es\/wp-json\/wp\/v2\/types\/product"}],"wp:featuredmedia":[{"embeddable":true,"href":"https:\/\/www.promostar.it\/es\/wp-json\/wp\/v2\/media\/4187"}],"wp:attachment":[{"href":"https:\/\/www.promostar.it\/es\/wp-json\/wp\/v2\/media?parent=5710"}],"wp:term":[{"taxonomy":"product_cat","embeddable":true,"href":"https:\/\/www.promostar.it\/es\/wp-json\/wp\/v2\/product_cat?post=5710"},{"taxonomy":"product_tag","embeddable":true,"href":"https:\/\/www.promostar.it\/es\/wp-json\/wp\/v2\/product_tag?post=5710"}],"curies":[{"name":"wp","href":"https:\/\/api.w.org\/{rel}","templated":true}]}}