{"id":5709,"date":"2022-04-05T10:58:37","date_gmt":"2022-04-05T08:58:37","guid":{"rendered":"https:\/\/www.promostar.it\/prodotto\/kit-de-estirado\/"},"modified":"2023-04-26T17:20:04","modified_gmt":"2023-04-26T15:20:04","slug":"kit-de-estirado","status":"publish","type":"product","link":"https:\/\/www.promostar.it\/es\/prodotto\/kit-de-estirado\/","title":{"rendered":"kit de estirado"},"content":{"rendered":"<p>[et_pb_section fb_built=\u00bb1&#8243; _builder_version=\u00bb4.17.0&#8243; _module_preset=\u00bbdefault\u00bb global_colors_info=\u00bb{}\u00bb][\/et_pb_section]<\/p>\n","protected":false},"excerpt":{"rendered":"<p><strong>El kit de estirado<\/strong> se utiliza para el proceso de estirado del alambre.<\/p>\n<p><strong>El kit de estirado<\/strong> aumenta las propiedades mec\u00e1nicas del material de entrada (que son barras de refuerzo en bobinas) que debe tener la composici\u00f3n qu\u00edmica requerida sin a\u00f1adir ning\u00fan elemento micro-aleado caro (vanadio y manganeso) y sin hacer un proceso de \u00abtemplado en agua\u00bb (com\u00fanmente llamado Termex o Tempcore).<\/p>\n<p>El proceso de estirado se realiza mediante <strong>dos paneles de estirado orientados a 90\u00b0 uno respecto al otro <\/strong>que, gracias a una flexi\u00f3n alterna realizada por una serie de <strong>rodillos (de carburo de tungsteno)<\/strong> sobre el material de entrada, aplican el grado de estirado deseado (que puede variar del 1 al 7%) que aumenta el alargamiento del alambre, mientras que el patr\u00f3n de nervaduras ya se ha aplicado a la superficie del material en la fase de laminaci\u00f3n en caliente de su producci\u00f3n). El material estirado que se obtiene es esencialmente un material laminado en caliente con propiedades mec\u00e1nicas aumentadas (resistencia a la tracci\u00f3n, l\u00edmite el\u00e1stico y alargamiento final) y al igual que los otros alambres de refuerzo presenta una ductilidad elevada y capacidad para absorber cargas imprevistas. Otra ventaja de este proceso son las dimensiones del alambre, que no cambian significativamente (el di\u00e1metro sigue siendo pr\u00e1cticamente el mismo) durante el proceso.<\/p>\n","protected":false},"featured_media":4190,"template":"","meta":{"_et_pb_use_builder":"on","_et_pb_old_content":"<strong>El kit de estirado<\/strong> se utiliza para el proceso de estirado del alambre.\n\n<strong>El kit de estirado<\/strong> aumenta las propiedades mec\u00e1nicas del material de entrada (que son barras de refuerzo en bobinas) que debe tener la composici\u00f3n qu\u00edmica requerida sin a\u00f1adir ning\u00fan elemento micro-aleado caro (vanadio y manganeso) y sin hacer un proceso de \"templado en agua\" (com\u00fanmente llamado Termex o Tempcore).\n\nEl proceso de estirado se realiza mediante <strong>dos paneles de estirado orientados a 90\u00b0 uno respecto al otro <\/strong>que, gracias a una flexi\u00f3n alterna realizada por una serie de <strong>rodillos (de carburo de tungsteno)<\/strong> sobre el material de entrada, aplican el grado de estirado deseado (que puede variar del 1 al 7%) que aumenta el alargamiento del alambre, mientras que el patr\u00f3n de nervaduras ya se ha aplicado a la superficie del material en la fase de laminaci\u00f3n en caliente de su producci\u00f3n). El material estirado que se obtiene es esencialmente un material laminado en caliente con propiedades mec\u00e1nicas aumentadas (resistencia a la tracci\u00f3n, l\u00edmite el\u00e1stico y alargamiento final) y al igual que los otros alambres de refuerzo presenta una ductilidad elevada y capacidad para absorber cargas imprevistas. Otra ventaja de este proceso son las dimensiones del alambre, que no cambian significativamente (el di\u00e1metro sigue siendo pr\u00e1cticamente el mismo) durante el proceso.\n\nCon el proceso de estirado se puede producir la misma calidad de bobinas compactas con las mismas propiedades mec\u00e1nicas y las mismas caracter\u00edsticas est\u00e9ticas de un bobinador en un molino de laminaci\u00f3n en caliente pero con una notable reducci\u00f3n del coste de inversi\u00f3n y produciendo un material m\u00e1s barato en la planta de laminaci\u00f3n en caliente\n\nLas aplicaciones finales del producto son normalmente mallas de refuerzo, estribos, jaulas y vigas de celos\u00eda para la construcci\u00f3n civil e industrial, cimentaciones e industria de prefabricados.\n\nLos paneles de estirado antes mencionados est\u00e1n fijados a una estructura met\u00e1lica completamente cerrada por una protecci\u00f3n exterior. El acceso se realiza mediante una puerta frontal accionable. Esta caracter\u00edstica permite <strong>reducir notablemente el ruido y la dispersi\u00f3n de polvo<\/strong> en el ambiente y <strong>aumentar el nivel de seguridad<\/strong> mejorando las condiciones de trabajo de los operadores.\n\nEn cada panel de estirado est\u00e1n montados una serie de rodillos locos, cuya posici\u00f3n <strong>es ajustable a trav\u00e9s de un electromotor<\/strong>, y se puede grabar la creaci\u00f3n de una receta que puede ser recuperada por los operadores en el futuro para el uso de la misma configuraci\u00f3n.\n\nTodos los rodillos son de carburo de tungsteno y est\u00e1n montados sobre soportes de rodamientos de ruedas libres que resisten altas velocidades y duras condiciones de trabajo.\n\nUna unidad centralizada de engrase llega a todos los soportes de los rodillos y facilita el <strong>engrase autom\u00e1tico<\/strong> de los mismos. <strong>Un circuito de agua de refrigeraci\u00f3n<\/strong> que fluye por los pasadores de los rodillos elimina el calor producido por el proceso de estirado.\n\nUn p\u00falpito local de f\u00e1cil acceso para el operador permite intervenir durante la fase de inserci\u00f3n y ajuste del alambre.\n\nUn revestimiento exterior adecuado y aberturas suficientes para la inserci\u00f3n del alambre a\u00edslan todas las partes peligrosas en movimiento.\n\nEl <strong>kit de estirado<\/strong> incluye tambi\u00e9n <strong>dos (2) cabrestantes espec\u00edficos para el proceso de estirado<\/strong> que que tienen una ranura en forma de V recubierta de metal duro para asegurar una fuerza de tracci\u00f3n adecuada necesaria para el proceso de estirado.\n\nUn brazo con un <strong>rodillo de presi\u00f3n<\/strong> y una <strong>polea de derivaci\u00f3n<\/strong> se a\u00f1aden a la estructura y completan el suministro\n\n<strong>El kit de estirado<\/strong> dise\u00f1ado y fabricado por Promostar en colaboraci\u00f3n con nuestros socios utilizando las tecnolog\u00edas m\u00e1s recientes y las mejores marcas disponibles en el mercado.","_et_gb_content_width":""},"product_cat":[179],"product_tag":[98,107,110,119,133],"yoast_head":"<!-- This site is optimized with the Yoast SEO plugin v20.5 - https:\/\/yoast.com\/wordpress\/plugins\/seo\/ -->\n<title>Kit De Estirado | Promostar<\/title>\n<meta name=\"description\" content=\"El kit de estirado se utiliza para el proceso de estirado del alambre El kit de estirado aumenta las propiedades mec\u00e1nicas del material de entrada\" \/>\n<meta name=\"robots\" content=\"index, follow, max-snippet:-1, max-image-preview:large, max-video-preview:-1\" \/>\n<link rel=\"canonical\" href=\"https:\/\/www.promostar.it\/es\/prodotto\/kit-de-estirado\/\" \/>\n<meta property=\"og:locale\" content=\"es_ES\" \/>\n<meta property=\"og:type\" content=\"article\" \/>\n<meta property=\"og:title\" content=\"Kit De Estirado | Promostar\" \/>\n<meta property=\"og:description\" content=\"El kit de estirado se utiliza para el proceso de estirado del alambre El kit de estirado aumenta las propiedades mec\u00e1nicas del material de entrada\" \/>\n<meta property=\"og:url\" content=\"https:\/\/www.promostar.it\/es\/prodotto\/kit-de-estirado\/\" \/>\n<meta property=\"og:site_name\" content=\"PromoStar S.r.l.\" \/>\n<meta property=\"article:modified_time\" content=\"2023-04-26T15:20:04+00:00\" \/>\n<meta property=\"og:image\" content=\"https:\/\/www.promostar.it\/wp-content\/uploads\/2022\/04\/Stretching-Kit-1-transparent.jpg\" \/>\n\t<meta property=\"og:image:width\" content=\"1200\" \/>\n\t<meta property=\"og:image:height\" content=\"1200\" \/>\n\t<meta property=\"og:image:type\" content=\"image\/jpeg\" \/>\n<meta name=\"twitter:card\" content=\"summary_large_image\" \/>\n<script type=\"application\/ld+json\" class=\"yoast-schema-graph\">{\"@context\":\"https:\/\/schema.org\",\"@graph\":[{\"@type\":\"WebPage\",\"@id\":\"https:\/\/www.promostar.it\/es\/prodotto\/kit-de-estirado\/\",\"url\":\"https:\/\/www.promostar.it\/es\/prodotto\/kit-de-estirado\/\",\"name\":\"Kit De Estirado | Promostar\",\"isPartOf\":{\"@id\":\"https:\/\/www.promostar.it\/es\/#website\"},\"datePublished\":\"2022-04-05T08:58:37+00:00\",\"dateModified\":\"2023-04-26T15:20:04+00:00\",\"description\":\"El kit de estirado se utiliza para el proceso de estirado del alambre El kit de estirado aumenta las propiedades mec\u00e1nicas del material de entrada\",\"breadcrumb\":{\"@id\":\"https:\/\/www.promostar.it\/es\/prodotto\/kit-de-estirado\/#breadcrumb\"},\"inLanguage\":\"es\",\"potentialAction\":[{\"@type\":\"ReadAction\",\"target\":[\"https:\/\/www.promostar.it\/es\/prodotto\/kit-de-estirado\/\"]}]},{\"@type\":\"BreadcrumbList\",\"@id\":\"https:\/\/www.promostar.it\/es\/prodotto\/kit-de-estirado\/#breadcrumb\",\"itemListElement\":[{\"@type\":\"ListItem\",\"position\":1,\"name\":\"Home\",\"item\":\"https:\/\/www.promostar.it\/es\/home-2\/\"},{\"@type\":\"ListItem\",\"position\":2,\"name\":\"Productos\",\"item\":\"https:\/\/www.promostar.it\/es\/shop\/\"},{\"@type\":\"ListItem\",\"position\":3,\"name\":\"kit de estirado\"}]},{\"@type\":\"WebSite\",\"@id\":\"https:\/\/www.promostar.it\/es\/#website\",\"url\":\"https:\/\/www.promostar.it\/es\/\",\"name\":\"PromoStar S.r.l.\",\"description\":\"Promostar \u00e8 l\u2019azienda leader e la prima ad introdurre il processo di stiratura\",\"publisher\":{\"@id\":\"https:\/\/www.promostar.it\/es\/#organization\"},\"potentialAction\":[{\"@type\":\"SearchAction\",\"target\":{\"@type\":\"EntryPoint\",\"urlTemplate\":\"https:\/\/www.promostar.it\/es\/?s={search_term_string}\"},\"query-input\":\"required name=search_term_string\"}],\"inLanguage\":\"es\"},{\"@type\":\"Organization\",\"@id\":\"https:\/\/www.promostar.it\/es\/#organization\",\"name\":\"Promostar\",\"url\":\"https:\/\/www.promostar.it\/es\/\",\"logo\":{\"@type\":\"ImageObject\",\"inLanguage\":\"es\",\"@id\":\"https:\/\/www.promostar.it\/es\/#\/schema\/logo\/image\/\",\"url\":\"https:\/\/www.promostar.it\/wp-content\/uploads\/2020\/10\/promostar-logo.png\",\"contentUrl\":\"https:\/\/www.promostar.it\/wp-content\/uploads\/2020\/10\/promostar-logo.png\",\"width\":210,\"height\":69,\"caption\":\"Promostar\"},\"image\":{\"@id\":\"https:\/\/www.promostar.it\/es\/#\/schema\/logo\/image\/\"}}]}<\/script>\n<!-- \/ Yoast SEO plugin. -->","yoast_head_json":{"title":"Kit De Estirado | Promostar","description":"El kit de estirado se utiliza para el proceso de estirado del alambre El kit de estirado aumenta las propiedades mec\u00e1nicas del material de entrada","robots":{"index":"index","follow":"follow","max-snippet":"max-snippet:-1","max-image-preview":"max-image-preview:large","max-video-preview":"max-video-preview:-1"},"canonical":"https:\/\/www.promostar.it\/es\/prodotto\/kit-de-estirado\/","og_locale":"es_ES","og_type":"article","og_title":"Kit De Estirado | Promostar","og_description":"El kit de estirado se utiliza para el proceso de estirado del alambre El kit de estirado aumenta las propiedades mec\u00e1nicas del material de entrada","og_url":"https:\/\/www.promostar.it\/es\/prodotto\/kit-de-estirado\/","og_site_name":"PromoStar S.r.l.","article_modified_time":"2023-04-26T15:20:04+00:00","og_image":[{"width":1200,"height":1200,"url":"https:\/\/www.promostar.it\/wp-content\/uploads\/2022\/04\/Stretching-Kit-1-transparent.jpg","type":"image\/jpeg"}],"twitter_card":"summary_large_image","schema":{"@context":"https:\/\/schema.org","@graph":[{"@type":"WebPage","@id":"https:\/\/www.promostar.it\/es\/prodotto\/kit-de-estirado\/","url":"https:\/\/www.promostar.it\/es\/prodotto\/kit-de-estirado\/","name":"Kit De Estirado | Promostar","isPartOf":{"@id":"https:\/\/www.promostar.it\/es\/#website"},"datePublished":"2022-04-05T08:58:37+00:00","dateModified":"2023-04-26T15:20:04+00:00","description":"El kit de estirado se utiliza para el proceso de estirado del alambre El kit de estirado aumenta las propiedades mec\u00e1nicas del material de entrada","breadcrumb":{"@id":"https:\/\/www.promostar.it\/es\/prodotto\/kit-de-estirado\/#breadcrumb"},"inLanguage":"es","potentialAction":[{"@type":"ReadAction","target":["https:\/\/www.promostar.it\/es\/prodotto\/kit-de-estirado\/"]}]},{"@type":"BreadcrumbList","@id":"https:\/\/www.promostar.it\/es\/prodotto\/kit-de-estirado\/#breadcrumb","itemListElement":[{"@type":"ListItem","position":1,"name":"Home","item":"https:\/\/www.promostar.it\/es\/home-2\/"},{"@type":"ListItem","position":2,"name":"Productos","item":"https:\/\/www.promostar.it\/es\/shop\/"},{"@type":"ListItem","position":3,"name":"kit de estirado"}]},{"@type":"WebSite","@id":"https:\/\/www.promostar.it\/es\/#website","url":"https:\/\/www.promostar.it\/es\/","name":"PromoStar S.r.l.","description":"Promostar \u00e8 l\u2019azienda leader e la prima ad introdurre il processo di stiratura","publisher":{"@id":"https:\/\/www.promostar.it\/es\/#organization"},"potentialAction":[{"@type":"SearchAction","target":{"@type":"EntryPoint","urlTemplate":"https:\/\/www.promostar.it\/es\/?s={search_term_string}"},"query-input":"required name=search_term_string"}],"inLanguage":"es"},{"@type":"Organization","@id":"https:\/\/www.promostar.it\/es\/#organization","name":"Promostar","url":"https:\/\/www.promostar.it\/es\/","logo":{"@type":"ImageObject","inLanguage":"es","@id":"https:\/\/www.promostar.it\/es\/#\/schema\/logo\/image\/","url":"https:\/\/www.promostar.it\/wp-content\/uploads\/2020\/10\/promostar-logo.png","contentUrl":"https:\/\/www.promostar.it\/wp-content\/uploads\/2020\/10\/promostar-logo.png","width":210,"height":69,"caption":"Promostar"},"image":{"@id":"https:\/\/www.promostar.it\/es\/#\/schema\/logo\/image\/"}}]}},"_links":{"self":[{"href":"https:\/\/www.promostar.it\/es\/wp-json\/wp\/v3\/product\/5709"}],"collection":[{"href":"https:\/\/www.promostar.it\/es\/wp-json\/wp\/v3\/product"}],"about":[{"href":"https:\/\/www.promostar.it\/es\/wp-json\/wp\/v2\/types\/product"}],"wp:featuredmedia":[{"embeddable":true,"href":"https:\/\/www.promostar.it\/es\/wp-json\/wp\/v2\/media\/4190"}],"wp:attachment":[{"href":"https:\/\/www.promostar.it\/es\/wp-json\/wp\/v2\/media?parent=5709"}],"wp:term":[{"taxonomy":"product_cat","embeddable":true,"href":"https:\/\/www.promostar.it\/es\/wp-json\/wp\/v2\/product_cat?post=5709"},{"taxonomy":"product_tag","embeddable":true,"href":"https:\/\/www.promostar.it\/es\/wp-json\/wp\/v2\/product_tag?post=5709"}],"curies":[{"name":"wp","href":"https:\/\/api.w.org\/{rel}","templated":true}]}}