{"id":5708,"date":"2022-04-05T11:04:33","date_gmt":"2022-04-05T09:04:33","guid":{"rendered":"https:\/\/www.promostar.it\/prodotto\/maquinas-lubricadoras-de-alambre\/"},"modified":"2023-04-26T17:06:37","modified_gmt":"2023-04-26T15:06:37","slug":"maquinas-lubricadoras-de-alambre","status":"publish","type":"product","link":"https:\/\/www.promostar.it\/es\/prodotto\/maquinas-lubricadoras-de-alambre\/","title":{"rendered":"M\u00e1quinas lubricadoras de alambre"},"content":{"rendered":"<p>[et_pb_section fb_built=\u00bb1&#8243; theme_builder_area=\u00bbpost_content\u00bb _builder_version=\u00bb4.17.0&#8243; _module_preset=\u00bbdefault\u00bb][\/et_pb_section]<\/p>\n","protected":false},"excerpt":{"rendered":"<p>Las <strong>M\u00e1quinas lubricadoras de alambre<\/strong> se utilizan para lubricar el alambr\u00f3n de entrada con polvo de estearato de calcio y sodio antes del proceso de laminaci\u00f3n en fr\u00edo o trefilado del alambre.<\/p>\n<p>Las <strong>M\u00e1quinas lubricadoras de alambre<\/strong> realizan la lubricaci\u00f3n del alambr\u00f3n poniendo en contacto directo el polvo de jab\u00f3n con la superficie del alambr\u00f3n.<\/p>\n<p>Est\u00e1n compuestas por una base y un soporte r\u00edgidos, fabricados en acero sobre los que se instalan dos (2) tornillos sin fin motorizados, uno horizontal y otro vertical cuya funci\u00f3n es desplazar continuamente el polvo lubricante hasta el nivel del alambr\u00f3n. Un c\u00f3modo acceso superior permite r\u00e1pidas operaciones de carga de polvo lubricante mientras que un acceso inferior permite la descarga del polvo de jab\u00f3n agotado.<\/p>\n","protected":false},"featured_media":4193,"template":"","meta":{"_et_pb_use_builder":"on","_et_pb_old_content":"Las <strong>M\u00e1quinas lubricadoras de alambre<\/strong> se utilizan para lubricar el alambr\u00f3n de entrada con polvo de estearato de calcio y sodio antes del proceso de laminaci\u00f3n en fr\u00edo o trefilado del alambre.\n\nLas <strong>M\u00e1quinas lubricadoras de alambre<\/strong> realizan la lubricaci\u00f3n del alambr\u00f3n poniendo en contacto directo el polvo de jab\u00f3n con la superficie del alambr\u00f3n.\n\nEst\u00e1n compuestas por una base y un soporte r\u00edgidos, fabricados en acero sobre los que se instalan dos (2) tornillos sin fin motorizados, uno horizontal y otro vertical cuya funci\u00f3n es desplazar continuamente el polvo lubricante hasta el nivel del alambr\u00f3n. Un c\u00f3modo acceso superior permite r\u00e1pidas operaciones de carga de polvo lubricante mientras que un acceso inferior permite la descarga del polvo de jab\u00f3n agotado.\n\nEl dispositivo est\u00e1 totalmente cerrado y es apto para ser equipado con la instalaci\u00f3n de un sistema de filtrado y reciclaje que pone todo el jab\u00f3n en depresi\u00f3n limitando as\u00ed la dispersi\u00f3n del jab\u00f3n en polvo en el interior del cuerpo de la m\u00e1quina, reduciendo por tanto su consumo. Como resultado, el exceso de jab\u00f3n en polvo sobre la superficie del alambre es absorbido, y el sistema de limpieza del filtro hace que caiga de nuevo en la caja de jab\u00f3n.","_et_gb_content_width":""},"product_cat":[179],"product_tag":[98,107,110,119,121,126,133],"yoast_head":"<!-- This site is optimized with the Yoast SEO plugin v20.5 - https:\/\/yoast.com\/wordpress\/plugins\/seo\/ -->\n<title>M\u00e1quinas lubricadoras de alambre | Promostar<\/title>\n<meta name=\"description\" content=\"Las M\u00e1quinas lubricadoras de alambre se utilizan para lubricar el alambr\u00f3n de entrada con polvo de estearato de calcio y sodio antes del proceso de laminaci\u00f3n en fr\u00edo o trefilado del alambre\" \/>\n<meta name=\"robots\" content=\"index, follow, max-snippet:-1, max-image-preview:large, max-video-preview:-1\" \/>\n<link rel=\"canonical\" href=\"https:\/\/www.promostar.it\/es\/prodotto\/maquinas-lubricadoras-de-alambre\/\" \/>\n<meta property=\"og:locale\" content=\"es_ES\" \/>\n<meta property=\"og:type\" content=\"article\" \/>\n<meta property=\"og:title\" content=\"M\u00e1quinas lubricadoras de alambre | Promostar\" \/>\n<meta property=\"og:description\" content=\"Las M\u00e1quinas lubricadoras de alambre se utilizan para lubricar el alambr\u00f3n de entrada con polvo de estearato de calcio y sodio antes del proceso de laminaci\u00f3n en fr\u00edo o trefilado del alambre\" \/>\n<meta property=\"og:url\" content=\"https:\/\/www.promostar.it\/es\/prodotto\/maquinas-lubricadoras-de-alambre\/\" \/>\n<meta property=\"og:site_name\" content=\"PromoStar S.r.l.\" \/>\n<meta property=\"article:modified_time\" content=\"2023-04-26T15:06:37+00:00\" \/>\n<meta property=\"og:image\" content=\"https:\/\/www.promostar.it\/wp-content\/uploads\/2022\/04\/Wire-lubricant-machine-2-transparent.jpg\" \/>\n\t<meta property=\"og:image:width\" content=\"1200\" \/>\n\t<meta property=\"og:image:height\" content=\"1200\" \/>\n\t<meta property=\"og:image:type\" content=\"image\/jpeg\" \/>\n<meta name=\"twitter:card\" content=\"summary_large_image\" \/>\n<script type=\"application\/ld+json\" class=\"yoast-schema-graph\">{\"@context\":\"https:\/\/schema.org\",\"@graph\":[{\"@type\":\"WebPage\",\"@id\":\"https:\/\/www.promostar.it\/es\/prodotto\/maquinas-lubricadoras-de-alambre\/\",\"url\":\"https:\/\/www.promostar.it\/es\/prodotto\/maquinas-lubricadoras-de-alambre\/\",\"name\":\"M\u00e1quinas lubricadoras de alambre | Promostar\",\"isPartOf\":{\"@id\":\"https:\/\/www.promostar.it\/es\/#website\"},\"datePublished\":\"2022-04-05T09:04:33+00:00\",\"dateModified\":\"2023-04-26T15:06:37+00:00\",\"description\":\"Las M\u00e1quinas lubricadoras de alambre se utilizan para lubricar el alambr\u00f3n de entrada con polvo de estearato de calcio y sodio antes del proceso de laminaci\u00f3n en fr\u00edo o trefilado del alambre\",\"breadcrumb\":{\"@id\":\"https:\/\/www.promostar.it\/es\/prodotto\/maquinas-lubricadoras-de-alambre\/#breadcrumb\"},\"inLanguage\":\"es\",\"potentialAction\":[{\"@type\":\"ReadAction\",\"target\":[\"https:\/\/www.promostar.it\/es\/prodotto\/maquinas-lubricadoras-de-alambre\/\"]}]},{\"@type\":\"BreadcrumbList\",\"@id\":\"https:\/\/www.promostar.it\/es\/prodotto\/maquinas-lubricadoras-de-alambre\/#breadcrumb\",\"itemListElement\":[{\"@type\":\"ListItem\",\"position\":1,\"name\":\"Home\",\"item\":\"https:\/\/www.promostar.it\/es\/home-2\/\"},{\"@type\":\"ListItem\",\"position\":2,\"name\":\"Productos\",\"item\":\"https:\/\/www.promostar.it\/es\/shop\/\"},{\"@type\":\"ListItem\",\"position\":3,\"name\":\"M\u00e1quinas lubricadoras de alambre\"}]},{\"@type\":\"WebSite\",\"@id\":\"https:\/\/www.promostar.it\/es\/#website\",\"url\":\"https:\/\/www.promostar.it\/es\/\",\"name\":\"PromoStar S.r.l.\",\"description\":\"Promostar \u00e8 l\u2019azienda leader e la prima ad introdurre il processo di stiratura\",\"publisher\":{\"@id\":\"https:\/\/www.promostar.it\/es\/#organization\"},\"potentialAction\":[{\"@type\":\"SearchAction\",\"target\":{\"@type\":\"EntryPoint\",\"urlTemplate\":\"https:\/\/www.promostar.it\/es\/?s={search_term_string}\"},\"query-input\":\"required name=search_term_string\"}],\"inLanguage\":\"es\"},{\"@type\":\"Organization\",\"@id\":\"https:\/\/www.promostar.it\/es\/#organization\",\"name\":\"Promostar\",\"url\":\"https:\/\/www.promostar.it\/es\/\",\"logo\":{\"@type\":\"ImageObject\",\"inLanguage\":\"es\",\"@id\":\"https:\/\/www.promostar.it\/es\/#\/schema\/logo\/image\/\",\"url\":\"https:\/\/www.promostar.it\/wp-content\/uploads\/2020\/10\/promostar-logo.png\",\"contentUrl\":\"https:\/\/www.promostar.it\/wp-content\/uploads\/2020\/10\/promostar-logo.png\",\"width\":210,\"height\":69,\"caption\":\"Promostar\"},\"image\":{\"@id\":\"https:\/\/www.promostar.it\/es\/#\/schema\/logo\/image\/\"}}]}<\/script>\n<!-- \/ Yoast SEO plugin. -->","yoast_head_json":{"title":"M\u00e1quinas lubricadoras de alambre | Promostar","description":"Las M\u00e1quinas lubricadoras de alambre se utilizan para lubricar el alambr\u00f3n de entrada con polvo de estearato de calcio y sodio antes del proceso de laminaci\u00f3n en fr\u00edo o trefilado del alambre","robots":{"index":"index","follow":"follow","max-snippet":"max-snippet:-1","max-image-preview":"max-image-preview:large","max-video-preview":"max-video-preview:-1"},"canonical":"https:\/\/www.promostar.it\/es\/prodotto\/maquinas-lubricadoras-de-alambre\/","og_locale":"es_ES","og_type":"article","og_title":"M\u00e1quinas lubricadoras de alambre | Promostar","og_description":"Las M\u00e1quinas lubricadoras de alambre se utilizan para lubricar el alambr\u00f3n de entrada con polvo de estearato de calcio y sodio antes del proceso de laminaci\u00f3n en fr\u00edo o trefilado del alambre","og_url":"https:\/\/www.promostar.it\/es\/prodotto\/maquinas-lubricadoras-de-alambre\/","og_site_name":"PromoStar S.r.l.","article_modified_time":"2023-04-26T15:06:37+00:00","og_image":[{"width":1200,"height":1200,"url":"https:\/\/www.promostar.it\/wp-content\/uploads\/2022\/04\/Wire-lubricant-machine-2-transparent.jpg","type":"image\/jpeg"}],"twitter_card":"summary_large_image","schema":{"@context":"https:\/\/schema.org","@graph":[{"@type":"WebPage","@id":"https:\/\/www.promostar.it\/es\/prodotto\/maquinas-lubricadoras-de-alambre\/","url":"https:\/\/www.promostar.it\/es\/prodotto\/maquinas-lubricadoras-de-alambre\/","name":"M\u00e1quinas lubricadoras de alambre | Promostar","isPartOf":{"@id":"https:\/\/www.promostar.it\/es\/#website"},"datePublished":"2022-04-05T09:04:33+00:00","dateModified":"2023-04-26T15:06:37+00:00","description":"Las M\u00e1quinas lubricadoras de alambre se utilizan para lubricar el alambr\u00f3n de entrada con polvo de estearato de calcio y sodio antes del proceso de laminaci\u00f3n en fr\u00edo o trefilado del alambre","breadcrumb":{"@id":"https:\/\/www.promostar.it\/es\/prodotto\/maquinas-lubricadoras-de-alambre\/#breadcrumb"},"inLanguage":"es","potentialAction":[{"@type":"ReadAction","target":["https:\/\/www.promostar.it\/es\/prodotto\/maquinas-lubricadoras-de-alambre\/"]}]},{"@type":"BreadcrumbList","@id":"https:\/\/www.promostar.it\/es\/prodotto\/maquinas-lubricadoras-de-alambre\/#breadcrumb","itemListElement":[{"@type":"ListItem","position":1,"name":"Home","item":"https:\/\/www.promostar.it\/es\/home-2\/"},{"@type":"ListItem","position":2,"name":"Productos","item":"https:\/\/www.promostar.it\/es\/shop\/"},{"@type":"ListItem","position":3,"name":"M\u00e1quinas lubricadoras de alambre"}]},{"@type":"WebSite","@id":"https:\/\/www.promostar.it\/es\/#website","url":"https:\/\/www.promostar.it\/es\/","name":"PromoStar S.r.l.","description":"Promostar \u00e8 l\u2019azienda leader e la prima ad introdurre il processo di stiratura","publisher":{"@id":"https:\/\/www.promostar.it\/es\/#organization"},"potentialAction":[{"@type":"SearchAction","target":{"@type":"EntryPoint","urlTemplate":"https:\/\/www.promostar.it\/es\/?s={search_term_string}"},"query-input":"required name=search_term_string"}],"inLanguage":"es"},{"@type":"Organization","@id":"https:\/\/www.promostar.it\/es\/#organization","name":"Promostar","url":"https:\/\/www.promostar.it\/es\/","logo":{"@type":"ImageObject","inLanguage":"es","@id":"https:\/\/www.promostar.it\/es\/#\/schema\/logo\/image\/","url":"https:\/\/www.promostar.it\/wp-content\/uploads\/2020\/10\/promostar-logo.png","contentUrl":"https:\/\/www.promostar.it\/wp-content\/uploads\/2020\/10\/promostar-logo.png","width":210,"height":69,"caption":"Promostar"},"image":{"@id":"https:\/\/www.promostar.it\/es\/#\/schema\/logo\/image\/"}}]}},"_links":{"self":[{"href":"https:\/\/www.promostar.it\/es\/wp-json\/wp\/v3\/product\/5708"}],"collection":[{"href":"https:\/\/www.promostar.it\/es\/wp-json\/wp\/v3\/product"}],"about":[{"href":"https:\/\/www.promostar.it\/es\/wp-json\/wp\/v2\/types\/product"}],"wp:featuredmedia":[{"embeddable":true,"href":"https:\/\/www.promostar.it\/es\/wp-json\/wp\/v2\/media\/4193"}],"wp:attachment":[{"href":"https:\/\/www.promostar.it\/es\/wp-json\/wp\/v2\/media?parent=5708"}],"wp:term":[{"taxonomy":"product_cat","embeddable":true,"href":"https:\/\/www.promostar.it\/es\/wp-json\/wp\/v2\/product_cat?post=5708"},{"taxonomy":"product_tag","embeddable":true,"href":"https:\/\/www.promostar.it\/es\/wp-json\/wp\/v2\/product_tag?post=5708"}],"curies":[{"name":"wp","href":"https:\/\/api.w.org\/{rel}","templated":true}]}}