{"id":5707,"date":"2022-04-05T11:09:51","date_gmt":"2022-04-05T09:09:51","guid":{"rendered":"https:\/\/www.promostar.it\/prodotto\/sistemas-de-desenrollado-de-alambre\/"},"modified":"2023-04-26T16:43:53","modified_gmt":"2023-04-26T14:43:53","slug":"sistemas-de-desenrollado-de-alambre","status":"publish","type":"product","link":"https:\/\/www.promostar.it\/es\/prodotto\/sistemas-de-desenrollado-de-alambre\/","title":{"rendered":"Sistemas de desenrollado de alambre"},"content":{"rendered":"<p>[et_pb_section fb_built=\u00bb1&#8243; _builder_version=\u00bb4.17.0&#8243; _module_preset=\u00bbdefault\u00bb global_colors_info=\u00bb{}\u00bb][\/et_pb_section]<\/p>\n","protected":false},"excerpt":{"rendered":"<p>Los <strong>sistemas de desenrollado de alambre<\/strong> son dispositivos utilizados para desenrollar el alambr\u00f3n en las m\u00e1quinas de laminaci\u00f3n en fr\u00edo, trefilado y estirado de alambre.<\/p>\n<p><strong>Estos sistemas<\/strong> est\u00e1n dise\u00f1ados para facilitar y garantizar el desenrollado del alambr\u00f3n a alta velocidad sin que se produzcan enredos ni interrupciones.<\/p>\n<p>Principalmente, se pueden identificar dos categor\u00edas diferentes:<\/p>\n<ul>\n<li><strong>Desenrolladores verticales<\/strong><\/li>\n<li><strong>Desenrolladores horizontales<\/strong><\/li>\n<\/ul>\n<p>Los <strong>desenrolladores verticales<\/strong> se recomiendan para di\u00e1metros de alambr\u00f3n medios y se componen de dos dispositivos principales que funcionan en combinaci\u00f3n: dos (2) dedos inclinables y una (1) torre de desenrollado.<\/p>\n<p>Los <strong>dedos basculantes<\/strong> permiten una alimentaci\u00f3n continua de alambr\u00f3n en la l\u00ednea de laminaci\u00f3n en fr\u00edo, estirado y estirado. Est\u00e1n compuestos por un par de brazos de forma adecuada, cuya estructura est\u00e1 hecha de tubos de acero rellenos internamente de arena para reducir el ruido durante las operaciones, que pueden girar 90 grados en un plano vertical para alcanzar dos (2) posiciones diferentes: vertical y horizontal. En la posici\u00f3n horizontal, los dedos permiten la carga del alambr\u00f3n tomado directamente de la zona de almac\u00e9n mediante un puente gr\u00faa o una carretilla elevadora. Cuando el alambr\u00f3n est\u00e1 cargado, los dedos giran a la posici\u00f3n vertical, listos para permitir el desenrollado del alambre hacia la torre de descarga. Existen varios modelos de dedos basculantes en funci\u00f3n de las dimensiones y el peso del alambr\u00f3n y de la altura de la torre de descarga.<\/p>\n","protected":false},"featured_media":4196,"template":"","meta":{"_et_pb_use_builder":"on","_et_pb_old_content":"Los <strong>sistemas de desenrollado de alambre<\/strong> son dispositivos utilizados para desenrollar el alambr\u00f3n en las m\u00e1quinas de laminaci\u00f3n en fr\u00edo, trefilado y estirado de alambre.\n\n<strong>Estos sistemas<\/strong> est\u00e1n dise\u00f1ados para facilitar y garantizar el desenrollado del alambr\u00f3n a alta velocidad sin que se produzcan enredos ni interrupciones.\n\nPrincipalmente, se pueden identificar dos categor\u00edas diferentes:\n<ul>\n \t<li><strong>Desenrolladores verticales<\/strong><\/li>\n \t<li><strong>Desenrolladores horizontales<\/strong><\/li>\n<\/ul>\nLos <strong>desenrolladores verticales<\/strong> se recomiendan para di\u00e1metros de alambr\u00f3n medios y se componen de dos dispositivos principales que funcionan en combinaci\u00f3n: dos (2) dedos inclinables y una (1) torre de desenrollado.\n\nLos <strong>dedos basculantes<\/strong> permiten una alimentaci\u00f3n continua de alambr\u00f3n en la l\u00ednea de laminaci\u00f3n en fr\u00edo, estirado y estirado. Est\u00e1n compuestos por un par de brazos de forma adecuada, cuya estructura est\u00e1 hecha de tubos de acero rellenos internamente de arena para reducir el ruido durante las operaciones, que pueden girar 90 grados en un plano vertical para alcanzar dos (2) posiciones diferentes: vertical y horizontal. En la posici\u00f3n horizontal, los dedos permiten la carga del alambr\u00f3n tomado directamente de la zona de almac\u00e9n mediante un puente gr\u00faa o una carretilla elevadora. Cuando el alambr\u00f3n est\u00e1 cargado, los dedos giran a la posici\u00f3n vertical, listos para permitir el desenrollado del alambre hacia la torre de descarga. Existen varios modelos de dedos basculantes en funci\u00f3n de las dimensiones y el peso del alambr\u00f3n y de la altura de la torre de descarga.\n\nLa <strong>torre de desenrollado<\/strong> permite un desenrollado vertical a gran velocidad sin que se formen nudos\/enredos ni se interrumpa la producci\u00f3n. Se compone de un robusto bastidor de acero con una base adecuada. En la parte superior del bastidor se coloca un carro m\u00f3vil, accionado por un elevador el\u00e9ctrico, con una rueda de devanado. Este sistema permite desenredar f\u00e1cilmente el alambre si se producen nudos durante las operaciones. Este sistema permite desenredar f\u00e1cilmente el alambre si se producen nudos durante las operaciones. Los laterales de la torre est\u00e1n revestidos de una fina l\u00e1mina de acero dulce ranurada para contener el polvo, que se recoge en la base de la torre mediante una corredera met\u00e1lica adelantada entre los dedos. La torre est\u00e1 equipada con un <strong>dispositivo de seguridad<\/strong> que detiene autom\u00e1ticamente la laminaci\u00f3n en fr\u00edo en caso de emergencia (<strong>presencia de nudos<\/strong>). Un sistema de sensor espec\u00edfico de nueva generaci\u00f3n, <u>que es ajustable directamente por recibo de la mesa devanadora sin necesidad de bajar la cesta superior,<\/u> permite ajustar el sensor para los diferentes di\u00e1metros de alambre registrando recibos espec\u00edficos. Las ventajas de este sistema se resumen en una extrema <strong>flexibilidad y rapidez en los cambios de producci\u00f3n<\/strong> y <strong>cero tiempos muertos<\/strong> ya que los ajustes (si son necesarios) se realizan en marcha sin detener la m\u00e1quina. La posici\u00f3n del carro desbobinador se asegura autom\u00e1ticamente mediante un <strong>cilindro neum\u00e1tico que verifica dos veces<\/strong> el correcto anclaje del gancho a la estructura y permite tambi\u00e9n su apertura\/cierre. La tensi\u00f3n de la cadena de elevaci\u00f3n se controla mediante un <strong>sensor que evita la sobrecarga de la cadena<\/strong>. Existen varios modelos de torres de desenrollado en funci\u00f3n de las velocidades de la l\u00ednea y de la disposici\u00f3n de la empresa.\n\nLos <strong>desenrolladores horizontales<\/strong> se recomiendan especialmente para grandes di\u00e1metros de alambr\u00f3n y se componen de varios dispositivos que funcionan en combinaci\u00f3n: la viga y estructura del desenrollador horizontal, uno o dos carros m\u00f3viles con gancho retr\u00e1ctil, la presencia de nudo y el ensamblaje de los portales de protecci\u00f3n.\n\nLa <strong>viga y la estructura del desenrollador<\/strong> horizontal est\u00e1n fabricadas con una robusta viga de acero con placas de acero templado (que garantiza una larga vida \u00fatil de las piezas de desgaste y un f\u00e1cil mantenimiento) y se utilizan para la carga y descarga del alambr\u00f3n. Unas robustas columnas de soporte equipadas con un juego de abrazaderas hidr\u00e1ulicas sostienen la viga y se cierran\/abren durante las operaciones (avance del alambr\u00f3n en la viga de desenrollado). En la zona de desbobinado, aletas especiales (de acero templado) y barras ajustables sacuden el alambre reduciendo los nudos y mejorando la apertura de las espiras.\n\nEn la parte superior de la estructura, una viga secundaria, que aloja uno (o dos) <strong>carros m\u00f3viles motorizados con gancho retr\u00e1ctil<\/strong> que se desplazan sobre gu\u00edas mediante un mecanismo de cremallera y pi\u00f1\u00f3n, tiene la funci\u00f3n de desplazar, uno a uno, el alambr\u00f3n a lo largo de la viga de desenrollado principal.\n\nTodos los dispositivos se apoyan en una estructura a\u00e9rea, fijada en el suelo por 5 pares de columnas. Las dos primeras columnas son desplazables en m\u00faltiples posiciones para acomodar mejor al soldador a tope. La seguridad est\u00e1 garantizada por un dispositivo de exploraci\u00f3n l\u00e1ser. El b\u00fafer de materia prima lista para ser procesada que garantiza esta soluci\u00f3n y el alto nivel de ergonom\u00eda para los operadores en las estaciones de carga\/soldadura aseguran una producci\u00f3n continua, maximizando la eficiencia.\n\nLa <strong>presencia de nudo<\/strong> de \u00faltima generaci\u00f3n es un dispositivo innovador que permite reducir dr\u00e1sticamente el tiempo de parada de la m\u00e1quina en caso de nudo, evitando la rotura del hilo parando r\u00e1pidamente la l\u00ednea. Est\u00e1 formado por una estructura de acero de alta resistencia que aloja una cesta transportadora de alambre, una serie de rodillos transportadores montados sobre cojinetes sobredimensionados, dos brazos horizontales que pueden abrirse manualmente y una palanca articulada en el eje horizontal, controlada por un cilindro neum\u00e1tico. El dispositivo <u>detecta de forma diferente los nudos grandes o peque\u00f1os deteniendo la l\u00ednea<\/u> en ambos casos con la ventaja de evitar roturas de alambre. Cuando se producen peque\u00f1os nudos previene la formaci\u00f3n de grandes nudos permitiendo al operador resolver el nudo en la mayor\u00eda de los casos sin el corte del alambre con un r\u00e1pido reinicio de la producci\u00f3n.\n\nEl <strong>conjunto de portales de protecci\u00f3n<\/strong> Se trata de una serie de robustos y pesados portales soldados de acero, fijados directamente al suelo e instalados entre el sistema de desenrollado y la unidad de presencia de nudos. Su funci\u00f3n es contener el material en el trabajo dentro de un espacio bien definido, abriendo las espiras durante el avance.\n\nLos <strong>sistemas de desenrrollado de alambre<\/strong> son dise\u00f1ados y fabricados por Promostar en colaboraci\u00f3n con nuestros socios, utilizando las \u00faltimas tecnolog\u00edas y las mejores marcas disponibles en el mercado.\n\nNuestra oferta no se limita a los sistemas de desenrollado de alambre descritos anteriormente, sino que puede completarse tambi\u00e9n con una serie de opcionales y accesorios, como por ejemplo:\n<ul>\n \t<li>Fricci\u00f3n anti-ca\u00edda<\/li>\n \t<li>Bloques de seguridad<\/li>\n \t<li>Rodillo de arrastre<\/li>\n \t<li>Kit de supervisi\u00f3n del alambr\u00f3n para la gesti\u00f3n autom\u00e1tica de la velocidad de la l\u00ednea<\/li>\n \t<li>Detecci\u00f3n \u00f3ptica de nudos<\/li>\n \t<li>Carro motorizado de enhebrado<\/li>\n<\/ul>","_et_gb_content_width":""},"product_cat":[179],"product_tag":[98,107,110,119,121,126,133],"yoast_head":"<!-- This site is optimized with the Yoast SEO plugin v20.5 - https:\/\/yoast.com\/wordpress\/plugins\/seo\/ -->\n<title>Sistemas de desenrollado de alambre | Promostar<\/title>\n<meta name=\"description\" content=\"Los sistemas de desenrollado de alambre son dispositivos utilizados para desenrollar el alambr\u00f3n en las m\u00e1quinas de laminaci\u00f3n en fr\u00edo, trefilado y estirado de alambre.\" \/>\n<meta name=\"robots\" content=\"index, follow, max-snippet:-1, max-image-preview:large, max-video-preview:-1\" \/>\n<link rel=\"canonical\" href=\"https:\/\/www.promostar.it\/es\/prodotto\/sistemas-de-desenrollado-de-alambre\/\" \/>\n<meta property=\"og:locale\" content=\"es_ES\" \/>\n<meta property=\"og:type\" content=\"article\" \/>\n<meta property=\"og:title\" content=\"Sistemas de desenrollado de alambre | Promostar\" \/>\n<meta property=\"og:description\" content=\"Los sistemas de desenrollado de alambre son dispositivos utilizados para desenrollar el alambr\u00f3n en las m\u00e1quinas de laminaci\u00f3n en fr\u00edo, trefilado y estirado de alambre.\" \/>\n<meta property=\"og:url\" content=\"https:\/\/www.promostar.it\/es\/prodotto\/sistemas-de-desenrollado-de-alambre\/\" \/>\n<meta property=\"og:site_name\" content=\"PromoStar S.r.l.\" \/>\n<meta property=\"article:modified_time\" content=\"2023-04-26T14:43:53+00:00\" \/>\n<meta property=\"og:image\" content=\"https:\/\/www.promostar.it\/wp-content\/uploads\/2022\/04\/Wire-pay-off-systems-1-transparent.jpg\" \/>\n\t<meta property=\"og:image:width\" content=\"1200\" \/>\n\t<meta property=\"og:image:height\" content=\"1200\" \/>\n\t<meta property=\"og:image:type\" content=\"image\/jpeg\" \/>\n<meta name=\"twitter:card\" content=\"summary_large_image\" \/>\n<script type=\"application\/ld+json\" class=\"yoast-schema-graph\">{\"@context\":\"https:\/\/schema.org\",\"@graph\":[{\"@type\":\"WebPage\",\"@id\":\"https:\/\/www.promostar.it\/es\/prodotto\/sistemas-de-desenrollado-de-alambre\/\",\"url\":\"https:\/\/www.promostar.it\/es\/prodotto\/sistemas-de-desenrollado-de-alambre\/\",\"name\":\"Sistemas de desenrollado de alambre | Promostar\",\"isPartOf\":{\"@id\":\"https:\/\/www.promostar.it\/es\/#website\"},\"datePublished\":\"2022-04-05T09:09:51+00:00\",\"dateModified\":\"2023-04-26T14:43:53+00:00\",\"description\":\"Los sistemas de desenrollado de alambre son dispositivos utilizados para desenrollar el alambr\u00f3n en las m\u00e1quinas de laminaci\u00f3n en fr\u00edo, trefilado y estirado de alambre.\",\"breadcrumb\":{\"@id\":\"https:\/\/www.promostar.it\/es\/prodotto\/sistemas-de-desenrollado-de-alambre\/#breadcrumb\"},\"inLanguage\":\"es\",\"potentialAction\":[{\"@type\":\"ReadAction\",\"target\":[\"https:\/\/www.promostar.it\/es\/prodotto\/sistemas-de-desenrollado-de-alambre\/\"]}]},{\"@type\":\"BreadcrumbList\",\"@id\":\"https:\/\/www.promostar.it\/es\/prodotto\/sistemas-de-desenrollado-de-alambre\/#breadcrumb\",\"itemListElement\":[{\"@type\":\"ListItem\",\"position\":1,\"name\":\"Home\",\"item\":\"https:\/\/www.promostar.it\/es\/\"},{\"@type\":\"ListItem\",\"position\":2,\"name\":\"Productos\",\"item\":\"https:\/\/www.promostar.it\/es\/shop\/\"},{\"@type\":\"ListItem\",\"position\":3,\"name\":\"Sistemas de desenrollado de alambre\"}]},{\"@type\":\"WebSite\",\"@id\":\"https:\/\/www.promostar.it\/es\/#website\",\"url\":\"https:\/\/www.promostar.it\/es\/\",\"name\":\"PromoStar S.r.l.\",\"description\":\"Promostar \u00e8 l\u2019azienda leader e la prima ad introdurre il processo di stiratura\",\"publisher\":{\"@id\":\"https:\/\/www.promostar.it\/es\/#organization\"},\"potentialAction\":[{\"@type\":\"SearchAction\",\"target\":{\"@type\":\"EntryPoint\",\"urlTemplate\":\"https:\/\/www.promostar.it\/es\/?s={search_term_string}\"},\"query-input\":\"required name=search_term_string\"}],\"inLanguage\":\"es\"},{\"@type\":\"Organization\",\"@id\":\"https:\/\/www.promostar.it\/es\/#organization\",\"name\":\"Promostar\",\"url\":\"https:\/\/www.promostar.it\/es\/\",\"logo\":{\"@type\":\"ImageObject\",\"inLanguage\":\"es\",\"@id\":\"https:\/\/www.promostar.it\/es\/#\/schema\/logo\/image\/\",\"url\":\"https:\/\/www.promostar.it\/wp-content\/uploads\/2020\/10\/promostar-logo.png\",\"contentUrl\":\"https:\/\/www.promostar.it\/wp-content\/uploads\/2020\/10\/promostar-logo.png\",\"width\":210,\"height\":69,\"caption\":\"Promostar\"},\"image\":{\"@id\":\"https:\/\/www.promostar.it\/es\/#\/schema\/logo\/image\/\"}}]}<\/script>\n<!-- \/ Yoast SEO plugin. -->","yoast_head_json":{"title":"Sistemas de desenrollado de alambre | Promostar","description":"Los sistemas de desenrollado de alambre son dispositivos utilizados para desenrollar el alambr\u00f3n en las m\u00e1quinas de laminaci\u00f3n en fr\u00edo, trefilado y estirado de alambre.","robots":{"index":"index","follow":"follow","max-snippet":"max-snippet:-1","max-image-preview":"max-image-preview:large","max-video-preview":"max-video-preview:-1"},"canonical":"https:\/\/www.promostar.it\/es\/prodotto\/sistemas-de-desenrollado-de-alambre\/","og_locale":"es_ES","og_type":"article","og_title":"Sistemas de desenrollado de alambre | Promostar","og_description":"Los sistemas de desenrollado de alambre son dispositivos utilizados para desenrollar el alambr\u00f3n en las m\u00e1quinas de laminaci\u00f3n en fr\u00edo, trefilado y estirado de alambre.","og_url":"https:\/\/www.promostar.it\/es\/prodotto\/sistemas-de-desenrollado-de-alambre\/","og_site_name":"PromoStar S.r.l.","article_modified_time":"2023-04-26T14:43:53+00:00","og_image":[{"width":1200,"height":1200,"url":"https:\/\/www.promostar.it\/wp-content\/uploads\/2022\/04\/Wire-pay-off-systems-1-transparent.jpg","type":"image\/jpeg"}],"twitter_card":"summary_large_image","schema":{"@context":"https:\/\/schema.org","@graph":[{"@type":"WebPage","@id":"https:\/\/www.promostar.it\/es\/prodotto\/sistemas-de-desenrollado-de-alambre\/","url":"https:\/\/www.promostar.it\/es\/prodotto\/sistemas-de-desenrollado-de-alambre\/","name":"Sistemas de desenrollado de alambre | Promostar","isPartOf":{"@id":"https:\/\/www.promostar.it\/es\/#website"},"datePublished":"2022-04-05T09:09:51+00:00","dateModified":"2023-04-26T14:43:53+00:00","description":"Los sistemas de desenrollado de alambre son dispositivos utilizados para desenrollar el alambr\u00f3n en las m\u00e1quinas de laminaci\u00f3n en fr\u00edo, trefilado y estirado de alambre.","breadcrumb":{"@id":"https:\/\/www.promostar.it\/es\/prodotto\/sistemas-de-desenrollado-de-alambre\/#breadcrumb"},"inLanguage":"es","potentialAction":[{"@type":"ReadAction","target":["https:\/\/www.promostar.it\/es\/prodotto\/sistemas-de-desenrollado-de-alambre\/"]}]},{"@type":"BreadcrumbList","@id":"https:\/\/www.promostar.it\/es\/prodotto\/sistemas-de-desenrollado-de-alambre\/#breadcrumb","itemListElement":[{"@type":"ListItem","position":1,"name":"Home","item":"https:\/\/www.promostar.it\/es\/"},{"@type":"ListItem","position":2,"name":"Productos","item":"https:\/\/www.promostar.it\/es\/shop\/"},{"@type":"ListItem","position":3,"name":"Sistemas de desenrollado de alambre"}]},{"@type":"WebSite","@id":"https:\/\/www.promostar.it\/es\/#website","url":"https:\/\/www.promostar.it\/es\/","name":"PromoStar S.r.l.","description":"Promostar \u00e8 l\u2019azienda leader e la prima ad introdurre il processo di stiratura","publisher":{"@id":"https:\/\/www.promostar.it\/es\/#organization"},"potentialAction":[{"@type":"SearchAction","target":{"@type":"EntryPoint","urlTemplate":"https:\/\/www.promostar.it\/es\/?s={search_term_string}"},"query-input":"required name=search_term_string"}],"inLanguage":"es"},{"@type":"Organization","@id":"https:\/\/www.promostar.it\/es\/#organization","name":"Promostar","url":"https:\/\/www.promostar.it\/es\/","logo":{"@type":"ImageObject","inLanguage":"es","@id":"https:\/\/www.promostar.it\/es\/#\/schema\/logo\/image\/","url":"https:\/\/www.promostar.it\/wp-content\/uploads\/2020\/10\/promostar-logo.png","contentUrl":"https:\/\/www.promostar.it\/wp-content\/uploads\/2020\/10\/promostar-logo.png","width":210,"height":69,"caption":"Promostar"},"image":{"@id":"https:\/\/www.promostar.it\/es\/#\/schema\/logo\/image\/"}}]}},"_links":{"self":[{"href":"https:\/\/www.promostar.it\/es\/wp-json\/wp\/v3\/product\/5707"}],"collection":[{"href":"https:\/\/www.promostar.it\/es\/wp-json\/wp\/v3\/product"}],"about":[{"href":"https:\/\/www.promostar.it\/es\/wp-json\/wp\/v2\/types\/product"}],"wp:featuredmedia":[{"embeddable":true,"href":"https:\/\/www.promostar.it\/es\/wp-json\/wp\/v2\/media\/4196"}],"wp:attachment":[{"href":"https:\/\/www.promostar.it\/es\/wp-json\/wp\/v2\/media?parent=5707"}],"wp:term":[{"taxonomy":"product_cat","embeddable":true,"href":"https:\/\/www.promostar.it\/es\/wp-json\/wp\/v2\/product_cat?post=5707"},{"taxonomy":"product_tag","embeddable":true,"href":"https:\/\/www.promostar.it\/es\/wp-json\/wp\/v2\/product_tag?post=5707"}],"curies":[{"name":"wp","href":"https:\/\/api.w.org\/{rel}","templated":true}]}}