{"id":5705,"date":"2022-04-15T09:50:52","date_gmt":"2022-04-15T07:50:52","guid":{"rendered":"https:\/\/www.promostar.it\/prodotto\/sistema-automatico-de-flejado-etiquetado-y-pesaje-de-bobinas\/"},"modified":"2023-04-26T15:51:23","modified_gmt":"2023-04-26T13:51:23","slug":"sistema-automatico-de-flejado-etiquetado-y-pesaje-de-bobinas","status":"publish","type":"product","link":"https:\/\/www.promostar.it\/es\/prodotto\/sistema-automatico-de-flejado-etiquetado-y-pesaje-de-bobinas\/","title":{"rendered":"Sistema autom\u00e1tico de flejado, etiquetado y pesaje de bobinas"},"content":{"rendered":"<p>[et_pb_section fb_built=\u00bb1&#8243; _builder_version=\u00bb4.17.0&#8243; _module_preset=\u00bbdefault\u00bb global_colors_info=\u00bb{}\u00bb][\/et_pb_section]<\/p>\n","protected":false},"excerpt":{"rendered":"<p>El <strong>sistema autom\u00e1tico de flejado, etiquetado y pesaje de bobinas<\/strong> se utiliza para obtener bobinas flejadas autom\u00e1ticamente en la bobinadora autom\u00e1tica, mediante un cabezal de flejado neum\u00e1tico, celdas de pesaje de cargas y dispositivo de impresi\u00f3n.<\/p>\n<p>El <strong>Sistema autom\u00e1tico de flejado, etiquetado y pesaje de bobinas<\/strong> se realiza despu\u00e9s de la etapa de bobinado directamente en la plataforma giratoria de la bobinadora (o, como alternativa, en una estaci\u00f3n espec\u00edfica cercana): una vez que la bobina plegable ha sido levantada y orientada correctamente por el contrapunto, la flejadora se aproxima e inserta el fleje met\u00e1lico cada 90 grados, recoge cualquier holgura del fleje y engarza los flejes entre s\u00ed.<\/p>\n<p>El n\u00famero de flejes presentes en cada posici\u00f3n es totalmente programable (<strong>se permite el flejado doble<\/strong>)<br \/>\nLa flejadora es una m\u00e1quina totalmente autom\u00e1tica que incluye un dispensador de fleje de alta capacidad para minimizar la frecuencia de carga de material de flejado mejorando el rendimiento de toda la l\u00ednea de laminaci\u00f3n en fr\u00edo o estirado.<\/p>\n","protected":false},"featured_media":4139,"template":"","meta":{"_et_pb_use_builder":"on","_et_pb_old_content":"El <strong>sistema autom\u00e1tico de flejado, etiquetado y pesaje de bobinas<\/strong> se utiliza para obtener bobinas flejadas autom\u00e1ticamente en la bobinadora autom\u00e1tica, mediante un cabezal de flejado neum\u00e1tico, celdas de pesaje de cargas y dispositivo de impresi\u00f3n.\n\nEl <strong>Sistema autom\u00e1tico de flejado, etiquetado y pesaje de bobinas<\/strong> se realiza despu\u00e9s de la etapa de bobinado directamente en la plataforma giratoria de la bobinadora (o, como alternativa, en una estaci\u00f3n espec\u00edfica cercana): una vez que la bobina plegable ha sido levantada y orientada correctamente por el contrapunto, la flejadora se aproxima e inserta el fleje met\u00e1lico cada 90 grados, recoge cualquier holgura del fleje y engarza los flejes entre s\u00ed.\n\nEl n\u00famero de flejes presentes en cada posici\u00f3n es totalmente programable (<strong>se permite el flejado doble<\/strong>)\nLa flejadora es una m\u00e1quina totalmente autom\u00e1tica que incluye un dispensador de fleje de alta capacidad para minimizar la frecuencia de carga de material de flejado mejorando el rendimiento de toda la l\u00ednea de laminaci\u00f3n en fr\u00edo o estirado.\n\nLa <strong>inserci\u00f3n autom\u00e1tica de etiquetas<\/strong> en material pl\u00e1stico especial, se realiza posicionando estas etiquetas dentro de la flejadora mientras que el dispositivo de etiquetado est\u00e1 equipado con una unidad de impresi\u00f3n que imprime la etiqueta con los datos espec\u00edficos de cada bobina. La etiqueta se fija \u00edntegramente a la bobina a trav\u00e9s del fleje, que se ata por las ranuras correspondientes. Si es necesario, es posible imprimir y tambi\u00e9n insertar m\u00faltiples copias de la misma etiqueta para cada bobina, hasta un m\u00e1ximo de 4 copias.\n\nLa unidad de impresi\u00f3n de la etiqueta es totalmente programable para imprimir toda la informaci\u00f3n necesaria (logotipo, el n\u00famero de fundici\u00f3n, la calidad del acero, el di\u00e1metro del alambre, el peso de la bobina, la fecha, el n\u00famero de serie, un c\u00f3digo de barras, etc.).\n\nEl <strong>pesaje de las bobinas<\/strong> se realiza en el contrapunto giratorio de la bobinadora, donde unas celdas de carga detectan autom\u00e1ticamente el peso real y proporcionan la generaci\u00f3n de una se\u00f1al enviada a la impresora y al PLC para el posterior almacenamiento del peso en los archivos de datos de producci\u00f3n.\n\n<strong>Este sistema ya est\u00e1 previsto para ser validado por una autoridad de certificaci\u00f3n<\/strong>.","_et_gb_content_width":""},"product_cat":[179],"product_tag":[98,107,110,119,133,138],"yoast_head":"<!-- This site is optimized with the Yoast SEO plugin v20.5 - https:\/\/yoast.com\/wordpress\/plugins\/seo\/ -->\n<title>Sistema autom\u00e1tico de flejado, etiquetado y pesaje de bobinas | Promostar<\/title>\n<meta name=\"description\" content=\"El sistema autom\u00e1tico de flejado, etiquetado y pesaje de bobinas se utiliza para obtener bobinas flejadas autom\u00e1ticamente en la bobinadora autom\u00e1tica\" \/>\n<meta name=\"robots\" content=\"index, follow, max-snippet:-1, max-image-preview:large, max-video-preview:-1\" \/>\n<link rel=\"canonical\" href=\"https:\/\/www.promostar.it\/es\/prodotto\/sistema-automatico-de-flejado-etiquetado-y-pesaje-de-bobinas\/\" \/>\n<meta property=\"og:locale\" content=\"es_ES\" \/>\n<meta property=\"og:type\" content=\"article\" \/>\n<meta property=\"og:title\" content=\"Sistema autom\u00e1tico de flejado, etiquetado y pesaje de bobinas | Promostar\" \/>\n<meta property=\"og:description\" content=\"El sistema autom\u00e1tico de flejado, etiquetado y pesaje de bobinas se utiliza para obtener bobinas flejadas autom\u00e1ticamente en la bobinadora autom\u00e1tica\" \/>\n<meta property=\"og:url\" content=\"https:\/\/www.promostar.it\/es\/prodotto\/sistema-automatico-de-flejado-etiquetado-y-pesaje-de-bobinas\/\" \/>\n<meta property=\"og:site_name\" content=\"PromoStar S.r.l.\" \/>\n<meta property=\"article:modified_time\" content=\"2023-04-26T13:51:23+00:00\" \/>\n<meta property=\"og:image\" content=\"https:\/\/www.promostar.it\/wp-content\/uploads\/2022\/04\/Automatic-Strapping-1-transparent.jpg\" \/>\n\t<meta property=\"og:image:width\" content=\"1200\" \/>\n\t<meta property=\"og:image:height\" content=\"1200\" \/>\n\t<meta property=\"og:image:type\" content=\"image\/jpeg\" \/>\n<meta name=\"twitter:card\" content=\"summary_large_image\" \/>\n<script type=\"application\/ld+json\" class=\"yoast-schema-graph\">{\"@context\":\"https:\/\/schema.org\",\"@graph\":[{\"@type\":\"WebPage\",\"@id\":\"https:\/\/www.promostar.it\/es\/prodotto\/sistema-automatico-de-flejado-etiquetado-y-pesaje-de-bobinas\/\",\"url\":\"https:\/\/www.promostar.it\/es\/prodotto\/sistema-automatico-de-flejado-etiquetado-y-pesaje-de-bobinas\/\",\"name\":\"Sistema autom\u00e1tico de flejado, etiquetado y pesaje de bobinas | Promostar\",\"isPartOf\":{\"@id\":\"https:\/\/www.promostar.it\/es\/#website\"},\"datePublished\":\"2022-04-15T07:50:52+00:00\",\"dateModified\":\"2023-04-26T13:51:23+00:00\",\"description\":\"El sistema autom\u00e1tico de flejado, etiquetado y pesaje de bobinas se utiliza para obtener bobinas flejadas autom\u00e1ticamente en la bobinadora autom\u00e1tica\",\"breadcrumb\":{\"@id\":\"https:\/\/www.promostar.it\/es\/prodotto\/sistema-automatico-de-flejado-etiquetado-y-pesaje-de-bobinas\/#breadcrumb\"},\"inLanguage\":\"es\",\"potentialAction\":[{\"@type\":\"ReadAction\",\"target\":[\"https:\/\/www.promostar.it\/es\/prodotto\/sistema-automatico-de-flejado-etiquetado-y-pesaje-de-bobinas\/\"]}]},{\"@type\":\"BreadcrumbList\",\"@id\":\"https:\/\/www.promostar.it\/es\/prodotto\/sistema-automatico-de-flejado-etiquetado-y-pesaje-de-bobinas\/#breadcrumb\",\"itemListElement\":[{\"@type\":\"ListItem\",\"position\":1,\"name\":\"Home\",\"item\":\"https:\/\/www.promostar.it\/es\/\"},{\"@type\":\"ListItem\",\"position\":2,\"name\":\"Productos\",\"item\":\"https:\/\/www.promostar.it\/es\/shop\/\"},{\"@type\":\"ListItem\",\"position\":3,\"name\":\"Sistema autom\u00e1tico de flejado, etiquetado y pesaje de bobinas\"}]},{\"@type\":\"WebSite\",\"@id\":\"https:\/\/www.promostar.it\/es\/#website\",\"url\":\"https:\/\/www.promostar.it\/es\/\",\"name\":\"PromoStar S.r.l.\",\"description\":\"Promostar \u00e8 l\u2019azienda leader e la prima ad introdurre il processo di stiratura\",\"publisher\":{\"@id\":\"https:\/\/www.promostar.it\/es\/#organization\"},\"potentialAction\":[{\"@type\":\"SearchAction\",\"target\":{\"@type\":\"EntryPoint\",\"urlTemplate\":\"https:\/\/www.promostar.it\/es\/?s={search_term_string}\"},\"query-input\":\"required name=search_term_string\"}],\"inLanguage\":\"es\"},{\"@type\":\"Organization\",\"@id\":\"https:\/\/www.promostar.it\/es\/#organization\",\"name\":\"Promostar\",\"url\":\"https:\/\/www.promostar.it\/es\/\",\"logo\":{\"@type\":\"ImageObject\",\"inLanguage\":\"es\",\"@id\":\"https:\/\/www.promostar.it\/es\/#\/schema\/logo\/image\/\",\"url\":\"https:\/\/www.promostar.it\/wp-content\/uploads\/2020\/10\/promostar-logo.png\",\"contentUrl\":\"https:\/\/www.promostar.it\/wp-content\/uploads\/2020\/10\/promostar-logo.png\",\"width\":210,\"height\":69,\"caption\":\"Promostar\"},\"image\":{\"@id\":\"https:\/\/www.promostar.it\/es\/#\/schema\/logo\/image\/\"}}]}<\/script>\n<!-- \/ Yoast SEO plugin. -->","yoast_head_json":{"title":"Sistema autom\u00e1tico de flejado, etiquetado y pesaje de bobinas | Promostar","description":"El sistema autom\u00e1tico de flejado, etiquetado y pesaje de bobinas se utiliza para obtener bobinas flejadas autom\u00e1ticamente en la bobinadora autom\u00e1tica","robots":{"index":"index","follow":"follow","max-snippet":"max-snippet:-1","max-image-preview":"max-image-preview:large","max-video-preview":"max-video-preview:-1"},"canonical":"https:\/\/www.promostar.it\/es\/prodotto\/sistema-automatico-de-flejado-etiquetado-y-pesaje-de-bobinas\/","og_locale":"es_ES","og_type":"article","og_title":"Sistema autom\u00e1tico de flejado, etiquetado y pesaje de bobinas | Promostar","og_description":"El sistema autom\u00e1tico de flejado, etiquetado y pesaje de bobinas se utiliza para obtener bobinas flejadas autom\u00e1ticamente en la bobinadora autom\u00e1tica","og_url":"https:\/\/www.promostar.it\/es\/prodotto\/sistema-automatico-de-flejado-etiquetado-y-pesaje-de-bobinas\/","og_site_name":"PromoStar S.r.l.","article_modified_time":"2023-04-26T13:51:23+00:00","og_image":[{"width":1200,"height":1200,"url":"https:\/\/www.promostar.it\/wp-content\/uploads\/2022\/04\/Automatic-Strapping-1-transparent.jpg","type":"image\/jpeg"}],"twitter_card":"summary_large_image","schema":{"@context":"https:\/\/schema.org","@graph":[{"@type":"WebPage","@id":"https:\/\/www.promostar.it\/es\/prodotto\/sistema-automatico-de-flejado-etiquetado-y-pesaje-de-bobinas\/","url":"https:\/\/www.promostar.it\/es\/prodotto\/sistema-automatico-de-flejado-etiquetado-y-pesaje-de-bobinas\/","name":"Sistema autom\u00e1tico de flejado, etiquetado y pesaje de bobinas | Promostar","isPartOf":{"@id":"https:\/\/www.promostar.it\/es\/#website"},"datePublished":"2022-04-15T07:50:52+00:00","dateModified":"2023-04-26T13:51:23+00:00","description":"El sistema autom\u00e1tico de flejado, etiquetado y pesaje de bobinas se utiliza para obtener bobinas flejadas autom\u00e1ticamente en la bobinadora autom\u00e1tica","breadcrumb":{"@id":"https:\/\/www.promostar.it\/es\/prodotto\/sistema-automatico-de-flejado-etiquetado-y-pesaje-de-bobinas\/#breadcrumb"},"inLanguage":"es","potentialAction":[{"@type":"ReadAction","target":["https:\/\/www.promostar.it\/es\/prodotto\/sistema-automatico-de-flejado-etiquetado-y-pesaje-de-bobinas\/"]}]},{"@type":"BreadcrumbList","@id":"https:\/\/www.promostar.it\/es\/prodotto\/sistema-automatico-de-flejado-etiquetado-y-pesaje-de-bobinas\/#breadcrumb","itemListElement":[{"@type":"ListItem","position":1,"name":"Home","item":"https:\/\/www.promostar.it\/es\/"},{"@type":"ListItem","position":2,"name":"Productos","item":"https:\/\/www.promostar.it\/es\/shop\/"},{"@type":"ListItem","position":3,"name":"Sistema autom\u00e1tico de flejado, etiquetado y pesaje de bobinas"}]},{"@type":"WebSite","@id":"https:\/\/www.promostar.it\/es\/#website","url":"https:\/\/www.promostar.it\/es\/","name":"PromoStar S.r.l.","description":"Promostar \u00e8 l\u2019azienda leader e la prima ad introdurre il processo di stiratura","publisher":{"@id":"https:\/\/www.promostar.it\/es\/#organization"},"potentialAction":[{"@type":"SearchAction","target":{"@type":"EntryPoint","urlTemplate":"https:\/\/www.promostar.it\/es\/?s={search_term_string}"},"query-input":"required name=search_term_string"}],"inLanguage":"es"},{"@type":"Organization","@id":"https:\/\/www.promostar.it\/es\/#organization","name":"Promostar","url":"https:\/\/www.promostar.it\/es\/","logo":{"@type":"ImageObject","inLanguage":"es","@id":"https:\/\/www.promostar.it\/es\/#\/schema\/logo\/image\/","url":"https:\/\/www.promostar.it\/wp-content\/uploads\/2020\/10\/promostar-logo.png","contentUrl":"https:\/\/www.promostar.it\/wp-content\/uploads\/2020\/10\/promostar-logo.png","width":210,"height":69,"caption":"Promostar"},"image":{"@id":"https:\/\/www.promostar.it\/es\/#\/schema\/logo\/image\/"}}]}},"_links":{"self":[{"href":"https:\/\/www.promostar.it\/es\/wp-json\/wp\/v3\/product\/5705"}],"collection":[{"href":"https:\/\/www.promostar.it\/es\/wp-json\/wp\/v3\/product"}],"about":[{"href":"https:\/\/www.promostar.it\/es\/wp-json\/wp\/v2\/types\/product"}],"wp:featuredmedia":[{"embeddable":true,"href":"https:\/\/www.promostar.it\/es\/wp-json\/wp\/v2\/media\/4139"}],"wp:attachment":[{"href":"https:\/\/www.promostar.it\/es\/wp-json\/wp\/v2\/media?parent=5705"}],"wp:term":[{"taxonomy":"product_cat","embeddable":true,"href":"https:\/\/www.promostar.it\/es\/wp-json\/wp\/v2\/product_cat?post=5705"},{"taxonomy":"product_tag","embeddable":true,"href":"https:\/\/www.promostar.it\/es\/wp-json\/wp\/v2\/product_tag?post=5705"}],"curies":[{"name":"wp","href":"https:\/\/api.w.org\/{rel}","templated":true}]}}