{"id":6106,"date":"2021-03-03T11:41:56","date_gmt":"2021-03-03T10:41:56","guid":{"rendered":"https:\/\/www.promostar.it\/prodotto\/kaltwalz-und-richtlinie-geministar\/"},"modified":"2023-05-09T17:01:12","modified_gmt":"2023-05-09T15:01:12","slug":"kaltwalz-und-richtlinie-geministar","status":"publish","type":"product","link":"https:\/\/www.promostar.it\/de\/prodotto\/kaltwalz-und-richtlinie-geministar\/","title":{"rendered":"Kaltwalz- und Richtlinie Geministar"},"content":{"rendered":"<p>[et_pb_section fb_built=&#8220;1&#8243; _builder_version=&#8220;4.17.0&#8243; _module_preset=&#8220;default&#8220; global_colors_info=&#8220;{}&#8220;][\/et_pb_section]<\/p>\n","protected":false},"excerpt":{"rendered":"<p><strong>Die Kaltwalz- und Richtlinie Geministar<\/strong> ist die perfekte Anlage zur <strong>Herstellung von Stangen aus kaltgewalztem geripptem oder gekerbtem Stahldraht<\/strong>, die in Produkten wie geschwei\u00dften Bewehrungsmatten, B\u00fcgeln, K\u00f6rben und Gittertr\u00e4gern f\u00fcr den Hoch- und Industriebau, die Fundament- und Fertigteilindustrie verwendet werden.<\/p>\n<p><strong>Kaltwalz- und Richtlinie Geministar kombiniert den Kaltwalzprozess des Walzdrahts mit dem Drahtrichten und Schneiden<\/strong> der kaltgewalzten verst\u00e4rkten Drahtst\u00e4be auf die gew\u00fcnschte L\u00e4nge.<\/p>\n<p>Die Form und die Konstruktionsdetails der Linie erm\u00f6glichen die Herstellung hochwertiger kaltgewalzter Stahlstangen mit ausgezeichneter Geradheit und geometrischen Eigenschaften des gerippten Profils. Das Endprodukt <strong>kann jede Art von Schwei\u00dfmaschine f\u00fcr Bewehrungsgitter oder Schneid- und Biegeger\u00e4te speisen.<\/strong><\/p>\n<p>Im Vergleich zu herk\u00f6mmlichen Richtmaschinen hat dieses kombinierte System der Stabherstellung den Vorteil, dass eine <strong>hohe Produktionsgeschwindigkeit mit einer bemerkenswerten Reduzierung der Handhabungsvorg\u00e4nge<\/strong> des Rohmaterials erreicht wird (der Walzdraht wird in einer einzigen Linie zu B\u00fcndeln aus gerippten oder profilierten Betondrahtst\u00e4ben verarbeitet, mit einer offensichtlichen Optimierung der unternehmensinternen Logistik).<\/p>\n","protected":false},"featured_media":3766,"template":"","meta":{"_et_pb_use_builder":"on","_et_pb_old_content":"<strong>Die Kaltwalz- und Richtlinie Geministar<\/strong> ist die perfekte Anlage zur <strong>Herstellung von Stangen aus kaltgewalztem geripptem oder gekerbtem Stahldraht<\/strong>, die in Produkten wie geschwei\u00dften Bewehrungsmatten, B\u00fcgeln, K\u00f6rben und Gittertr\u00e4gern f\u00fcr den Hoch- und Industriebau, die Fundament- und Fertigteilindustrie verwendet werden.\n\n<strong>Kaltwalz- und Richtlinie Geministar kombiniert den Kaltwalzprozess des Walzdrahts mit dem Drahtrichten und Schneiden<\/strong> der kaltgewalzten verst\u00e4rkten Drahtst\u00e4be auf die gew\u00fcnschte L\u00e4nge.\n\nDie Form und die Konstruktionsdetails der Linie erm\u00f6glichen die Herstellung hochwertiger kaltgewalzter Stahlstangen mit ausgezeichneter Geradheit und geometrischen Eigenschaften des gerippten Profils. Das Endprodukt <strong>kann jede Art von Schwei\u00dfmaschine f\u00fcr Bewehrungsgitter oder Schneid- und Biegeger\u00e4te speisen.<\/strong>\n\nIm Vergleich zu herk\u00f6mmlichen Richtmaschinen hat dieses kombinierte System der Stabherstellung den Vorteil, dass eine <strong>hohe Produktionsgeschwindigkeit mit einer bemerkenswerten Reduzierung der Handhabungsvorg\u00e4nge<\/strong> des Rohmaterials erreicht wird (der Walzdraht wird in einer einzigen Linie zu B\u00fcndeln aus gerippten oder profilierten Betondrahtst\u00e4ben verarbeitet, mit einer offensichtlichen Optimierung der unternehmensinternen Logistik).\n\nDas Herzst\u00fcck der Maschine ist der Geministar-K\u00f6rper. Das Herzst\u00fcck der Maschine ist der Geministar-K\u00f6rper. Im Inneren befindet sich die Ziehscheibe mit horizontaler Achse, die mit Drahtziehrollen ausgestattet ist, die in der Lage sind, kaltgewalzte Stahlstangen mit einem Durchmesserbereich von \u00d84 bis \u00d818 mm und einer L\u00e4nge von bis zu 12 Metern herzustellen.\n\nDer Walzdraht, der von der <span style=\"text-decoration: underline\"><a href=\"https:\/\/www.promostar.it\/prodotto\/pulling-bull-blocks\/\">Hochleistungsziehscheibe <\/a><\/span>gezogen und von der SPS der neuesten Generation angetrieben wird, wird durch die <a href=\"https:\/\/www.promostar.it\/prodotto\/rolling-cassettes\/\"><span style=\"text-decoration: underline\">Walzkassetten<\/span><\/a>zu installieren) kaltgewalzt, die den Durchmesser auf die gew\u00fcnschte Gr\u00f6\u00dfe reduzieren und so die mechanische Eigenschaften verbessern und die positiven Riffelung oder die negativen Vertiefung beim Draht ausf\u00fchren.\n\nDie Maschine kann auch mit <strong><span style=\"text-decoration: underline\">Ziehplatten<\/span><\/strong> (anstelle von Walzenkassetten) ausgestattet werden, um gestreckten Draht ausgehend von Bewehrungsst\u00e4ben auf Spulen herzustellen.\n\nDanach erm\u00f6glicht ein System, das aus voll einstellbaren Hochgeschwindigkeits-Richtplatten besteht, den Draht zu richten, der von einem motorisierten Zugsystem gezogen wird (das einen Gegenzug hinter der Rolle erzeugt), und erm\u00f6glicht es, die St\u00e4be zur <span style=\"text-decoration: underline\"><strong>kontinuierlichen fliegenden Schere<\/strong><\/span> zum Schneiden der Stangen auf die eingestellte L\u00e4nge zu f\u00f6rdern.\n\nSchlie\u00dflich werden die St\u00e4be im Drahtsammler gesammelt, der die Erstellung von Teilunterb\u00fcndeln und die Erstellung von perfekt und automatisch von der Maschine ausgerichteten Stabb\u00fcndeln erm\u00f6glicht. In der High-Level-Version k\u00f6nnen alle Maschinen mit einer Bindevorrichtung f\u00fcr die automatische Bildung der Teilb\u00fcndel und Hauptb\u00fcndel ausgestattet werden.\n\nAlle Elektro-, Hydraulik- und Schmiersysteme sind bequem in der Maschine angeordnet, um die Wartung der Anlage zu vereinfachen.\n\nAm Anfang der Maschine wird ein Ablaufsystem (mit einem <span style=\"text-decoration: underline\"><a href=\"https:\/\/www.promostar.it\/prodotto\/wire-pay-off-systems\/\">vertikalen Ablaufturm<\/a><\/span> mit zwei <span style=\"text-decoration: underline\"><strong>Kippfingern<\/strong><\/span> oder mit einem <span style=\"text-decoration: underline\"><a href=\"https:\/\/www.promostar.it\/prodotto\/wire-pay-off-systems\/\">horizontalen Ablaufbalken<\/a><\/span>, je nach Drahtgr\u00f6\u00dfe) verwendet, um die Maschine mit dem im Hei\u00dfwalzverfahren hergestellten glatten Draht zu beschicken.\n\nAndere Ger\u00e4te, wie <a href=\"https:\/\/www.promostar.it\/prodotto\/descalers\/\"><span style=\"text-decoration: underline\">mechanischer Entzunderer<\/span><\/a> oder <a href=\"https:\/\/www.promostar.it\/prodotto\/wire-lubricant-machines\/\"><span style=\"text-decoration: underline\">Schmierung f\u00fcr Drahtziehmaschine<\/span><\/a>, sind enthalten.\n\nDar\u00fcber hinaus erm\u00f6glicht die hohe Flexibilit\u00e4t der Geministar, die Linie auch mit einer <span style=\"text-decoration: underline\"><a href=\"https:\/\/www.promostar.it\/prodotto\/vegastar-copia\/\">Drahtspule<\/a><\/span> zu kombinieren, um <span style=\"text-decoration: underline\"><a href=\"https:\/\/www.promostar.it\/prodotto\/electrical-mechanical-revamping-and-refurbishment\/\">feste<\/a><\/span> oder <span style=\"text-decoration: underline\"><a href=\"https:\/\/www.promostar.it\/prodotto\/collapsible-spools-take-a-part-reels\/\">zusammenklappbare<\/a><\/span> Spulen herzustellen (die auch zu einem sp\u00e4teren Zeitpunkt hinzugef\u00fcgt werden kann, wodurch die Anschaffungskosten gesenkt werden). Das bedeutet, dass Sie mit derselben Maschine die Produktion von Stangen auf fixe oder zusammenklappbare Rollen umstellen k\u00f6nnen.\n\nIm h\u00f6chsten Automatisierungsgrad unserer Anlagen kann die oben genannte Anlage mit einem <a href=\"https:\/\/www.promostar.it\/prodotto\/vertical-automatic-spooler-machine\/\"><span style=\"text-decoration: underline\">automatischen vertikalen Drahtspuler<\/span><\/a> ausgestattet werden, der alle Arbeitsg\u00e4nge wie Einlegen des Drahtes, Schneiden, Wechseln der Spulen, Probenentnahme, Umreifung, Etikettierung und Wiegen der Sp\u00fclen ausf\u00fchrt, ohne dass das Eingreifen des Bedieners erforderlich ist.","_et_gb_content_width":""},"product_cat":[181,187],"product_tag":[],"yoast_head":"<!-- This site is optimized with the Yoast SEO plugin v20.5 - https:\/\/yoast.com\/wordpress\/plugins\/seo\/ -->\n<title>Kaltwalz- und Richtlinie Geministar | Promostar<\/title>\n<meta name=\"description\" content=\"Die Kaltwalz- und Richtlinie Geministar ist die perfekte Anlage zur Herstellung von Stangen aus kaltgewalztem geripptem oder gekerbtem Stahldraht, die in Produkten wie geschwei\u00dften Bewehrungsmatten, B\u00fcgeln, K\u00f6rben und Gittertr\u00e4gern f\u00fcr den Hoch- und Industriebau, die Fundament- und Fertigteilindustrie verwendet werden.\" \/>\n<meta name=\"robots\" content=\"index, follow, max-snippet:-1, max-image-preview:large, max-video-preview:-1\" \/>\n<link rel=\"canonical\" href=\"https:\/\/www.promostar.it\/de\/prodotto\/kaltwalz-und-richtlinie-geministar\/\" \/>\n<meta property=\"og:locale\" content=\"de_DE\" \/>\n<meta property=\"og:type\" content=\"article\" \/>\n<meta property=\"og:title\" content=\"Kaltwalz- und Richtlinie Geministar | Promostar\" \/>\n<meta property=\"og:description\" content=\"Die Kaltwalz- und Richtlinie Geministar ist die perfekte Anlage zur Herstellung von Stangen aus kaltgewalztem geripptem oder gekerbtem Stahldraht, die in Produkten wie geschwei\u00dften Bewehrungsmatten, B\u00fcgeln, K\u00f6rben und Gittertr\u00e4gern f\u00fcr den Hoch- und Industriebau, die Fundament- und Fertigteilindustrie verwendet werden.\" \/>\n<meta property=\"og:url\" content=\"https:\/\/www.promostar.it\/de\/prodotto\/kaltwalz-und-richtlinie-geministar\/\" \/>\n<meta property=\"og:site_name\" content=\"PromoStar S.r.l.\" \/>\n<meta property=\"article:modified_time\" content=\"2023-05-09T15:01:12+00:00\" \/>\n<meta property=\"og:image\" content=\"https:\/\/www.promostar.it\/wp-content\/uploads\/2021\/03\/geministar.jpg\" \/>\n\t<meta property=\"og:image:width\" content=\"800\" \/>\n\t<meta property=\"og:image:height\" content=\"800\" \/>\n\t<meta property=\"og:image:type\" content=\"image\/jpeg\" \/>\n<meta name=\"twitter:card\" content=\"summary_large_image\" \/>\n<script type=\"application\/ld+json\" class=\"yoast-schema-graph\">{\"@context\":\"https:\/\/schema.org\",\"@graph\":[{\"@type\":\"WebPage\",\"@id\":\"https:\/\/www.promostar.it\/de\/prodotto\/kaltwalz-und-richtlinie-geministar\/\",\"url\":\"https:\/\/www.promostar.it\/de\/prodotto\/kaltwalz-und-richtlinie-geministar\/\",\"name\":\"Kaltwalz- und Richtlinie Geministar | Promostar\",\"isPartOf\":{\"@id\":\"https:\/\/www.promostar.it\/de\/#website\"},\"datePublished\":\"2021-03-03T10:41:56+00:00\",\"dateModified\":\"2023-05-09T15:01:12+00:00\",\"description\":\"Die Kaltwalz- und Richtlinie Geministar ist die perfekte Anlage zur Herstellung von Stangen aus kaltgewalztem geripptem oder gekerbtem Stahldraht, die in Produkten wie geschwei\u00dften Bewehrungsmatten, B\u00fcgeln, K\u00f6rben und Gittertr\u00e4gern f\u00fcr den Hoch- und Industriebau, die Fundament- und Fertigteilindustrie verwendet werden.\",\"breadcrumb\":{\"@id\":\"https:\/\/www.promostar.it\/de\/prodotto\/kaltwalz-und-richtlinie-geministar\/#breadcrumb\"},\"inLanguage\":\"de-DE\",\"potentialAction\":[{\"@type\":\"ReadAction\",\"target\":[\"https:\/\/www.promostar.it\/de\/prodotto\/kaltwalz-und-richtlinie-geministar\/\"]}]},{\"@type\":\"BreadcrumbList\",\"@id\":\"https:\/\/www.promostar.it\/de\/prodotto\/kaltwalz-und-richtlinie-geministar\/#breadcrumb\",\"itemListElement\":[{\"@type\":\"ListItem\",\"position\":1,\"name\":\"Home\",\"item\":\"https:\/\/www.promostar.it\/de\/home-2\/\"},{\"@type\":\"ListItem\",\"position\":2,\"name\":\"Produkte\",\"item\":\"https:\/\/www.promostar.it\/de\/shop\/\"},{\"@type\":\"ListItem\",\"position\":3,\"name\":\"Kaltwalz- und Richtlinie Geministar\"}]},{\"@type\":\"WebSite\",\"@id\":\"https:\/\/www.promostar.it\/de\/#website\",\"url\":\"https:\/\/www.promostar.it\/de\/\",\"name\":\"PromoStar S.r.l.\",\"description\":\"Promostar \u00e8 l\u2019azienda leader e la prima ad introdurre il processo di stiratura\",\"publisher\":{\"@id\":\"https:\/\/www.promostar.it\/de\/#organization\"},\"potentialAction\":[{\"@type\":\"SearchAction\",\"target\":{\"@type\":\"EntryPoint\",\"urlTemplate\":\"https:\/\/www.promostar.it\/de\/?s={search_term_string}\"},\"query-input\":\"required name=search_term_string\"}],\"inLanguage\":\"de-DE\"},{\"@type\":\"Organization\",\"@id\":\"https:\/\/www.promostar.it\/de\/#organization\",\"name\":\"Promostar\",\"url\":\"https:\/\/www.promostar.it\/de\/\",\"logo\":{\"@type\":\"ImageObject\",\"inLanguage\":\"de-DE\",\"@id\":\"https:\/\/www.promostar.it\/de\/#\/schema\/logo\/image\/\",\"url\":\"https:\/\/www.promostar.it\/wp-content\/uploads\/2020\/10\/promostar-logo.png\",\"contentUrl\":\"https:\/\/www.promostar.it\/wp-content\/uploads\/2020\/10\/promostar-logo.png\",\"width\":210,\"height\":69,\"caption\":\"Promostar\"},\"image\":{\"@id\":\"https:\/\/www.promostar.it\/de\/#\/schema\/logo\/image\/\"}}]}<\/script>\n<!-- \/ Yoast SEO plugin. -->","yoast_head_json":{"title":"Kaltwalz- und Richtlinie Geministar | Promostar","description":"Die Kaltwalz- und Richtlinie Geministar ist die perfekte Anlage zur Herstellung von Stangen aus kaltgewalztem geripptem oder gekerbtem Stahldraht, die in Produkten wie geschwei\u00dften Bewehrungsmatten, B\u00fcgeln, K\u00f6rben und Gittertr\u00e4gern f\u00fcr den Hoch- und Industriebau, die Fundament- und Fertigteilindustrie verwendet werden.","robots":{"index":"index","follow":"follow","max-snippet":"max-snippet:-1","max-image-preview":"max-image-preview:large","max-video-preview":"max-video-preview:-1"},"canonical":"https:\/\/www.promostar.it\/de\/prodotto\/kaltwalz-und-richtlinie-geministar\/","og_locale":"de_DE","og_type":"article","og_title":"Kaltwalz- und Richtlinie Geministar | Promostar","og_description":"Die Kaltwalz- und Richtlinie Geministar ist die perfekte Anlage zur Herstellung von Stangen aus kaltgewalztem geripptem oder gekerbtem Stahldraht, die in Produkten wie geschwei\u00dften Bewehrungsmatten, B\u00fcgeln, K\u00f6rben und Gittertr\u00e4gern f\u00fcr den Hoch- und Industriebau, die Fundament- und Fertigteilindustrie verwendet werden.","og_url":"https:\/\/www.promostar.it\/de\/prodotto\/kaltwalz-und-richtlinie-geministar\/","og_site_name":"PromoStar S.r.l.","article_modified_time":"2023-05-09T15:01:12+00:00","og_image":[{"width":800,"height":800,"url":"https:\/\/www.promostar.it\/wp-content\/uploads\/2021\/03\/geministar.jpg","type":"image\/jpeg"}],"twitter_card":"summary_large_image","schema":{"@context":"https:\/\/schema.org","@graph":[{"@type":"WebPage","@id":"https:\/\/www.promostar.it\/de\/prodotto\/kaltwalz-und-richtlinie-geministar\/","url":"https:\/\/www.promostar.it\/de\/prodotto\/kaltwalz-und-richtlinie-geministar\/","name":"Kaltwalz- und Richtlinie Geministar | Promostar","isPartOf":{"@id":"https:\/\/www.promostar.it\/de\/#website"},"datePublished":"2021-03-03T10:41:56+00:00","dateModified":"2023-05-09T15:01:12+00:00","description":"Die Kaltwalz- und Richtlinie Geministar ist die perfekte Anlage zur Herstellung von Stangen aus kaltgewalztem geripptem oder gekerbtem Stahldraht, die in Produkten wie geschwei\u00dften Bewehrungsmatten, B\u00fcgeln, K\u00f6rben und Gittertr\u00e4gern f\u00fcr den Hoch- und Industriebau, die Fundament- und Fertigteilindustrie verwendet werden.","breadcrumb":{"@id":"https:\/\/www.promostar.it\/de\/prodotto\/kaltwalz-und-richtlinie-geministar\/#breadcrumb"},"inLanguage":"de-DE","potentialAction":[{"@type":"ReadAction","target":["https:\/\/www.promostar.it\/de\/prodotto\/kaltwalz-und-richtlinie-geministar\/"]}]},{"@type":"BreadcrumbList","@id":"https:\/\/www.promostar.it\/de\/prodotto\/kaltwalz-und-richtlinie-geministar\/#breadcrumb","itemListElement":[{"@type":"ListItem","position":1,"name":"Home","item":"https:\/\/www.promostar.it\/de\/home-2\/"},{"@type":"ListItem","position":2,"name":"Produkte","item":"https:\/\/www.promostar.it\/de\/shop\/"},{"@type":"ListItem","position":3,"name":"Kaltwalz- und Richtlinie Geministar"}]},{"@type":"WebSite","@id":"https:\/\/www.promostar.it\/de\/#website","url":"https:\/\/www.promostar.it\/de\/","name":"PromoStar S.r.l.","description":"Promostar \u00e8 l\u2019azienda leader e la prima ad introdurre il processo di stiratura","publisher":{"@id":"https:\/\/www.promostar.it\/de\/#organization"},"potentialAction":[{"@type":"SearchAction","target":{"@type":"EntryPoint","urlTemplate":"https:\/\/www.promostar.it\/de\/?s={search_term_string}"},"query-input":"required name=search_term_string"}],"inLanguage":"de-DE"},{"@type":"Organization","@id":"https:\/\/www.promostar.it\/de\/#organization","name":"Promostar","url":"https:\/\/www.promostar.it\/de\/","logo":{"@type":"ImageObject","inLanguage":"de-DE","@id":"https:\/\/www.promostar.it\/de\/#\/schema\/logo\/image\/","url":"https:\/\/www.promostar.it\/wp-content\/uploads\/2020\/10\/promostar-logo.png","contentUrl":"https:\/\/www.promostar.it\/wp-content\/uploads\/2020\/10\/promostar-logo.png","width":210,"height":69,"caption":"Promostar"},"image":{"@id":"https:\/\/www.promostar.it\/de\/#\/schema\/logo\/image\/"}}]}},"_links":{"self":[{"href":"https:\/\/www.promostar.it\/de\/wp-json\/wp\/v3\/product\/6106"}],"collection":[{"href":"https:\/\/www.promostar.it\/de\/wp-json\/wp\/v3\/product"}],"about":[{"href":"https:\/\/www.promostar.it\/de\/wp-json\/wp\/v2\/types\/product"}],"wp:featuredmedia":[{"embeddable":true,"href":"https:\/\/www.promostar.it\/de\/wp-json\/wp\/v2\/media\/3766"}],"wp:attachment":[{"href":"https:\/\/www.promostar.it\/de\/wp-json\/wp\/v2\/media?parent=6106"}],"wp:term":[{"taxonomy":"product_cat","embeddable":true,"href":"https:\/\/www.promostar.it\/de\/wp-json\/wp\/v2\/product_cat?post=6106"},{"taxonomy":"product_tag","embeddable":true,"href":"https:\/\/www.promostar.it\/de\/wp-json\/wp\/v2\/product_tag?post=6106"}],"curies":[{"name":"wp","href":"https:\/\/api.w.org\/{rel}","templated":true}]}}