{"id":6103,"date":"2021-11-03T15:22:07","date_gmt":"2021-11-03T14:22:07","guid":{"rendered":"https:\/\/www.promostar.it\/prodotto\/kaltwalzanlage-vegastar\/"},"modified":"2024-11-18T16:28:34","modified_gmt":"2024-11-18T15:28:34","slug":"kaltwalzanlage-vegastar","status":"publish","type":"product","link":"https:\/\/www.promostar.it\/de\/prodotto\/kaltwalzanlage-vegastar\/","title":{"rendered":"Kaltwalzanlage Vegastar"},"content":{"rendered":"<p>[et_pb_section fb_built=&#8220;1&#8243; _builder_version=&#8220;4.17.0&#8243; _module_preset=&#8220;default&#8220; global_colors_info=&#8220;{}&#8220;][\/et_pb_section]<\/p>\n","protected":false},"excerpt":{"rendered":"<p><strong>Die Kaltwalzanlage Vegastar<\/strong> ist die perfekte Linie zur <strong>Herstellung von kaltgewalzten Stahldrahtspulen, glatt, gerippt oder gekerbt<\/strong>, die in Produkten wie geschwei\u00dften Bewehrungsmatten, B\u00fcgeln, K\u00f6rben und Gittertr\u00e4gern f\u00fcr den Hoch- und Industriebau, die Fundament- und Fertigteilindustrie verwendet werden.<\/p>\n<p><strong>Die Kaltwalzanlage Vegastar<\/strong> <strong>kombiniert den Kaltwalzprozess des Walzdrahts mit dem Aufspulen<\/strong> des kaltgewalzten Bewehrungsdrahts auf das gew\u00fcnschte Spulengewicht.<\/p>\n<p>Die Form und die technischen Details der Linie erm\u00f6glichen die Herstellung hochwertiger Spulen mit kaltgewalztem Draht mit hervorragenden mechanischen und geometrischen Eigenschaften des gerippten Profils. Das Endprodukt <strong>kann jede Art von Schwei\u00dfmaschine f\u00fcr Bewehrungsgitter oder Schneid- und Biegeger\u00e4te speisen.<\/strong><\/p>\n","protected":false},"featured_media":3757,"template":"","meta":{"_et_pb_use_builder":"on","_et_pb_old_content":"<strong>Die Kaltwalzanlage Vegastar<\/strong> ist die perfekte Linie z<strong>ur Herstellung von kaltgewalzten Stahldrahtspulen, glatt, gerippt oder gekerbt<\/strong>, die in Produkten wie geschwei\u00dften Bewehrungsmatten, B\u00fcgeln, K\u00f6rben und Gittertr\u00e4gern f\u00fcr den Hoch- und Industriebau, die Fundament- und Fertigteilindustrie verwendet werden.\n\n<strong>Die Kaltwalzanlage Vegastar<\/strong> <strong>kombiniert den Kaltwalzprozess des Walzdrahts mit dem Aufspulen<\/strong> des kaltgewalzten Bewehrungsdrahts auf das gew\u00fcnschte Spulengewicht.\n\nDie Form und die technischen Details der Linie erm\u00f6glichen die Herstellung hochwertiger Spulen mit kaltgewalztem Draht mit hervorragenden mechanischen und geometrischen Eigenschaften des gerippten Profils. Das Endprodukt <strong>kann jede Art von Schwei\u00dfmaschine f\u00fcr Bewehrungsgitter oder Schneid- und Biegeger\u00e4te speisen.<\/strong>\n\nDie Vegastar-Maschine ist unsere High-Level-L\u00f6sung f\u00fcr die Herstellung von kaltgewalzten Stahldrahtspulen.\n\nDie Besonderheit dieser Maschine ist ihr <strong>ergonomisches Layout<\/strong>, bei dem alle Hauptkomponenten wie <a href=\"https:\/\/www.promostar.it\/prodotto\/descalers\/\"><u>mechanischer Entkalker,<\/u><\/a> <u>Seifenzugabeeinheit<\/u>, <a href=\"https:\/\/www.promostar.it\/prodotto\/rolling-cassettes\/\"><u>Walzenkassetten<\/u><\/a> (oder <u>Ziehplatten<\/u>), Ziehwalzen und Spannungsabbauvorrichtung, die alle im Inneren des kompakten Geh\u00e4uses untergebracht sind. Diese Eigenschaft erm\u00f6glicht eine <strong>bemerkenswerte Verringerung der L\u00e4rm- und Staubausbreitung<\/strong> in die Umgebung und <strong>erh\u00f6ht das Sicherheitsniveau<\/strong>, wodurch die Arbeitsbedingungen f\u00fcr die Bediener verbessert werden. Ein weiterer Vorteil f\u00fcr die Bediener ist die Schnelligkeit der mechanischen Einstellung f\u00fcr Produktions\u00e4nderungen oder Wartungsarbeiten, da alle Haupteinheiten im selben Maschinenk\u00f6rper untergebracht sind. <a href=\"https:\/\/www.promostar.it\/prodotto\/rolling-cassettes\/\"><u>Walzenkassetten<\/u><\/a> und <u>Ziehplatten<\/u> werden mit einer schnellen Verbindung und einem einfachen Zentriersystem befestigt, das es dem Bediener erm\u00f6glicht, den Drahtdurchmesser schnell zu \u00e4ndern. Alle Elektro-, Hydraulik- und Schmiersysteme sind bequem in der Maschine angeordnet, um die Wartung der Anlage zu vereinfachen.\n\nDie <a href=\"https:\/\/www.promostar.it\/prodotto\/pulling-bull-blocks\/\"><u>Ziehscheibe<\/u><\/a> mit horizontaler Achse ist mit Drahtziehwahlen ausgestattet (M\u00f6glichkeit, bis zu 4 Walzen zu installieren) und kann kaltgewalzte Stahldrahtspulen mit einem Durchmesserbereich von \u00d84 bis \u00d820 mm und einer Gewichtskapazit\u00e4t von bis zu 8 Tonnen herstellen.\n\nDer Walzdraht, der von der <a href=\"https:\/\/www.promostar.it\/prodotto\/pulling-bull-blocks\/\"><u>Hochleistungsziehscheibe<\/u> <\/a>und angetrieben von der SPS der neuesten Generation, wird durch <a href=\"https:\/\/www.promostar.it\/prodotto\/rolling-cassettes\/\"><u>Walzkassetten<\/u><\/a> (mit der M\u00f6glichkeit, bis zu drei <a href=\"https:\/\/www.promostar.it\/prodotto\/rolling-cassettes\/\"><u>Walzkassetten<\/u><\/a>zu installieren) kaltgewalzt, die den Durchmesser auf die gew\u00fcnschte Gr\u00f6\u00dfe reduzieren und so die mechanische Eigenschaften verbessern und die positiven Riffelung oder die negativen Vertiefung beim Draht ausf\u00fchren.\n\nDie Maschine kann auch mit <u>Ziehplatten<\/u> (anstelle von <a href=\"https:\/\/www.promostar.it\/prodotto\/rolling-cassettes\/\"><u>Walzenkassetten<\/u><\/a>) ausgestattet werden, um gestreckten Draht ausgehend von Bewehrungsst\u00e4ben auf Spulen herzustellen.\n\nAlle Elektro-, Hydraulik- und Schmiersysteme sind bequem in der Maschine angeordnet, um die Wartung der Anlage zu vereinfachen.\n\nAm Anfang der Maschine wird ein Ablaufsystem (mit einem <a href=\"https:\/\/www.promostar.it\/prodotto\/wire-pay-off-systems\/\"><u>vertikalen Ablaufturm<\/u><\/a> mit zwei <u>Kippfingern<\/u> oder mit einem <a href=\"https:\/\/www.promostar.it\/prodotto\/wire-pay-off-systems\/\"><u>horizontalen Ablaufbalken<\/u><\/a>, je nach Drahtgr\u00f6\u00dfe) verwendet, um die Maschine mit dem im Hei\u00dfwalzverfahren hergestellten glatten Draht zu beschicken.\n\nAndere Ger\u00e4te, wie <a href=\"https:\/\/www.promostar.it\/prodotto\/descalers\/\"><u>mechanischer Entzunderer<\/u><\/a> oder <a href=\"https:\/\/www.promostar.it\/prodotto\/wire-lubricant-machines\/\"><u>Schmierung f\u00fcr Drahtziehmaschine<\/u><\/a>, sind enthalten.\n\nAt the exit, a <a href=\"https:\/\/www.promostar.it\/prodotto\/vegastar-copia\/\"><u>wire spooler<\/u><\/a> machine with horizontal or vertical axes realizes the winding of the wire on the spools.\n\nIm h\u00f6chsten Automatisierungsgrad unserer Anlagen kann die oben genannte Maschine mit einem <strong>automatischen vertikalen <a href=\"https:\/\/www.promostar.it\/prodotto\/vegastar-copia\/\"><u>Drahtspuler<\/u><\/a><\/strong> ausgestattet werden, der alle Arbeitsg\u00e4nge wie Einlegen des Drahtes, Schneiden, Wechseln der Spulen, Probenentnahme, Umreifung, Etikettierung und Wiegen der Sp\u00fclen ausf\u00fchrt, ohne dass das Eingreifen des Bedieners erforderlich ist.\n\nDie Form und die technischen Details unserer Anlagen erm\u00f6glichen die <strong>Herstellung hochwertiger Kaltwalzspulen, die in <a href=\"https:\/\/www.promostar.it\/prodotto\/electrical-mechanical-revamping-and-refurbishment\/\"><u>festen Spulen<\/u><\/a> oder <a href=\"https:\/\/www.promostar.it\/prodotto\/collapsible-spools-take-a-part-reels\/\"><u>Teilspulen<\/u><\/a><\/strong> mit einstellbarem Gewicht bis zu 8 Tonnen verpackt sind. In der Regel werden die produzierten Spulen f\u00fcr Bewehrungsmatten, B\u00fcgel, K\u00f6rbe und Gittertr\u00e4ger f\u00fcr den Hoch- und Industriebau, Fundamente und die Fertigteilindustrie verwendet.","_et_gb_content_width":""},"product_cat":[182,187],"product_tag":[],"yoast_head":"<!-- This site is optimized with the Yoast SEO plugin v20.5 - https:\/\/yoast.com\/wordpress\/plugins\/seo\/ -->\n<title>Kaltwalzanlage Vegastar | Promostar<\/title>\n<meta name=\"description\" content=\"Die Kaltwalzanlage Vegastar ist die perfekte Linie zur Herstellung von kaltgewalzten Stahldrahtspulen, glatt, gerippt oder gekerbt\" \/>\n<meta name=\"robots\" content=\"index, follow, max-snippet:-1, max-image-preview:large, max-video-preview:-1\" \/>\n<link rel=\"canonical\" href=\"https:\/\/www.promostar.it\/de\/prodotto\/kaltwalzanlage-vegastar\/\" \/>\n<meta property=\"og:locale\" content=\"de_DE\" \/>\n<meta property=\"og:type\" content=\"article\" \/>\n<meta property=\"og:title\" content=\"Kaltwalzanlage Vegastar | Promostar\" \/>\n<meta property=\"og:description\" content=\"Die Kaltwalzanlage Vegastar ist die perfekte Linie zur Herstellung von kaltgewalzten Stahldrahtspulen, glatt, gerippt oder gekerbt\" \/>\n<meta property=\"og:url\" content=\"https:\/\/www.promostar.it\/de\/prodotto\/kaltwalzanlage-vegastar\/\" \/>\n<meta property=\"og:site_name\" content=\"PromoStar S.r.l.\" \/>\n<meta property=\"article:modified_time\" content=\"2024-11-18T15:28:34+00:00\" \/>\n<meta property=\"og:image\" content=\"https:\/\/www.promostar.it\/wp-content\/uploads\/2021\/11\/vegastar.jpg\" \/>\n\t<meta property=\"og:image:width\" content=\"800\" \/>\n\t<meta property=\"og:image:height\" content=\"800\" \/>\n\t<meta property=\"og:image:type\" content=\"image\/jpeg\" \/>\n<meta name=\"twitter:card\" content=\"summary_large_image\" \/>\n<script type=\"application\/ld+json\" class=\"yoast-schema-graph\">{\"@context\":\"https:\/\/schema.org\",\"@graph\":[{\"@type\":\"WebPage\",\"@id\":\"https:\/\/www.promostar.it\/de\/prodotto\/kaltwalzanlage-vegastar\/\",\"url\":\"https:\/\/www.promostar.it\/de\/prodotto\/kaltwalzanlage-vegastar\/\",\"name\":\"Kaltwalzanlage Vegastar | Promostar\",\"isPartOf\":{\"@id\":\"https:\/\/www.promostar.it\/de\/#website\"},\"datePublished\":\"2021-11-03T14:22:07+00:00\",\"dateModified\":\"2024-11-18T15:28:34+00:00\",\"description\":\"Die Kaltwalzanlage Vegastar ist die perfekte Linie zur Herstellung von kaltgewalzten Stahldrahtspulen, glatt, gerippt oder gekerbt\",\"breadcrumb\":{\"@id\":\"https:\/\/www.promostar.it\/de\/prodotto\/kaltwalzanlage-vegastar\/#breadcrumb\"},\"inLanguage\":\"de-DE\",\"potentialAction\":[{\"@type\":\"ReadAction\",\"target\":[\"https:\/\/www.promostar.it\/de\/prodotto\/kaltwalzanlage-vegastar\/\"]}]},{\"@type\":\"BreadcrumbList\",\"@id\":\"https:\/\/www.promostar.it\/de\/prodotto\/kaltwalzanlage-vegastar\/#breadcrumb\",\"itemListElement\":[{\"@type\":\"ListItem\",\"position\":1,\"name\":\"Home\",\"item\":\"https:\/\/www.promostar.it\/de\/home-2\/\"},{\"@type\":\"ListItem\",\"position\":2,\"name\":\"Produkte\",\"item\":\"https:\/\/www.promostar.it\/de\/shop\/\"},{\"@type\":\"ListItem\",\"position\":3,\"name\":\"Kaltwalzanlage Vegastar\"}]},{\"@type\":\"WebSite\",\"@id\":\"https:\/\/www.promostar.it\/de\/#website\",\"url\":\"https:\/\/www.promostar.it\/de\/\",\"name\":\"PromoStar S.r.l.\",\"description\":\"Promostar \u00e8 l\u2019azienda leader e la prima ad introdurre il processo di stiratura\",\"publisher\":{\"@id\":\"https:\/\/www.promostar.it\/de\/#organization\"},\"potentialAction\":[{\"@type\":\"SearchAction\",\"target\":{\"@type\":\"EntryPoint\",\"urlTemplate\":\"https:\/\/www.promostar.it\/de\/?s={search_term_string}\"},\"query-input\":\"required name=search_term_string\"}],\"inLanguage\":\"de-DE\"},{\"@type\":\"Organization\",\"@id\":\"https:\/\/www.promostar.it\/de\/#organization\",\"name\":\"Promostar\",\"url\":\"https:\/\/www.promostar.it\/de\/\",\"logo\":{\"@type\":\"ImageObject\",\"inLanguage\":\"de-DE\",\"@id\":\"https:\/\/www.promostar.it\/de\/#\/schema\/logo\/image\/\",\"url\":\"https:\/\/www.promostar.it\/wp-content\/uploads\/2020\/10\/promostar-logo.png\",\"contentUrl\":\"https:\/\/www.promostar.it\/wp-content\/uploads\/2020\/10\/promostar-logo.png\",\"width\":210,\"height\":69,\"caption\":\"Promostar\"},\"image\":{\"@id\":\"https:\/\/www.promostar.it\/de\/#\/schema\/logo\/image\/\"}}]}<\/script>\n<!-- \/ Yoast SEO plugin. -->","yoast_head_json":{"title":"Kaltwalzanlage Vegastar | Promostar","description":"Die Kaltwalzanlage Vegastar ist die perfekte Linie zur Herstellung von kaltgewalzten Stahldrahtspulen, glatt, gerippt oder gekerbt","robots":{"index":"index","follow":"follow","max-snippet":"max-snippet:-1","max-image-preview":"max-image-preview:large","max-video-preview":"max-video-preview:-1"},"canonical":"https:\/\/www.promostar.it\/de\/prodotto\/kaltwalzanlage-vegastar\/","og_locale":"de_DE","og_type":"article","og_title":"Kaltwalzanlage Vegastar | Promostar","og_description":"Die Kaltwalzanlage Vegastar ist die perfekte Linie zur Herstellung von kaltgewalzten Stahldrahtspulen, glatt, gerippt oder gekerbt","og_url":"https:\/\/www.promostar.it\/de\/prodotto\/kaltwalzanlage-vegastar\/","og_site_name":"PromoStar S.r.l.","article_modified_time":"2024-11-18T15:28:34+00:00","og_image":[{"width":800,"height":800,"url":"https:\/\/www.promostar.it\/wp-content\/uploads\/2021\/11\/vegastar.jpg","type":"image\/jpeg"}],"twitter_card":"summary_large_image","schema":{"@context":"https:\/\/schema.org","@graph":[{"@type":"WebPage","@id":"https:\/\/www.promostar.it\/de\/prodotto\/kaltwalzanlage-vegastar\/","url":"https:\/\/www.promostar.it\/de\/prodotto\/kaltwalzanlage-vegastar\/","name":"Kaltwalzanlage Vegastar | Promostar","isPartOf":{"@id":"https:\/\/www.promostar.it\/de\/#website"},"datePublished":"2021-11-03T14:22:07+00:00","dateModified":"2024-11-18T15:28:34+00:00","description":"Die Kaltwalzanlage Vegastar ist die perfekte Linie zur Herstellung von kaltgewalzten Stahldrahtspulen, glatt, gerippt oder gekerbt","breadcrumb":{"@id":"https:\/\/www.promostar.it\/de\/prodotto\/kaltwalzanlage-vegastar\/#breadcrumb"},"inLanguage":"de-DE","potentialAction":[{"@type":"ReadAction","target":["https:\/\/www.promostar.it\/de\/prodotto\/kaltwalzanlage-vegastar\/"]}]},{"@type":"BreadcrumbList","@id":"https:\/\/www.promostar.it\/de\/prodotto\/kaltwalzanlage-vegastar\/#breadcrumb","itemListElement":[{"@type":"ListItem","position":1,"name":"Home","item":"https:\/\/www.promostar.it\/de\/home-2\/"},{"@type":"ListItem","position":2,"name":"Produkte","item":"https:\/\/www.promostar.it\/de\/shop\/"},{"@type":"ListItem","position":3,"name":"Kaltwalzanlage Vegastar"}]},{"@type":"WebSite","@id":"https:\/\/www.promostar.it\/de\/#website","url":"https:\/\/www.promostar.it\/de\/","name":"PromoStar S.r.l.","description":"Promostar \u00e8 l\u2019azienda leader e la prima ad introdurre il processo di stiratura","publisher":{"@id":"https:\/\/www.promostar.it\/de\/#organization"},"potentialAction":[{"@type":"SearchAction","target":{"@type":"EntryPoint","urlTemplate":"https:\/\/www.promostar.it\/de\/?s={search_term_string}"},"query-input":"required name=search_term_string"}],"inLanguage":"de-DE"},{"@type":"Organization","@id":"https:\/\/www.promostar.it\/de\/#organization","name":"Promostar","url":"https:\/\/www.promostar.it\/de\/","logo":{"@type":"ImageObject","inLanguage":"de-DE","@id":"https:\/\/www.promostar.it\/de\/#\/schema\/logo\/image\/","url":"https:\/\/www.promostar.it\/wp-content\/uploads\/2020\/10\/promostar-logo.png","contentUrl":"https:\/\/www.promostar.it\/wp-content\/uploads\/2020\/10\/promostar-logo.png","width":210,"height":69,"caption":"Promostar"},"image":{"@id":"https:\/\/www.promostar.it\/de\/#\/schema\/logo\/image\/"}}]}},"_links":{"self":[{"href":"https:\/\/www.promostar.it\/de\/wp-json\/wp\/v3\/product\/6103"}],"collection":[{"href":"https:\/\/www.promostar.it\/de\/wp-json\/wp\/v3\/product"}],"about":[{"href":"https:\/\/www.promostar.it\/de\/wp-json\/wp\/v2\/types\/product"}],"wp:featuredmedia":[{"embeddable":true,"href":"https:\/\/www.promostar.it\/de\/wp-json\/wp\/v2\/media\/3757"}],"wp:attachment":[{"href":"https:\/\/www.promostar.it\/de\/wp-json\/wp\/v2\/media?parent=6103"}],"wp:term":[{"taxonomy":"product_cat","embeddable":true,"href":"https:\/\/www.promostar.it\/de\/wp-json\/wp\/v2\/product_cat?post=6103"},{"taxonomy":"product_tag","embeddable":true,"href":"https:\/\/www.promostar.it\/de\/wp-json\/wp\/v2\/product_tag?post=6103"}],"curies":[{"name":"wp","href":"https:\/\/api.w.org\/{rel}","templated":true}]}}