{"id":6102,"date":"2021-11-03T15:34:24","date_gmt":"2021-11-03T14:34:24","guid":{"rendered":"https:\/\/www.promostar.it\/prodotto\/kaltstreck-und-umspulanlage-argostar\/"},"modified":"2024-11-18T16:19:18","modified_gmt":"2024-11-18T15:19:18","slug":"kaltstreck-und-umspulanlage-argostar","status":"publish","type":"product","link":"https:\/\/www.promostar.it\/de\/prodotto\/kaltstreck-und-umspulanlage-argostar\/","title":{"rendered":"Kaltstreck- und Umspulanlage Argostar"},"content":{"rendered":"<p>[et_pb_section fb_built=&#8220;1&#8243; _builder_version=&#8220;4.17.0&#8243; _module_preset=&#8220;default&#8220; global_colors_info=&#8220;{}&#8220;][\/et_pb_section]<\/p>\n","protected":false},"excerpt":{"rendered":"<p><strong>Kaltstreck- und Umspulanlage Argostaris<\/strong> ist die perfekte Anlage zur <strong>Herstellung von gerippten Spulen aus gestrecktem Stahldraht<\/strong>, die in Produkten wie geschwei\u00dften Bewehrungsmatten, B\u00fcgeln, K\u00f6rben und Gittertr\u00e4gern f\u00fcr den Hoch- und Industriebau, die Fundament- und Fertigteilindustrie verwendet werden.<\/p>\n<p><strong>Die Kaltreck- und Umspulanlage Argostar kombiniert den Reckprozess des Bewehrungsstabes auf Spule mit dem Aufspulen<\/strong> des gereckten Bewehrungsdrahtes auf das gew\u00fcnschte Spulengewicht. Sie wird auch zum <strong>Umspulen<\/strong> verwendet, wenn die mechanischen Eigenschaften des Materials nicht verbessert werden m\u00fcssen, sondern nur sehr <strong>kompakte Spulen<\/strong> hergestellt werden sollen.<\/p>\n<p>Die Form und die technischen Details der Linie erm\u00f6glichen die Herstellung hochwertiger Spulen mit gestrecktem Draht mit hervorragenden mechanischen Eigenschaften. Das Endprodukt <strong>kann jede Art von Schwei\u00dfmaschine f\u00fcr Bewehrungsgitter oder Schneid- und Biegeger\u00e4te speisen.<\/strong><\/p>\n<p>The core of the machine is the double <u>bullblock<\/u> and the Argostar body.<\/p>\n","protected":false},"featured_media":3754,"template":"","meta":{"_et_pb_use_builder":"on","_et_pb_old_content":"<strong>Kaltstreck- und Umspulanlage Argostaris<\/strong> ist die perfekte Anlage zur <strong>Herstellung von gerippten Spulen aus gestrecktem Stahldraht<\/strong>, die in Produkten wie geschwei\u00dften Bewehrungsmatten, B\u00fcgeln, K\u00f6rben und Gittertr\u00e4gern f\u00fcr den Hoch- und Industriebau, die Fundament- und Fertigteilindustrie verwendet werden.\n\n<strong>Die Kaltreck- und Umspulanlage Argostar kombiniert den Reckprozess des Bewehrungsstabes auf Spule mit dem Aufspulen<\/strong> des gereckten Bewehrungsdrahtes auf das gew\u00fcnschte Spulengewicht. Sie wird auch zum <strong>Umspulen<\/strong> verwendet, wenn die mechanischen Eigenschaften des Materials nicht verbessert werden m\u00fcssen, sondern nur sehr <strong>kompakte Spulen<\/strong> hergestellt werden sollen.\n\nDie Form und die technischen Details der Linie erm\u00f6glichen die Herstellung hochwertiger Spulen mit gestrecktem Draht mit hervorragenden mechanischen Eigenschaften. Das Endprodukt <strong>kann jede Art von Schwei\u00dfmaschine f\u00fcr Bewehrungsgitter oder Schneid- und Biegeger\u00e4te speisen.<\/strong>\n\nDas Herzst\u00fcck der Maschine ist die doppelte <a href=\"https:\/\/www.promostar.it\/prodotto\/pulling-bull-blocks\/\"><u>Ziehscheibe<\/u><\/a> und der Argostar-K\u00f6rper.\n\nDie doppelte <a href=\"https:\/\/www.promostar.it\/prodotto\/pulling-bull-blocks\/\"><u>Ziehscheibe<\/u><\/a> besteht aus zwei <a href=\"https:\/\/www.promostar.it\/prodotto\/pulling-bull-blocks\/\"><u>Ziehscheiben<\/u><\/a> mit vertikalen Achsen, die dank ihrer Position den Draht zwingen, einen \u201eS\u201c-Weg zu machen, mit dem Vorteil, dass das System verwendet wird, um den Draht durch die Streckplatten zu ziehen und einen zus\u00e4tzlichen Dehnungsgrad zu verleihen zum Stoff. Die Drahtziehrollen sind V-f\u00f6rmig (mit der M\u00f6glichkeit, auch glatte Rollen f\u00fcr die Kaltwalzproduktion zu installieren) und erm\u00f6glichen die Herstellung von kaltgestreckten Stahldrahtspulen mit einem Durchmesserbereich von \u00d86 bis \u00d820 mm und einer Gewichtskapazit\u00e4t von bis zu 8 Tonnen.\n\nDer Walzdraht, der von der <a href=\"https:\/\/www.promostar.it\/prodotto\/pulling-bull-blocks\/\"><u>Hochleistungsziehscheibe<\/u><\/a> gezogen und von der SPS der neuesten Generation angetrieben wird, wird durch die beiden im Inneren des Argostar-K\u00f6rpers platzierten <u>Streckplatten<\/u> , die um 90 Grad zueinander ausgerichtet sind (um eine gleichm\u00e4\u00dfige Dehnung auf der gesamten Oberfl\u00e4che des Drahtes zu gew\u00e4hrleisten) und die (je nach dem am Bedienfeld eingestellten Dehnungsgrad) die endg\u00fcltigen mechanischen Eigenschaften des Drahtes verbessern.\n\nDie Maschine kann auch mit <a href=\"https:\/\/www.promostar.it\/prodotto\/rolling-cassettes\/\"><u>Walzkassetten<\/u><\/a> ausgestattet werden (anstatt der <u>Strecklatten<\/u>), um Kaltwalzdraht ausgehend von glattem Drahtmaterial herzustellen.\n\nAlle Elektro-, Hydraulik- und Schmiersysteme sind bequem in der Maschine angeordnet, um die Wartung der Anlage zu vereinfachen.\n\nAm Anfang der Maschine wird ein Ablaufsystem (mit einem <a href=\"https:\/\/www.promostar.it\/prodotto\/wire-pay-off-systems\/\"><u>vertikalen Ablaufturm<\/u><\/a> mit zwei <u>Kippfingern<\/u> oder mit einem <a href=\"https:\/\/www.promostar.it\/prodotto\/wire-pay-off-systems\/\"><u>horizontalen Ablaufbalken<\/u><\/a>, je nach Drahtgr\u00f6\u00dfe) verwendet, um die Maschine mit dem im Hei\u00dfwalzverfahren hergestellten glatten Draht zu beschicken.\n\nAndere Ger\u00e4te, wie <a href=\"https:\/\/www.promostar.it\/prodotto\/descalers\/\"><u>mechanischer Entzunderer<\/u><\/a> oder <a href=\"http:\/\/wire%20lubricant\"><u>Schmierung f\u00fcr Drahtziehmaschine<\/u><\/a>, sind enthalten.\n\nAt the exit, a <a href=\"https:\/\/www.promostar.it\/prodotto\/horizontal-spooler-machines\/\"><u>wire spooler<\/u><\/a> machine with horizontal or vertical axes realizes the winding of the wire on the spools.\n\nIm h\u00f6chsten Automatisierungsgrad unserer Anlagen kann die oben genannte Maschine mit einem <a href=\"https:\/\/www.promostar.it\/prodotto\/vertical-automatic-spooler-machine\/\"><span style=\"text-decoration: underline\">automatischen vertikalen<\/span> <u>Drahtspuler<\/u><\/a> ausgestattet werden, der alle Arbeitsg\u00e4nge wie Einlegen des Drahtes, Schneiden, Wechseln der Spulen, Probenentnahme, Umreifung, Etikettierung und Wiegen der Sp\u00fclen ausf\u00fchrt, ohne dass das Eingreifen des Bedieners erforderlich ist.\n\nDie Form und die technischen Details unserer Anlagen erm\u00f6glichen die <strong>Herstellung hochwertiger Kaltwalzspulen, die in <a href=\"https:\/\/www.promostar.it\/prodotto\/electrical-mechanical-revamping-and-refurbishment\/\"><u>festen Spulen<\/u><\/a> oder <u><a href=\"https:\/\/www.promostar.it\/prodotto\/collapsible-spools-take-a-part-reels\/\">Teilspulen<\/a><\/u><\/strong> mit einstellbarem Gewicht bis zu 8 Tonnen verpackt sind. In der Regel werden die produzierten Spulen f\u00fcr Bewehrungsmatten, B\u00fcgel, K\u00f6rbe und Gittertr\u00e4ger f\u00fcr den Hoch- und Industriebau, Fundamente und die Fertigteilindustrie verwendet.","_et_gb_content_width":""},"product_cat":[185,184],"product_tag":[],"yoast_head":"<!-- This site is optimized with the Yoast SEO plugin v20.5 - https:\/\/yoast.com\/wordpress\/plugins\/seo\/ -->\n<title>Kaltstreck- und Umspulanlage Argostar | Promostar<\/title>\n<meta name=\"description\" content=\"Kaltstreck- und Umspulanlage Argostaris ist die perfekte Anlage zur Herstellung von gerippten Spulen aus gestrecktem Stahldraht, die in Produkten wie geschwei\u00dften Bewehrungsmatten, B\u00fcgeln, K\u00f6rben und Gittertr\u00e4gern f\u00fcr den Hoch- und Industriebau, die Fundament- und Fertigteilindustrie verwendet werden\" \/>\n<meta name=\"robots\" content=\"index, follow, max-snippet:-1, max-image-preview:large, max-video-preview:-1\" \/>\n<link rel=\"canonical\" href=\"https:\/\/www.promostar.it\/de\/prodotto\/kaltstreck-und-umspulanlage-argostar\/\" \/>\n<meta property=\"og:locale\" content=\"de_DE\" \/>\n<meta property=\"og:type\" content=\"article\" \/>\n<meta property=\"og:title\" content=\"Kaltstreck- und Umspulanlage Argostar | Promostar\" \/>\n<meta property=\"og:description\" content=\"Kaltstreck- und Umspulanlage Argostaris ist die perfekte Anlage zur Herstellung von gerippten Spulen aus gestrecktem Stahldraht, die in Produkten wie geschwei\u00dften Bewehrungsmatten, B\u00fcgeln, K\u00f6rben und Gittertr\u00e4gern f\u00fcr den Hoch- und Industriebau, die Fundament- und Fertigteilindustrie verwendet werden\" \/>\n<meta property=\"og:url\" content=\"https:\/\/www.promostar.it\/de\/prodotto\/kaltstreck-und-umspulanlage-argostar\/\" \/>\n<meta property=\"og:site_name\" content=\"PromoStar S.r.l.\" \/>\n<meta property=\"article:modified_time\" content=\"2024-11-18T15:19:18+00:00\" \/>\n<meta property=\"og:image\" content=\"https:\/\/www.promostar.it\/wp-content\/uploads\/2021\/11\/argostar.jpg\" \/>\n\t<meta property=\"og:image:width\" content=\"800\" \/>\n\t<meta property=\"og:image:height\" content=\"800\" \/>\n\t<meta property=\"og:image:type\" content=\"image\/jpeg\" \/>\n<meta name=\"twitter:card\" content=\"summary_large_image\" \/>\n<script type=\"application\/ld+json\" class=\"yoast-schema-graph\">{\"@context\":\"https:\/\/schema.org\",\"@graph\":[{\"@type\":\"WebPage\",\"@id\":\"https:\/\/www.promostar.it\/de\/prodotto\/kaltstreck-und-umspulanlage-argostar\/\",\"url\":\"https:\/\/www.promostar.it\/de\/prodotto\/kaltstreck-und-umspulanlage-argostar\/\",\"name\":\"Kaltstreck- und Umspulanlage Argostar | Promostar\",\"isPartOf\":{\"@id\":\"https:\/\/www.promostar.it\/de\/#website\"},\"datePublished\":\"2021-11-03T14:34:24+00:00\",\"dateModified\":\"2024-11-18T15:19:18+00:00\",\"description\":\"Kaltstreck- und Umspulanlage Argostaris ist die perfekte Anlage zur Herstellung von gerippten Spulen aus gestrecktem Stahldraht, die in Produkten wie geschwei\u00dften Bewehrungsmatten, B\u00fcgeln, K\u00f6rben und Gittertr\u00e4gern f\u00fcr den Hoch- und Industriebau, die Fundament- und Fertigteilindustrie verwendet werden\",\"breadcrumb\":{\"@id\":\"https:\/\/www.promostar.it\/de\/prodotto\/kaltstreck-und-umspulanlage-argostar\/#breadcrumb\"},\"inLanguage\":\"de-DE\",\"potentialAction\":[{\"@type\":\"ReadAction\",\"target\":[\"https:\/\/www.promostar.it\/de\/prodotto\/kaltstreck-und-umspulanlage-argostar\/\"]}]},{\"@type\":\"BreadcrumbList\",\"@id\":\"https:\/\/www.promostar.it\/de\/prodotto\/kaltstreck-und-umspulanlage-argostar\/#breadcrumb\",\"itemListElement\":[{\"@type\":\"ListItem\",\"position\":1,\"name\":\"Home\",\"item\":\"https:\/\/www.promostar.it\/de\/home-2\/\"},{\"@type\":\"ListItem\",\"position\":2,\"name\":\"Produkte\",\"item\":\"https:\/\/www.promostar.it\/de\/shop\/\"},{\"@type\":\"ListItem\",\"position\":3,\"name\":\"Kaltstreck- und Umspulanlage Argostar\"}]},{\"@type\":\"WebSite\",\"@id\":\"https:\/\/www.promostar.it\/de\/#website\",\"url\":\"https:\/\/www.promostar.it\/de\/\",\"name\":\"PromoStar S.r.l.\",\"description\":\"Promostar \u00e8 l\u2019azienda leader e la prima ad introdurre il processo di stiratura\",\"publisher\":{\"@id\":\"https:\/\/www.promostar.it\/de\/#organization\"},\"potentialAction\":[{\"@type\":\"SearchAction\",\"target\":{\"@type\":\"EntryPoint\",\"urlTemplate\":\"https:\/\/www.promostar.it\/de\/?s={search_term_string}\"},\"query-input\":\"required name=search_term_string\"}],\"inLanguage\":\"de-DE\"},{\"@type\":\"Organization\",\"@id\":\"https:\/\/www.promostar.it\/de\/#organization\",\"name\":\"Promostar\",\"url\":\"https:\/\/www.promostar.it\/de\/\",\"logo\":{\"@type\":\"ImageObject\",\"inLanguage\":\"de-DE\",\"@id\":\"https:\/\/www.promostar.it\/de\/#\/schema\/logo\/image\/\",\"url\":\"https:\/\/www.promostar.it\/wp-content\/uploads\/2020\/10\/promostar-logo.png\",\"contentUrl\":\"https:\/\/www.promostar.it\/wp-content\/uploads\/2020\/10\/promostar-logo.png\",\"width\":210,\"height\":69,\"caption\":\"Promostar\"},\"image\":{\"@id\":\"https:\/\/www.promostar.it\/de\/#\/schema\/logo\/image\/\"}}]}<\/script>\n<!-- \/ Yoast SEO plugin. -->","yoast_head_json":{"title":"Kaltstreck- und Umspulanlage Argostar | Promostar","description":"Kaltstreck- und Umspulanlage Argostaris ist die perfekte Anlage zur Herstellung von gerippten Spulen aus gestrecktem Stahldraht, die in Produkten wie geschwei\u00dften Bewehrungsmatten, B\u00fcgeln, K\u00f6rben und Gittertr\u00e4gern f\u00fcr den Hoch- und Industriebau, die Fundament- und Fertigteilindustrie verwendet werden","robots":{"index":"index","follow":"follow","max-snippet":"max-snippet:-1","max-image-preview":"max-image-preview:large","max-video-preview":"max-video-preview:-1"},"canonical":"https:\/\/www.promostar.it\/de\/prodotto\/kaltstreck-und-umspulanlage-argostar\/","og_locale":"de_DE","og_type":"article","og_title":"Kaltstreck- und Umspulanlage Argostar | Promostar","og_description":"Kaltstreck- und Umspulanlage Argostaris ist die perfekte Anlage zur Herstellung von gerippten Spulen aus gestrecktem Stahldraht, die in Produkten wie geschwei\u00dften Bewehrungsmatten, B\u00fcgeln, K\u00f6rben und Gittertr\u00e4gern f\u00fcr den Hoch- und Industriebau, die Fundament- und Fertigteilindustrie verwendet werden","og_url":"https:\/\/www.promostar.it\/de\/prodotto\/kaltstreck-und-umspulanlage-argostar\/","og_site_name":"PromoStar S.r.l.","article_modified_time":"2024-11-18T15:19:18+00:00","og_image":[{"width":800,"height":800,"url":"https:\/\/www.promostar.it\/wp-content\/uploads\/2021\/11\/argostar.jpg","type":"image\/jpeg"}],"twitter_card":"summary_large_image","schema":{"@context":"https:\/\/schema.org","@graph":[{"@type":"WebPage","@id":"https:\/\/www.promostar.it\/de\/prodotto\/kaltstreck-und-umspulanlage-argostar\/","url":"https:\/\/www.promostar.it\/de\/prodotto\/kaltstreck-und-umspulanlage-argostar\/","name":"Kaltstreck- und Umspulanlage Argostar | Promostar","isPartOf":{"@id":"https:\/\/www.promostar.it\/de\/#website"},"datePublished":"2021-11-03T14:34:24+00:00","dateModified":"2024-11-18T15:19:18+00:00","description":"Kaltstreck- und Umspulanlage Argostaris ist die perfekte Anlage zur Herstellung von gerippten Spulen aus gestrecktem Stahldraht, die in Produkten wie geschwei\u00dften Bewehrungsmatten, B\u00fcgeln, K\u00f6rben und Gittertr\u00e4gern f\u00fcr den Hoch- und Industriebau, die Fundament- und Fertigteilindustrie verwendet werden","breadcrumb":{"@id":"https:\/\/www.promostar.it\/de\/prodotto\/kaltstreck-und-umspulanlage-argostar\/#breadcrumb"},"inLanguage":"de-DE","potentialAction":[{"@type":"ReadAction","target":["https:\/\/www.promostar.it\/de\/prodotto\/kaltstreck-und-umspulanlage-argostar\/"]}]},{"@type":"BreadcrumbList","@id":"https:\/\/www.promostar.it\/de\/prodotto\/kaltstreck-und-umspulanlage-argostar\/#breadcrumb","itemListElement":[{"@type":"ListItem","position":1,"name":"Home","item":"https:\/\/www.promostar.it\/de\/home-2\/"},{"@type":"ListItem","position":2,"name":"Produkte","item":"https:\/\/www.promostar.it\/de\/shop\/"},{"@type":"ListItem","position":3,"name":"Kaltstreck- und Umspulanlage Argostar"}]},{"@type":"WebSite","@id":"https:\/\/www.promostar.it\/de\/#website","url":"https:\/\/www.promostar.it\/de\/","name":"PromoStar S.r.l.","description":"Promostar \u00e8 l\u2019azienda leader e la prima ad introdurre il processo di stiratura","publisher":{"@id":"https:\/\/www.promostar.it\/de\/#organization"},"potentialAction":[{"@type":"SearchAction","target":{"@type":"EntryPoint","urlTemplate":"https:\/\/www.promostar.it\/de\/?s={search_term_string}"},"query-input":"required name=search_term_string"}],"inLanguage":"de-DE"},{"@type":"Organization","@id":"https:\/\/www.promostar.it\/de\/#organization","name":"Promostar","url":"https:\/\/www.promostar.it\/de\/","logo":{"@type":"ImageObject","inLanguage":"de-DE","@id":"https:\/\/www.promostar.it\/de\/#\/schema\/logo\/image\/","url":"https:\/\/www.promostar.it\/wp-content\/uploads\/2020\/10\/promostar-logo.png","contentUrl":"https:\/\/www.promostar.it\/wp-content\/uploads\/2020\/10\/promostar-logo.png","width":210,"height":69,"caption":"Promostar"},"image":{"@id":"https:\/\/www.promostar.it\/de\/#\/schema\/logo\/image\/"}}]}},"_links":{"self":[{"href":"https:\/\/www.promostar.it\/de\/wp-json\/wp\/v3\/product\/6102"}],"collection":[{"href":"https:\/\/www.promostar.it\/de\/wp-json\/wp\/v3\/product"}],"about":[{"href":"https:\/\/www.promostar.it\/de\/wp-json\/wp\/v2\/types\/product"}],"wp:featuredmedia":[{"embeddable":true,"href":"https:\/\/www.promostar.it\/de\/wp-json\/wp\/v2\/media\/3754"}],"wp:attachment":[{"href":"https:\/\/www.promostar.it\/de\/wp-json\/wp\/v2\/media?parent=6102"}],"wp:term":[{"taxonomy":"product_cat","embeddable":true,"href":"https:\/\/www.promostar.it\/de\/wp-json\/wp\/v2\/product_cat?post=6102"},{"taxonomy":"product_tag","embeddable":true,"href":"https:\/\/www.promostar.it\/de\/wp-json\/wp\/v2\/product_tag?post=6102"}],"curies":[{"name":"wp","href":"https:\/\/api.w.org\/{rel}","templated":true}]}}