{"id":6100,"date":"2021-11-03T15:53:17","date_gmt":"2021-11-03T14:53:17","guid":{"rendered":"https:\/\/www.promostar.it\/prodotto\/kaltdrahtziehanlage-maiastar-dv\/"},"modified":"2024-11-18T16:23:10","modified_gmt":"2024-11-18T15:23:10","slug":"kaltdrahtziehanlage-maiastar-dv","status":"publish","type":"product","link":"https:\/\/www.promostar.it\/de\/prodotto\/kaltdrahtziehanlage-maiastar-dv\/","title":{"rendered":"Kaltdrahtziehanlage Maiastar DV"},"content":{"rendered":"<p>[et_pb_section fb_built=&#8220;1&#8243; _builder_version=&#8220;4.17.0&#8243; _module_preset=&#8220;default&#8220; global_colors_info=&#8220;{}&#8220;][\/et_pb_section]<\/p>\n","protected":false},"excerpt":{"rendered":"<p><strong>Die Kaltdrahtziehlinie Maiastar DV<\/strong> ist die perfekte Linie zur <strong>Herstellung glatter Drahtziehrollen oder Spulen<\/strong>, die in Produkten wie gegl\u00fchtem Draht, Zaungitter, Federdraht, N\u00e4geln, verzinktem Draht f\u00fcr den industriellen und landwirtschaftlichen Markt verwendet werden.<\/p>\n<p><strong>Kaltdrahtziehanlagen Maiastar DV kombinieren den Ziehprozess des Walzdrahtes mit dem Aufspulen des Kaltziehdrahtes<\/strong> auf das gew\u00fcnschte Spulengewicht.<\/p>\n<p>Die Form und die technischen Details der Linie erm\u00f6glichen die Herstellung hochwertiger Spulen mit kaltgezogenem Draht mit hervorragenden mechanischen und geometrischen Eigenschaften. Das Endprodukt <strong>kann jede Art von Maschine beschicken<\/strong>.<\/p>\n<p>Die Maschine Maiastar DV ist unsere Standardl\u00f6sung f\u00fcr die Herstellung von Spulen aus kaltgezogenem Stahldraht.<\/p>\n","protected":false},"featured_media":3748,"template":"","meta":{"_et_pb_use_builder":"on","_et_pb_old_content":"<strong>Die Kaltdrahtziehlinie Maiastar DV<\/strong> ist die perfekte Linie zur <strong>Herstellung glatter Drahtziehrollen oder Spulen<\/strong>, die in Produkten wie gegl\u00fchtem Draht, Zaungitter, Federdraht, N\u00e4geln, verzinktem Draht f\u00fcr den industriellen und landwirtschaftlichen Markt verwendet werden.\r\n\r\n<strong>Kaltdrahtziehanlagen Maiastar DV kombinieren den Ziehprozess des Walzdrahtes mit dem Aufspulen des Kaltziehdrahtes<\/strong> auf das gew\u00fcnschte Spulengewicht.\r\n\r\nDie Form und die technischen Details der Linie erm\u00f6glichen die Herstellung hochwertiger Spulen mit kaltgezogenem Draht mit hervorragenden mechanischen und geometrischen Eigenschaften. Das Endprodukt <strong>kann jede Art von Maschine beschicken<\/strong>.\r\n\r\nDie Maschine Maiastar DV ist unsere Standardl\u00f6sung f\u00fcr die Herstellung von Spulen aus kaltgezogenem Stahldraht.\r\n\r\nDer Kern der Maschine ist der Maiastar-K\u00f6rper, der aus einer Reihe miteinander verbundener modularer geneigter Rollenbl\u00f6cke mit vertikalen Achsen besteht, deren Bewegung durch einen selbstzentrierenden T\u00e4nzerarm reguliert und synchronisiert wird. Die Anzahl der Rollenbl\u00f6cke h\u00e4ngt vom endg\u00fcltigen Drahtdurchmesser ab, der mit 3 bis zu 15 <a href=\"https:\/\/www.promostar.it\/prodotto\/pulling-bull-blocks\/\"><u>Ziehscheiben<\/u><\/a> produziert werden kann. Diese Maschine, die auf dem Markt auch als Multi-Pass-Maschine (mit mehreren Durchg\u00e4ngen) bekannt ist, kann glatten Draht bis zu einer Mindestgr\u00f6\u00dfe von \u00d81 mm und einer Gewichtskapazit\u00e4t der Rollen oder Spulen von bis zu 3 Tonnen herstellen.\r\n\r\nDer Walzdraht, der von der <a href=\"https:\/\/www.promostar.it\/prodotto\/pulling-bull-blocks\/\"><u>Hochleistungsziehscheibe<\/u><\/a> und angetrieben von der SPS der neuesten Generation, wird durch <a href=\"https:\/\/www.promostar.it\/prodotto\/die-drawing-boxes\/\"><u>Die Ziehmatritzenk\u00e4sten<\/u><\/a> oder durch <a href=\"https:\/\/www.promostar.it\/prodotto\/rolling-cassettes\/\"><u>die Walzkassetten<\/u><\/a> oder durch eine Kombination aus beidem (eine Vorrichtung f\u00fcr jeden Rollenblock) kaltgewalzt. Diese reduzieren den Durchmesser auf die gew\u00fcnschte Gr\u00f6\u00dfe, wodurch die mechanischen Eigenschaften und die Rundheit des Drahtes verbessert werden.\r\n\r\nEin effizientes <strong>Wasserk\u00fchlsystem<\/strong> bei atmosph\u00e4rischem Druck k\u00fchlt die interne Rolle intern.\r\n\r\nJede Rollen-Oberfl\u00e4che wird auch einzeln durch einen <strong>L\u00fcfter luftgek\u00fchlt<\/strong>, der in jedem Block montiert ist, was in Verbindung mit einem ringf\u00f6rmigen F\u00f6rderer einen zus\u00e4tzlichen Luftk\u00fchlungseffekt auf den auf die Rolle gewickelten Draht erzeugt.\r\n\r\nDie komplette Multipass-Linie ist mechanisch und elektrisch so ausgelegt, dass sie die <strong>Herstellung von Auslaufdr\u00e4hten erm\u00f6glicht, ohne alle in der Linie vorhandenen Ziehscheiben zu verwenden<\/strong>.\r\n\r\nAlle Elektro-, Hydraulik- und Schmiersysteme sind bequem in der Maschine angeordnet, um die Wartung der Anlage zu vereinfachen.\r\n\r\nDer Maschinenk\u00f6rper ist durch eine mobile, vollst\u00e4ndig geschlossene Schutzvorrichtung gesch\u00fctzt, die Kontakte f\u00fcr Endschalter enth\u00e4lt, die die Linie elektrisch verriegeln und die Linie automatisch stoppen, wenn die Schutzstrukturen w\u00e4hrend des normalen (automatischen) Betriebs ge\u00f6ffnet werden. Die Schutzvorrichtungen wurden so konzipiert, dass sie einen einfachen Zugang f\u00fcr die Wartungsphasen und eine vollst\u00e4ndige Sicht w\u00e4hrend des Betriebs der Anlage erm\u00f6glichen.\r\n\r\nAm Anfang der Maschine dient ein Ablaufsystem mit einem <a href=\"https:\/\/www.promostar.it\/prodotto\/wire-pay-off-systems\/\"><u>vertikalen Ablaufturm<\/u><\/a> mit zwei <u>Kippfingern<\/u> zur Beschickung der Maschine mit dem im Warmwalzverfahren hergestellten glatten Draht.\r\n\r\nAndere Ger\u00e4te, wie <a href=\"https:\/\/www.promostar.it\/prodotto\/descalers\/\"><u>mechanische Entzunderer<\/u><\/a>, sind enthalten.\r\n\r\nAm Auslauf \u00fcbernimmt eine <a href=\"https:\/\/www.promostar.it\/prodotto\/horizontal-spooler-machine-copia\/\"><u>statische Coiler-Dead-Block-Maschine<\/u><\/a> oder eine <a href=\"https:\/\/www.promostar.it\/prodotto\/vegastar-copia\/\"><u>Drahtspulmaschine<\/u><\/a> mit horizontalen oder vertikalen Achsen das Aufwickeln des Drahtes auf die Spulen.\r\n\r\nIm h\u00f6chsten Automatisierungsgrad unserer Anlagen kann die oben genannte Maschine mit einem <a href=\"https:\/\/www.promostar.it\/prodotto\/vertical-automatic-spooler-machine\/\"><strong>automatischen vertikalen <u>Drahtspuler<\/u><\/strong><\/a> ausgestattet werden, der alle Arbeitsg\u00e4nge wie Einlegen des Drahtes, Schneiden, Wechseln der Spulen, Probenentnahme, Umreifung, Etikettierung und Wiegen der Sp\u00fclen ausf\u00fchrt, ohne dass das Eingreifen des Bedieners erforderlich ist.\r\n\r\nDie Form und die technischen Details unserer Anlagen erm\u00f6glichen die <strong>Herstellung hochwertiger Kaltwalzspulen, die in <a href=\"https:\/\/www.promostar.it\/prodotto\/electrical-mechanical-revamping-and-refurbishment\/\"><u>festen Spulen<\/u><\/a> oder <a href=\"https:\/\/www.promostar.it\/prodotto\/collapsible-spools-take-a-part-reels\/\"><u>Teilspulen<\/u><\/a><\/strong> mit einstellbarem Gewicht bis zu 8 Tonnen verpackt sind. In der Regel werden die hergestellten Spulen zur Herstellung von gegl\u00fchtem Draht, Zaungitter, Federdraht, N\u00e4geln, verzinktem Draht f\u00fcr den industriellen und landwirtschaftlichen Markt verwendet.","_et_gb_content_width":""},"product_cat":[180,186],"product_tag":[],"yoast_head":"<!-- This site is optimized with the Yoast SEO plugin v20.5 - https:\/\/yoast.com\/wordpress\/plugins\/seo\/ -->\n<title>Kaltdrahtziehanlage Maiastar DV | Promostar<\/title>\n<meta name=\"description\" content=\"Die Kaltdrahtziehlinie Maiastar DV ist die perfekte Linie zur Herstellung glatter Drahtziehrollen oder Spulen, die in Produkten wie gegl\u00fchtem Draht, Zaungitter, Federdraht, N\u00e4geln, verzinktem Draht f\u00fcr den industriellen und landwirtschaftlichen Markt verwendet werden\" \/>\n<meta name=\"robots\" content=\"index, follow, max-snippet:-1, max-image-preview:large, max-video-preview:-1\" \/>\n<link rel=\"canonical\" href=\"https:\/\/www.promostar.it\/de\/prodotto\/kaltdrahtziehanlage-maiastar-dv\/\" \/>\n<meta property=\"og:locale\" content=\"de_DE\" \/>\n<meta property=\"og:type\" content=\"article\" \/>\n<meta property=\"og:title\" content=\"Kaltdrahtziehanlage Maiastar DV | Promostar\" \/>\n<meta property=\"og:description\" content=\"Die Kaltdrahtziehlinie Maiastar DV ist die perfekte Linie zur Herstellung glatter Drahtziehrollen oder Spulen, die in Produkten wie gegl\u00fchtem Draht, Zaungitter, Federdraht, N\u00e4geln, verzinktem Draht f\u00fcr den industriellen und landwirtschaftlichen Markt verwendet werden\" \/>\n<meta property=\"og:url\" content=\"https:\/\/www.promostar.it\/de\/prodotto\/kaltdrahtziehanlage-maiastar-dv\/\" \/>\n<meta property=\"og:site_name\" content=\"PromoStar S.r.l.\" \/>\n<meta property=\"article:modified_time\" content=\"2024-11-18T15:23:10+00:00\" \/>\n<meta property=\"og:image\" content=\"https:\/\/www.promostar.it\/wp-content\/uploads\/2021\/11\/maiastar_V.jpg\" \/>\n\t<meta property=\"og:image:width\" content=\"800\" \/>\n\t<meta property=\"og:image:height\" content=\"800\" \/>\n\t<meta property=\"og:image:type\" content=\"image\/jpeg\" \/>\n<meta name=\"twitter:card\" content=\"summary_large_image\" \/>\n<meta name=\"twitter:label1\" content=\"Gesch\u00e4tzte Lesezeit\" \/>\n\t<meta name=\"twitter:data1\" content=\"1 Minute\" \/>\n<script type=\"application\/ld+json\" class=\"yoast-schema-graph\">{\"@context\":\"https:\/\/schema.org\",\"@graph\":[{\"@type\":\"WebPage\",\"@id\":\"https:\/\/www.promostar.it\/de\/prodotto\/kaltdrahtziehanlage-maiastar-dv\/\",\"url\":\"https:\/\/www.promostar.it\/de\/prodotto\/kaltdrahtziehanlage-maiastar-dv\/\",\"name\":\"Kaltdrahtziehanlage Maiastar DV | Promostar\",\"isPartOf\":{\"@id\":\"https:\/\/www.promostar.it\/de\/#website\"},\"datePublished\":\"2021-11-03T14:53:17+00:00\",\"dateModified\":\"2024-11-18T15:23:10+00:00\",\"description\":\"Die Kaltdrahtziehlinie Maiastar DV ist die perfekte Linie zur Herstellung glatter Drahtziehrollen oder Spulen, die in Produkten wie gegl\u00fchtem Draht, Zaungitter, Federdraht, N\u00e4geln, verzinktem Draht f\u00fcr den industriellen und landwirtschaftlichen Markt verwendet werden\",\"breadcrumb\":{\"@id\":\"https:\/\/www.promostar.it\/de\/prodotto\/kaltdrahtziehanlage-maiastar-dv\/#breadcrumb\"},\"inLanguage\":\"de-DE\",\"potentialAction\":[{\"@type\":\"ReadAction\",\"target\":[\"https:\/\/www.promostar.it\/de\/prodotto\/kaltdrahtziehanlage-maiastar-dv\/\"]}]},{\"@type\":\"BreadcrumbList\",\"@id\":\"https:\/\/www.promostar.it\/de\/prodotto\/kaltdrahtziehanlage-maiastar-dv\/#breadcrumb\",\"itemListElement\":[{\"@type\":\"ListItem\",\"position\":1,\"name\":\"Home\",\"item\":\"https:\/\/www.promostar.it\/de\/home-2\/\"},{\"@type\":\"ListItem\",\"position\":2,\"name\":\"Produkte\",\"item\":\"https:\/\/www.promostar.it\/de\/shop\/\"},{\"@type\":\"ListItem\",\"position\":3,\"name\":\"Kaltdrahtziehanlage Maiastar DV\"}]},{\"@type\":\"WebSite\",\"@id\":\"https:\/\/www.promostar.it\/de\/#website\",\"url\":\"https:\/\/www.promostar.it\/de\/\",\"name\":\"PromoStar S.r.l.\",\"description\":\"Promostar \u00e8 l\u2019azienda leader e la prima ad introdurre il processo di stiratura\",\"publisher\":{\"@id\":\"https:\/\/www.promostar.it\/de\/#organization\"},\"potentialAction\":[{\"@type\":\"SearchAction\",\"target\":{\"@type\":\"EntryPoint\",\"urlTemplate\":\"https:\/\/www.promostar.it\/de\/?s={search_term_string}\"},\"query-input\":\"required name=search_term_string\"}],\"inLanguage\":\"de-DE\"},{\"@type\":\"Organization\",\"@id\":\"https:\/\/www.promostar.it\/de\/#organization\",\"name\":\"Promostar\",\"url\":\"https:\/\/www.promostar.it\/de\/\",\"logo\":{\"@type\":\"ImageObject\",\"inLanguage\":\"de-DE\",\"@id\":\"https:\/\/www.promostar.it\/de\/#\/schema\/logo\/image\/\",\"url\":\"https:\/\/www.promostar.it\/wp-content\/uploads\/2020\/10\/promostar-logo.png\",\"contentUrl\":\"https:\/\/www.promostar.it\/wp-content\/uploads\/2020\/10\/promostar-logo.png\",\"width\":210,\"height\":69,\"caption\":\"Promostar\"},\"image\":{\"@id\":\"https:\/\/www.promostar.it\/de\/#\/schema\/logo\/image\/\"}}]}<\/script>\n<!-- \/ Yoast SEO plugin. -->","yoast_head_json":{"title":"Kaltdrahtziehanlage Maiastar DV | Promostar","description":"Die Kaltdrahtziehlinie Maiastar DV ist die perfekte Linie zur Herstellung glatter Drahtziehrollen oder Spulen, die in Produkten wie gegl\u00fchtem Draht, Zaungitter, Federdraht, N\u00e4geln, verzinktem Draht f\u00fcr den industriellen und landwirtschaftlichen Markt verwendet werden","robots":{"index":"index","follow":"follow","max-snippet":"max-snippet:-1","max-image-preview":"max-image-preview:large","max-video-preview":"max-video-preview:-1"},"canonical":"https:\/\/www.promostar.it\/de\/prodotto\/kaltdrahtziehanlage-maiastar-dv\/","og_locale":"de_DE","og_type":"article","og_title":"Kaltdrahtziehanlage Maiastar DV | Promostar","og_description":"Die Kaltdrahtziehlinie Maiastar DV ist die perfekte Linie zur Herstellung glatter Drahtziehrollen oder Spulen, die in Produkten wie gegl\u00fchtem Draht, Zaungitter, Federdraht, N\u00e4geln, verzinktem Draht f\u00fcr den industriellen und landwirtschaftlichen Markt verwendet werden","og_url":"https:\/\/www.promostar.it\/de\/prodotto\/kaltdrahtziehanlage-maiastar-dv\/","og_site_name":"PromoStar S.r.l.","article_modified_time":"2024-11-18T15:23:10+00:00","og_image":[{"width":800,"height":800,"url":"https:\/\/www.promostar.it\/wp-content\/uploads\/2021\/11\/maiastar_V.jpg","type":"image\/jpeg"}],"twitter_card":"summary_large_image","twitter_misc":{"Gesch\u00e4tzte Lesezeit":"1 Minute"},"schema":{"@context":"https:\/\/schema.org","@graph":[{"@type":"WebPage","@id":"https:\/\/www.promostar.it\/de\/prodotto\/kaltdrahtziehanlage-maiastar-dv\/","url":"https:\/\/www.promostar.it\/de\/prodotto\/kaltdrahtziehanlage-maiastar-dv\/","name":"Kaltdrahtziehanlage Maiastar DV | Promostar","isPartOf":{"@id":"https:\/\/www.promostar.it\/de\/#website"},"datePublished":"2021-11-03T14:53:17+00:00","dateModified":"2024-11-18T15:23:10+00:00","description":"Die Kaltdrahtziehlinie Maiastar DV ist die perfekte Linie zur Herstellung glatter Drahtziehrollen oder Spulen, die in Produkten wie gegl\u00fchtem Draht, Zaungitter, Federdraht, N\u00e4geln, verzinktem Draht f\u00fcr den industriellen und landwirtschaftlichen Markt verwendet werden","breadcrumb":{"@id":"https:\/\/www.promostar.it\/de\/prodotto\/kaltdrahtziehanlage-maiastar-dv\/#breadcrumb"},"inLanguage":"de-DE","potentialAction":[{"@type":"ReadAction","target":["https:\/\/www.promostar.it\/de\/prodotto\/kaltdrahtziehanlage-maiastar-dv\/"]}]},{"@type":"BreadcrumbList","@id":"https:\/\/www.promostar.it\/de\/prodotto\/kaltdrahtziehanlage-maiastar-dv\/#breadcrumb","itemListElement":[{"@type":"ListItem","position":1,"name":"Home","item":"https:\/\/www.promostar.it\/de\/home-2\/"},{"@type":"ListItem","position":2,"name":"Produkte","item":"https:\/\/www.promostar.it\/de\/shop\/"},{"@type":"ListItem","position":3,"name":"Kaltdrahtziehanlage Maiastar DV"}]},{"@type":"WebSite","@id":"https:\/\/www.promostar.it\/de\/#website","url":"https:\/\/www.promostar.it\/de\/","name":"PromoStar S.r.l.","description":"Promostar \u00e8 l\u2019azienda leader e la prima ad introdurre il processo di stiratura","publisher":{"@id":"https:\/\/www.promostar.it\/de\/#organization"},"potentialAction":[{"@type":"SearchAction","target":{"@type":"EntryPoint","urlTemplate":"https:\/\/www.promostar.it\/de\/?s={search_term_string}"},"query-input":"required name=search_term_string"}],"inLanguage":"de-DE"},{"@type":"Organization","@id":"https:\/\/www.promostar.it\/de\/#organization","name":"Promostar","url":"https:\/\/www.promostar.it\/de\/","logo":{"@type":"ImageObject","inLanguage":"de-DE","@id":"https:\/\/www.promostar.it\/de\/#\/schema\/logo\/image\/","url":"https:\/\/www.promostar.it\/wp-content\/uploads\/2020\/10\/promostar-logo.png","contentUrl":"https:\/\/www.promostar.it\/wp-content\/uploads\/2020\/10\/promostar-logo.png","width":210,"height":69,"caption":"Promostar"},"image":{"@id":"https:\/\/www.promostar.it\/de\/#\/schema\/logo\/image\/"}}]}},"_links":{"self":[{"href":"https:\/\/www.promostar.it\/de\/wp-json\/wp\/v3\/product\/6100"}],"collection":[{"href":"https:\/\/www.promostar.it\/de\/wp-json\/wp\/v3\/product"}],"about":[{"href":"https:\/\/www.promostar.it\/de\/wp-json\/wp\/v2\/types\/product"}],"wp:featuredmedia":[{"embeddable":true,"href":"https:\/\/www.promostar.it\/de\/wp-json\/wp\/v2\/media\/3748"}],"wp:attachment":[{"href":"https:\/\/www.promostar.it\/de\/wp-json\/wp\/v2\/media?parent=6100"}],"wp:term":[{"taxonomy":"product_cat","embeddable":true,"href":"https:\/\/www.promostar.it\/de\/wp-json\/wp\/v2\/product_cat?post=6100"},{"taxonomy":"product_tag","embeddable":true,"href":"https:\/\/www.promostar.it\/de\/wp-json\/wp\/v2\/product_tag?post=6100"}],"curies":[{"name":"wp","href":"https:\/\/api.w.org\/{rel}","templated":true}]}}