{"id":6099,"date":"2021-11-03T16:04:25","date_gmt":"2021-11-03T15:04:25","guid":{"rendered":"https:\/\/www.promostar.it\/prodotto\/schweisdrahtmaschinen-blockgitter\/"},"modified":"2024-11-18T16:17:09","modified_gmt":"2024-11-18T15:17:09","slug":"schweisdrahtmaschinen-blockgitter","status":"publish","type":"product","link":"https:\/\/www.promostar.it\/de\/prodotto\/schweisdrahtmaschinen-blockgitter\/","title":{"rendered":"Schwei\u00dfdrahtmaschinen Blockgitter"},"content":{"rendered":"<p>[et_pb_section fb_built=&#8220;1&#8243; _builder_version=&#8220;4.17.0&#8243; _module_preset=&#8220;default&#8220; global_colors_info=&#8220;{}&#8220;][\/et_pb_section]<\/p>\n","protected":false},"excerpt":{"rendered":"<p><strong>Maschinen f\u00fcr Blockgitter aus geschwei\u00dften Dr\u00e4hten <\/strong>sind unsere L\u00f6sung <strong>zur Herstellung gerader oder gebogener Abstandshalter(\u201eZ\u201c-Profil), <\/strong>die in Produkten wie Ziegelplatten als Verst\u00e4rkung oder als Abstandshalter f\u00fcr das Schwei\u00dfen von Gitterdrahtanwendungen auf Betonb\u00f6den f\u00fcr den Zivil- und Industriebau und f\u00fcr Fundamente verwendet werden.<\/p>\n<p><strong>Die Schwei\u00dfdrahtmaschine Blockgitter<\/strong> kombiniert den Prozess des Elektroschwei\u00dfens (durch Schwei\u00dfk\u00f6pfe) mit dem Abl\u00e4ngen und Formen der erhaltenen Abstandhalter (im Falle von Z-Abstandhaltern) mit einer speziellen Biegeeinheit in die gew\u00fcnschte Endform.<\/p>\n<p>Die Form und die technischen Details der Anlage erm\u00f6glichen die Herstellung eines qualitativ hochwertigen Abstandhalters gem\u00e4\u00df der vom Kunden gew\u00fcnschten geometrischen Form und Abmessungen. Das Endprodukt bedarf keiner weiteren Bearbeitung und kann direkt vor Ort verwendet werden.<\/p>\n<p>Im Vergleich zu manuellen Herstellungsmethoden sind die Vorteile dieser Art von automatischen Biegemaschinen die Produktivit\u00e4t, gr\u00f6\u00dfere Flexibilit\u00e4t und Schnelligkeit bei Produktions\u00e4nderungen der Durchmessergr\u00f6\u00dfen, die Qualit\u00e4t und Wiederholbarkeit des Produkts, die begrenzte Anzahl von Bedienern (nur ein Bediener steuert die ganze Anlage und muss nicht immer anwesend sein) und die Produktions- und Wartungskosten.<\/p>\n","protected":false},"featured_media":4606,"template":"","meta":{"_et_pb_use_builder":"on","_et_pb_old_content":"<strong>Maschinen f\u00fcr Blockgitter aus geschwei\u00dften Dr\u00e4hten <\/strong>sind unsere L\u00f6sung <strong>zur Herstellung gerader oder gebogener Abstandshalter(\u201eZ\u201c-Profil), <\/strong>die in Produkten wie Ziegelplatten als Verst\u00e4rkung oder als Abstandshalter f\u00fcr das Schwei\u00dfen von Gitterdrahtanwendungen auf Betonb\u00f6den f\u00fcr den Zivil- und Industriebau und f\u00fcr Fundamente verwendet werden.\r\n\r\n<strong>Die Schwei\u00dfdrahtmaschine Blockgitter<\/strong> kombiniert den Prozess des Elektroschwei\u00dfens (durch Schwei\u00dfk\u00f6pfe) mit dem Abl\u00e4ngen und Formen der erhaltenen Abstandhalter (im Falle von Z-Abstandhaltern) mit einer speziellen Biegeeinheit in die gew\u00fcnschte Endform.\r\n\r\nDie Form und die technischen Details der Anlage erm\u00f6glichen die Herstellung eines qualitativ hochwertigen Abstandhalters gem\u00e4\u00df der vom Kunden gew\u00fcnschten geometrischen Form und Abmessungen. Das Endprodukt bedarf keiner weiteren Bearbeitung und kann direkt vor Ort verwendet werden.\r\n\r\nIm Vergleich zu manuellen Herstellungsmethoden sind die Vorteile dieser Art von automatischen Biegemaschinen die Produktivit\u00e4t, gr\u00f6\u00dfere Flexibilit\u00e4t und Schnelligkeit bei Produktions\u00e4nderungen der Durchmessergr\u00f6\u00dfen, die Qualit\u00e4t und Wiederholbarkeit des Produkts, die begrenzte Anzahl von Bedienern (nur ein Bediener steuert die ganze Anlage und muss nicht immer anwesend sein) und die Produktions- und Wartungskosten.\r\n\r\nDie Maschine zur Herstellung von Blockgittern setzt sich aus verschiedenen Teilen zusammen.\r\n\r\nDer erste Teil der Maschine ist das <strong>Beschickungssystem<\/strong>. Dank der Ablaufeinheiten und der motorisierten Ziehtrommeln wird das Eingangsmaterial (glatt oder gerippter Kompaktdraht) abgewickelt und mit der richtigen Geschwindigkeit in Richtung der Schwei\u00dfeinheit gezogen.\r\n\r\nDann folgen andere Gruppen, wie Einlegeeinheiten, Vorschubgruppe und Richtgruppe, die den L\u00e4ngs- und den Querdraht vorbereiten und in die Schwei\u00dfeinheit einf\u00fchren.\r\n\r\nDurch ein <strong>Widerstands-Elektroschwei\u00dfverfahren<\/strong> werden die L\u00e4ngsdr\u00e4hte mit den Querdr\u00e4hten verschwei\u00dft. Es ist zu beachten, <strong>dass sich die Querdr\u00e4hte auf derselben Ebene wie die L\u00e4ngsdr\u00e4hte befinden<\/strong>, um ein Produkt mit minimaler Dicke zu erhalten (die Achse des Querdrahts befindet sich auf der gleichen H\u00f6he wie die Achse des L\u00e4ngsdrahts).\r\n\r\nWenn das Ma\u00df der Abstandshalter erreicht ist, schneidet eine <strong>Schneideeinheit<\/strong> diese auf die gew\u00fcnschte L\u00e4nge.\r\n\r\nDanach wird der erhaltene gerade Abstandshalter zur Entlade- und Positionierungseinheit bewegt, die das Produkt auf dem Entladesystem ablegt, das es zum Bereich transportiert, wo der Bediener das Paket manuell entnehmen und in einen separaten Bereich bringen kann, wo er das Binden vornehmen kann und das fertige Paket gelagert werden kann.\r\n\r\nBei Z-Abstandhaltern werden die Abstandhalter vor dem Abladen des Produktes auf das Entladesystem durch eine <strong>automatische Querbiegeeinheit gebogen<\/strong>.\r\n\r\nWir haben unterschiedliche Anpassungsstufen: angefangen von der Basisl\u00f6sung, bei der die Maschine nur gerade Abstandhalter herstellen kann, bis hin zur High-Level-L\u00f6sung, bei der die Maschine gerade und gebogene Abstandhalter bis zu zwei St\u00fcck (identisch) gleichzeitig herstellen kann.\r\n\r\nUm die Maschine vollst\u00e4ndig zu automatisieren, ist es dar\u00fcber hinaus m\u00f6glich, ein <strong>automatisches Verpackungssystem hinzuzuf\u00fcgen<\/strong>, das es ohne die Anwesenheit des Bedieners erm\u00f6glicht, die Abstandshalter zusammenzubinden und das B\u00fcndel der Abstandshalter auf der Palette f\u00fcr den Versand abzulegen.\r\n\r\nDiese Art von Maschine ist Teil unserer Abteilung f\u00fcr Sondermaschinen und kann nat\u00fcrlich auf Wunsch unserer Kunden auf der Grundlage der unterschiedlichen Formen und Abmessungen der Endprodukte angepasst werden (die Planung beginnt mit dem herzustellenden Endprodukt).\r\n\r\nAufgrund der speziellen zu realisierenden Endprodukte sind alle angegebenen technischen Informationen als Richtwerte zu betrachten, und wir empfehlen, uns f\u00fcr weitere Einzelheiten zu kontaktieren.","_et_gb_content_width":""},"product_cat":[191,196],"product_tag":[],"yoast_head":"<!-- This site is optimized with the Yoast SEO plugin v20.5 - https:\/\/yoast.com\/wordpress\/plugins\/seo\/ -->\n<title>Schwei\u00dfdrahtmaschinen Blockgitter | Promostar<\/title>\n<meta name=\"description\" content=\"Maschinen f\u00fcr Blockgitter aus geschwei\u00dften Dr\u00e4hten sind unsere L\u00f6sung zur Herstellung gerader oder gebogener Abstandshalter(\u201eZ\u201c-Profil), die in Produkten wie Ziegelplatten\" \/>\n<meta name=\"robots\" content=\"index, follow, max-snippet:-1, max-image-preview:large, max-video-preview:-1\" \/>\n<link rel=\"canonical\" href=\"https:\/\/www.promostar.it\/de\/prodotto\/schweisdrahtmaschinen-blockgitter\/\" \/>\n<meta property=\"og:locale\" content=\"de_DE\" \/>\n<meta property=\"og:type\" content=\"article\" \/>\n<meta property=\"og:title\" content=\"Schwei\u00dfdrahtmaschinen Blockgitter | Promostar\" \/>\n<meta property=\"og:description\" content=\"Maschinen f\u00fcr Blockgitter aus geschwei\u00dften Dr\u00e4hten sind unsere L\u00f6sung zur Herstellung gerader oder gebogener Abstandshalter(\u201eZ\u201c-Profil), die in Produkten wie Ziegelplatten\" \/>\n<meta property=\"og:url\" content=\"https:\/\/www.promostar.it\/de\/prodotto\/schweisdrahtmaschinen-blockgitter\/\" \/>\n<meta property=\"og:site_name\" content=\"PromoStar S.r.l.\" \/>\n<meta property=\"article:modified_time\" content=\"2024-11-18T15:17:09+00:00\" \/>\n<meta property=\"og:image\" content=\"https:\/\/www.promostar.it\/wp-content\/uploads\/2021\/11\/Evidenza_Block-Mesh-6.jpg\" \/>\n\t<meta property=\"og:image:width\" content=\"1200\" \/>\n\t<meta property=\"og:image:height\" content=\"1200\" \/>\n\t<meta property=\"og:image:type\" content=\"image\/jpeg\" \/>\n<meta name=\"twitter:card\" content=\"summary_large_image\" \/>\n<meta name=\"twitter:label1\" content=\"Gesch\u00e4tzte Lesezeit\" \/>\n\t<meta name=\"twitter:data1\" content=\"1 Minute\" \/>\n<script type=\"application\/ld+json\" class=\"yoast-schema-graph\">{\"@context\":\"https:\/\/schema.org\",\"@graph\":[{\"@type\":\"WebPage\",\"@id\":\"https:\/\/www.promostar.it\/de\/prodotto\/schweisdrahtmaschinen-blockgitter\/\",\"url\":\"https:\/\/www.promostar.it\/de\/prodotto\/schweisdrahtmaschinen-blockgitter\/\",\"name\":\"Schwei\u00dfdrahtmaschinen Blockgitter | Promostar\",\"isPartOf\":{\"@id\":\"https:\/\/www.promostar.it\/de\/#website\"},\"datePublished\":\"2021-11-03T15:04:25+00:00\",\"dateModified\":\"2024-11-18T15:17:09+00:00\",\"description\":\"Maschinen f\u00fcr Blockgitter aus geschwei\u00dften Dr\u00e4hten sind unsere L\u00f6sung zur Herstellung gerader oder gebogener Abstandshalter(\u201eZ\u201c-Profil), die in Produkten wie Ziegelplatten\",\"breadcrumb\":{\"@id\":\"https:\/\/www.promostar.it\/de\/prodotto\/schweisdrahtmaschinen-blockgitter\/#breadcrumb\"},\"inLanguage\":\"de-DE\",\"potentialAction\":[{\"@type\":\"ReadAction\",\"target\":[\"https:\/\/www.promostar.it\/de\/prodotto\/schweisdrahtmaschinen-blockgitter\/\"]}]},{\"@type\":\"BreadcrumbList\",\"@id\":\"https:\/\/www.promostar.it\/de\/prodotto\/schweisdrahtmaschinen-blockgitter\/#breadcrumb\",\"itemListElement\":[{\"@type\":\"ListItem\",\"position\":1,\"name\":\"Home\",\"item\":\"https:\/\/www.promostar.it\/de\/home-2\/\"},{\"@type\":\"ListItem\",\"position\":2,\"name\":\"Produkte\",\"item\":\"https:\/\/www.promostar.it\/de\/shop\/\"},{\"@type\":\"ListItem\",\"position\":3,\"name\":\"Schwei\u00dfdrahtmaschinen Blockgitter\"}]},{\"@type\":\"WebSite\",\"@id\":\"https:\/\/www.promostar.it\/de\/#website\",\"url\":\"https:\/\/www.promostar.it\/de\/\",\"name\":\"PromoStar S.r.l.\",\"description\":\"Promostar \u00e8 l\u2019azienda leader e la prima ad introdurre il processo di stiratura\",\"publisher\":{\"@id\":\"https:\/\/www.promostar.it\/de\/#organization\"},\"potentialAction\":[{\"@type\":\"SearchAction\",\"target\":{\"@type\":\"EntryPoint\",\"urlTemplate\":\"https:\/\/www.promostar.it\/de\/?s={search_term_string}\"},\"query-input\":\"required name=search_term_string\"}],\"inLanguage\":\"de-DE\"},{\"@type\":\"Organization\",\"@id\":\"https:\/\/www.promostar.it\/de\/#organization\",\"name\":\"Promostar\",\"url\":\"https:\/\/www.promostar.it\/de\/\",\"logo\":{\"@type\":\"ImageObject\",\"inLanguage\":\"de-DE\",\"@id\":\"https:\/\/www.promostar.it\/de\/#\/schema\/logo\/image\/\",\"url\":\"https:\/\/www.promostar.it\/wp-content\/uploads\/2020\/10\/promostar-logo.png\",\"contentUrl\":\"https:\/\/www.promostar.it\/wp-content\/uploads\/2020\/10\/promostar-logo.png\",\"width\":210,\"height\":69,\"caption\":\"Promostar\"},\"image\":{\"@id\":\"https:\/\/www.promostar.it\/de\/#\/schema\/logo\/image\/\"}}]}<\/script>\n<!-- \/ Yoast SEO plugin. -->","yoast_head_json":{"title":"Schwei\u00dfdrahtmaschinen Blockgitter | Promostar","description":"Maschinen f\u00fcr Blockgitter aus geschwei\u00dften Dr\u00e4hten sind unsere L\u00f6sung zur Herstellung gerader oder gebogener Abstandshalter(\u201eZ\u201c-Profil), die in Produkten wie Ziegelplatten","robots":{"index":"index","follow":"follow","max-snippet":"max-snippet:-1","max-image-preview":"max-image-preview:large","max-video-preview":"max-video-preview:-1"},"canonical":"https:\/\/www.promostar.it\/de\/prodotto\/schweisdrahtmaschinen-blockgitter\/","og_locale":"de_DE","og_type":"article","og_title":"Schwei\u00dfdrahtmaschinen Blockgitter | Promostar","og_description":"Maschinen f\u00fcr Blockgitter aus geschwei\u00dften Dr\u00e4hten sind unsere L\u00f6sung zur Herstellung gerader oder gebogener Abstandshalter(\u201eZ\u201c-Profil), die in Produkten wie Ziegelplatten","og_url":"https:\/\/www.promostar.it\/de\/prodotto\/schweisdrahtmaschinen-blockgitter\/","og_site_name":"PromoStar S.r.l.","article_modified_time":"2024-11-18T15:17:09+00:00","og_image":[{"width":1200,"height":1200,"url":"https:\/\/www.promostar.it\/wp-content\/uploads\/2021\/11\/Evidenza_Block-Mesh-6.jpg","type":"image\/jpeg"}],"twitter_card":"summary_large_image","twitter_misc":{"Gesch\u00e4tzte Lesezeit":"1 Minute"},"schema":{"@context":"https:\/\/schema.org","@graph":[{"@type":"WebPage","@id":"https:\/\/www.promostar.it\/de\/prodotto\/schweisdrahtmaschinen-blockgitter\/","url":"https:\/\/www.promostar.it\/de\/prodotto\/schweisdrahtmaschinen-blockgitter\/","name":"Schwei\u00dfdrahtmaschinen Blockgitter | Promostar","isPartOf":{"@id":"https:\/\/www.promostar.it\/de\/#website"},"datePublished":"2021-11-03T15:04:25+00:00","dateModified":"2024-11-18T15:17:09+00:00","description":"Maschinen f\u00fcr Blockgitter aus geschwei\u00dften Dr\u00e4hten sind unsere L\u00f6sung zur Herstellung gerader oder gebogener Abstandshalter(\u201eZ\u201c-Profil), die in Produkten wie Ziegelplatten","breadcrumb":{"@id":"https:\/\/www.promostar.it\/de\/prodotto\/schweisdrahtmaschinen-blockgitter\/#breadcrumb"},"inLanguage":"de-DE","potentialAction":[{"@type":"ReadAction","target":["https:\/\/www.promostar.it\/de\/prodotto\/schweisdrahtmaschinen-blockgitter\/"]}]},{"@type":"BreadcrumbList","@id":"https:\/\/www.promostar.it\/de\/prodotto\/schweisdrahtmaschinen-blockgitter\/#breadcrumb","itemListElement":[{"@type":"ListItem","position":1,"name":"Home","item":"https:\/\/www.promostar.it\/de\/home-2\/"},{"@type":"ListItem","position":2,"name":"Produkte","item":"https:\/\/www.promostar.it\/de\/shop\/"},{"@type":"ListItem","position":3,"name":"Schwei\u00dfdrahtmaschinen Blockgitter"}]},{"@type":"WebSite","@id":"https:\/\/www.promostar.it\/de\/#website","url":"https:\/\/www.promostar.it\/de\/","name":"PromoStar S.r.l.","description":"Promostar \u00e8 l\u2019azienda leader e la prima ad introdurre il processo di stiratura","publisher":{"@id":"https:\/\/www.promostar.it\/de\/#organization"},"potentialAction":[{"@type":"SearchAction","target":{"@type":"EntryPoint","urlTemplate":"https:\/\/www.promostar.it\/de\/?s={search_term_string}"},"query-input":"required name=search_term_string"}],"inLanguage":"de-DE"},{"@type":"Organization","@id":"https:\/\/www.promostar.it\/de\/#organization","name":"Promostar","url":"https:\/\/www.promostar.it\/de\/","logo":{"@type":"ImageObject","inLanguage":"de-DE","@id":"https:\/\/www.promostar.it\/de\/#\/schema\/logo\/image\/","url":"https:\/\/www.promostar.it\/wp-content\/uploads\/2020\/10\/promostar-logo.png","contentUrl":"https:\/\/www.promostar.it\/wp-content\/uploads\/2020\/10\/promostar-logo.png","width":210,"height":69,"caption":"Promostar"},"image":{"@id":"https:\/\/www.promostar.it\/de\/#\/schema\/logo\/image\/"}}]}},"_links":{"self":[{"href":"https:\/\/www.promostar.it\/de\/wp-json\/wp\/v3\/product\/6099"}],"collection":[{"href":"https:\/\/www.promostar.it\/de\/wp-json\/wp\/v3\/product"}],"about":[{"href":"https:\/\/www.promostar.it\/de\/wp-json\/wp\/v2\/types\/product"}],"wp:featuredmedia":[{"embeddable":true,"href":"https:\/\/www.promostar.it\/de\/wp-json\/wp\/v2\/media\/4606"}],"wp:attachment":[{"href":"https:\/\/www.promostar.it\/de\/wp-json\/wp\/v2\/media?parent=6099"}],"wp:term":[{"taxonomy":"product_cat","embeddable":true,"href":"https:\/\/www.promostar.it\/de\/wp-json\/wp\/v2\/product_cat?post=6099"},{"taxonomy":"product_tag","embeddable":true,"href":"https:\/\/www.promostar.it\/de\/wp-json\/wp\/v2\/product_tag?post=6099"}],"curies":[{"name":"wp","href":"https:\/\/api.w.org\/{rel}","templated":true}]}}