{"id":5902,"date":"2021-11-03T16:14:54","date_gmt":"2021-11-03T15:14:54","guid":{"rendered":"https:\/\/www.promostar.it\/prodotto\/just-in-time-ltg\/"},"modified":"2023-05-08T17:08:20","modified_gmt":"2023-05-08T15:08:20","slug":"just-in-time-ltg","status":"publish","type":"product","link":"https:\/\/www.promostar.it\/de\/prodotto\/just-in-time-ltg\/","title":{"rendered":"Just in time ltg"},"content":{"rendered":"<p>[et_pb_section fb_built=&#8220;1&#8243; _builder_version=&#8220;4.17.0&#8243; _module_preset=&#8220;default&#8220; global_colors_info=&#8220;{}&#8220;][\/et_pb_section]<\/p>\n","protected":false},"excerpt":{"rendered":"<p><strong>Schwei\u00dfdrahtmaschine Just in Time LTG<\/strong> ist unsere L\u00f6sung zur Herstellung von elektrogeschwei\u00dften Gittertr\u00e4gern, die in Produkten als Bewehrung f\u00fcr den Hoch- und Industriebau, Fundamente und die Fertigteilindustrie verwendet werden.<\/p>\n<p><strong>Die Schwei\u00dfdrahtmaschine Just in Time LTG<\/strong> kombiniert den Prozess des Elektroschwei\u00dfens (durch Schwei\u00dfk\u00f6pfe) mit dem Abl\u00e4ngen und der Herstellung der Gittertr\u00e4ger.<\/p>\n<p>Im Bereich der Anlagen zur Herstellung von Gittertr\u00e4gern hat Promostar das patentierte Modell (Europ\u00e4isches Patent EP 07 150 103.5) JitLGP (Just in time Lattice Girder Plant) entwickelt, das insbesondere f\u00fcr den Einbau in Umlaufanlagen f\u00fcr die Produktion von vorgefertigten Platten konzipiert ist.<\/p>\n<p>Die JitLGP-Linie wurde speziell f\u00fcr die Anforderungen vollautomatischer Fertigteilanlagen entwickelt und ist in der Version HF (High Flexibility) in der Lage, kontinuierlich Einzeltr\u00e4ger mit geometrischen Eigenschaften herzustellen, die automatisch von Tr\u00e4ger zu Tr\u00e4ger wechseln k\u00f6nnen (in maximal 10 Sekunden).<\/p>\n","protected":false},"featured_media":4612,"template":"","meta":{"_et_pb_use_builder":"on","_et_pb_old_content":"<strong>Schwei\u00dfdrahtmaschine Just in Time LTG<\/strong> ist unsere L\u00f6sung zur Herstellung von elektrogeschwei\u00dften Gittertr\u00e4gern, die in Produkten als Bewehrung f\u00fcr den Hoch- und Industriebau, Fundamente und die Fertigteilindustrie verwendet werden.\n\n<strong>Die Schwei\u00dfdrahtmaschine Just in Time LTG<\/strong> kombiniert den Prozess des Elektroschwei\u00dfens (durch Schwei\u00dfk\u00f6pfe) mit dem Abl\u00e4ngen und der Herstellung der Gittertr\u00e4ger.\n\nIm Bereich der Anlagen zur Herstellung von Gittertr\u00e4gern hat Promostar das patentierte Modell (Europ\u00e4isches Patent EP 07 150 103.5) JitLGP (Just in time Lattice Girder Plant) entwickelt, das insbesondere f\u00fcr den Einbau in Umlaufanlagen f\u00fcr die Produktion von vorgefertigten Platten konzipiert ist.\n\nDie JitLGP-Linie wurde speziell f\u00fcr die Anforderungen vollautomatischer Fertigteilanlagen entwickelt und ist in der Version HF (High Flexibility) in der Lage, kontinuierlich Einzeltr\u00e4ger mit geometrischen Eigenschaften herzustellen, die automatisch von Tr\u00e4ger zu Tr\u00e4ger wechseln k\u00f6nnen (in maximal 10 Sekunden).\n\nDie Form und die technischen Details der Anlage erm\u00f6glichen die Herstellung eines qualitativ hochwertigen Produkts gem\u00e4\u00df der vom Kunden gew\u00fcnschten geometrischen Form und Abmessungen. Das Endprodukt bedarf keiner weiteren Bearbeitung und ist f\u00fcr die Betonanwendung sofort einsatzbereit.\n\nIm Vergleich zu manuellen Herstellungsmethoden sind die Vorteile dieser Art von automatischen Biegemaschinen die Produktivit\u00e4t, gr\u00f6\u00dfere Flexibilit\u00e4t und Schnelligkeit bei Produktions\u00e4nderungen der Durchmessergr\u00f6\u00dfen, die Qualit\u00e4t und Wiederholbarkeit des Produkts, die begrenzte Anzahl von Bedienern (nur ein Bediener steuert die ganze Anlage und muss nicht immer anwesend sein) und die Produktions- und Wartungskosten.\n\nDie Just-in-Time-LTG-Maschine besteht aus zwei Hauptteilen.\n\nDer erste Teil der Maschine ist das <strong>Beschickungssystem<\/strong>. Die automatische Richt- und Schneidemaschine ist f\u00fcr die Herstellung von auf L\u00e4nge geschnittenen gerichteten Stangen ausgehend von Draht in Spulen ausgelegt, um den Hauptk\u00f6rper der LTG Just-in-Time zu beschicken. Die Anlage ist f\u00fcr die Verarbeitung von Spulen oder Rollen aus glattem und\/oder geripptem kaltgezogenem\/gewalztem Draht sowie aus warmgewalztem Draht ausgestattet. Das herausragende Merkmal dieser Maschine ist, dass sie \u00fcber mehrere unabh\u00e4ngige Richtlinien verf\u00fcgt, eine f\u00fcr jede unterschiedliche Drahtdurchmesserkategorie, die der Kunde verarbeiten m\u00f6chte. Es gibt auch ein vollautomatisches Durchmesserwechselsystem f\u00fcr jede Linie (das nur wenige Sekunden dauert). Sie besteht aus mehreren Ablaufeinheiten, deren Anzahl von der Anzahl der ben\u00f6tigten Richtlinien abh\u00e4ngt, gefolgt von einem Drahtricht- und -schneidesystem.\n\nDer zweite Teil ist die <strong>Maschine JitLTG Body<\/strong>. Die Beschickung durch den ersten Teil der Linie besteht aus zwei Hauptgruppen: der Formungsgruppe und der Schwei\u00dfgruppe. Die <strong>Formungsgruppe<\/strong> erm\u00f6glicht das Formen des B\u00fcgels mit der Just-in-Time-\u00c4nderung der H\u00f6he, am Boden des gew\u00fcnschten Gittertr\u00e4gers. Die <strong>Schwei\u00dfgruppe<\/strong> erm\u00f6glicht dank eines <strong>Widerstandselektroschwei\u00dfverfahrens<\/strong> das Schwei\u00dfen der B\u00fcgel an die L\u00e4ngstr\u00e4ger und gew\u00e4hrleistet eine genaue Positionierung durch ein ausgekl\u00fcgeltes F\u00fchrungssystem. Die Kontrolle der Position des oberen L\u00e4ngsbalkens erm\u00f6glicht es, ein fertiges Produkt zu erhalten, das den eingestellten geometrischen Parametern entspricht. Die Besonderheit des Promostar-Schwei\u00dfsystems besteht in der Just-in-Time-Ausrichtung der Schwei\u00dfbasis, die immer parallel zu der Lage sind, auf der der B\u00fcgel aufliegt; diese Schicht \u00e4ndert ihre Neigung aufgrund der \u00c4nderung der Gittertr\u00e4gerh\u00f6he. Ein <strong>Vorschubwagen<\/strong> erm\u00f6glicht den schrittweisen Vorschub des Gittertr\u00e4gers, w\u00e4hrend eine <strong>Schere<\/strong> das Schneiden der fertig produzierten Gittertr\u00e4ger ausf\u00fchrt.\n\nBei <strong>kontinuierlicher Herstellung<\/strong> von Gittertr\u00e4gern mit konstanten Abmessungen (Durchmesser der L\u00e4ngsdr\u00e4hte, H\u00f6he der Gittertr\u00e4ger und Durchmesser des B\u00fcgeldrahts) ist es m\u00f6glich, auf traditionelle Weise (nicht nur zeitlich, sondern kontinuierlich) zu arbeiten und St\u00e4be mit maximal m\u00f6glicher L\u00e4nge in der Maschine einzuf\u00fchren und den Schnitt am Auslauf der Maschine, anstatt an der Formzange, die in der Formungsgruppe vorhanden ist, auszuf\u00fchren.\n\nDiese Art von Maschine ist Teil unserer Abteilung f\u00fcr Sondermaschinen und kann nat\u00fcrlich auf Wunsch unserer Kunden auf der Grundlage der unterschiedlichen Formen und Abmessungen der Endprodukte angepasst werden (die Planung beginnt mit dem herzustellenden Endprodukt).\n\nAufgrund der speziellen zu realisierenden Endprodukte sind alle angegebenen technischen Informationen als Richtwerte zu betrachten, und wir empfehlen, uns f\u00fcr weitere Einzelheiten zu kontaktieren.","_et_gb_content_width":""},"product_cat":[191,196],"product_tag":[],"yoast_head":"<!-- This site is optimized with the Yoast SEO plugin v20.5 - https:\/\/yoast.com\/wordpress\/plugins\/seo\/ -->\n<title>Schwei\u00dfdrahmaschine Just in Time LTG | Promostar<\/title>\n<meta name=\"description\" content=\"Schwei\u00dfdrahtmaschine Just in Time LTG ist unsere L\u00f6sung zur Herstellung von elektrogeschwei\u00dften Gittertr\u00e4gern, die in Produkten als Bewehrung\" \/>\n<meta name=\"robots\" content=\"index, follow, max-snippet:-1, max-image-preview:large, max-video-preview:-1\" \/>\n<link rel=\"canonical\" href=\"https:\/\/www.promostar.it\/de\/prodotto\/just-in-time-ltg\/\" \/>\n<meta property=\"og:locale\" content=\"de_DE\" \/>\n<meta property=\"og:type\" content=\"article\" \/>\n<meta property=\"og:title\" content=\"Schwei\u00dfdrahmaschine Just in Time LTG | Promostar\" \/>\n<meta property=\"og:description\" content=\"Schwei\u00dfdrahtmaschine Just in Time LTG ist unsere L\u00f6sung zur Herstellung von elektrogeschwei\u00dften Gittertr\u00e4gern, die in Produkten als Bewehrung\" \/>\n<meta property=\"og:url\" content=\"https:\/\/www.promostar.it\/de\/prodotto\/just-in-time-ltg\/\" \/>\n<meta property=\"og:site_name\" content=\"PromoStar S.r.l.\" \/>\n<meta property=\"article:modified_time\" content=\"2023-05-08T15:08:20+00:00\" \/>\n<meta property=\"og:image\" content=\"https:\/\/www.promostar.it\/wp-content\/uploads\/2021\/11\/copertina_Block-Mesh-6.jpg\" \/>\n\t<meta property=\"og:image:width\" content=\"1200\" \/>\n\t<meta property=\"og:image:height\" content=\"1200\" \/>\n\t<meta property=\"og:image:type\" content=\"image\/jpeg\" \/>\n<meta name=\"twitter:card\" content=\"summary_large_image\" \/>\n<script type=\"application\/ld+json\" class=\"yoast-schema-graph\">{\"@context\":\"https:\/\/schema.org\",\"@graph\":[{\"@type\":\"WebPage\",\"@id\":\"https:\/\/www.promostar.it\/de\/prodotto\/just-in-time-ltg\/\",\"url\":\"https:\/\/www.promostar.it\/de\/prodotto\/just-in-time-ltg\/\",\"name\":\"Schwei\u00dfdrahmaschine Just in Time LTG | Promostar\",\"isPartOf\":{\"@id\":\"https:\/\/www.promostar.it\/de\/#website\"},\"datePublished\":\"2021-11-03T15:14:54+00:00\",\"dateModified\":\"2023-05-08T15:08:20+00:00\",\"description\":\"Schwei\u00dfdrahtmaschine Just in Time LTG ist unsere L\u00f6sung zur Herstellung von elektrogeschwei\u00dften Gittertr\u00e4gern, die in Produkten als Bewehrung\",\"breadcrumb\":{\"@id\":\"https:\/\/www.promostar.it\/de\/prodotto\/just-in-time-ltg\/#breadcrumb\"},\"inLanguage\":\"de-DE\",\"potentialAction\":[{\"@type\":\"ReadAction\",\"target\":[\"https:\/\/www.promostar.it\/de\/prodotto\/just-in-time-ltg\/\"]}]},{\"@type\":\"BreadcrumbList\",\"@id\":\"https:\/\/www.promostar.it\/de\/prodotto\/just-in-time-ltg\/#breadcrumb\",\"itemListElement\":[{\"@type\":\"ListItem\",\"position\":1,\"name\":\"Home\",\"item\":\"https:\/\/www.promostar.it\/de\/home-2\/\"},{\"@type\":\"ListItem\",\"position\":2,\"name\":\"Produkte\",\"item\":\"https:\/\/www.promostar.it\/de\/shop\/\"},{\"@type\":\"ListItem\",\"position\":3,\"name\":\"Just in time ltg\"}]},{\"@type\":\"WebSite\",\"@id\":\"https:\/\/www.promostar.it\/de\/#website\",\"url\":\"https:\/\/www.promostar.it\/de\/\",\"name\":\"PromoStar S.r.l.\",\"description\":\"Promostar \u00e8 l\u2019azienda leader e la prima ad introdurre il processo di stiratura\",\"publisher\":{\"@id\":\"https:\/\/www.promostar.it\/de\/#organization\"},\"potentialAction\":[{\"@type\":\"SearchAction\",\"target\":{\"@type\":\"EntryPoint\",\"urlTemplate\":\"https:\/\/www.promostar.it\/de\/?s={search_term_string}\"},\"query-input\":\"required name=search_term_string\"}],\"inLanguage\":\"de-DE\"},{\"@type\":\"Organization\",\"@id\":\"https:\/\/www.promostar.it\/de\/#organization\",\"name\":\"Promostar\",\"url\":\"https:\/\/www.promostar.it\/de\/\",\"logo\":{\"@type\":\"ImageObject\",\"inLanguage\":\"de-DE\",\"@id\":\"https:\/\/www.promostar.it\/de\/#\/schema\/logo\/image\/\",\"url\":\"https:\/\/www.promostar.it\/wp-content\/uploads\/2020\/10\/promostar-logo.png\",\"contentUrl\":\"https:\/\/www.promostar.it\/wp-content\/uploads\/2020\/10\/promostar-logo.png\",\"width\":210,\"height\":69,\"caption\":\"Promostar\"},\"image\":{\"@id\":\"https:\/\/www.promostar.it\/de\/#\/schema\/logo\/image\/\"}}]}<\/script>\n<!-- \/ Yoast SEO plugin. -->","yoast_head_json":{"title":"Schwei\u00dfdrahmaschine Just in Time LTG | Promostar","description":"Schwei\u00dfdrahtmaschine Just in Time LTG ist unsere L\u00f6sung zur Herstellung von elektrogeschwei\u00dften Gittertr\u00e4gern, die in Produkten als Bewehrung","robots":{"index":"index","follow":"follow","max-snippet":"max-snippet:-1","max-image-preview":"max-image-preview:large","max-video-preview":"max-video-preview:-1"},"canonical":"https:\/\/www.promostar.it\/de\/prodotto\/just-in-time-ltg\/","og_locale":"de_DE","og_type":"article","og_title":"Schwei\u00dfdrahmaschine Just in Time LTG | Promostar","og_description":"Schwei\u00dfdrahtmaschine Just in Time LTG ist unsere L\u00f6sung zur Herstellung von elektrogeschwei\u00dften Gittertr\u00e4gern, die in Produkten als Bewehrung","og_url":"https:\/\/www.promostar.it\/de\/prodotto\/just-in-time-ltg\/","og_site_name":"PromoStar S.r.l.","article_modified_time":"2023-05-08T15:08:20+00:00","og_image":[{"width":1200,"height":1200,"url":"https:\/\/www.promostar.it\/wp-content\/uploads\/2021\/11\/copertina_Block-Mesh-6.jpg","type":"image\/jpeg"}],"twitter_card":"summary_large_image","schema":{"@context":"https:\/\/schema.org","@graph":[{"@type":"WebPage","@id":"https:\/\/www.promostar.it\/de\/prodotto\/just-in-time-ltg\/","url":"https:\/\/www.promostar.it\/de\/prodotto\/just-in-time-ltg\/","name":"Schwei\u00dfdrahmaschine Just in Time LTG | Promostar","isPartOf":{"@id":"https:\/\/www.promostar.it\/de\/#website"},"datePublished":"2021-11-03T15:14:54+00:00","dateModified":"2023-05-08T15:08:20+00:00","description":"Schwei\u00dfdrahtmaschine Just in Time LTG ist unsere L\u00f6sung zur Herstellung von elektrogeschwei\u00dften Gittertr\u00e4gern, die in Produkten als Bewehrung","breadcrumb":{"@id":"https:\/\/www.promostar.it\/de\/prodotto\/just-in-time-ltg\/#breadcrumb"},"inLanguage":"de-DE","potentialAction":[{"@type":"ReadAction","target":["https:\/\/www.promostar.it\/de\/prodotto\/just-in-time-ltg\/"]}]},{"@type":"BreadcrumbList","@id":"https:\/\/www.promostar.it\/de\/prodotto\/just-in-time-ltg\/#breadcrumb","itemListElement":[{"@type":"ListItem","position":1,"name":"Home","item":"https:\/\/www.promostar.it\/de\/home-2\/"},{"@type":"ListItem","position":2,"name":"Produkte","item":"https:\/\/www.promostar.it\/de\/shop\/"},{"@type":"ListItem","position":3,"name":"Just in time ltg"}]},{"@type":"WebSite","@id":"https:\/\/www.promostar.it\/de\/#website","url":"https:\/\/www.promostar.it\/de\/","name":"PromoStar S.r.l.","description":"Promostar \u00e8 l\u2019azienda leader e la prima ad introdurre il processo di stiratura","publisher":{"@id":"https:\/\/www.promostar.it\/de\/#organization"},"potentialAction":[{"@type":"SearchAction","target":{"@type":"EntryPoint","urlTemplate":"https:\/\/www.promostar.it\/de\/?s={search_term_string}"},"query-input":"required name=search_term_string"}],"inLanguage":"de-DE"},{"@type":"Organization","@id":"https:\/\/www.promostar.it\/de\/#organization","name":"Promostar","url":"https:\/\/www.promostar.it\/de\/","logo":{"@type":"ImageObject","inLanguage":"de-DE","@id":"https:\/\/www.promostar.it\/de\/#\/schema\/logo\/image\/","url":"https:\/\/www.promostar.it\/wp-content\/uploads\/2020\/10\/promostar-logo.png","contentUrl":"https:\/\/www.promostar.it\/wp-content\/uploads\/2020\/10\/promostar-logo.png","width":210,"height":69,"caption":"Promostar"},"image":{"@id":"https:\/\/www.promostar.it\/de\/#\/schema\/logo\/image\/"}}]}},"_links":{"self":[{"href":"https:\/\/www.promostar.it\/de\/wp-json\/wp\/v3\/product\/5902"}],"collection":[{"href":"https:\/\/www.promostar.it\/de\/wp-json\/wp\/v3\/product"}],"about":[{"href":"https:\/\/www.promostar.it\/de\/wp-json\/wp\/v2\/types\/product"}],"wp:featuredmedia":[{"embeddable":true,"href":"https:\/\/www.promostar.it\/de\/wp-json\/wp\/v2\/media\/4612"}],"wp:attachment":[{"href":"https:\/\/www.promostar.it\/de\/wp-json\/wp\/v2\/media?parent=5902"}],"wp:term":[{"taxonomy":"product_cat","embeddable":true,"href":"https:\/\/www.promostar.it\/de\/wp-json\/wp\/v2\/product_cat?post=5902"},{"taxonomy":"product_tag","embeddable":true,"href":"https:\/\/www.promostar.it\/de\/wp-json\/wp\/v2\/product_tag?post=5902"}],"curies":[{"name":"wp","href":"https:\/\/api.w.org\/{rel}","templated":true}]}}