{"id":5900,"date":"2022-04-05T15:05:00","date_gmt":"2022-04-05T13:05:00","guid":{"rendered":"https:\/\/www.promostar.it\/prodotto\/horizontale-spulmaschinen\/"},"modified":"2023-05-08T16:47:28","modified_gmt":"2023-05-08T14:47:28","slug":"horizontale-spulmaschinen","status":"publish","type":"product","link":"https:\/\/www.promostar.it\/de\/prodotto\/horizontale-spulmaschinen\/","title":{"rendered":"Horizontale Spulmaschinen"},"content":{"rendered":"<p>[et_pb_section fb_built=&#8220;1&#8243; _builder_version=&#8220;4.17.0&#8243; _module_preset=&#8220;default&#8220; global_colors_info=&#8220;{}&#8220;][\/et_pb_section]<\/p>\n","protected":false},"excerpt":{"rendered":"<p><strong>Die horizontale Spulmaschine<\/strong> wird verwendet, um <strong>Stahldraht-Kompaktspulen aus glattem, geripptem oder gezahntem Draht herzustellen<\/strong>, die in Produkten wie geschwei\u00dften Bewehrungsmatten, B\u00fcgeln, K\u00f6rben und Gittertr\u00e4gern f\u00fcr den Hoch- und Industriebau, die Fundament- und Fertigteilindustrie verwendet werden.<\/p>\n<p><strong>Die horizontale Spulmaschine<\/strong> ist unsere Basisl\u00f6sung f\u00fcr Kaltwalz- und Streckmaschinen, die mit <a href=\"https:\/\/www.promostar.it\/prodotto\/electrical-mechanical-revamping-and-refurbishment\/\"><strong><u>festen<\/u><\/strong><\/a> oder <a href=\"https:\/\/www.promostar.it\/prodotto\/collapsible-spools-take-a-part-reels\/\"><strong><u>zusammenklappbaren<\/u><\/strong><\/a> Spulen mit unterschiedlichen Abmessungen und Gewichtskapazit\u00e4ten arbeiten kann.<\/p>\n<p>Bei dieser Spulmaschine ist die Achse der Spule horizontal ausgerichtet und alle Vorg\u00e4nge (mit Ausnahme des Aufwickelns) werden manuell vom Bediener ausgef\u00fchrt (Laden und Entladen der Spule, Drahtschneiden und Drahteinf\u00fchren).<\/p>\n<p>Das Endprodukt <strong>kann jede Art von Schwei\u00dfmaschine f\u00fcr Bewehrungsgitter oder Schneid- und Biegeger\u00e4te speisen.<\/strong><\/p>\n<p>Die Maschine hat ein <strong>ergonomisches und kompaktes Layout<\/strong>, wobei alle Hauptkomponenten in einem kompakten Geh\u00e4use untergebracht sind. Diese Eigenschaft erm\u00f6glicht eine bemerkenswerte <strong>Verringerung der L\u00e4rm- und Staubausbreitung<\/strong> in die Umgebung und <strong>erh\u00f6ht das Sicherheitsniveau<\/strong>, wodurch die Arbeitsbedingungen f\u00fcr die Bediener verbessert werden.<\/p>\n","protected":false},"featured_media":4750,"template":"","meta":{"_et_pb_use_builder":"on","_et_pb_old_content":"<strong>Die horizontale Spulmaschine<\/strong> wird verwendet, um <strong>Stahldraht-Kompaktspulen aus glattem, geripptem oder gezahntem Draht herzustellen<\/strong>, die in Produkten wie geschwei\u00dften Bewehrungsmatten, B\u00fcgeln, K\u00f6rben und Gittertr\u00e4gern f\u00fcr den Hoch- und Industriebau, die Fundament- und Fertigteilindustrie verwendet werden.\n\n<strong>Die horizontale Spulmaschine<\/strong> ist unsere Basisl\u00f6sung f\u00fcr Kaltwalz- und Streckmaschinen, die mit <a href=\"https:\/\/www.promostar.it\/prodotto\/electrical-mechanical-revamping-and-refurbishment\/\"><strong><u>festen<\/u><\/strong><\/a> oder <a href=\"https:\/\/www.promostar.it\/prodotto\/collapsible-spools-take-a-part-reels\/\"><strong><u>zusammenklappbaren<\/u><\/strong><\/a> Spulen mit unterschiedlichen Abmessungen und Gewichtskapazit\u00e4ten arbeiten kann.\n\nBei dieser Spulmaschine ist die Achse der Spule horizontal ausgerichtet und alle Vorg\u00e4nge (mit Ausnahme des Aufwickelns) werden manuell vom Bediener ausgef\u00fchrt (Laden und Entladen der Spule, Drahtschneiden und Drahteinf\u00fchren).\n\nDas Endprodukt <strong>kann jede Art von Schwei\u00dfmaschine f\u00fcr Bewehrungsgitter oder Schneid- und Biegeger\u00e4te speisen.<\/strong>\n\nDie Maschine hat ein <strong>ergonomisches und kompaktes Layout<\/strong>, wobei alle Hauptkomponenten in einem kompakten Geh\u00e4use untergebracht sind. Diese Eigenschaft erm\u00f6glicht eine bemerkenswerte <strong>Verringerung der L\u00e4rm- und Staubausbreitung<\/strong> in die Umgebung und <strong>erh\u00f6ht das Sicherheitsniveau<\/strong>, wodurch die Arbeitsbedingungen f\u00fcr die Bediener verbessert werden.\n\nEin weiterer Vorteil f\u00fcr die Bediener ist die Schnelligkeit des Spulenwechsels oder der Wartungsarbeiten, da alle Hauptkomponenten wie elektrische, hydraulische und andere Systeme bequem im selben Geh\u00e4use untergebracht sind, um jeden Vorgang an der Maschine zu vereinfachen.\n\nDie Spulmaschine besteht aus einer robusten Stahlkonstruktion, die so konstruiert und hergestellt ist, dass sie die gro\u00dfen dynamischen Belastungen aush\u00e4lt, die w\u00e4hrend des Wickelns der Spulen entwickelt werden. Eine Schulter tr\u00e4gt den festen Mittelstift und die Kraft\u00fcbertragungselemente. Die \u00dcbertragungselemente umfassen eine Riemenscheibe mit entsprechenden Riemen zur Verbindung mit dem Wechselstrommotor und eine <strong>doppelte hydraulische Scheibenbremse<\/strong> f\u00fcr normalen Stopp\/Notstopps.\n\nDer bewegliche Mittelstift, der von einem Hydraulikzylinder bet\u00e4tigt wird, wird auf der gegen\u00fcberliegenden Schulter positioniert und h\u00e4lt zusammen mit dem fixen Mittelstift die Spule in Position.\n\nDie Drahtf\u00fchrungseinrichtung wird von einem Elektromotor angetrieben und erm\u00f6glicht die Regulierung des Drahtspiralenabstandes.\n\nDer bewegliche Mittelstift wird hydraulisch angetrieben, w\u00e4hrend eine bewegliche Plattform alle Spulenbewegungen innerhalb der Spulmaschine erleichtert.\n\nDie Form und die technischen Details unserer Anlagen erm\u00f6glichen die Herstellung <strong>hochwertiger Spulen, die in <a href=\"https:\/\/www.promostar.it\/prodotto\/electrical-mechanical-revamping-and-refurbishment\/\"><u>festen<\/u><\/a> Spulen oder <a href=\"https:\/\/www.promostar.it\/prodotto\/collapsible-spools-take-a-part-reels\/\"><u>Teilspulen<\/u><\/a><\/strong> mit einstellbarem Gewicht bis zu 3 Tonnen verpackt sind. In der Regel werden die produzierten Spulen f\u00fcr Bewehrungsmatten, B\u00fcgel, K\u00f6rbe und Gittertr\u00e4ger f\u00fcr den Hoch- und Industriebau, Fundamente und die Fertigteilindustrie verwendet.\n\nUnsere Drahtspulmaschine ist normalerweise Teil unserer Kaltwalz-, Streck- und Drahtziehlinien, kann aber auch in jede Art von bestehenden Linien integriert werden.","_et_gb_content_width":""},"product_cat":[194],"product_tag":[],"yoast_head":"<!-- This site is optimized with the Yoast SEO plugin v20.5 - https:\/\/yoast.com\/wordpress\/plugins\/seo\/ -->\n<title>Horizontale Spulmaschine | Promostar<\/title>\n<meta name=\"description\" content=\"Die horizontale Spulmaschine wird verwendet, um Stahldraht-Kompaktspulen aus glattem, geripptem oder gezahntem Draht herzustellen, die in Produkten\" \/>\n<meta name=\"robots\" content=\"index, follow, max-snippet:-1, max-image-preview:large, max-video-preview:-1\" \/>\n<link rel=\"canonical\" href=\"https:\/\/www.promostar.it\/de\/prodotto\/horizontale-spulmaschinen\/\" \/>\n<meta property=\"og:locale\" content=\"de_DE\" \/>\n<meta property=\"og:type\" content=\"article\" \/>\n<meta property=\"og:title\" content=\"Horizontale Spulmaschine | Promostar\" \/>\n<meta property=\"og:description\" content=\"Die horizontale Spulmaschine wird verwendet, um Stahldraht-Kompaktspulen aus glattem, geripptem oder gezahntem Draht herzustellen, die in Produkten\" \/>\n<meta property=\"og:url\" content=\"https:\/\/www.promostar.it\/de\/prodotto\/horizontale-spulmaschinen\/\" \/>\n<meta property=\"og:site_name\" content=\"PromoStar S.r.l.\" \/>\n<meta property=\"article:modified_time\" content=\"2023-05-08T14:47:28+00:00\" \/>\n<meta property=\"og:image\" content=\"https:\/\/www.promostar.it\/wp-content\/uploads\/2022\/04\/Copertine_Horizontal-Spooler-1.jpg\" \/>\n\t<meta property=\"og:image:width\" content=\"465\" \/>\n\t<meta property=\"og:image:height\" content=\"465\" \/>\n\t<meta property=\"og:image:type\" content=\"image\/jpeg\" \/>\n<meta name=\"twitter:card\" content=\"summary_large_image\" \/>\n<script type=\"application\/ld+json\" class=\"yoast-schema-graph\">{\"@context\":\"https:\/\/schema.org\",\"@graph\":[{\"@type\":\"WebPage\",\"@id\":\"https:\/\/www.promostar.it\/de\/prodotto\/horizontale-spulmaschinen\/\",\"url\":\"https:\/\/www.promostar.it\/de\/prodotto\/horizontale-spulmaschinen\/\",\"name\":\"Horizontale Spulmaschine | Promostar\",\"isPartOf\":{\"@id\":\"https:\/\/www.promostar.it\/de\/#website\"},\"datePublished\":\"2022-04-05T13:05:00+00:00\",\"dateModified\":\"2023-05-08T14:47:28+00:00\",\"description\":\"Die horizontale Spulmaschine wird verwendet, um Stahldraht-Kompaktspulen aus glattem, geripptem oder gezahntem Draht herzustellen, die in Produkten\",\"breadcrumb\":{\"@id\":\"https:\/\/www.promostar.it\/de\/prodotto\/horizontale-spulmaschinen\/#breadcrumb\"},\"inLanguage\":\"de-DE\",\"potentialAction\":[{\"@type\":\"ReadAction\",\"target\":[\"https:\/\/www.promostar.it\/de\/prodotto\/horizontale-spulmaschinen\/\"]}]},{\"@type\":\"BreadcrumbList\",\"@id\":\"https:\/\/www.promostar.it\/de\/prodotto\/horizontale-spulmaschinen\/#breadcrumb\",\"itemListElement\":[{\"@type\":\"ListItem\",\"position\":1,\"name\":\"Home\",\"item\":\"https:\/\/www.promostar.it\/de\/home-2\/\"},{\"@type\":\"ListItem\",\"position\":2,\"name\":\"Produkte\",\"item\":\"https:\/\/www.promostar.it\/de\/shop\/\"},{\"@type\":\"ListItem\",\"position\":3,\"name\":\"Horizontale Spulmaschinen\"}]},{\"@type\":\"WebSite\",\"@id\":\"https:\/\/www.promostar.it\/de\/#website\",\"url\":\"https:\/\/www.promostar.it\/de\/\",\"name\":\"PromoStar S.r.l.\",\"description\":\"Promostar \u00e8 l\u2019azienda leader e la prima ad introdurre il processo di stiratura\",\"publisher\":{\"@id\":\"https:\/\/www.promostar.it\/de\/#organization\"},\"potentialAction\":[{\"@type\":\"SearchAction\",\"target\":{\"@type\":\"EntryPoint\",\"urlTemplate\":\"https:\/\/www.promostar.it\/de\/?s={search_term_string}\"},\"query-input\":\"required name=search_term_string\"}],\"inLanguage\":\"de-DE\"},{\"@type\":\"Organization\",\"@id\":\"https:\/\/www.promostar.it\/de\/#organization\",\"name\":\"Promostar\",\"url\":\"https:\/\/www.promostar.it\/de\/\",\"logo\":{\"@type\":\"ImageObject\",\"inLanguage\":\"de-DE\",\"@id\":\"https:\/\/www.promostar.it\/de\/#\/schema\/logo\/image\/\",\"url\":\"https:\/\/www.promostar.it\/wp-content\/uploads\/2020\/10\/promostar-logo.png\",\"contentUrl\":\"https:\/\/www.promostar.it\/wp-content\/uploads\/2020\/10\/promostar-logo.png\",\"width\":210,\"height\":69,\"caption\":\"Promostar\"},\"image\":{\"@id\":\"https:\/\/www.promostar.it\/de\/#\/schema\/logo\/image\/\"}}]}<\/script>\n<!-- \/ Yoast SEO plugin. -->","yoast_head_json":{"title":"Horizontale Spulmaschine | Promostar","description":"Die horizontale Spulmaschine wird verwendet, um Stahldraht-Kompaktspulen aus glattem, geripptem oder gezahntem Draht herzustellen, die in Produkten","robots":{"index":"index","follow":"follow","max-snippet":"max-snippet:-1","max-image-preview":"max-image-preview:large","max-video-preview":"max-video-preview:-1"},"canonical":"https:\/\/www.promostar.it\/de\/prodotto\/horizontale-spulmaschinen\/","og_locale":"de_DE","og_type":"article","og_title":"Horizontale Spulmaschine | Promostar","og_description":"Die horizontale Spulmaschine wird verwendet, um Stahldraht-Kompaktspulen aus glattem, geripptem oder gezahntem Draht herzustellen, die in Produkten","og_url":"https:\/\/www.promostar.it\/de\/prodotto\/horizontale-spulmaschinen\/","og_site_name":"PromoStar S.r.l.","article_modified_time":"2023-05-08T14:47:28+00:00","og_image":[{"width":465,"height":465,"url":"https:\/\/www.promostar.it\/wp-content\/uploads\/2022\/04\/Copertine_Horizontal-Spooler-1.jpg","type":"image\/jpeg"}],"twitter_card":"summary_large_image","schema":{"@context":"https:\/\/schema.org","@graph":[{"@type":"WebPage","@id":"https:\/\/www.promostar.it\/de\/prodotto\/horizontale-spulmaschinen\/","url":"https:\/\/www.promostar.it\/de\/prodotto\/horizontale-spulmaschinen\/","name":"Horizontale Spulmaschine | Promostar","isPartOf":{"@id":"https:\/\/www.promostar.it\/de\/#website"},"datePublished":"2022-04-05T13:05:00+00:00","dateModified":"2023-05-08T14:47:28+00:00","description":"Die horizontale Spulmaschine wird verwendet, um Stahldraht-Kompaktspulen aus glattem, geripptem oder gezahntem Draht herzustellen, die in Produkten","breadcrumb":{"@id":"https:\/\/www.promostar.it\/de\/prodotto\/horizontale-spulmaschinen\/#breadcrumb"},"inLanguage":"de-DE","potentialAction":[{"@type":"ReadAction","target":["https:\/\/www.promostar.it\/de\/prodotto\/horizontale-spulmaschinen\/"]}]},{"@type":"BreadcrumbList","@id":"https:\/\/www.promostar.it\/de\/prodotto\/horizontale-spulmaschinen\/#breadcrumb","itemListElement":[{"@type":"ListItem","position":1,"name":"Home","item":"https:\/\/www.promostar.it\/de\/home-2\/"},{"@type":"ListItem","position":2,"name":"Produkte","item":"https:\/\/www.promostar.it\/de\/shop\/"},{"@type":"ListItem","position":3,"name":"Horizontale Spulmaschinen"}]},{"@type":"WebSite","@id":"https:\/\/www.promostar.it\/de\/#website","url":"https:\/\/www.promostar.it\/de\/","name":"PromoStar S.r.l.","description":"Promostar \u00e8 l\u2019azienda leader e la prima ad introdurre il processo di stiratura","publisher":{"@id":"https:\/\/www.promostar.it\/de\/#organization"},"potentialAction":[{"@type":"SearchAction","target":{"@type":"EntryPoint","urlTemplate":"https:\/\/www.promostar.it\/de\/?s={search_term_string}"},"query-input":"required name=search_term_string"}],"inLanguage":"de-DE"},{"@type":"Organization","@id":"https:\/\/www.promostar.it\/de\/#organization","name":"Promostar","url":"https:\/\/www.promostar.it\/de\/","logo":{"@type":"ImageObject","inLanguage":"de-DE","@id":"https:\/\/www.promostar.it\/de\/#\/schema\/logo\/image\/","url":"https:\/\/www.promostar.it\/wp-content\/uploads\/2020\/10\/promostar-logo.png","contentUrl":"https:\/\/www.promostar.it\/wp-content\/uploads\/2020\/10\/promostar-logo.png","width":210,"height":69,"caption":"Promostar"},"image":{"@id":"https:\/\/www.promostar.it\/de\/#\/schema\/logo\/image\/"}}]}},"_links":{"self":[{"href":"https:\/\/www.promostar.it\/de\/wp-json\/wp\/v3\/product\/5900"}],"collection":[{"href":"https:\/\/www.promostar.it\/de\/wp-json\/wp\/v3\/product"}],"about":[{"href":"https:\/\/www.promostar.it\/de\/wp-json\/wp\/v2\/types\/product"}],"wp:featuredmedia":[{"embeddable":true,"href":"https:\/\/www.promostar.it\/de\/wp-json\/wp\/v2\/media\/4750"}],"wp:attachment":[{"href":"https:\/\/www.promostar.it\/de\/wp-json\/wp\/v2\/media?parent=5900"}],"wp:term":[{"taxonomy":"product_cat","embeddable":true,"href":"https:\/\/www.promostar.it\/de\/wp-json\/wp\/v2\/product_cat?post=5900"},{"taxonomy":"product_tag","embeddable":true,"href":"https:\/\/www.promostar.it\/de\/wp-json\/wp\/v2\/product_tag?post=5900"}],"curies":[{"name":"wp","href":"https:\/\/api.w.org\/{rel}","templated":true}]}}