{"id":5899,"date":"2022-04-05T15:14:37","date_gmt":"2022-04-05T13:14:37","guid":{"rendered":"https:\/\/www.promostar.it\/prodotto\/statische-coiler-dead-block-maschinen\/"},"modified":"2023-05-08T16:25:27","modified_gmt":"2023-05-08T14:25:27","slug":"statische-coiler-dead-block-maschinen","status":"publish","type":"product","link":"https:\/\/www.promostar.it\/de\/prodotto\/statische-coiler-dead-block-maschinen\/","title":{"rendered":"Statische Coiler-Dead-Block-Maschinen"},"content":{"rendered":"<p>[et_pb_section fb_built=&#8220;1&#8243; _builder_version=&#8220;4.17.0&#8243; _module_preset=&#8220;default&#8220; global_colors_info=&#8220;{}&#8220;][\/et_pb_section]<\/p>\n","protected":false},"excerpt":{"rendered":"<p><strong>Statische Coiler-Dead-Block-Maschinen<\/strong> werden zur Herstellung von <strong>Stahldrahtrollen verwendet<\/strong>, die im industriellen oder landwirtschaftlichen Bereich zur Herstellung von glattem Draht, verzinktem Draht, blankem Draht, Stacheldraht, Sprengdraht, Barrieren, Zaundraht, Federdraht, N\u00e4geln und Bindedraht usw. verwendet werden.<\/p>\n<p>Die von Promostar hergestellten <strong>statischen Coiler-Dead-Block-Maschinen<\/strong> sind einzelne Einheiten, die in der Lage sind, den Stahldraht nach dem Ziehen oder dem Kaltwalzprozess auf feste oder <a href=\"https:\/\/www.promostar.it\/prodotto\/spider-reels-wire-carrier\/\"><u>rotierende Spulen mit unterschiedlicher<\/u><\/a> Gewichtskapazit\u00e4t zu wickeln.<\/p>\n<p>Der <strong>statische Coiler-Dead-Block<\/strong> ist unsere Maschine, die f\u00fcr Kaltziehdrahtlinien bestimmt ist.<\/p>\n<p>Sie besteht aus einer robusten geschwei\u00dften Stahlkonstruktion mit <strong>horizontalem Formkopf<\/strong>, der zum Sammeln von gezogenem Draht auf <strong>vertikalen Spindeln (<\/strong><a href=\"https:\/\/www.promostar.it\/prodotto\/spider-reels-wire-carrier\/\"><strong><u>Drahthaspeln<\/u><\/strong><\/a><strong>)<\/strong> bestimmt ist. Die aus L\u00e4rm- und Sicherheitsaspekten vollst\u00e4ndig geschlossene Struktur ist so konzipiert, dass sie die gesamte mechanische Kraft\u00fcbertragung sowie den Hauptmotor enth\u00e4lt.<\/p>\n<p>Der <strong>Formkopf<\/strong> besteht aus einer <strong>Doppelrolle<\/strong>, die auf Lagern montiert ist, die auf einer Hohlwelle positioniert sind.<\/p>\n","protected":false},"featured_media":4807,"template":"","meta":{"_et_pb_use_builder":"on","_et_pb_old_content":"<strong>Statische Coiler-Dead-Block-Maschinen<\/strong> werden zur Herstellung von <strong>Stahldrahtrollen verwendet<\/strong>, die im industriellen oder landwirtschaftlichen Bereich zur Herstellung von glattem Draht, verzinktem Draht, blankem Draht, Stacheldraht, Sprengdraht, Barrieren, Zaundraht, Federdraht, N\u00e4geln und Bindedraht usw. verwendet werden.\n\nDie von Promostar hergestellten <strong>statischen Coiler-Dead-Block-Maschinen<\/strong> sind einzelne Einheiten, die in der Lage sind, den Stahldraht nach dem Ziehen oder dem Kaltwalzprozess auf feste oder <a href=\"https:\/\/www.promostar.it\/prodotto\/spider-reels-wire-carrier\/\"><u>rotierende Spulen mit unterschiedlicher<\/u><\/a> Gewichtskapazit\u00e4t zu wickeln.\n\nDer <strong>statische Coiler-Dead-Block<\/strong> ist unsere Maschine, die f\u00fcr Kaltziehdrahtlinien bestimmt ist.\n\nSie besteht aus einer robusten geschwei\u00dften Stahlkonstruktion mit <strong>horizontalem Formkopf<\/strong>, der zum Sammeln von gezogenem Draht auf <strong>vertikalen Spindeln (<\/strong><a href=\"https:\/\/www.promostar.it\/prodotto\/spider-reels-wire-carrier\/\"><strong><u>Drahthaspeln<\/u><\/strong><\/a><strong>)<\/strong> bestimmt ist. Die aus L\u00e4rm- und Sicherheitsaspekten vollst\u00e4ndig geschlossene Struktur ist so konzipiert, dass sie die gesamte mechanische Kraft\u00fcbertragung sowie den Hauptmotor enth\u00e4lt.\n\nDer <strong>Formkopf<\/strong> besteht aus einer <strong>Doppelrolle<\/strong>, die auf Lagern montiert ist, die auf einer Hohlwelle positioniert sind.\n\n\u00a0\n\nDas Wickeln des Drahtes auf den Formkopf wird durch einen <strong>rotierenden Arm<\/strong> erreicht, der an der hohlen Welle des Formkopfes befestigt ist, durch die der Draht l\u00e4uft. Auf dieser am Umfang umlaufenden Drehvorrichtung ist eine <strong>Drahtrichteinheit montiert<\/strong>, die Rollen auf zwei orthogonalen Ebenen (vertikal und horizontal) und drei Drahtumlenkrollen aufweist.\n\nDie Armgeschwindigkeit wird kontinuierlich variiert, um entsprechend der Geschwindigkeit des Drahtes zu arbeiten, wenn er die Mehrfachdurchlauflinie verl\u00e4sst.\n\nDie Kraft\u00fcbertragung vom Hauptmotor (Wechselstrom) zum Dreharm erfolgt \u00fcber Keilriemen und ausgewuchteten Riemenscheiben. Auf der Formkopfwelle ist auch eine elektropneumatische Scheibenbremse positioniert. Das Bremsen, sowohl im Notfall als auch unter normalen Verz\u00f6gerungsbedingungen, wird durch ein gesteuertes regeneratives Bremsen erreicht.\n\nDar\u00fcber hinaus haben alle Teile, die mit dem Draht in Kontakt kommen, eine geh\u00e4rtete Arbeitsfl\u00e4che, w\u00e4hrend der Formkopf, auf dem der Draht gesammelt wird, durch ein K\u00fchlsystem wassergek\u00fchlt wird.\n\nEine langgestreckte r\u00f6hrenf\u00f6rmige Drahtf\u00fchrung, die mit dem Formkopf verschraubt ist, erm\u00f6glicht die Bewegung des Drahts in Richtung der Spindel. Eine Hubvorrichtung, gesteuert durch einen Pneumatikzylinder, erm\u00f6glicht das Anheben dieser F\u00fchrung, um das Wechseln der Drahtaufnahmespindel (Drahthaspeln) zu erleichtern, wenn diese voll ist. Diese F\u00fchrung fungiert auch als Drahtsammelbereich, um den Draht zu halten, wenn die volle Spindel (Drahthaspel) entfernt und ein leerer in der Position der Drahtaufnahemeinheit platziert wird.\n\nAuf dem Dead-Block ist ein Steuerpult mit allen Befehlen und Warnleuchten installiert, die f\u00fcr das ordnungsgem\u00e4\u00dfe Funktionieren des Haspels erforderlich sind, genau wie bei Mehrfachdruchlaufinien.\n\nKann auf Kundenwunsch mit verschiedenen Vorrichtungen konfiguriert werden, wie z. B. einem zus\u00e4tzlichen Reduktionsdurchlauf (auch Skin-Durchlauf genannt), einer drehbaren Haspel-Plattform oder einer Haspel-Plattform mit mehreren Positionen.\n\nUnsere statischen Coiler-Deadblock-Maschinen sind Teil unserer Drahtziehanlagen, k\u00f6nnen aber auch in jede Art von bestehenden Linien integriert werden.","_et_gb_content_width":""},"product_cat":[194],"product_tag":[],"yoast_head":"<!-- This site is optimized with the Yoast SEO plugin v20.5 - https:\/\/yoast.com\/wordpress\/plugins\/seo\/ -->\n<title>Statische Coiler-Dead-Block-Maschinen | Promostar<\/title>\n<meta name=\"description\" content=\"Statische Coiler-Blockbockmaschinen werden zur Herstellung von Stahldrahtrollen f\u00fcr den Einsatz im industriellen oder landwirtschaftlichen Bereich eingesetzt\" \/>\n<meta name=\"robots\" content=\"index, follow, max-snippet:-1, max-image-preview:large, max-video-preview:-1\" \/>\n<link rel=\"canonical\" href=\"https:\/\/www.promostar.it\/de\/prodotto\/statische-coiler-dead-block-maschinen\/\" \/>\n<meta property=\"og:locale\" content=\"de_DE\" \/>\n<meta property=\"og:type\" content=\"article\" \/>\n<meta property=\"og:title\" content=\"Statische Coiler-Dead-Block-Maschinen | Promostar\" \/>\n<meta property=\"og:description\" content=\"Statische Coiler-Blockbockmaschinen werden zur Herstellung von Stahldrahtrollen f\u00fcr den Einsatz im industriellen oder landwirtschaftlichen Bereich eingesetzt\" \/>\n<meta property=\"og:url\" content=\"https:\/\/www.promostar.it\/de\/prodotto\/statische-coiler-dead-block-maschinen\/\" \/>\n<meta property=\"og:site_name\" content=\"PromoStar S.r.l.\" \/>\n<meta property=\"article:modified_time\" content=\"2023-05-08T14:25:27+00:00\" \/>\n<meta property=\"og:image\" content=\"https:\/\/www.promostar.it\/wp-content\/uploads\/2022\/04\/Copertina-Static-Coiler-1.jpg\" \/>\n\t<meta property=\"og:image:width\" content=\"465\" \/>\n\t<meta property=\"og:image:height\" content=\"465\" \/>\n\t<meta property=\"og:image:type\" content=\"image\/jpeg\" \/>\n<meta name=\"twitter:card\" content=\"summary_large_image\" \/>\n<script type=\"application\/ld+json\" class=\"yoast-schema-graph\">{\"@context\":\"https:\/\/schema.org\",\"@graph\":[{\"@type\":\"WebPage\",\"@id\":\"https:\/\/www.promostar.it\/de\/prodotto\/statische-coiler-dead-block-maschinen\/\",\"url\":\"https:\/\/www.promostar.it\/de\/prodotto\/statische-coiler-dead-block-maschinen\/\",\"name\":\"Statische Coiler-Dead-Block-Maschinen | Promostar\",\"isPartOf\":{\"@id\":\"https:\/\/www.promostar.it\/de\/#website\"},\"datePublished\":\"2022-04-05T13:14:37+00:00\",\"dateModified\":\"2023-05-08T14:25:27+00:00\",\"description\":\"Statische Coiler-Blockbockmaschinen werden zur Herstellung von Stahldrahtrollen f\u00fcr den Einsatz im industriellen oder landwirtschaftlichen Bereich eingesetzt\",\"breadcrumb\":{\"@id\":\"https:\/\/www.promostar.it\/de\/prodotto\/statische-coiler-dead-block-maschinen\/#breadcrumb\"},\"inLanguage\":\"de-DE\",\"potentialAction\":[{\"@type\":\"ReadAction\",\"target\":[\"https:\/\/www.promostar.it\/de\/prodotto\/statische-coiler-dead-block-maschinen\/\"]}]},{\"@type\":\"BreadcrumbList\",\"@id\":\"https:\/\/www.promostar.it\/de\/prodotto\/statische-coiler-dead-block-maschinen\/#breadcrumb\",\"itemListElement\":[{\"@type\":\"ListItem\",\"position\":1,\"name\":\"Home\",\"item\":\"https:\/\/www.promostar.it\/de\/home-2\/\"},{\"@type\":\"ListItem\",\"position\":2,\"name\":\"Produkte\",\"item\":\"https:\/\/www.promostar.it\/de\/shop\/\"},{\"@type\":\"ListItem\",\"position\":3,\"name\":\"Statische Coiler-Dead-Block-Maschinen\"}]},{\"@type\":\"WebSite\",\"@id\":\"https:\/\/www.promostar.it\/de\/#website\",\"url\":\"https:\/\/www.promostar.it\/de\/\",\"name\":\"PromoStar S.r.l.\",\"description\":\"Promostar \u00e8 l\u2019azienda leader e la prima ad introdurre il processo di stiratura\",\"publisher\":{\"@id\":\"https:\/\/www.promostar.it\/de\/#organization\"},\"potentialAction\":[{\"@type\":\"SearchAction\",\"target\":{\"@type\":\"EntryPoint\",\"urlTemplate\":\"https:\/\/www.promostar.it\/de\/?s={search_term_string}\"},\"query-input\":\"required name=search_term_string\"}],\"inLanguage\":\"de-DE\"},{\"@type\":\"Organization\",\"@id\":\"https:\/\/www.promostar.it\/de\/#organization\",\"name\":\"Promostar\",\"url\":\"https:\/\/www.promostar.it\/de\/\",\"logo\":{\"@type\":\"ImageObject\",\"inLanguage\":\"de-DE\",\"@id\":\"https:\/\/www.promostar.it\/de\/#\/schema\/logo\/image\/\",\"url\":\"https:\/\/www.promostar.it\/wp-content\/uploads\/2020\/10\/promostar-logo.png\",\"contentUrl\":\"https:\/\/www.promostar.it\/wp-content\/uploads\/2020\/10\/promostar-logo.png\",\"width\":210,\"height\":69,\"caption\":\"Promostar\"},\"image\":{\"@id\":\"https:\/\/www.promostar.it\/de\/#\/schema\/logo\/image\/\"}}]}<\/script>\n<!-- \/ Yoast SEO plugin. -->","yoast_head_json":{"title":"Statische Coiler-Dead-Block-Maschinen | Promostar","description":"Statische Coiler-Blockbockmaschinen werden zur Herstellung von Stahldrahtrollen f\u00fcr den Einsatz im industriellen oder landwirtschaftlichen Bereich eingesetzt","robots":{"index":"index","follow":"follow","max-snippet":"max-snippet:-1","max-image-preview":"max-image-preview:large","max-video-preview":"max-video-preview:-1"},"canonical":"https:\/\/www.promostar.it\/de\/prodotto\/statische-coiler-dead-block-maschinen\/","og_locale":"de_DE","og_type":"article","og_title":"Statische Coiler-Dead-Block-Maschinen | Promostar","og_description":"Statische Coiler-Blockbockmaschinen werden zur Herstellung von Stahldrahtrollen f\u00fcr den Einsatz im industriellen oder landwirtschaftlichen Bereich eingesetzt","og_url":"https:\/\/www.promostar.it\/de\/prodotto\/statische-coiler-dead-block-maschinen\/","og_site_name":"PromoStar S.r.l.","article_modified_time":"2023-05-08T14:25:27+00:00","og_image":[{"width":465,"height":465,"url":"https:\/\/www.promostar.it\/wp-content\/uploads\/2022\/04\/Copertina-Static-Coiler-1.jpg","type":"image\/jpeg"}],"twitter_card":"summary_large_image","schema":{"@context":"https:\/\/schema.org","@graph":[{"@type":"WebPage","@id":"https:\/\/www.promostar.it\/de\/prodotto\/statische-coiler-dead-block-maschinen\/","url":"https:\/\/www.promostar.it\/de\/prodotto\/statische-coiler-dead-block-maschinen\/","name":"Statische Coiler-Dead-Block-Maschinen | Promostar","isPartOf":{"@id":"https:\/\/www.promostar.it\/de\/#website"},"datePublished":"2022-04-05T13:14:37+00:00","dateModified":"2023-05-08T14:25:27+00:00","description":"Statische Coiler-Blockbockmaschinen werden zur Herstellung von Stahldrahtrollen f\u00fcr den Einsatz im industriellen oder landwirtschaftlichen Bereich eingesetzt","breadcrumb":{"@id":"https:\/\/www.promostar.it\/de\/prodotto\/statische-coiler-dead-block-maschinen\/#breadcrumb"},"inLanguage":"de-DE","potentialAction":[{"@type":"ReadAction","target":["https:\/\/www.promostar.it\/de\/prodotto\/statische-coiler-dead-block-maschinen\/"]}]},{"@type":"BreadcrumbList","@id":"https:\/\/www.promostar.it\/de\/prodotto\/statische-coiler-dead-block-maschinen\/#breadcrumb","itemListElement":[{"@type":"ListItem","position":1,"name":"Home","item":"https:\/\/www.promostar.it\/de\/home-2\/"},{"@type":"ListItem","position":2,"name":"Produkte","item":"https:\/\/www.promostar.it\/de\/shop\/"},{"@type":"ListItem","position":3,"name":"Statische Coiler-Dead-Block-Maschinen"}]},{"@type":"WebSite","@id":"https:\/\/www.promostar.it\/de\/#website","url":"https:\/\/www.promostar.it\/de\/","name":"PromoStar S.r.l.","description":"Promostar \u00e8 l\u2019azienda leader e la prima ad introdurre il processo di stiratura","publisher":{"@id":"https:\/\/www.promostar.it\/de\/#organization"},"potentialAction":[{"@type":"SearchAction","target":{"@type":"EntryPoint","urlTemplate":"https:\/\/www.promostar.it\/de\/?s={search_term_string}"},"query-input":"required name=search_term_string"}],"inLanguage":"de-DE"},{"@type":"Organization","@id":"https:\/\/www.promostar.it\/de\/#organization","name":"Promostar","url":"https:\/\/www.promostar.it\/de\/","logo":{"@type":"ImageObject","inLanguage":"de-DE","@id":"https:\/\/www.promostar.it\/de\/#\/schema\/logo\/image\/","url":"https:\/\/www.promostar.it\/wp-content\/uploads\/2020\/10\/promostar-logo.png","contentUrl":"https:\/\/www.promostar.it\/wp-content\/uploads\/2020\/10\/promostar-logo.png","width":210,"height":69,"caption":"Promostar"},"image":{"@id":"https:\/\/www.promostar.it\/de\/#\/schema\/logo\/image\/"}}]}},"_links":{"self":[{"href":"https:\/\/www.promostar.it\/de\/wp-json\/wp\/v3\/product\/5899"}],"collection":[{"href":"https:\/\/www.promostar.it\/de\/wp-json\/wp\/v3\/product"}],"about":[{"href":"https:\/\/www.promostar.it\/de\/wp-json\/wp\/v2\/types\/product"}],"wp:featuredmedia":[{"embeddable":true,"href":"https:\/\/www.promostar.it\/de\/wp-json\/wp\/v2\/media\/4807"}],"wp:attachment":[{"href":"https:\/\/www.promostar.it\/de\/wp-json\/wp\/v2\/media?parent=5899"}],"wp:term":[{"taxonomy":"product_cat","embeddable":true,"href":"https:\/\/www.promostar.it\/de\/wp-json\/wp\/v2\/product_cat?post=5899"},{"taxonomy":"product_tag","embeddable":true,"href":"https:\/\/www.promostar.it\/de\/wp-json\/wp\/v2\/product_tag?post=5899"}],"curies":[{"name":"wp","href":"https:\/\/api.w.org\/{rel}","templated":true}]}}