{"id":5898,"date":"2022-04-05T15:33:06","date_gmt":"2022-04-05T13:33:06","guid":{"rendered":"https:\/\/www.promostar.it\/prodotto\/vertikale-automatische-spulmaschine\/"},"modified":"2025-03-27T14:28:36","modified_gmt":"2025-03-27T13:28:36","slug":"vertikale-automatische-spulmaschine","status":"publish","type":"product","link":"https:\/\/www.promostar.it\/de\/prodotto\/vertikale-automatische-spulmaschine\/","title":{"rendered":"Vertikale automatische Spulmaschine"},"content":{"rendered":"<p>[et_pb_section fb_built=&#8220;1&#8243; _builder_version=&#8220;4.17.0&#8243; _module_preset=&#8220;default&#8220; global_colors_info=&#8220;{}&#8220;][\/et_pb_section]<\/p>\n","protected":false},"excerpt":{"rendered":"<p><strong>Vertikale automatische Spulmaschine<\/strong> wird verwendet, um <strong>Stahldraht-Kompaktspulen aus glattem, geripptem oder gezahntem Draht herzustellen<\/strong>, die in Produkten wie geschwei\u00dften Bewehrungsmatten, B\u00fcgeln, K\u00f6rben und Gittertr\u00e4gern f\u00fcr den Hoch- und Industriebau, die Fundament- und Fertigteilindustrie verwendet werden.<\/p>\n<p><strong>Die vertikale automatische Spulmaschine<\/strong> ist unsere High-Level-L\u00f6sung f\u00fcr Kaltwalz- und Streckmaschinen, die mit <a href=\"https:\/\/www.promostar.it\/prodotto\/electrical-mechanical-revamping-and-refurbishment\/\"><u>festen<\/u><\/a> oder <a href=\"https:\/\/www.promostar.it\/prodotto\/collapsible-spools-take-a-part-reels\/\"><u>zusammenklappbaren<\/u><\/a> Spulen mit unterschiedlichen Abmessungen und Gewichtskapazit\u00e4ten arbeiten kann.<\/p>\n<p>Bei dieser Spulmaschine ist die Spulenachse vertikal ausgerichtet, und <strong>alle Vorg\u00e4nge werden vollautomatisch von der Maschine<\/strong> ohne Eingreifen des Bedieners ausgef\u00fchrt (Laden und Entladen der Spule, Wickeln, Drahtschneiden, Drahtprobenentnahme und Drahteinf\u00fchrung).<\/p>\n<p>Das Endprodukt <strong>kann jede Art von Schwei\u00dfmaschine f\u00fcr Bewehrungsgitter oder Schneid- und Biegeger\u00e4te speisen<\/strong>.<\/p>\n<p>Die Maschine hat ein <strong>ergonomisches und kompaktes Layout<\/strong>, wobei alle Hauptkomponenten in einem kompakten Geh\u00e4use untergebracht sind. Diese Merkmale erm\u00f6glicht zusammen mit der Verwendung von Keilriemen eine bemerkenswerte <strong>Reduzierung der L\u00e4rm- und Staubausbreitung<\/strong> in die Umgebung und <strong>erh\u00f6hen das Sicherheitsniveau<\/strong>, wodurch maximale Ergonomie f\u00fcr den Bediener garantiert wird.<\/p>\n","protected":false},"featured_media":4744,"template":"","meta":{"_et_pb_use_builder":"on","_et_pb_old_content":"<strong>Vertikale automatische Spulmaschine<\/strong> wird verwendet, um <strong>Stahldraht-Kompaktspulen aus glattem, geripptem oder gezahntem Draht herzustellen<\/strong>, die in Produkten wie geschwei\u00dften Bewehrungsmatten, B\u00fcgeln, K\u00f6rben und Gittertr\u00e4gern f\u00fcr den Hoch- und Industriebau, die Fundament- und Fertigteilindustrie verwendet werden.\r\n\r\n<strong>Die vertikale automatische Spulmaschine<\/strong> ist unsere High-Level-L\u00f6sung f\u00fcr Kaltwalz- und Streckmaschinen, die mit <a href=\"https:\/\/www.promostar.it\/prodotto\/electrical-mechanical-revamping-and-refurbishment\/\"><u>festen<\/u><\/a> oder <a href=\"https:\/\/www.promostar.it\/prodotto\/collapsible-spools-take-a-part-reels\/\"><u>zusammenklappbaren<\/u><\/a> Spulen mit unterschiedlichen Abmessungen und Gewichtskapazit\u00e4ten arbeiten kann.\r\n\r\nBei dieser Spulmaschine ist die Spulenachse vertikal ausgerichtet, und <strong>alle Vorg\u00e4nge werden vollautomatisch von der Maschine<\/strong> ohne Eingreifen des Bedieners ausgef\u00fchrt (Laden und Entladen der Spule, Wickeln, Drahtschneiden, Drahtprobenentnahme und Drahteinf\u00fchrung).\r\n\r\nDas Endprodukt <strong>kann jede Art von Schwei\u00dfmaschine f\u00fcr Bewehrungsgitter oder Schneid- und Biegeger\u00e4te speisen.<\/strong>\r\n\r\nDie Maschine hat ein <strong>ergonomisches und kompaktes Layout<\/strong>, wobei alle Hauptkomponenten in einem kompakten Geh\u00e4use untergebracht sind. Diese Merkmale erm\u00f6glicht zusammen mit der Verwendung von Keilriemen eine bemerkenswerte <strong>Reduzierung der L\u00e4rm- und Staubausbreitung<\/strong> in die Umgebung und <strong>erh\u00f6hen das Sicherheitsniveau<\/strong>, wodurch maximale Ergonomie f\u00fcr den Bediener garantiert wird.\r\n\r\nEin weiterer Vorteil f\u00fcr die Bediener sind die Wartungsverfahren, da alle Hauptkomponenten wie elektrische, hydraulische und andere Systeme bequem im selben Geh\u00e4use mit dem richtigen Platz angeordnet sind, um jeden Eingriff an der Maschine zu vereinfachen.\r\n\r\nDie Form und die technischen Details unserer Anlagen erm\u00f6glichen die Herstellung <strong>hochwertiger Kaltwalzspulen<\/strong>, die in <a href=\"https:\/\/www.promostar.it\/prodotto\/electrical-mechanical-revamping-and-refurbishment\/\"><u>festen<\/u><\/a> Spulen <strong>oder<\/strong> <a href=\"https:\/\/www.promostar.it\/prodotto\/collapsible-spools-take-a-part-reels\/\"><u>Teilspulen<\/u><\/a> mit einstellbarem Gewicht <strong>bis zu<\/strong> <strong>8 Tonnen<\/strong> verpackt sind. In der Regel werden die produzierten Spulen f\u00fcr Bewehrungsmatten, B\u00fcgel, K\u00f6rbe und Gittertr\u00e4ger f\u00fcr den Hoch- und Industriebau, Fundamente und die Fertigteilindustrie verwendet.\r\n\r\nPromostar hat <strong>drei verschiedene Modelle entwickelt<\/strong>: SIRIO FCS f\u00fcr feste Spulen, SIRIO ICS f\u00fcr zusammenklappbare Spulen und SIRIO HF, die mit festen und zusammenklappbaren Spulen arbeiten kann.\r\n\r\n<a href=\"https:\/\/www.promostar.it\/prodotto\/collapsible-spools-take-a-part-reels\/\"><u>Zusammenklappbare Spulen<\/u><\/a> m\u00fcssen als integraler Bestandteil der Spulmaschine betrachtet werden, da sie die automatische Produktion von umreiften Spulen erm\u00f6glichen.\r\n\r\nAlle oben genannten Modelle k\u00f6nnen je nach Kundenwunsch mit unterschiedlichen Spulengewichten arbeiten. In der vollautomatischen Anlage ist diese Art von Spulmaschine mit unserem <strong>\u00dcberkopf-Manipulator<\/strong> gekoppelt, der in Zusammenarbeit mit der Spulmaschine das Laden der leeren Spule und das Entladen der vollen Spulen sowie das Zusammenklappen im Falle von zusammenklappbaren Spulen durchf\u00fchrt.\r\n\r\nAndere Ger\u00e4te wie <a href=\"https:\/\/www.promostar.it\/prodotto\/chain-and-roll-conveyors\/\"><u>Rollen- oder Kettenf\u00f6rderer<\/u><\/a>, <span style=\"text-decoration: underline\"><a href=\"https:\/\/www.promostar.it\/prodotto\/automatic-strapping-labelling-and-weighing-system-for-coils\/\">automatische Umreifungseinheiten<\/a><\/span> oder <a href=\"https:\/\/www.promostar.it\/prodotto\/automatic-strapping-labelling-and-weighing-system-for-coils\/\"><u>Etikettier- und Wiegesysteme<\/u><\/a> k\u00f6nnen in unsere Linien integriert werden, um das System vollst\u00e4ndig zu automatisieren.\r\n\r\nNeben dem Vorteil, dass kein Bedienpersonal ben\u00f6tigt wird, ergibt sich eine erhebliche Produktivit\u00e4tssteigerung. Die Produktivit\u00e4t wird optimiert, wenn mittlere bis hohe Durchmesser verwendet werden oder bei hoher Geschwindigkeit, F\u00e4llen, in denen die Spulenwechselh\u00e4ufigkeit zunimmt: Die Stillstandzeit aufgrund des Spulenwechsels <strong>betr\u00e4gt nur 90-120 Sekunden<\/strong>.\r\n\r\nDie automatischeSpulmaschine erm\u00f6glicht eine perfekte Formgebung in die endg\u00fcltigen kompakten Spulen, und im Fall von gestrecktem Material ist das Wickeln der Spirale in <strong>Lagenqualit\u00e4t<\/strong> garantiert.\r\n\r\nUnsere Drahtspulmaschine ist normalerweise Teil unserer Kaltwalz-, Streck- und Drahtziehlinien, <u>kann aber auch in jede Art von bestehenden Linien integriert werden<\/u>.","_et_gb_content_width":""},"product_cat":[194],"product_tag":[],"yoast_head":"<!-- This site is optimized with the Yoast SEO plugin v20.5 - https:\/\/yoast.com\/wordpress\/plugins\/seo\/ -->\n<title>Vertikale automatische Spulmaschine | Promostar<\/title>\n<meta name=\"description\" content=\"Vertikale automatische Spulmaschine wird verwendet, um Stahldraht-Kompaktspulen aus glattem, geripptem oder gezahntem Draht herzustellen\" \/>\n<meta name=\"robots\" content=\"index, follow, max-snippet:-1, max-image-preview:large, max-video-preview:-1\" \/>\n<link rel=\"canonical\" href=\"https:\/\/www.promostar.it\/de\/prodotto\/vertikale-automatische-spulmaschine\/\" \/>\n<meta property=\"og:locale\" content=\"de_DE\" \/>\n<meta property=\"og:type\" content=\"article\" \/>\n<meta property=\"og:title\" content=\"Vertikale automatische Spulmaschine | Promostar\" \/>\n<meta property=\"og:description\" content=\"Vertikale automatische Spulmaschine wird verwendet, um Stahldraht-Kompaktspulen aus glattem, geripptem oder gezahntem Draht herzustellen\" \/>\n<meta property=\"og:url\" content=\"https:\/\/www.promostar.it\/de\/prodotto\/vertikale-automatische-spulmaschine\/\" \/>\n<meta property=\"og:site_name\" content=\"PromoStar S.r.l.\" \/>\n<meta property=\"article:modified_time\" content=\"2025-03-27T13:28:36+00:00\" \/>\n<meta property=\"og:image\" content=\"https:\/\/www.promostar.it\/wp-content\/uploads\/2022\/04\/Copertina_Vertical-Automatic-Spooler-1.jpg\" \/>\n\t<meta property=\"og:image:width\" content=\"1200\" \/>\n\t<meta property=\"og:image:height\" content=\"1200\" \/>\n\t<meta property=\"og:image:type\" content=\"image\/jpeg\" \/>\n<meta name=\"twitter:card\" content=\"summary_large_image\" \/>\n<meta name=\"twitter:label1\" content=\"Gesch\u00e4tzte Lesezeit\" \/>\n\t<meta name=\"twitter:data1\" content=\"1 Minute\" \/>\n<script type=\"application\/ld+json\" class=\"yoast-schema-graph\">{\"@context\":\"https:\/\/schema.org\",\"@graph\":[{\"@type\":\"WebPage\",\"@id\":\"https:\/\/www.promostar.it\/de\/prodotto\/vertikale-automatische-spulmaschine\/\",\"url\":\"https:\/\/www.promostar.it\/de\/prodotto\/vertikale-automatische-spulmaschine\/\",\"name\":\"Vertikale automatische Spulmaschine | Promostar\",\"isPartOf\":{\"@id\":\"https:\/\/www.promostar.it\/de\/#website\"},\"datePublished\":\"2022-04-05T13:33:06+00:00\",\"dateModified\":\"2025-03-27T13:28:36+00:00\",\"description\":\"Vertikale automatische Spulmaschine wird verwendet, um Stahldraht-Kompaktspulen aus glattem, geripptem oder gezahntem Draht herzustellen\",\"breadcrumb\":{\"@id\":\"https:\/\/www.promostar.it\/de\/prodotto\/vertikale-automatische-spulmaschine\/#breadcrumb\"},\"inLanguage\":\"de-DE\",\"potentialAction\":[{\"@type\":\"ReadAction\",\"target\":[\"https:\/\/www.promostar.it\/de\/prodotto\/vertikale-automatische-spulmaschine\/\"]}]},{\"@type\":\"BreadcrumbList\",\"@id\":\"https:\/\/www.promostar.it\/de\/prodotto\/vertikale-automatische-spulmaschine\/#breadcrumb\",\"itemListElement\":[{\"@type\":\"ListItem\",\"position\":1,\"name\":\"Home\",\"item\":\"https:\/\/www.promostar.it\/de\/\"},{\"@type\":\"ListItem\",\"position\":2,\"name\":\"Produkte\",\"item\":\"https:\/\/www.promostar.it\/de\/shop\/\"},{\"@type\":\"ListItem\",\"position\":3,\"name\":\"Vertikale automatische Spulmaschine\"}]},{\"@type\":\"WebSite\",\"@id\":\"https:\/\/www.promostar.it\/de\/#website\",\"url\":\"https:\/\/www.promostar.it\/de\/\",\"name\":\"PromoStar S.r.l.\",\"description\":\"Promostar \u00e8 l\u2019azienda leader e la prima ad introdurre il processo di stiratura\",\"publisher\":{\"@id\":\"https:\/\/www.promostar.it\/de\/#organization\"},\"potentialAction\":[{\"@type\":\"SearchAction\",\"target\":{\"@type\":\"EntryPoint\",\"urlTemplate\":\"https:\/\/www.promostar.it\/de\/?s={search_term_string}\"},\"query-input\":\"required name=search_term_string\"}],\"inLanguage\":\"de-DE\"},{\"@type\":\"Organization\",\"@id\":\"https:\/\/www.promostar.it\/de\/#organization\",\"name\":\"Promostar\",\"url\":\"https:\/\/www.promostar.it\/de\/\",\"logo\":{\"@type\":\"ImageObject\",\"inLanguage\":\"de-DE\",\"@id\":\"https:\/\/www.promostar.it\/de\/#\/schema\/logo\/image\/\",\"url\":\"https:\/\/www.promostar.it\/wp-content\/uploads\/2020\/10\/promostar-logo.png\",\"contentUrl\":\"https:\/\/www.promostar.it\/wp-content\/uploads\/2020\/10\/promostar-logo.png\",\"width\":210,\"height\":69,\"caption\":\"Promostar\"},\"image\":{\"@id\":\"https:\/\/www.promostar.it\/de\/#\/schema\/logo\/image\/\"}}]}<\/script>\n<!-- \/ Yoast SEO plugin. -->","yoast_head_json":{"title":"Vertikale automatische Spulmaschine | Promostar","description":"Vertikale automatische Spulmaschine wird verwendet, um Stahldraht-Kompaktspulen aus glattem, geripptem oder gezahntem Draht herzustellen","robots":{"index":"index","follow":"follow","max-snippet":"max-snippet:-1","max-image-preview":"max-image-preview:large","max-video-preview":"max-video-preview:-1"},"canonical":"https:\/\/www.promostar.it\/de\/prodotto\/vertikale-automatische-spulmaschine\/","og_locale":"de_DE","og_type":"article","og_title":"Vertikale automatische Spulmaschine | Promostar","og_description":"Vertikale automatische Spulmaschine wird verwendet, um Stahldraht-Kompaktspulen aus glattem, geripptem oder gezahntem Draht herzustellen","og_url":"https:\/\/www.promostar.it\/de\/prodotto\/vertikale-automatische-spulmaschine\/","og_site_name":"PromoStar S.r.l.","article_modified_time":"2025-03-27T13:28:36+00:00","og_image":[{"width":1200,"height":1200,"url":"https:\/\/www.promostar.it\/wp-content\/uploads\/2022\/04\/Copertina_Vertical-Automatic-Spooler-1.jpg","type":"image\/jpeg"}],"twitter_card":"summary_large_image","twitter_misc":{"Gesch\u00e4tzte Lesezeit":"1 Minute"},"schema":{"@context":"https:\/\/schema.org","@graph":[{"@type":"WebPage","@id":"https:\/\/www.promostar.it\/de\/prodotto\/vertikale-automatische-spulmaschine\/","url":"https:\/\/www.promostar.it\/de\/prodotto\/vertikale-automatische-spulmaschine\/","name":"Vertikale automatische Spulmaschine | Promostar","isPartOf":{"@id":"https:\/\/www.promostar.it\/de\/#website"},"datePublished":"2022-04-05T13:33:06+00:00","dateModified":"2025-03-27T13:28:36+00:00","description":"Vertikale automatische Spulmaschine wird verwendet, um Stahldraht-Kompaktspulen aus glattem, geripptem oder gezahntem Draht herzustellen","breadcrumb":{"@id":"https:\/\/www.promostar.it\/de\/prodotto\/vertikale-automatische-spulmaschine\/#breadcrumb"},"inLanguage":"de-DE","potentialAction":[{"@type":"ReadAction","target":["https:\/\/www.promostar.it\/de\/prodotto\/vertikale-automatische-spulmaschine\/"]}]},{"@type":"BreadcrumbList","@id":"https:\/\/www.promostar.it\/de\/prodotto\/vertikale-automatische-spulmaschine\/#breadcrumb","itemListElement":[{"@type":"ListItem","position":1,"name":"Home","item":"https:\/\/www.promostar.it\/de\/"},{"@type":"ListItem","position":2,"name":"Produkte","item":"https:\/\/www.promostar.it\/de\/shop\/"},{"@type":"ListItem","position":3,"name":"Vertikale automatische Spulmaschine"}]},{"@type":"WebSite","@id":"https:\/\/www.promostar.it\/de\/#website","url":"https:\/\/www.promostar.it\/de\/","name":"PromoStar S.r.l.","description":"Promostar \u00e8 l\u2019azienda leader e la prima ad introdurre il processo di stiratura","publisher":{"@id":"https:\/\/www.promostar.it\/de\/#organization"},"potentialAction":[{"@type":"SearchAction","target":{"@type":"EntryPoint","urlTemplate":"https:\/\/www.promostar.it\/de\/?s={search_term_string}"},"query-input":"required name=search_term_string"}],"inLanguage":"de-DE"},{"@type":"Organization","@id":"https:\/\/www.promostar.it\/de\/#organization","name":"Promostar","url":"https:\/\/www.promostar.it\/de\/","logo":{"@type":"ImageObject","inLanguage":"de-DE","@id":"https:\/\/www.promostar.it\/de\/#\/schema\/logo\/image\/","url":"https:\/\/www.promostar.it\/wp-content\/uploads\/2020\/10\/promostar-logo.png","contentUrl":"https:\/\/www.promostar.it\/wp-content\/uploads\/2020\/10\/promostar-logo.png","width":210,"height":69,"caption":"Promostar"},"image":{"@id":"https:\/\/www.promostar.it\/de\/#\/schema\/logo\/image\/"}}]}},"_links":{"self":[{"href":"https:\/\/www.promostar.it\/de\/wp-json\/wp\/v3\/product\/5898"}],"collection":[{"href":"https:\/\/www.promostar.it\/de\/wp-json\/wp\/v3\/product"}],"about":[{"href":"https:\/\/www.promostar.it\/de\/wp-json\/wp\/v2\/types\/product"}],"wp:featuredmedia":[{"embeddable":true,"href":"https:\/\/www.promostar.it\/de\/wp-json\/wp\/v2\/media\/4744"}],"wp:attachment":[{"href":"https:\/\/www.promostar.it\/de\/wp-json\/wp\/v2\/media?parent=5898"}],"wp:term":[{"taxonomy":"product_cat","embeddable":true,"href":"https:\/\/www.promostar.it\/de\/wp-json\/wp\/v2\/product_cat?post=5898"},{"taxonomy":"product_tag","embeddable":true,"href":"https:\/\/www.promostar.it\/de\/wp-json\/wp\/v2\/product_tag?post=5898"}],"curies":[{"name":"wp","href":"https:\/\/api.w.org\/{rel}","templated":true}]}}