{"id":5896,"date":"2022-04-22T12:07:11","date_gmt":"2022-04-22T10:07:11","guid":{"rendered":"https:\/\/www.promostar.it\/prodotto\/kaltstreck-und-richtanlage-geministar\/"},"modified":"2024-11-18T16:12:48","modified_gmt":"2024-11-18T15:12:48","slug":"kaltstreck-und-richtanlage-geministar","status":"publish","type":"product","link":"https:\/\/www.promostar.it\/de\/prodotto\/kaltstreck-und-richtanlage-geministar\/","title":{"rendered":"Kaltstreck- und Richtanlage Geministar"},"content":{"rendered":"<p>[et_pb_section fb_built=&#8220;1&#8243; _builder_version=&#8220;4.17.0&#8243; _module_preset=&#8220;default&#8220; global_colors_info=&#8220;{}&#8220;][\/et_pb_section]<\/p>\n","protected":false},"excerpt":{"rendered":"<p><strong>Die Kaltstreck- und Richtlinie Geministar<\/strong> ist die perfekte Anlage zur <strong>Herstellung von kaltgestreckten Rippendrahtst\u00e4ben aus Stahl<\/strong>, die in Produkten wie geschwei\u00dften Bewehrungsmatten, B\u00fcgeln, K\u00f6rben und Gittertr\u00e4gern f\u00fcr den Hoch- und Industriebau, die Fundament- und Fertigteilindustrie verwendet werden.<\/p>\n<p><strong>Die Kaltstreck- und Richtanlage Geministar kombiniert den Kaltstreckprozess des Walzdrahts mit dem Drahtrichten und Schneiden<\/strong> der kaltgestreckten, verst\u00e4rkten Drahtst\u00e4be auf die gew\u00fcnschte L\u00e4nge.<\/p>\n<p>Die Form und die technischen Details der Linie erm\u00f6glichen die Herstellung hochwertiger kaltgestreckter Stahlstangen mit ausgezeichneter Geradheit. Das Endprodukt <strong>kann jede Art von Schwei\u00dfmaschine f\u00fcr Bewehrungsgitter oder Schneid- und Biegeger\u00e4te speisen<\/strong>.<\/p>\n<p>Im Vergleich zu herk\u00f6mmlichen Richtmaschinen hat dieses kombinierte System der Stabherstellung den Vorteil, dass eine <strong>hohe Produktionsgeschwindigkeit mit einer bemerkenswerten Reduzierung der Handhabungsvorg\u00e4nge<\/strong> des Rohmaterials erreicht wird (der Bewehrungsstab auf der Spule wird in einem einzigen Vorgang zu B\u00fcndeln aus gerippten Betondrahtst\u00e4ben verarbeitet, mit deutlicher Optimierung der unternehmensinternen Logistik).<\/p>\n","protected":false},"featured_media":3766,"template":"","meta":{"_et_pb_use_builder":"on","_et_pb_old_content":"<strong>Die Kaltstreck- und Richtlinie Geministar<\/strong> ist die perfekte Anlage zur <strong>Herstellung von kaltgestreckten Rippendrahtst\u00e4ben aus Stahl<\/strong>, die in Produkten wie geschwei\u00dften Bewehrungsmatten, B\u00fcgeln, K\u00f6rben und Gittertr\u00e4gern f\u00fcr den Hoch- und Industriebau, die Fundament- und Fertigteilindustrie verwendet werden.\r\n\r\n<strong>Die Kaltstreck- und Richtanlage Geministar kombiniert den Kaltstreckprozess des Walzdrahts mit dem Drahtrichten und Schneiden<\/strong> der kaltgestreckten, verst\u00e4rkten Drahtst\u00e4be auf die gew\u00fcnschte L\u00e4nge.\r\n\r\nDie Form und die technischen Details der Linie erm\u00f6glichen die Herstellung hochwertiger kaltgestreckter Stahlstangen mit ausgezeichneter Geradheit. Das Endprodukt <strong>kann jede Art von Schwei\u00dfmaschine f\u00fcr Bewehrungsgitter oder Schneid- und Biegeger\u00e4te speisen<\/strong>.\r\n\r\nIm Vergleich zu herk\u00f6mmlichen Richtmaschinen hat dieses kombinierte System der Stabherstellung den Vorteil, dass eine <strong>hohe Produktionsgeschwindigkeit mit einer bemerkenswerten Reduzierung der Handhabungsvorg\u00e4nge<\/strong> des Rohmaterials erreicht wird (der Bewehrungsstab auf der Spule wird in einem einzigen Vorgang zu B\u00fcndeln aus gerippten Betondrahtst\u00e4ben verarbeitet, mit deutlicher Optimierung der unternehmensinternen Logistik).\r\n\r\nDas Herzst\u00fcck der Maschine ist der Geministar-K\u00f6rper. Im Inneren befindet sich die Ziehscheibe mit horizontaler Achse, die mit Drahtziehrollen ausgestattet ist, die in der Lage sind, kaltgestreckte Stahlstangen mit einem Durchmesserbereich von \u00d86 bis \u00d818 mm und einer L\u00e4nge von bis zu 12 Metern herzustellen.\r\n\r\nDer Walzdraht, der von der <strong>Hochleistungsziehscheibe<\/strong> gezogen und von der SPS der letzten Generation <strong>gesteuert wird<\/strong> , wird durch die beiden um 90 Grad zueinander ausgerichteten Ziehplatten kalt gestreckt (um eine gleichm\u00e4\u00dfige Dehnung auf der gesamten Oberfl\u00e4che des Drahts zu gew\u00e4hrleisten), wodurch die (je nach dem am Bedienfeld eingestellten Dehnungsgrad) endg\u00fcltigen mechanischen Eigenschaften des Drahtes verbessert werden.\r\n\r\nDie Maschine kann auch mit <strong>Walzkassetten<\/strong> ausgestattet werden (mit der M\u00f6glichkeit, bis zu drei <strong>Walzkassetten<\/strong> an der <strong>Stelle der Ziehplatten<\/strong> zu installieren), um Kaltwalzdraht ausgehend von glattem Drahtmaterial herzustellen.\r\n\r\nDanach erm\u00f6glicht ein System, das aus voll einstellbaren Hochgeschwindigkeits-Richtplatten besteht, den Draht zu richten, der von einem motorisierten Zugsystem gezogen wird (das einen Gegenzug hinter der Rolle erzeugt), und erm\u00f6glicht es, die St\u00e4be zur kontinuierlichen fliegenden Schere zum <strong>Schneiden der Stangen<\/strong> auf die eingestellte L\u00e4nge zu f\u00f6rdern.\r\n\r\nSchlie\u00dflich werden die St\u00e4be im Drahtsammler gesammelt, der die Erstellung von Teilunterb\u00fcndeln und die Erstellung von perfekt und automatisch von der Maschine ausgerichteten Stabb\u00fcndeln erm\u00f6glicht. In der High-Level-Version k\u00f6nnen alle Maschinen mit einer Bindevorrichtung f\u00fcr die automatische Bildung der Teilb\u00fcndel und Hauptb\u00fcndel ausgestattet werden.\r\n\r\nAlle Elektro-, Hydraulik- und Schmiersysteme sind bequem in der Maschine angeordnet, um die Wartung der Anlage zu vereinfachen.\r\n\r\nAm Anfang der Maschine wird ein Ablaufsystem (mit einem <strong>vertikalen Ablaufturm<\/strong> mit zwei <strong>Kippfingern<\/strong> oder mit einem <strong>horizontalen Ablaufbalken<\/strong>, je nach Drahtgr\u00f6\u00dfe) verwendet, um die Maschine mit dem im Hei\u00dfwalzverfahren hergestellten glatten Draht zu beschicken.\r\n\r\nAndere Ger\u00e4te, wie <strong>mechanischer Entzunderer<\/strong> oder <strong>Schmierung f\u00fcr Drahtziehmaschine<\/strong>, sind enthalten.\r\n\r\nDar\u00fcber hinaus erm\u00f6glicht die <strong>hohe Flexibilit\u00e4t<\/strong> der Geministar, die Linie auch mit einer Drahtspule zu kombinieren, um feste oder zusammenklappbare Spulen herzustellen (die auch zu einem sp\u00e4teren Zeitpunkt hinzugef\u00fcgt werden kann, wodurch die Anschaffungskosten gesenkt werden). Das bedeutet, dass <strong>Sie mit derselben Maschine die Produktion von Stangen auf fixe oder zusammenklappbare Rollen umstellen k\u00f6nnen<\/strong>.\r\n\r\nIm h\u00f6chsten Automatisierungsgrad unserer Anlagen kann die oben genannte Anlage mit einem <strong>automatischen vertikalen Drahtspuler<\/strong> ausgestattet werden, der alle Arbeitsg\u00e4nge wie Einlegen des Drahtes, Schneiden, Wechseln der Spulen, Probenentnahme, Umreifung, Etikettierung und Wiegen der Sp\u00fclen ausf\u00fchrt, ohne dass das Eingreifen des Bedieners erforderlich ist.","_et_gb_content_width":""},"product_cat":[183,185],"product_tag":[],"yoast_head":"<!-- This site is optimized with the Yoast SEO plugin v20.5 - https:\/\/yoast.com\/wordpress\/plugins\/seo\/ -->\n<title>Kaltstreck- und Richtanlage Geministar | Promostar<\/title>\n<meta name=\"description\" content=\"Die Kaltstreck- und Richtlinie Geministar ist die perfekte Anlage zur Herstellung von kaltgestreckten Rippendrahtst\u00e4ben aus Stahl\" \/>\n<meta name=\"robots\" content=\"index, follow, max-snippet:-1, max-image-preview:large, max-video-preview:-1\" \/>\n<link rel=\"canonical\" href=\"https:\/\/www.promostar.it\/de\/prodotto\/kaltstreck-und-richtanlage-geministar\/\" \/>\n<meta property=\"og:locale\" content=\"de_DE\" \/>\n<meta property=\"og:type\" content=\"article\" \/>\n<meta property=\"og:title\" content=\"Kaltstreck- und Richtanlage Geministar | Promostar\" \/>\n<meta property=\"og:description\" content=\"Die Kaltstreck- und Richtlinie Geministar ist die perfekte Anlage zur Herstellung von kaltgestreckten Rippendrahtst\u00e4ben aus Stahl\" \/>\n<meta property=\"og:url\" content=\"https:\/\/www.promostar.it\/de\/prodotto\/kaltstreck-und-richtanlage-geministar\/\" \/>\n<meta property=\"og:site_name\" content=\"PromoStar S.r.l.\" \/>\n<meta property=\"article:modified_time\" content=\"2024-11-18T15:12:48+00:00\" \/>\n<meta property=\"og:image\" content=\"https:\/\/www.promostar.it\/wp-content\/uploads\/2021\/03\/geministar.jpg\" \/>\n\t<meta property=\"og:image:width\" content=\"800\" \/>\n\t<meta property=\"og:image:height\" content=\"800\" \/>\n\t<meta property=\"og:image:type\" content=\"image\/jpeg\" \/>\n<meta name=\"twitter:card\" content=\"summary_large_image\" \/>\n<meta name=\"twitter:label1\" content=\"Gesch\u00e4tzte Lesezeit\" \/>\n\t<meta name=\"twitter:data1\" content=\"1 Minute\" \/>\n<script type=\"application\/ld+json\" class=\"yoast-schema-graph\">{\"@context\":\"https:\/\/schema.org\",\"@graph\":[{\"@type\":\"WebPage\",\"@id\":\"https:\/\/www.promostar.it\/de\/prodotto\/kaltstreck-und-richtanlage-geministar\/\",\"url\":\"https:\/\/www.promostar.it\/de\/prodotto\/kaltstreck-und-richtanlage-geministar\/\",\"name\":\"Kaltstreck- und Richtanlage Geministar | Promostar\",\"isPartOf\":{\"@id\":\"https:\/\/www.promostar.it\/de\/#website\"},\"datePublished\":\"2022-04-22T10:07:11+00:00\",\"dateModified\":\"2024-11-18T15:12:48+00:00\",\"description\":\"Die Kaltstreck- und Richtlinie Geministar ist die perfekte Anlage zur Herstellung von kaltgestreckten Rippendrahtst\u00e4ben aus Stahl\",\"breadcrumb\":{\"@id\":\"https:\/\/www.promostar.it\/de\/prodotto\/kaltstreck-und-richtanlage-geministar\/#breadcrumb\"},\"inLanguage\":\"de-DE\",\"potentialAction\":[{\"@type\":\"ReadAction\",\"target\":[\"https:\/\/www.promostar.it\/de\/prodotto\/kaltstreck-und-richtanlage-geministar\/\"]}]},{\"@type\":\"BreadcrumbList\",\"@id\":\"https:\/\/www.promostar.it\/de\/prodotto\/kaltstreck-und-richtanlage-geministar\/#breadcrumb\",\"itemListElement\":[{\"@type\":\"ListItem\",\"position\":1,\"name\":\"Home\",\"item\":\"https:\/\/www.promostar.it\/de\/home-2\/\"},{\"@type\":\"ListItem\",\"position\":2,\"name\":\"Produkte\",\"item\":\"https:\/\/www.promostar.it\/de\/shop\/\"},{\"@type\":\"ListItem\",\"position\":3,\"name\":\"Kaltstreck- und Richtanlage Geministar\"}]},{\"@type\":\"WebSite\",\"@id\":\"https:\/\/www.promostar.it\/de\/#website\",\"url\":\"https:\/\/www.promostar.it\/de\/\",\"name\":\"PromoStar S.r.l.\",\"description\":\"Promostar \u00e8 l\u2019azienda leader e la prima ad introdurre il processo di stiratura\",\"publisher\":{\"@id\":\"https:\/\/www.promostar.it\/de\/#organization\"},\"potentialAction\":[{\"@type\":\"SearchAction\",\"target\":{\"@type\":\"EntryPoint\",\"urlTemplate\":\"https:\/\/www.promostar.it\/de\/?s={search_term_string}\"},\"query-input\":\"required name=search_term_string\"}],\"inLanguage\":\"de-DE\"},{\"@type\":\"Organization\",\"@id\":\"https:\/\/www.promostar.it\/de\/#organization\",\"name\":\"Promostar\",\"url\":\"https:\/\/www.promostar.it\/de\/\",\"logo\":{\"@type\":\"ImageObject\",\"inLanguage\":\"de-DE\",\"@id\":\"https:\/\/www.promostar.it\/de\/#\/schema\/logo\/image\/\",\"url\":\"https:\/\/www.promostar.it\/wp-content\/uploads\/2020\/10\/promostar-logo.png\",\"contentUrl\":\"https:\/\/www.promostar.it\/wp-content\/uploads\/2020\/10\/promostar-logo.png\",\"width\":210,\"height\":69,\"caption\":\"Promostar\"},\"image\":{\"@id\":\"https:\/\/www.promostar.it\/de\/#\/schema\/logo\/image\/\"}}]}<\/script>\n<!-- \/ Yoast SEO plugin. -->","yoast_head_json":{"title":"Kaltstreck- und Richtanlage Geministar | Promostar","description":"Die Kaltstreck- und Richtlinie Geministar ist die perfekte Anlage zur Herstellung von kaltgestreckten Rippendrahtst\u00e4ben aus Stahl","robots":{"index":"index","follow":"follow","max-snippet":"max-snippet:-1","max-image-preview":"max-image-preview:large","max-video-preview":"max-video-preview:-1"},"canonical":"https:\/\/www.promostar.it\/de\/prodotto\/kaltstreck-und-richtanlage-geministar\/","og_locale":"de_DE","og_type":"article","og_title":"Kaltstreck- und Richtanlage Geministar | Promostar","og_description":"Die Kaltstreck- und Richtlinie Geministar ist die perfekte Anlage zur Herstellung von kaltgestreckten Rippendrahtst\u00e4ben aus Stahl","og_url":"https:\/\/www.promostar.it\/de\/prodotto\/kaltstreck-und-richtanlage-geministar\/","og_site_name":"PromoStar S.r.l.","article_modified_time":"2024-11-18T15:12:48+00:00","og_image":[{"width":800,"height":800,"url":"https:\/\/www.promostar.it\/wp-content\/uploads\/2021\/03\/geministar.jpg","type":"image\/jpeg"}],"twitter_card":"summary_large_image","twitter_misc":{"Gesch\u00e4tzte Lesezeit":"1 Minute"},"schema":{"@context":"https:\/\/schema.org","@graph":[{"@type":"WebPage","@id":"https:\/\/www.promostar.it\/de\/prodotto\/kaltstreck-und-richtanlage-geministar\/","url":"https:\/\/www.promostar.it\/de\/prodotto\/kaltstreck-und-richtanlage-geministar\/","name":"Kaltstreck- und Richtanlage Geministar | Promostar","isPartOf":{"@id":"https:\/\/www.promostar.it\/de\/#website"},"datePublished":"2022-04-22T10:07:11+00:00","dateModified":"2024-11-18T15:12:48+00:00","description":"Die Kaltstreck- und Richtlinie Geministar ist die perfekte Anlage zur Herstellung von kaltgestreckten Rippendrahtst\u00e4ben aus Stahl","breadcrumb":{"@id":"https:\/\/www.promostar.it\/de\/prodotto\/kaltstreck-und-richtanlage-geministar\/#breadcrumb"},"inLanguage":"de-DE","potentialAction":[{"@type":"ReadAction","target":["https:\/\/www.promostar.it\/de\/prodotto\/kaltstreck-und-richtanlage-geministar\/"]}]},{"@type":"BreadcrumbList","@id":"https:\/\/www.promostar.it\/de\/prodotto\/kaltstreck-und-richtanlage-geministar\/#breadcrumb","itemListElement":[{"@type":"ListItem","position":1,"name":"Home","item":"https:\/\/www.promostar.it\/de\/home-2\/"},{"@type":"ListItem","position":2,"name":"Produkte","item":"https:\/\/www.promostar.it\/de\/shop\/"},{"@type":"ListItem","position":3,"name":"Kaltstreck- und Richtanlage Geministar"}]},{"@type":"WebSite","@id":"https:\/\/www.promostar.it\/de\/#website","url":"https:\/\/www.promostar.it\/de\/","name":"PromoStar S.r.l.","description":"Promostar \u00e8 l\u2019azienda leader e la prima ad introdurre il processo di stiratura","publisher":{"@id":"https:\/\/www.promostar.it\/de\/#organization"},"potentialAction":[{"@type":"SearchAction","target":{"@type":"EntryPoint","urlTemplate":"https:\/\/www.promostar.it\/de\/?s={search_term_string}"},"query-input":"required name=search_term_string"}],"inLanguage":"de-DE"},{"@type":"Organization","@id":"https:\/\/www.promostar.it\/de\/#organization","name":"Promostar","url":"https:\/\/www.promostar.it\/de\/","logo":{"@type":"ImageObject","inLanguage":"de-DE","@id":"https:\/\/www.promostar.it\/de\/#\/schema\/logo\/image\/","url":"https:\/\/www.promostar.it\/wp-content\/uploads\/2020\/10\/promostar-logo.png","contentUrl":"https:\/\/www.promostar.it\/wp-content\/uploads\/2020\/10\/promostar-logo.png","width":210,"height":69,"caption":"Promostar"},"image":{"@id":"https:\/\/www.promostar.it\/de\/#\/schema\/logo\/image\/"}}]}},"_links":{"self":[{"href":"https:\/\/www.promostar.it\/de\/wp-json\/wp\/v3\/product\/5896"}],"collection":[{"href":"https:\/\/www.promostar.it\/de\/wp-json\/wp\/v3\/product"}],"about":[{"href":"https:\/\/www.promostar.it\/de\/wp-json\/wp\/v2\/types\/product"}],"wp:featuredmedia":[{"embeddable":true,"href":"https:\/\/www.promostar.it\/de\/wp-json\/wp\/v2\/media\/3766"}],"wp:attachment":[{"href":"https:\/\/www.promostar.it\/de\/wp-json\/wp\/v2\/media?parent=5896"}],"wp:term":[{"taxonomy":"product_cat","embeddable":true,"href":"https:\/\/www.promostar.it\/de\/wp-json\/wp\/v2\/product_cat?post=5896"},{"taxonomy":"product_tag","embeddable":true,"href":"https:\/\/www.promostar.it\/de\/wp-json\/wp\/v2\/product_tag?post=5896"}],"curies":[{"name":"wp","href":"https:\/\/api.w.org\/{rel}","templated":true}]}}