{"id":5895,"date":"2022-05-12T12:28:45","date_gmt":"2022-05-12T10:28:45","guid":{"rendered":"https:\/\/www.promostar.it\/prodotto\/drahtrichtmaschinen-fur-die-schnittprufung\/"},"modified":"2023-05-08T12:27:12","modified_gmt":"2023-05-08T10:27:12","slug":"drahtrichtmaschinen-fur-die-schnittprufung","status":"publish","type":"product","link":"https:\/\/www.promostar.it\/de\/prodotto\/drahtrichtmaschinen-fur-die-schnittprufung\/","title":{"rendered":"Drahtrichtmaschinen f\u00fcr die Schnittpr\u00fcfung"},"content":{"rendered":"<p>[et_pb_section fb_built=&#8220;1&#8243; _builder_version=&#8220;4.17.0&#8243; _module_preset=&#8220;default&#8220; global_colors_info=&#8220;{}&#8220;][\/et_pb_section]<\/p>\n","protected":false},"excerpt":{"rendered":"<p><strong>Drahtrichtmaschinen f\u00fcr die Schnittpr\u00fcfung<\/strong> werden zur <strong>Herstellung von Stahldrahtproben<\/strong> f\u00fcr <strong>Laborzwecke<\/strong> (z. B. zur Herstellung von <strong>Proben f\u00fcr den Zugversuch<\/strong>) verwendet.<\/p>\n<p>Von Promostar hergestellte <strong>Drahtrichtmaschinen f\u00fcr Schnittpr\u00fcfungen<\/strong> sind einzelne Einheiten, die in der Lage sind, Proben des Stahldrahts nach dem Warmwalz-, Kaltwalz- oder Streckprozess zu richten.<\/p>\n<p>Bei den <strong>Drahtrichtmaschinen f\u00fcr den Schnitttest<\/strong> wird die Probe des zu richtenden Drahtes genommen, indem ein Teil des warmgewalzten Drahtes w\u00e4hrend der Spulphase geschnitten wird, um den Richtprozess zu reproduzieren, der in Bearbeitungszentren f\u00fcr Stahl durchgef\u00fchrt wird.<\/p>\n<p>Die Maschine besteht aus 4 unteren motorisierten Rollen und 3 oberen Leerlaufrollen, die vertikal verstellbar sind (entsprechend dem zu richtenden Drahtdurchmesser), deren Funktion darin besteht, das Material \u00fcber seinen elastischen Bereich hinaus zu verformen und das Richten zu erreichen.<\/p>\n","protected":false},"featured_media":5020,"template":"","meta":{"_et_pb_use_builder":"on","_et_pb_old_content":"<strong>Drahtrichtmaschinen f\u00fcr die Schnittpr\u00fcfung<\/strong> werden zur <strong>Herstellung von Stahldrahtproben<\/strong> f\u00fcr <strong>Laborzwecke<\/strong> (z. B. zur Herstellung von <strong>Proben f\u00fcr den Zugversuch<\/strong>) verwendet.\n\nVon Promostar hergestellte <strong>Drahtrichtmaschinen f\u00fcr Schnittpr\u00fcfungen<\/strong> sind einzelne Einheiten, die in der Lage sind, Proben des Stahldrahts nach dem Warmwalz-, Kaltwalz- oder Streckprozess zu richten.\n\nBei den <strong>Drahtrichtmaschinen f\u00fcr den Schnitttest<\/strong> wird die Probe des zu richtenden Drahtes genommen, indem ein Teil des warmgewalzten Drahtes w\u00e4hrend der Spulphase geschnitten wird, um den Richtprozess zu reproduzieren, der in Bearbeitungszentren f\u00fcr Stahl durchgef\u00fchrt wird.\n\nDie Maschine besteht aus 4 unteren motorisierten Rollen und 3 oberen Leerlaufrollen, die vertikal verstellbar sind (entsprechend dem zu richtenden Drahtdurchmesser), deren Funktion darin besteht, das Material \u00fcber seinen elastischen Bereich hinaus zu verformen und das Richten zu erreichen.\n\nDie drei oberen Laufrollen, die auf einem seitlich durch F\u00fchrungen gef\u00fchrten beweglichen Rahmen montiert sind und zus\u00e4tzlich in vertikaler Richtung einzeln verstellbar sind, werden durch einen Hydraulikzylinder in Arbeitsposition gebracht, der die Komponente des vertikalen Schubs aufgrund der Verformungswirkung des Material w\u00e4hrend des Vorschubs ausgleicht.\n\nDank eines alternativen Richtprozesses, der mit diesen motorisierten und leerlaufenden Walzen durchgef\u00fchrt wird, produziert die Maschine gerade St\u00e4be, die f\u00fcr Labormaschinen verwendet werden k\u00f6nnen.\n\nDie horizontale Bewegung des Materials erfolgt durch die Aktivierung der unteren Walzen mittels eines an der Basis befestigten Motorgetriebes.\n\nNormalerweise werden die produzierten Werkst\u00fccke verwendet, um die Zugpr\u00fcfger\u00e4te zu beschicken, um die mechanischen Eigenschaften des gerippten Walzdrahts zu \u00fcberpr\u00fcfen, der im Warmwalzprozess hergestellt wird, aber sie k\u00f6nnen jede Art von Maschine beschicken, die die Verwendung von geraden Stangen aus Drahtmaterial erfordert.","_et_gb_content_width":""},"product_cat":[195],"product_tag":[],"yoast_head":"<!-- This site is optimized with the Yoast SEO plugin v20.5 - https:\/\/yoast.com\/wordpress\/plugins\/seo\/ -->\n<title>Drahtrichtmaschinen f\u00fcr die Schnittpr\u00fcfung | Promostar<\/title>\n<meta name=\"description\" content=\"Drahtrichtmaschinen f\u00fcr die Schnittpr\u00fcfung werden zur Herstellung von Stahldrahtproben f\u00fcr Laborzwecke\" \/>\n<meta name=\"robots\" content=\"index, follow, max-snippet:-1, max-image-preview:large, max-video-preview:-1\" \/>\n<link rel=\"canonical\" href=\"https:\/\/www.promostar.it\/de\/prodotto\/drahtrichtmaschinen-fur-die-schnittprufung\/\" \/>\n<meta property=\"og:locale\" content=\"de_DE\" \/>\n<meta property=\"og:type\" content=\"article\" \/>\n<meta property=\"og:title\" content=\"60\" \/>\n<meta property=\"og:description\" content=\"false\" \/>\n<meta property=\"og:url\" content=\"https:\/\/www.promostar.it\/de\/prodotto\/drahtrichtmaschinen-fur-die-schnittprufung\/\" \/>\n<meta property=\"og:site_name\" content=\"PromoStar S.r.l.\" \/>\n<meta property=\"article:modified_time\" content=\"2023-05-08T10:27:12+00:00\" \/>\n<meta property=\"og:image\" content=\"https:\/\/www.promostar.it\/wp-content\/uploads\/2022\/05\/Copertina_Wire-Sample-Machine-1.jpg\" \/>\n\t<meta property=\"og:image:width\" content=\"1200\" \/>\n\t<meta property=\"og:image:height\" content=\"1200\" \/>\n\t<meta property=\"og:image:type\" content=\"image\/jpeg\" \/>\n<meta name=\"twitter:card\" content=\"summary_large_image\" \/>\n<script type=\"application\/ld+json\" class=\"yoast-schema-graph\">{\"@context\":\"https:\/\/schema.org\",\"@graph\":[{\"@type\":\"WebPage\",\"@id\":\"https:\/\/www.promostar.it\/de\/prodotto\/drahtrichtmaschinen-fur-die-schnittprufung\/\",\"url\":\"https:\/\/www.promostar.it\/de\/prodotto\/drahtrichtmaschinen-fur-die-schnittprufung\/\",\"name\":\"Drahtrichtmaschinen f\u00fcr die Schnittpr\u00fcfung | Promostar\",\"isPartOf\":{\"@id\":\"https:\/\/www.promostar.it\/de\/#website\"},\"datePublished\":\"2022-05-12T10:28:45+00:00\",\"dateModified\":\"2023-05-08T10:27:12+00:00\",\"description\":\"Drahtrichtmaschinen f\u00fcr die Schnittpr\u00fcfung werden zur Herstellung von Stahldrahtproben f\u00fcr Laborzwecke\",\"breadcrumb\":{\"@id\":\"https:\/\/www.promostar.it\/de\/prodotto\/drahtrichtmaschinen-fur-die-schnittprufung\/#breadcrumb\"},\"inLanguage\":\"de-DE\",\"potentialAction\":[{\"@type\":\"ReadAction\",\"target\":[\"https:\/\/www.promostar.it\/de\/prodotto\/drahtrichtmaschinen-fur-die-schnittprufung\/\"]}]},{\"@type\":\"BreadcrumbList\",\"@id\":\"https:\/\/www.promostar.it\/de\/prodotto\/drahtrichtmaschinen-fur-die-schnittprufung\/#breadcrumb\",\"itemListElement\":[{\"@type\":\"ListItem\",\"position\":1,\"name\":\"Home\",\"item\":\"https:\/\/www.promostar.it\/de\/home-2\/\"},{\"@type\":\"ListItem\",\"position\":2,\"name\":\"Produkte\",\"item\":\"https:\/\/www.promostar.it\/de\/shop\/\"},{\"@type\":\"ListItem\",\"position\":3,\"name\":\"Drahtrichtmaschinen f\u00fcr die Schnittpr\u00fcfung\"}]},{\"@type\":\"WebSite\",\"@id\":\"https:\/\/www.promostar.it\/de\/#website\",\"url\":\"https:\/\/www.promostar.it\/de\/\",\"name\":\"PromoStar S.r.l.\",\"description\":\"Promostar \u00e8 l\u2019azienda leader e la prima ad introdurre il processo di stiratura\",\"publisher\":{\"@id\":\"https:\/\/www.promostar.it\/de\/#organization\"},\"potentialAction\":[{\"@type\":\"SearchAction\",\"target\":{\"@type\":\"EntryPoint\",\"urlTemplate\":\"https:\/\/www.promostar.it\/de\/?s={search_term_string}\"},\"query-input\":\"required name=search_term_string\"}],\"inLanguage\":\"de-DE\"},{\"@type\":\"Organization\",\"@id\":\"https:\/\/www.promostar.it\/de\/#organization\",\"name\":\"Promostar\",\"url\":\"https:\/\/www.promostar.it\/de\/\",\"logo\":{\"@type\":\"ImageObject\",\"inLanguage\":\"de-DE\",\"@id\":\"https:\/\/www.promostar.it\/de\/#\/schema\/logo\/image\/\",\"url\":\"https:\/\/www.promostar.it\/wp-content\/uploads\/2020\/10\/promostar-logo.png\",\"contentUrl\":\"https:\/\/www.promostar.it\/wp-content\/uploads\/2020\/10\/promostar-logo.png\",\"width\":210,\"height\":69,\"caption\":\"Promostar\"},\"image\":{\"@id\":\"https:\/\/www.promostar.it\/de\/#\/schema\/logo\/image\/\"}}]}<\/script>\n<!-- \/ Yoast SEO plugin. -->","yoast_head_json":{"title":"Drahtrichtmaschinen f\u00fcr die Schnittpr\u00fcfung | Promostar","description":"Drahtrichtmaschinen f\u00fcr die Schnittpr\u00fcfung werden zur Herstellung von Stahldrahtproben f\u00fcr Laborzwecke","robots":{"index":"index","follow":"follow","max-snippet":"max-snippet:-1","max-image-preview":"max-image-preview:large","max-video-preview":"max-video-preview:-1"},"canonical":"https:\/\/www.promostar.it\/de\/prodotto\/drahtrichtmaschinen-fur-die-schnittprufung\/","og_locale":"de_DE","og_type":"article","og_title":"60","og_description":"false","og_url":"https:\/\/www.promostar.it\/de\/prodotto\/drahtrichtmaschinen-fur-die-schnittprufung\/","og_site_name":"PromoStar S.r.l.","article_modified_time":"2023-05-08T10:27:12+00:00","og_image":[{"width":1200,"height":1200,"url":"https:\/\/www.promostar.it\/wp-content\/uploads\/2022\/05\/Copertina_Wire-Sample-Machine-1.jpg","type":"image\/jpeg"}],"twitter_card":"summary_large_image","schema":{"@context":"https:\/\/schema.org","@graph":[{"@type":"WebPage","@id":"https:\/\/www.promostar.it\/de\/prodotto\/drahtrichtmaschinen-fur-die-schnittprufung\/","url":"https:\/\/www.promostar.it\/de\/prodotto\/drahtrichtmaschinen-fur-die-schnittprufung\/","name":"Drahtrichtmaschinen f\u00fcr die Schnittpr\u00fcfung | Promostar","isPartOf":{"@id":"https:\/\/www.promostar.it\/de\/#website"},"datePublished":"2022-05-12T10:28:45+00:00","dateModified":"2023-05-08T10:27:12+00:00","description":"Drahtrichtmaschinen f\u00fcr die Schnittpr\u00fcfung werden zur Herstellung von Stahldrahtproben f\u00fcr Laborzwecke","breadcrumb":{"@id":"https:\/\/www.promostar.it\/de\/prodotto\/drahtrichtmaschinen-fur-die-schnittprufung\/#breadcrumb"},"inLanguage":"de-DE","potentialAction":[{"@type":"ReadAction","target":["https:\/\/www.promostar.it\/de\/prodotto\/drahtrichtmaschinen-fur-die-schnittprufung\/"]}]},{"@type":"BreadcrumbList","@id":"https:\/\/www.promostar.it\/de\/prodotto\/drahtrichtmaschinen-fur-die-schnittprufung\/#breadcrumb","itemListElement":[{"@type":"ListItem","position":1,"name":"Home","item":"https:\/\/www.promostar.it\/de\/home-2\/"},{"@type":"ListItem","position":2,"name":"Produkte","item":"https:\/\/www.promostar.it\/de\/shop\/"},{"@type":"ListItem","position":3,"name":"Drahtrichtmaschinen f\u00fcr die Schnittpr\u00fcfung"}]},{"@type":"WebSite","@id":"https:\/\/www.promostar.it\/de\/#website","url":"https:\/\/www.promostar.it\/de\/","name":"PromoStar S.r.l.","description":"Promostar \u00e8 l\u2019azienda leader e la prima ad introdurre il processo di stiratura","publisher":{"@id":"https:\/\/www.promostar.it\/de\/#organization"},"potentialAction":[{"@type":"SearchAction","target":{"@type":"EntryPoint","urlTemplate":"https:\/\/www.promostar.it\/de\/?s={search_term_string}"},"query-input":"required name=search_term_string"}],"inLanguage":"de-DE"},{"@type":"Organization","@id":"https:\/\/www.promostar.it\/de\/#organization","name":"Promostar","url":"https:\/\/www.promostar.it\/de\/","logo":{"@type":"ImageObject","inLanguage":"de-DE","@id":"https:\/\/www.promostar.it\/de\/#\/schema\/logo\/image\/","url":"https:\/\/www.promostar.it\/wp-content\/uploads\/2020\/10\/promostar-logo.png","contentUrl":"https:\/\/www.promostar.it\/wp-content\/uploads\/2020\/10\/promostar-logo.png","width":210,"height":69,"caption":"Promostar"},"image":{"@id":"https:\/\/www.promostar.it\/de\/#\/schema\/logo\/image\/"}}]}},"_links":{"self":[{"href":"https:\/\/www.promostar.it\/de\/wp-json\/wp\/v3\/product\/5895"}],"collection":[{"href":"https:\/\/www.promostar.it\/de\/wp-json\/wp\/v3\/product"}],"about":[{"href":"https:\/\/www.promostar.it\/de\/wp-json\/wp\/v2\/types\/product"}],"wp:featuredmedia":[{"embeddable":true,"href":"https:\/\/www.promostar.it\/de\/wp-json\/wp\/v2\/media\/5020"}],"wp:attachment":[{"href":"https:\/\/www.promostar.it\/de\/wp-json\/wp\/v2\/media?parent=5895"}],"wp:term":[{"taxonomy":"product_cat","embeddable":true,"href":"https:\/\/www.promostar.it\/de\/wp-json\/wp\/v2\/product_cat?post=5895"},{"taxonomy":"product_tag","embeddable":true,"href":"https:\/\/www.promostar.it\/de\/wp-json\/wp\/v2\/product_tag?post=5895"}],"curies":[{"name":"wp","href":"https:\/\/api.w.org\/{rel}","templated":true}]}}