{"id":5893,"date":"2021-03-16T14:50:01","date_gmt":"2021-03-16T13:50:01","guid":{"rendered":"https:\/\/www.promostar.it\/prodotto\/kaltwalzkassetten\/"},"modified":"2023-05-08T11:35:42","modified_gmt":"2023-05-08T09:35:42","slug":"kaltwalzkassetten","status":"publish","type":"product","link":"https:\/\/www.promostar.it\/de\/prodotto\/kaltwalzkassetten\/","title":{"rendered":"Kaltwalzkassetten"},"content":{"rendered":"<p>[et_pb_section fb_built=&#8220;1&#8243; _builder_version=&#8220;4.17.0&#8243; _module_preset=&#8220;default&#8220; global_colors_info=&#8220;{}&#8220;][\/et_pb_section]<\/p>\n","protected":false},"excerpt":{"rendered":"<p><strong>Kaltwalzkassetten<\/strong> werden f\u00fcr den Kaltwalzprozess des Drahtes verwendet.<\/p>\n<p><strong>Kaltwalzkassetten<\/strong> erh\u00f6hen die mechanischen Eigenschaften des Walzdrahts dank des Walzprozesses, der den Durchmesser des glatten Drahts auf die gew\u00fcnschte Gr\u00f6\u00dfe reduziert, eine Vorrichtung, die die mechanischen Eigenschaften des Walzdrahts entsprechend den Marktanforderungen in Bezug auf erh\u00f6ht Zugfestigkeit, Streckgrenze und Enddehnung, normalerweise als Agt ohne W\u00e4rmezufuhr bezeichnet. Im letzten Schritt des Kaltwalzprozesses ist es auf Wunsch m\u00f6glich, den Draht zur Betonverst\u00e4rkung mit einer positiven Riffelung oder negativen Vertiefung zu versehen.<\/p>\n<p>Die Endproduktanwendungen sind normalerweise Bewehrungsmatten, B\u00fcgel, K\u00f6rbe und Gittertr\u00e4ger f\u00fcr den Hoch- und Industriebau und die Fundament- und Fertigteilindustrie.<\/p>\n<p>nsere Standard-Kaltwalzkassette besteht aus einem robusten geschwei\u00dften Stahlrahmen, auf dem zwei S\u00e4tze von 3 Walzen montiert sind, die so angeordnet sind, dass sie 3 Ebenen bei 120\u00b0 bilden.<\/p>\n","protected":false},"featured_media":4177,"template":"","meta":{"_et_pb_use_builder":"on","_et_pb_old_content":"<strong>Kaltwalzkassetten<\/strong> werden f\u00fcr den Kaltwalzprozess des Drahtes verwendet.\n\n<strong>Kaltwalzkassetten<\/strong> erh\u00f6hen die mechanischen Eigenschaften des Walzdrahts dank des Walzprozesses, der den Durchmesser des glatten Drahts auf die gew\u00fcnschte Gr\u00f6\u00dfe reduziert, eine Vorrichtung, die die mechanischen Eigenschaften des Walzdrahts entsprechend den Marktanforderungen in Bezug auf erh\u00f6ht Zugfestigkeit, Streckgrenze und Enddehnung, normalerweise als Agt ohne W\u00e4rmezufuhr bezeichnet. Im letzten Schritt des Kaltwalzprozesses ist es auf Wunsch m\u00f6glich, den Draht zur Betonverst\u00e4rkung mit einer positiven Riffelung oder negativen Vertiefung zu versehen.\n\nDie Endproduktanwendungen sind normalerweise Bewehrungsmatten, B\u00fcgel, K\u00f6rbe und Gittertr\u00e4ger f\u00fcr den Hoch- und Industriebau und die Fundament- und Fertigteilindustrie.\n\nnsere Standard-Kaltwalzkassette besteht aus einem robusten geschwei\u00dften Stahlrahmen, auf dem zwei S\u00e4tze von 3 Walzen montiert sind, die so angeordnet sind, dass sie 3 Ebenen bei 120\u00b0 bilden.\n\nDie auf Walzenhaltern montierten Walzen sind sowohl axial als auch radial verstellbar.\n\nDie axiale Einstellung ist erforderlich, um die Walzen zu zentrieren, w\u00e4hrend die radiale Einstellung erforderlich ist, um den Durchmesser des produzierten Auslaufdrahts einzustellen.\n\nDie Kassetten sind mit einem Getriebesystem f\u00fcr die einfache Einstellung des \u00d6ffnens\/Schlie\u00dfens der Wlazen mittels eines Hebels ausgestattet (<u>motorisierte Einstellung<\/u> als Option erh\u00e4ltlich).\n\nDie beim Walzvorgang entstehende W\u00e4rme wird durch einen K\u00fchlwasserkreislauf abgef\u00fchrt, der durch die Stifte der Walzenhalter flie\u00dft.\n\nEin <strong>automatisches Schmiersystem<\/strong> erm\u00f6glicht die Schmierung der Lager der Walzenhalter.\n\n<strong>Kaltwalzkassetten<\/strong> werden von Promostar in Zusammenarbeit mit unseren Partnern unter Verwendung der neuesten Technologien und der besten auf dem Markt erh\u00e4ltlichen Marken entwickelt und hergestellt.\n\nWir k\u00f6nnen unterschiedliche Gr\u00f6\u00dfen von Kaltwalzkassetten entsprechend den zu produzierenden Drahtdurchmessern anbieten.\n\nUnser Angebot ist nicht auf die Kaltwalzkassetten beschr\u00e4nkt, sondern kann auch mit einer Reihe von optionalen Zubeh\u00f6rteilen erg\u00e4nzt werden, wie:\n<ul>\n \t<li><a href=\"https:\/\/www.promostar.it\/prodotto\/maintenance-bench-for-rolling-cassettes\/\"><u>WARTUNGSBANK F\u00dcR KALTWALZKASSETTEN<\/u><\/a><\/li>\n \t<li><u>ST\u00dcTZBANK F\u00dcR KALTWALZKASSETTEN<\/u><\/li>\n \t<li><a href=\"https:\/\/www.promostar.it\/prodotto\/unscrewing-locknut-device\/\"><u>VORRICHTUNG ZUM ABSCHRAUBEN DER KONTERMUTTER<\/u><\/a><\/li>\n \t<li><a href=\"https:\/\/www.promostar.it\/prodotto\/rolls-and-roll-holders\/\"><u>WALZEN UND WALZENHALTER<\/u><\/a><\/li>\n<\/ul>","_et_gb_content_width":""},"product_cat":[193],"product_tag":[97,108,109,120,123,124,134],"yoast_head":"<!-- This site is optimized with the Yoast SEO plugin v20.5 - https:\/\/yoast.com\/wordpress\/plugins\/seo\/ -->\n<title>Kaltwalzkassetten | Promostar<\/title>\n<meta name=\"description\" content=\"Kaltwalzkassetten werden f\u00fcr den Kaltwalzprozess des Drahtes verwendet. erh\u00f6hen die mechanischen Eigenschaften des Walzdrahts\" \/>\n<meta name=\"robots\" content=\"index, follow, max-snippet:-1, max-image-preview:large, max-video-preview:-1\" \/>\n<link rel=\"canonical\" href=\"https:\/\/www.promostar.it\/de\/prodotto\/kaltwalzkassetten\/\" \/>\n<meta property=\"og:locale\" content=\"de_DE\" \/>\n<meta property=\"og:type\" content=\"article\" \/>\n<meta property=\"og:title\" content=\"Kaltwalzkassetten | Promostar\" \/>\n<meta property=\"og:description\" content=\"Kaltwalzkassetten werden f\u00fcr den Kaltwalzprozess des Drahtes verwendet. erh\u00f6hen die mechanischen Eigenschaften des Walzdrahts\" \/>\n<meta property=\"og:url\" content=\"https:\/\/www.promostar.it\/de\/prodotto\/kaltwalzkassetten\/\" \/>\n<meta property=\"og:site_name\" content=\"PromoStar S.r.l.\" \/>\n<meta property=\"article:modified_time\" content=\"2023-05-08T09:35:42+00:00\" \/>\n<meta property=\"og:image\" content=\"https:\/\/www.promostar.it\/wp-content\/uploads\/2021\/03\/Cold-rolling-cassettes-1-transparent.jpg\" \/>\n\t<meta property=\"og:image:width\" content=\"1200\" \/>\n\t<meta property=\"og:image:height\" content=\"1200\" \/>\n\t<meta property=\"og:image:type\" content=\"image\/jpeg\" \/>\n<meta name=\"twitter:card\" content=\"summary_large_image\" \/>\n<script type=\"application\/ld+json\" class=\"yoast-schema-graph\">{\"@context\":\"https:\/\/schema.org\",\"@graph\":[{\"@type\":\"WebPage\",\"@id\":\"https:\/\/www.promostar.it\/de\/prodotto\/kaltwalzkassetten\/\",\"url\":\"https:\/\/www.promostar.it\/de\/prodotto\/kaltwalzkassetten\/\",\"name\":\"Kaltwalzkassetten | Promostar\",\"isPartOf\":{\"@id\":\"https:\/\/www.promostar.it\/de\/#website\"},\"datePublished\":\"2021-03-16T13:50:01+00:00\",\"dateModified\":\"2023-05-08T09:35:42+00:00\",\"description\":\"Kaltwalzkassetten werden f\u00fcr den Kaltwalzprozess des Drahtes verwendet. erh\u00f6hen die mechanischen Eigenschaften des Walzdrahts\",\"breadcrumb\":{\"@id\":\"https:\/\/www.promostar.it\/de\/prodotto\/kaltwalzkassetten\/#breadcrumb\"},\"inLanguage\":\"de-DE\",\"potentialAction\":[{\"@type\":\"ReadAction\",\"target\":[\"https:\/\/www.promostar.it\/de\/prodotto\/kaltwalzkassetten\/\"]}]},{\"@type\":\"BreadcrumbList\",\"@id\":\"https:\/\/www.promostar.it\/de\/prodotto\/kaltwalzkassetten\/#breadcrumb\",\"itemListElement\":[{\"@type\":\"ListItem\",\"position\":1,\"name\":\"Home\",\"item\":\"https:\/\/www.promostar.it\/de\/home-2\/\"},{\"@type\":\"ListItem\",\"position\":2,\"name\":\"Produkte\",\"item\":\"https:\/\/www.promostar.it\/de\/shop\/\"},{\"@type\":\"ListItem\",\"position\":3,\"name\":\"Kaltwalzkassetten\"}]},{\"@type\":\"WebSite\",\"@id\":\"https:\/\/www.promostar.it\/de\/#website\",\"url\":\"https:\/\/www.promostar.it\/de\/\",\"name\":\"PromoStar S.r.l.\",\"description\":\"Promostar \u00e8 l\u2019azienda leader e la prima ad introdurre il processo di stiratura\",\"publisher\":{\"@id\":\"https:\/\/www.promostar.it\/de\/#organization\"},\"potentialAction\":[{\"@type\":\"SearchAction\",\"target\":{\"@type\":\"EntryPoint\",\"urlTemplate\":\"https:\/\/www.promostar.it\/de\/?s={search_term_string}\"},\"query-input\":\"required name=search_term_string\"}],\"inLanguage\":\"de-DE\"},{\"@type\":\"Organization\",\"@id\":\"https:\/\/www.promostar.it\/de\/#organization\",\"name\":\"Promostar\",\"url\":\"https:\/\/www.promostar.it\/de\/\",\"logo\":{\"@type\":\"ImageObject\",\"inLanguage\":\"de-DE\",\"@id\":\"https:\/\/www.promostar.it\/de\/#\/schema\/logo\/image\/\",\"url\":\"https:\/\/www.promostar.it\/wp-content\/uploads\/2020\/10\/promostar-logo.png\",\"contentUrl\":\"https:\/\/www.promostar.it\/wp-content\/uploads\/2020\/10\/promostar-logo.png\",\"width\":210,\"height\":69,\"caption\":\"Promostar\"},\"image\":{\"@id\":\"https:\/\/www.promostar.it\/de\/#\/schema\/logo\/image\/\"}}]}<\/script>\n<!-- \/ Yoast SEO plugin. -->","yoast_head_json":{"title":"Kaltwalzkassetten | Promostar","description":"Kaltwalzkassetten werden f\u00fcr den Kaltwalzprozess des Drahtes verwendet. erh\u00f6hen die mechanischen Eigenschaften des Walzdrahts","robots":{"index":"index","follow":"follow","max-snippet":"max-snippet:-1","max-image-preview":"max-image-preview:large","max-video-preview":"max-video-preview:-1"},"canonical":"https:\/\/www.promostar.it\/de\/prodotto\/kaltwalzkassetten\/","og_locale":"de_DE","og_type":"article","og_title":"Kaltwalzkassetten | Promostar","og_description":"Kaltwalzkassetten werden f\u00fcr den Kaltwalzprozess des Drahtes verwendet. erh\u00f6hen die mechanischen Eigenschaften des Walzdrahts","og_url":"https:\/\/www.promostar.it\/de\/prodotto\/kaltwalzkassetten\/","og_site_name":"PromoStar S.r.l.","article_modified_time":"2023-05-08T09:35:42+00:00","og_image":[{"width":1200,"height":1200,"url":"https:\/\/www.promostar.it\/wp-content\/uploads\/2021\/03\/Cold-rolling-cassettes-1-transparent.jpg","type":"image\/jpeg"}],"twitter_card":"summary_large_image","schema":{"@context":"https:\/\/schema.org","@graph":[{"@type":"WebPage","@id":"https:\/\/www.promostar.it\/de\/prodotto\/kaltwalzkassetten\/","url":"https:\/\/www.promostar.it\/de\/prodotto\/kaltwalzkassetten\/","name":"Kaltwalzkassetten | Promostar","isPartOf":{"@id":"https:\/\/www.promostar.it\/de\/#website"},"datePublished":"2021-03-16T13:50:01+00:00","dateModified":"2023-05-08T09:35:42+00:00","description":"Kaltwalzkassetten werden f\u00fcr den Kaltwalzprozess des Drahtes verwendet. erh\u00f6hen die mechanischen Eigenschaften des Walzdrahts","breadcrumb":{"@id":"https:\/\/www.promostar.it\/de\/prodotto\/kaltwalzkassetten\/#breadcrumb"},"inLanguage":"de-DE","potentialAction":[{"@type":"ReadAction","target":["https:\/\/www.promostar.it\/de\/prodotto\/kaltwalzkassetten\/"]}]},{"@type":"BreadcrumbList","@id":"https:\/\/www.promostar.it\/de\/prodotto\/kaltwalzkassetten\/#breadcrumb","itemListElement":[{"@type":"ListItem","position":1,"name":"Home","item":"https:\/\/www.promostar.it\/de\/home-2\/"},{"@type":"ListItem","position":2,"name":"Produkte","item":"https:\/\/www.promostar.it\/de\/shop\/"},{"@type":"ListItem","position":3,"name":"Kaltwalzkassetten"}]},{"@type":"WebSite","@id":"https:\/\/www.promostar.it\/de\/#website","url":"https:\/\/www.promostar.it\/de\/","name":"PromoStar S.r.l.","description":"Promostar \u00e8 l\u2019azienda leader e la prima ad introdurre il processo di stiratura","publisher":{"@id":"https:\/\/www.promostar.it\/de\/#organization"},"potentialAction":[{"@type":"SearchAction","target":{"@type":"EntryPoint","urlTemplate":"https:\/\/www.promostar.it\/de\/?s={search_term_string}"},"query-input":"required name=search_term_string"}],"inLanguage":"de-DE"},{"@type":"Organization","@id":"https:\/\/www.promostar.it\/de\/#organization","name":"Promostar","url":"https:\/\/www.promostar.it\/de\/","logo":{"@type":"ImageObject","inLanguage":"de-DE","@id":"https:\/\/www.promostar.it\/de\/#\/schema\/logo\/image\/","url":"https:\/\/www.promostar.it\/wp-content\/uploads\/2020\/10\/promostar-logo.png","contentUrl":"https:\/\/www.promostar.it\/wp-content\/uploads\/2020\/10\/promostar-logo.png","width":210,"height":69,"caption":"Promostar"},"image":{"@id":"https:\/\/www.promostar.it\/de\/#\/schema\/logo\/image\/"}}]}},"_links":{"self":[{"href":"https:\/\/www.promostar.it\/de\/wp-json\/wp\/v3\/product\/5893"}],"collection":[{"href":"https:\/\/www.promostar.it\/de\/wp-json\/wp\/v3\/product"}],"about":[{"href":"https:\/\/www.promostar.it\/de\/wp-json\/wp\/v2\/types\/product"}],"wp:featuredmedia":[{"embeddable":true,"href":"https:\/\/www.promostar.it\/de\/wp-json\/wp\/v2\/media\/4177"}],"wp:attachment":[{"href":"https:\/\/www.promostar.it\/de\/wp-json\/wp\/v2\/media?parent=5893"}],"wp:term":[{"taxonomy":"product_cat","embeddable":true,"href":"https:\/\/www.promostar.it\/de\/wp-json\/wp\/v2\/product_cat?post=5893"},{"taxonomy":"product_tag","embeddable":true,"href":"https:\/\/www.promostar.it\/de\/wp-json\/wp\/v2\/product_tag?post=5893"}],"curies":[{"name":"wp","href":"https:\/\/api.w.org\/{rel}","templated":true}]}}