{"id":5892,"date":"2021-03-16T14:58:22","date_gmt":"2021-03-16T13:58:22","guid":{"rendered":"https:\/\/www.promostar.it\/prodotto\/die-vorrichtung-zum-abschrauben-der-kontermutter\/"},"modified":"2023-05-08T11:31:05","modified_gmt":"2023-05-08T09:31:05","slug":"die-vorrichtung-zum-abschrauben-der-kontermutter","status":"publish","type":"product","link":"https:\/\/www.promostar.it\/de\/prodotto\/die-vorrichtung-zum-abschrauben-der-kontermutter\/","title":{"rendered":"Die Vorrichtung zum Abschrauben der Kontermutter"},"content":{"rendered":"<p>[et_pb_section fb_built=&#8220;1&#8243; _builder_version=&#8220;4.17.0&#8243; _module_preset=&#8220;default&#8220; global_colors_info=&#8220;{}&#8220;][\/et_pb_section]<\/p>\n","protected":false},"excerpt":{"rendered":"<p><strong>Die Vorrichtung zum Abschrauben der Kontermutter<\/strong> dient zum Entriegeln der Walzenhalter, die in den Kaltwalzkassetten verwendet werden.<\/p>\n<p><strong>Die Vorrichtung zum Abschrauben der Kontermutter<\/strong> wird w\u00e4hrend der Walzenwechselvorg\u00e4nge verwendet und erm\u00f6glicht dank einer hydraulischen Vorrichtung das einfache Abschrauben der Ringmuttern der Walzenhalter, ohne die Wolframkarbidwalzen und die Ringmuttern zu besch\u00e4digen, die auf diese Weise wieder zum Verriegeln der neuen Walzen verwendet werden k\u00f6nnen.<\/p>\n<p><strong>Die Vorrichtung zum Abschrauben der Kontermutter<\/strong> wird von Promostar in Zusammenarbeit mit unseren Partnern unter Verwendung der neuesten Technologien und der besten auf dem Markt erh\u00e4ltlichen Marken entwickelt und hergestellt.<\/p>\n","protected":false},"featured_media":3664,"template":"","meta":{"_et_pb_use_builder":"on","_et_pb_old_content":"<strong>Die Vorrichtung zum Abschrauben der Kontermutter<\/strong> dient zum Entriegeln der Walzenhalter, die in den Kaltwalzkassetten verwendet werden.\n\n<strong>Die Vorrichtung zum Abschrauben der Kontermutter<\/strong> wird w\u00e4hrend der Walzenwechselvorg\u00e4nge verwendet und erm\u00f6glicht dank einer hydraulischen Vorrichtung das einfache Abschrauben der Ringmuttern der Walzenhalter, ohne die Wolframkarbidwalzen und die Ringmuttern zu besch\u00e4digen, die auf diese Weise wieder zum Verriegeln der neuen Walzen verwendet werden k\u00f6nnen.\n\n<strong>Die Vorrichtung zum Abschrauben der Kontermutter<\/strong> wird von Promostar in Zusammenarbeit mit unseren Partnern unter Verwendung der neuesten Technologien und der besten auf dem Markt erh\u00e4ltlichen Marken entwickelt und hergestellt.","_et_gb_content_width":""},"product_cat":[193],"product_tag":[97,108,109,120,123,124,134],"yoast_head":"<!-- This site is optimized with the Yoast SEO plugin v20.5 - https:\/\/yoast.com\/wordpress\/plugins\/seo\/ -->\n<title>Die Vorrichtung zum Abschrauben der Kontermutter | Promostar<\/title>\n<meta name=\"description\" content=\"Die Vorrichtung zum Abschrauben der Kontermutter dient zum Entriegeln der Walzenhalter, die in den Kaltwalzkassetten verwendet werden.\" \/>\n<meta name=\"robots\" content=\"index, follow, max-snippet:-1, max-image-preview:large, max-video-preview:-1\" \/>\n<link rel=\"canonical\" href=\"https:\/\/www.promostar.it\/de\/prodotto\/die-vorrichtung-zum-abschrauben-der-kontermutter\/\" \/>\n<meta property=\"og:locale\" content=\"de_DE\" \/>\n<meta property=\"og:type\" content=\"article\" \/>\n<meta property=\"og:title\" content=\"Die Vorrichtung zum Abschrauben der Kontermutter | Promostar\" \/>\n<meta property=\"og:description\" content=\"Die Vorrichtung zum Abschrauben der Kontermutter dient zum Entriegeln der Walzenhalter, die in den Kaltwalzkassetten verwendet werden.\" \/>\n<meta property=\"og:url\" content=\"https:\/\/www.promostar.it\/de\/prodotto\/die-vorrichtung-zum-abschrauben-der-kontermutter\/\" \/>\n<meta property=\"og:site_name\" content=\"PromoStar S.r.l.\" \/>\n<meta property=\"article:modified_time\" content=\"2023-05-08T09:31:05+00:00\" \/>\n<meta property=\"og:image\" content=\"https:\/\/www.promostar.it\/wp-content\/uploads\/2021\/03\/Dispositivo-Svita-ghiere.jpg\" \/>\n\t<meta property=\"og:image:width\" content=\"1200\" \/>\n\t<meta property=\"og:image:height\" content=\"1200\" \/>\n\t<meta property=\"og:image:type\" content=\"image\/jpeg\" \/>\n<meta name=\"twitter:card\" content=\"summary_large_image\" \/>\n<script type=\"application\/ld+json\" class=\"yoast-schema-graph\">{\"@context\":\"https:\/\/schema.org\",\"@graph\":[{\"@type\":\"WebPage\",\"@id\":\"https:\/\/www.promostar.it\/de\/prodotto\/die-vorrichtung-zum-abschrauben-der-kontermutter\/\",\"url\":\"https:\/\/www.promostar.it\/de\/prodotto\/die-vorrichtung-zum-abschrauben-der-kontermutter\/\",\"name\":\"Die Vorrichtung zum Abschrauben der Kontermutter | Promostar\",\"isPartOf\":{\"@id\":\"https:\/\/www.promostar.it\/de\/#website\"},\"datePublished\":\"2021-03-16T13:58:22+00:00\",\"dateModified\":\"2023-05-08T09:31:05+00:00\",\"description\":\"Die Vorrichtung zum Abschrauben der Kontermutter dient zum Entriegeln der Walzenhalter, die in den Kaltwalzkassetten verwendet werden.\",\"breadcrumb\":{\"@id\":\"https:\/\/www.promostar.it\/de\/prodotto\/die-vorrichtung-zum-abschrauben-der-kontermutter\/#breadcrumb\"},\"inLanguage\":\"de-DE\",\"potentialAction\":[{\"@type\":\"ReadAction\",\"target\":[\"https:\/\/www.promostar.it\/de\/prodotto\/die-vorrichtung-zum-abschrauben-der-kontermutter\/\"]}]},{\"@type\":\"BreadcrumbList\",\"@id\":\"https:\/\/www.promostar.it\/de\/prodotto\/die-vorrichtung-zum-abschrauben-der-kontermutter\/#breadcrumb\",\"itemListElement\":[{\"@type\":\"ListItem\",\"position\":1,\"name\":\"Home\",\"item\":\"https:\/\/www.promostar.it\/de\/home-2\/\"},{\"@type\":\"ListItem\",\"position\":2,\"name\":\"Produkte\",\"item\":\"https:\/\/www.promostar.it\/de\/shop\/\"},{\"@type\":\"ListItem\",\"position\":3,\"name\":\"Die Vorrichtung zum Abschrauben der Kontermutter\"}]},{\"@type\":\"WebSite\",\"@id\":\"https:\/\/www.promostar.it\/de\/#website\",\"url\":\"https:\/\/www.promostar.it\/de\/\",\"name\":\"PromoStar S.r.l.\",\"description\":\"Promostar \u00e8 l\u2019azienda leader e la prima ad introdurre il processo di stiratura\",\"publisher\":{\"@id\":\"https:\/\/www.promostar.it\/de\/#organization\"},\"potentialAction\":[{\"@type\":\"SearchAction\",\"target\":{\"@type\":\"EntryPoint\",\"urlTemplate\":\"https:\/\/www.promostar.it\/de\/?s={search_term_string}\"},\"query-input\":\"required name=search_term_string\"}],\"inLanguage\":\"de-DE\"},{\"@type\":\"Organization\",\"@id\":\"https:\/\/www.promostar.it\/de\/#organization\",\"name\":\"Promostar\",\"url\":\"https:\/\/www.promostar.it\/de\/\",\"logo\":{\"@type\":\"ImageObject\",\"inLanguage\":\"de-DE\",\"@id\":\"https:\/\/www.promostar.it\/de\/#\/schema\/logo\/image\/\",\"url\":\"https:\/\/www.promostar.it\/wp-content\/uploads\/2020\/10\/promostar-logo.png\",\"contentUrl\":\"https:\/\/www.promostar.it\/wp-content\/uploads\/2020\/10\/promostar-logo.png\",\"width\":210,\"height\":69,\"caption\":\"Promostar\"},\"image\":{\"@id\":\"https:\/\/www.promostar.it\/de\/#\/schema\/logo\/image\/\"}}]}<\/script>\n<!-- \/ Yoast SEO plugin. -->","yoast_head_json":{"title":"Die Vorrichtung zum Abschrauben der Kontermutter | Promostar","description":"Die Vorrichtung zum Abschrauben der Kontermutter dient zum Entriegeln der Walzenhalter, die in den Kaltwalzkassetten verwendet werden.","robots":{"index":"index","follow":"follow","max-snippet":"max-snippet:-1","max-image-preview":"max-image-preview:large","max-video-preview":"max-video-preview:-1"},"canonical":"https:\/\/www.promostar.it\/de\/prodotto\/die-vorrichtung-zum-abschrauben-der-kontermutter\/","og_locale":"de_DE","og_type":"article","og_title":"Die Vorrichtung zum Abschrauben der Kontermutter | Promostar","og_description":"Die Vorrichtung zum Abschrauben der Kontermutter dient zum Entriegeln der Walzenhalter, die in den Kaltwalzkassetten verwendet werden.","og_url":"https:\/\/www.promostar.it\/de\/prodotto\/die-vorrichtung-zum-abschrauben-der-kontermutter\/","og_site_name":"PromoStar S.r.l.","article_modified_time":"2023-05-08T09:31:05+00:00","og_image":[{"width":1200,"height":1200,"url":"https:\/\/www.promostar.it\/wp-content\/uploads\/2021\/03\/Dispositivo-Svita-ghiere.jpg","type":"image\/jpeg"}],"twitter_card":"summary_large_image","schema":{"@context":"https:\/\/schema.org","@graph":[{"@type":"WebPage","@id":"https:\/\/www.promostar.it\/de\/prodotto\/die-vorrichtung-zum-abschrauben-der-kontermutter\/","url":"https:\/\/www.promostar.it\/de\/prodotto\/die-vorrichtung-zum-abschrauben-der-kontermutter\/","name":"Die Vorrichtung zum Abschrauben der Kontermutter | Promostar","isPartOf":{"@id":"https:\/\/www.promostar.it\/de\/#website"},"datePublished":"2021-03-16T13:58:22+00:00","dateModified":"2023-05-08T09:31:05+00:00","description":"Die Vorrichtung zum Abschrauben der Kontermutter dient zum Entriegeln der Walzenhalter, die in den Kaltwalzkassetten verwendet werden.","breadcrumb":{"@id":"https:\/\/www.promostar.it\/de\/prodotto\/die-vorrichtung-zum-abschrauben-der-kontermutter\/#breadcrumb"},"inLanguage":"de-DE","potentialAction":[{"@type":"ReadAction","target":["https:\/\/www.promostar.it\/de\/prodotto\/die-vorrichtung-zum-abschrauben-der-kontermutter\/"]}]},{"@type":"BreadcrumbList","@id":"https:\/\/www.promostar.it\/de\/prodotto\/die-vorrichtung-zum-abschrauben-der-kontermutter\/#breadcrumb","itemListElement":[{"@type":"ListItem","position":1,"name":"Home","item":"https:\/\/www.promostar.it\/de\/home-2\/"},{"@type":"ListItem","position":2,"name":"Produkte","item":"https:\/\/www.promostar.it\/de\/shop\/"},{"@type":"ListItem","position":3,"name":"Die Vorrichtung zum Abschrauben der Kontermutter"}]},{"@type":"WebSite","@id":"https:\/\/www.promostar.it\/de\/#website","url":"https:\/\/www.promostar.it\/de\/","name":"PromoStar S.r.l.","description":"Promostar \u00e8 l\u2019azienda leader e la prima ad introdurre il processo di stiratura","publisher":{"@id":"https:\/\/www.promostar.it\/de\/#organization"},"potentialAction":[{"@type":"SearchAction","target":{"@type":"EntryPoint","urlTemplate":"https:\/\/www.promostar.it\/de\/?s={search_term_string}"},"query-input":"required name=search_term_string"}],"inLanguage":"de-DE"},{"@type":"Organization","@id":"https:\/\/www.promostar.it\/de\/#organization","name":"Promostar","url":"https:\/\/www.promostar.it\/de\/","logo":{"@type":"ImageObject","inLanguage":"de-DE","@id":"https:\/\/www.promostar.it\/de\/#\/schema\/logo\/image\/","url":"https:\/\/www.promostar.it\/wp-content\/uploads\/2020\/10\/promostar-logo.png","contentUrl":"https:\/\/www.promostar.it\/wp-content\/uploads\/2020\/10\/promostar-logo.png","width":210,"height":69,"caption":"Promostar"},"image":{"@id":"https:\/\/www.promostar.it\/de\/#\/schema\/logo\/image\/"}}]}},"_links":{"self":[{"href":"https:\/\/www.promostar.it\/de\/wp-json\/wp\/v3\/product\/5892"}],"collection":[{"href":"https:\/\/www.promostar.it\/de\/wp-json\/wp\/v3\/product"}],"about":[{"href":"https:\/\/www.promostar.it\/de\/wp-json\/wp\/v2\/types\/product"}],"wp:featuredmedia":[{"embeddable":true,"href":"https:\/\/www.promostar.it\/de\/wp-json\/wp\/v2\/media\/3664"}],"wp:attachment":[{"href":"https:\/\/www.promostar.it\/de\/wp-json\/wp\/v2\/media?parent=5892"}],"wp:term":[{"taxonomy":"product_cat","embeddable":true,"href":"https:\/\/www.promostar.it\/de\/wp-json\/wp\/v2\/product_cat?post=5892"},{"taxonomy":"product_tag","embeddable":true,"href":"https:\/\/www.promostar.it\/de\/wp-json\/wp\/v2\/product_tag?post=5892"}],"curies":[{"name":"wp","href":"https:\/\/api.w.org\/{rel}","templated":true}]}}