{"id":5891,"date":"2022-04-05T09:09:54","date_gmt":"2022-04-05T07:09:54","guid":{"rendered":"https:\/\/www.promostar.it\/prodotto\/ketten-und-rollenforderer\/"},"modified":"2023-05-08T11:21:27","modified_gmt":"2023-05-08T09:21:27","slug":"ketten-und-rollenforderer","status":"publish","type":"product","link":"https:\/\/www.promostar.it\/de\/prodotto\/ketten-und-rollenforderer\/","title":{"rendered":"Ketten- und Rollenf\u00f6rderer"},"content":{"rendered":"<p>[et_pb_section fb_built=&#8220;1&#8243; _builder_version=&#8220;4.16&#8243; custom_padding=&#8220;0px||||false|false&#8220; global_colors_info=&#8220;{}&#8220;][\/et_pb_section]<\/p>\n","protected":false},"excerpt":{"rendered":"<p><strong>Ketten- und Rollenf\u00f6rderer<\/strong> werden an Zieh-, Kaltwalz- und Reckmaschinen zum Transport der Spulen, Rollen oder Trommeln eingesetzt.<\/p>\n<p><strong>Ketten- und Rollenf\u00f6rderer<\/strong> werden entsprechend dem spezifischen Installationslayout der Maschinen und des Kundenunternehmens entwickelt und geplant.<\/p>\n<p>Dieser F\u00f6rderer besteht aus einem (oder mehreren) Modul, dessen Bewegung durch eine Reihe von Ketten synchronisiert wird, die von einem Getriebemotor angetrieben werden. Die Anzahl der Module richtet sich nach den Pufferanforderungen der Kunden.<\/p>\n<p>Die F\u00f6rderer haben einen soliden Stahlrahmen und sind durch Schutzplatten nach EU-Norm verschlossen. Aus Sicherheitsgr\u00fcnden wird der Zugang durch eine Lichtschranke verschlossen und Sensoreinrichtungen \u00fcberwachen die Bewegung der Spulen, Rollen oder Trommeln.<\/p>\n<p>Haupts\u00e4chlich lassen sich zwei unterschiedliche Kategorien unterscheiden: Ketten- oder Rollenf\u00f6rderer. Die Verwendung des einen Typs im Verh\u00e4ltnis zum anderen h\u00e4ngt haupts\u00e4chlich von der Art der zu transportierenden Last ab.<\/p>\n<p>Diese Ger\u00e4te werden normalerweise in Kombination mit vollautomatischen <a href=\"https:\/\/www.promostar.it\/prodotto\/vegastar-copia\/\"><u>Drahtspulmaschinen<\/u><\/a> verwendet, bei denen in Kombination mit dem \u00dcberkopf-Manipulator die leeren Spulen geladen und das fertige Produkt (Spulen oder Trommeln) automatisch heruntergeladen werden k\u00f6nnen.<\/p>\n","protected":false},"featured_media":4141,"template":"","meta":{"_et_pb_use_builder":"on","_et_pb_old_content":"<strong>Ketten- und Rollenf\u00f6rderer<\/strong> werden an Zieh-, Kaltwalz- und Reckmaschinen zum Transport der Spulen, Rollen oder Trommeln eingesetzt.\n\n<strong>Ketten- und Rollenf\u00f6rderer<\/strong> werden entsprechend dem spezifischen Installationslayout der Maschinen und des Kundenunternehmens entwickelt und geplant.\n\nDieser F\u00f6rderer besteht aus einem (oder mehreren) Modul, dessen Bewegung durch eine Reihe von Ketten synchronisiert wird, die von einem Getriebemotor angetrieben werden. Die Anzahl der Module richtet sich nach den Pufferanforderungen der Kunden.\n\nDie F\u00f6rderer haben einen soliden Stahlrahmen und sind durch Schutzplatten nach EU-Norm verschlossen. Aus Sicherheitsgr\u00fcnden wird der Zugang durch eine Lichtschranke verschlossen und Sensoreinrichtungen \u00fcberwachen die Bewegung der Spulen, Rollen oder Trommeln.\n\nHaupts\u00e4chlich lassen sich zwei unterschiedliche Kategorien unterscheiden: Ketten- oder Rollenf\u00f6rderer. Die Verwendung des einen Typs im Verh\u00e4ltnis zum anderen h\u00e4ngt haupts\u00e4chlich von der Art der zu transportierenden Last ab.\n\nDiese Ger\u00e4te werden normalerweise in Kombination mit vollautomatischen <a href=\"https:\/\/www.promostar.it\/prodotto\/vegastar-copia\/\"><u>Drahtspulmaschinen<\/u><\/a> verwendet, bei denen in Kombination mit dem \u00dcberkopf-Manipulator die leeren Spulen geladen und das fertige Produkt (Spulen oder Trommeln) automatisch heruntergeladen werden k\u00f6nnen.\n\nSie k\u00f6nnen auch als eigenst\u00e4ndige F\u00f6rderer verwendet werden, wenn beispielsweise die leeren Spulen oder die fertigen Produkte von einer Bucht zur anderen innerhalb des Werks transportiert werden m\u00fcssen.","_et_gb_content_width":""},"product_cat":[193],"product_tag":[97,102,108,109,116,120,123,124,131,134,140],"yoast_head":"<!-- This site is optimized with the Yoast SEO plugin v20.5 - https:\/\/yoast.com\/wordpress\/plugins\/seo\/ -->\n<title>Ketten- und Rollenf\u00f6rderer | Promostar<\/title>\n<meta name=\"description\" content=\"Ketten- und Rollenf\u00f6rderer werden an Zieh-, Kaltwalz- und Reckmaschinen zum Transport der Spulen, Rollen oder Trommeln eingesetzt.\" \/>\n<meta name=\"robots\" content=\"index, follow, max-snippet:-1, max-image-preview:large, max-video-preview:-1\" \/>\n<link rel=\"canonical\" href=\"https:\/\/www.promostar.it\/de\/prodotto\/ketten-und-rollenforderer\/\" \/>\n<meta property=\"og:locale\" content=\"de_DE\" \/>\n<meta property=\"og:type\" content=\"article\" \/>\n<meta property=\"og:title\" content=\"Ketten- und Rollenf\u00f6rderer | Promostar\" \/>\n<meta property=\"og:description\" content=\"Ketten- und Rollenf\u00f6rderer werden an Zieh-, Kaltwalz- und Reckmaschinen zum Transport der Spulen, Rollen oder Trommeln eingesetzt.\" \/>\n<meta property=\"og:url\" content=\"https:\/\/www.promostar.it\/de\/prodotto\/ketten-und-rollenforderer\/\" \/>\n<meta property=\"og:site_name\" content=\"PromoStar S.r.l.\" \/>\n<meta property=\"article:modified_time\" content=\"2023-05-08T09:21:27+00:00\" \/>\n<meta property=\"og:image\" content=\"https:\/\/www.promostar.it\/wp-content\/uploads\/2022\/04\/Chain-and-roll-conveyors-3.jpg\" \/>\n\t<meta property=\"og:image:width\" content=\"2000\" \/>\n\t<meta property=\"og:image:height\" content=\"1500\" \/>\n\t<meta property=\"og:image:type\" content=\"image\/jpeg\" \/>\n<meta name=\"twitter:card\" content=\"summary_large_image\" \/>\n<script type=\"application\/ld+json\" class=\"yoast-schema-graph\">{\"@context\":\"https:\/\/schema.org\",\"@graph\":[{\"@type\":\"WebPage\",\"@id\":\"https:\/\/www.promostar.it\/de\/prodotto\/ketten-und-rollenforderer\/\",\"url\":\"https:\/\/www.promostar.it\/de\/prodotto\/ketten-und-rollenforderer\/\",\"name\":\"Ketten- und Rollenf\u00f6rderer | Promostar\",\"isPartOf\":{\"@id\":\"https:\/\/www.promostar.it\/de\/#website\"},\"datePublished\":\"2022-04-05T07:09:54+00:00\",\"dateModified\":\"2023-05-08T09:21:27+00:00\",\"description\":\"Ketten- und Rollenf\u00f6rderer werden an Zieh-, Kaltwalz- und Reckmaschinen zum Transport der Spulen, Rollen oder Trommeln eingesetzt.\",\"breadcrumb\":{\"@id\":\"https:\/\/www.promostar.it\/de\/prodotto\/ketten-und-rollenforderer\/#breadcrumb\"},\"inLanguage\":\"de-DE\",\"potentialAction\":[{\"@type\":\"ReadAction\",\"target\":[\"https:\/\/www.promostar.it\/de\/prodotto\/ketten-und-rollenforderer\/\"]}]},{\"@type\":\"BreadcrumbList\",\"@id\":\"https:\/\/www.promostar.it\/de\/prodotto\/ketten-und-rollenforderer\/#breadcrumb\",\"itemListElement\":[{\"@type\":\"ListItem\",\"position\":1,\"name\":\"Home\",\"item\":\"https:\/\/www.promostar.it\/de\/home-2\/\"},{\"@type\":\"ListItem\",\"position\":2,\"name\":\"Produkte\",\"item\":\"https:\/\/www.promostar.it\/de\/shop\/\"},{\"@type\":\"ListItem\",\"position\":3,\"name\":\"Ketten- und Rollenf\u00f6rderer\"}]},{\"@type\":\"WebSite\",\"@id\":\"https:\/\/www.promostar.it\/de\/#website\",\"url\":\"https:\/\/www.promostar.it\/de\/\",\"name\":\"PromoStar S.r.l.\",\"description\":\"Promostar \u00e8 l\u2019azienda leader e la prima ad introdurre il processo di stiratura\",\"publisher\":{\"@id\":\"https:\/\/www.promostar.it\/de\/#organization\"},\"potentialAction\":[{\"@type\":\"SearchAction\",\"target\":{\"@type\":\"EntryPoint\",\"urlTemplate\":\"https:\/\/www.promostar.it\/de\/?s={search_term_string}\"},\"query-input\":\"required name=search_term_string\"}],\"inLanguage\":\"de-DE\"},{\"@type\":\"Organization\",\"@id\":\"https:\/\/www.promostar.it\/de\/#organization\",\"name\":\"Promostar\",\"url\":\"https:\/\/www.promostar.it\/de\/\",\"logo\":{\"@type\":\"ImageObject\",\"inLanguage\":\"de-DE\",\"@id\":\"https:\/\/www.promostar.it\/de\/#\/schema\/logo\/image\/\",\"url\":\"https:\/\/www.promostar.it\/wp-content\/uploads\/2020\/10\/promostar-logo.png\",\"contentUrl\":\"https:\/\/www.promostar.it\/wp-content\/uploads\/2020\/10\/promostar-logo.png\",\"width\":210,\"height\":69,\"caption\":\"Promostar\"},\"image\":{\"@id\":\"https:\/\/www.promostar.it\/de\/#\/schema\/logo\/image\/\"}}]}<\/script>\n<!-- \/ Yoast SEO plugin. -->","yoast_head_json":{"title":"Ketten- und Rollenf\u00f6rderer | Promostar","description":"Ketten- und Rollenf\u00f6rderer werden an Zieh-, Kaltwalz- und Reckmaschinen zum Transport der Spulen, Rollen oder Trommeln eingesetzt.","robots":{"index":"index","follow":"follow","max-snippet":"max-snippet:-1","max-image-preview":"max-image-preview:large","max-video-preview":"max-video-preview:-1"},"canonical":"https:\/\/www.promostar.it\/de\/prodotto\/ketten-und-rollenforderer\/","og_locale":"de_DE","og_type":"article","og_title":"Ketten- und Rollenf\u00f6rderer | Promostar","og_description":"Ketten- und Rollenf\u00f6rderer werden an Zieh-, Kaltwalz- und Reckmaschinen zum Transport der Spulen, Rollen oder Trommeln eingesetzt.","og_url":"https:\/\/www.promostar.it\/de\/prodotto\/ketten-und-rollenforderer\/","og_site_name":"PromoStar S.r.l.","article_modified_time":"2023-05-08T09:21:27+00:00","og_image":[{"width":2000,"height":1500,"url":"https:\/\/www.promostar.it\/wp-content\/uploads\/2022\/04\/Chain-and-roll-conveyors-3.jpg","type":"image\/jpeg"}],"twitter_card":"summary_large_image","schema":{"@context":"https:\/\/schema.org","@graph":[{"@type":"WebPage","@id":"https:\/\/www.promostar.it\/de\/prodotto\/ketten-und-rollenforderer\/","url":"https:\/\/www.promostar.it\/de\/prodotto\/ketten-und-rollenforderer\/","name":"Ketten- und Rollenf\u00f6rderer | Promostar","isPartOf":{"@id":"https:\/\/www.promostar.it\/de\/#website"},"datePublished":"2022-04-05T07:09:54+00:00","dateModified":"2023-05-08T09:21:27+00:00","description":"Ketten- und Rollenf\u00f6rderer werden an Zieh-, Kaltwalz- und Reckmaschinen zum Transport der Spulen, Rollen oder Trommeln eingesetzt.","breadcrumb":{"@id":"https:\/\/www.promostar.it\/de\/prodotto\/ketten-und-rollenforderer\/#breadcrumb"},"inLanguage":"de-DE","potentialAction":[{"@type":"ReadAction","target":["https:\/\/www.promostar.it\/de\/prodotto\/ketten-und-rollenforderer\/"]}]},{"@type":"BreadcrumbList","@id":"https:\/\/www.promostar.it\/de\/prodotto\/ketten-und-rollenforderer\/#breadcrumb","itemListElement":[{"@type":"ListItem","position":1,"name":"Home","item":"https:\/\/www.promostar.it\/de\/home-2\/"},{"@type":"ListItem","position":2,"name":"Produkte","item":"https:\/\/www.promostar.it\/de\/shop\/"},{"@type":"ListItem","position":3,"name":"Ketten- und Rollenf\u00f6rderer"}]},{"@type":"WebSite","@id":"https:\/\/www.promostar.it\/de\/#website","url":"https:\/\/www.promostar.it\/de\/","name":"PromoStar S.r.l.","description":"Promostar \u00e8 l\u2019azienda leader e la prima ad introdurre il processo di stiratura","publisher":{"@id":"https:\/\/www.promostar.it\/de\/#organization"},"potentialAction":[{"@type":"SearchAction","target":{"@type":"EntryPoint","urlTemplate":"https:\/\/www.promostar.it\/de\/?s={search_term_string}"},"query-input":"required name=search_term_string"}],"inLanguage":"de-DE"},{"@type":"Organization","@id":"https:\/\/www.promostar.it\/de\/#organization","name":"Promostar","url":"https:\/\/www.promostar.it\/de\/","logo":{"@type":"ImageObject","inLanguage":"de-DE","@id":"https:\/\/www.promostar.it\/de\/#\/schema\/logo\/image\/","url":"https:\/\/www.promostar.it\/wp-content\/uploads\/2020\/10\/promostar-logo.png","contentUrl":"https:\/\/www.promostar.it\/wp-content\/uploads\/2020\/10\/promostar-logo.png","width":210,"height":69,"caption":"Promostar"},"image":{"@id":"https:\/\/www.promostar.it\/de\/#\/schema\/logo\/image\/"}}]}},"_links":{"self":[{"href":"https:\/\/www.promostar.it\/de\/wp-json\/wp\/v3\/product\/5891"}],"collection":[{"href":"https:\/\/www.promostar.it\/de\/wp-json\/wp\/v3\/product"}],"about":[{"href":"https:\/\/www.promostar.it\/de\/wp-json\/wp\/v2\/types\/product"}],"wp:featuredmedia":[{"embeddable":true,"href":"https:\/\/www.promostar.it\/de\/wp-json\/wp\/v2\/media\/4141"}],"wp:attachment":[{"href":"https:\/\/www.promostar.it\/de\/wp-json\/wp\/v2\/media?parent=5891"}],"wp:term":[{"taxonomy":"product_cat","embeddable":true,"href":"https:\/\/www.promostar.it\/de\/wp-json\/wp\/v2\/product_cat?post=5891"},{"taxonomy":"product_tag","embeddable":true,"href":"https:\/\/www.promostar.it\/de\/wp-json\/wp\/v2\/product_tag?post=5891"}],"curies":[{"name":"wp","href":"https:\/\/api.w.org\/{rel}","templated":true}]}}