{"id":5890,"date":"2022-04-05T09:20:49","date_gmt":"2022-04-05T07:20:49","guid":{"rendered":"https:\/\/www.promostar.it\/prodotto\/drahtreinigungssysteme\/"},"modified":"2023-05-08T11:10:39","modified_gmt":"2023-05-08T09:10:39","slug":"drahtreinigungssysteme","status":"publish","type":"product","link":"https:\/\/www.promostar.it\/de\/prodotto\/drahtreinigungssysteme\/","title":{"rendered":"Drahtreinigungssysteme"},"content":{"rendered":"<p>[et_pb_section fb_built=&#8220;1&#8243; _builder_version=&#8220;4.17.0&#8243; _module_preset=&#8220;default&#8220; global_colors_info=&#8220;{}&#8220;][\/et_pb_section]<\/p>\n","protected":false},"excerpt":{"rendered":"<p><strong>Drahtreinigungssysteme<\/strong> werden an Zieh-, Kaltwalz- und Streckmaschinen eingesetzt, um den w\u00e4hrend des Warmwalzprozesses gebildeten Galmei und das Oxid von der Drahtoberfl\u00e4che zu entfernen, die durch eine l\u00e4ngere Exposition des Materials mit Luft und Feuchtigkeit entstehen<\/p>\n<p><strong>Drahtreinigungssysteme<\/strong> werden gem\u00e4\u00df den Zielanforderungen des Kunden in Bezug auf Sauberkeit und spezifisches Installationslayout der Maschinen und des Kundenunternehmens entwickelt und individuell gestaltet.<\/p>\n<p>Unsere Palette an mechanischen Reinigungssystemen beinhaltet:<\/p>\n<ul>\n<li>Vertikale Entkalkungsmaschine<\/li>\n<li>Horizontale Entkalkungsmaschine<\/li>\n<li>Reinigungsger\u00e4te basierend auf einer Kombination aus statischer und dynamischer Presse<\/li>\n<li>Ger\u00e4te mit motorisierten Schleifb\u00fcrsten<\/li>\n<li>Drahtschwingschleifer mit Schleifband ausgestattet<\/li>\n<\/ul>\n<p>Der <strong>vertikale und horizontale Entzunderer<\/strong> reinigt die Stangenoberfl\u00e4che durch Entfernen des Zunders, der die Oberfl\u00e4chenoxidbeschichtung darstellt, durch abwechselndes Biegen des Walzdrahts w\u00e4hrend seines Durchgangs durch verschiedene Walzen, die auf verschiedenen Ebenen angeordnet sind. Sie bestehen aus einer starren Basis und einem Tr\u00e4ger aus Stahl, auf denen mehrere Rollen mit verschlei\u00dffestem Hartmetalleinsatz f\u00fcr eine lange Lebensdauer installiert sind. Sie sind vollst\u00e4ndig geschlossen und der Kalk kann durch einen Beh\u00e4lter im unteren Teil des Entzunderers gesammelt werden. Der vertikale Typ wird f\u00fcr Walzdraht bis zu einem Durchmesser von 8 mm verwendet und die Position der Walzen ist festgelegt, w\u00e4hrend das horizontale Modell den Einzug von Walzdraht bis zu einem Durchmesser von 20 mm und die Einstellung des Grads der Entzunderung erm\u00f6glicht. Dank des Vorhandenseins von zwei (2) verstellbaren Rollen, wird direkt auf den Draht eingewirkt. Die Steuerung der Hubspindel erfolgt direkt \u00fcber das Steuerpult (ein elektrischer Sensor erm\u00f6glicht die Aufzeichnung und den Abruf der Position der Rollen laut Rezept, wodurch diese direkte eingestellt werden). Diese Ger\u00e4te sind f\u00fcr eine erste und grobe Entfernung des Zunders geeignet.<\/p>\n","protected":false},"featured_media":4144,"template":"","meta":{"_et_pb_use_builder":"on","_et_pb_old_content":"<strong>Drahtreinigungssysteme<\/strong> werden an Zieh-, Kaltwalz- und Streckmaschinen eingesetzt, um den w\u00e4hrend des Warmwalzprozesses gebildeten Galmei und das Oxid von der Drahtoberfl\u00e4che zu entfernen, die durch eine l\u00e4ngere Exposition des Materials mit Luft und Feuchtigkeit entstehen\n\n<strong>Drahtreinigungssysteme<\/strong> werden gem\u00e4\u00df den Zielanforderungen des Kunden in Bezug auf Sauberkeit und spezifisches Installationslayout der Maschinen und des Kundenunternehmens entwickelt und individuell gestaltet.\n\nUnsere Palette an mechanischen Reinigungssystemen beinhaltet:\n<ul>\n \t<li>Vertikale Entkalkungsmaschine<\/li>\n \t<li>Horizontale Entkalkungsmaschine<\/li>\n \t<li>Reinigungsger\u00e4te basierend auf einer Kombination aus statischer und dynamischer Presse<\/li>\n \t<li>Ger\u00e4te mit motorisierten Schleifb\u00fcrsten<\/li>\n \t<li>Drahtschwingschleifer mit Schleifband ausgestattet<\/li>\n<\/ul>\nDer <strong>vertikale und horizontale Entzunderer<\/strong> reinigt die Stangenoberfl\u00e4che durch Entfernen des Zunders, der die Oberfl\u00e4chenoxidbeschichtung darstellt, durch abwechselndes Biegen des Walzdrahts w\u00e4hrend seines Durchgangs durch verschiedene Walzen, die auf verschiedenen Ebenen angeordnet sind. Sie bestehen aus einer starren Basis und einem Tr\u00e4ger aus Stahl, auf denen mehrere Rollen mit verschlei\u00dffestem Hartmetalleinsatz f\u00fcr eine lange Lebensdauer installiert sind. Sie sind vollst\u00e4ndig geschlossen und der Kalk kann durch einen Beh\u00e4lter im unteren Teil des Entzunderers gesammelt werden. Der vertikale Typ wird f\u00fcr Walzdraht bis zu einem Durchmesser von 8 mm verwendet und die Position der Walzen ist festgelegt, w\u00e4hrend das horizontale Modell den Einzug von Walzdraht bis zu einem Durchmesser von 20 mm und die Einstellung des Grads der Entzunderung erm\u00f6glicht. Dank des Vorhandenseins von zwei (2) verstellbaren Rollen, wird direkt auf den Draht eingewirkt. Die Steuerung der Hubspindel erfolgt direkt \u00fcber das Steuerpult (ein elektrischer Sensor erm\u00f6glicht die Aufzeichnung und den Abruf der Position der Rollen laut Rezept, wodurch diese direkte eingestellt werden). Diese Ger\u00e4te sind f\u00fcr eine erste und grobe Entfernung des Zunders geeignet.\n\nDie <strong>Reinigungsger\u00e4te basierend auf einer Kombination aus statischer und dynamischer Presse<\/strong> reinigen die Drahtoberfl\u00e4che durch die abrasive Wirkung eines kohlenstoffreichen Schwamms, der die Presse speist. Normalerweise ist dieses Ger\u00e4t mit einer (1) statischen Presse und zwei (2) dynamischen Pressen ausgestattet. In der statischen Presse wird die Reinigungswirkung durch die Vorschubbewegung des Walzdrahts durch den Schwamm erzeugt (der Verschlei\u00df des Schwamms wird durch die interne Vorrichtung der Presse kompensiert, die den Schwamm kontinuierlich auf die Walzdrahtoberfl\u00e4che dr\u00fcckt). Die dynamische Presse ist eine Rotationspresse, bei der die Reinigungswirkung durch eine Kombination der Vorschubbewegung des Walzdrahts und der Drehbewegung des Schwamms um den Draht erzeugt wird (dank der w\u00e4hrend der Drehung erzeugten Zentrifugalkraft wird der Schwamm kontinuierlich auf die Walzdrahtoberfl\u00e4che gedr\u00fcckt). Die zwei (2) dynamischen Pressen drehen sich gegenl\u00e4ufig zueinander (eine im Uhrzeigersinn und die andere gegen den Uhrzeigersinn) und dank einer Funktion, die es erm\u00f6glicht, die Drehung umzukehren, bleibt das Schleifmittel w\u00e4hrend des Betriebs scharf, um eine bessere Reinigungsqualit\u00e4t zu gew\u00e4hrleisten. Diese Ger\u00e4te sind f\u00fcr eine leite bis mittlere Reinigung des Drahtes nach dem Entzunderungsger\u00e4t geeignet.\n\nDie <strong>Ger\u00e4te mit motorisierten Schleifb\u00fcrsten bestehen<\/strong> aus zwei (2) oder vier (4) motorisierten rotierenden B\u00fcrsten, die auf einem Orbitalkopf montiert sind und sich um den Walzdraht drehen. Die von den Schleifb\u00fcrsten erzeugte Reinigungswirkung beruht auf einer Kombination der Vorschubbewegung des Walzdrahts, der Orbitalbewegung des Kopfes und der Rotationsbewegung der B\u00fcrsten. Diese Ger\u00e4te sind f\u00fcr eine leite bis mittlere Reinigung des Drahtes nach dem Entzunderungsger\u00e4t geeignet.\n\nDer <strong>Drahtschwingschleifer<\/strong> reinigt die Walzdrahtoberfl\u00e4che mit Schleifb\u00e4ndern, deren K\u00f6rnung von der Qualit\u00e4t des Eingangswalzdrahtes und der gew\u00fcnschten Reinigungsqualit\u00e4t abh\u00e4ngt. Die Maschine besteht aus einem motorisierten Orbitalkopf, der das Schleifband in Bewegung setzt und sich um die Walzdrahtoberfl\u00e4che dreht. Die abrasive Reinigungswirkung ist eine Kombination aus der Vorschubbewegung des Walzdrahtes, der Rotationsbewegung des Orbitalkopfes, der Vorschubbewegung des Bandes und der K\u00f6rnung des verwendeten Schleifbandes. Dieses Ger\u00e4t bietet eine g\u00fcltige Alternative zu chemischen Beizprozessen und wird daher empfohlen, wenn eine gr\u00fcndlichere Reinigung erforderlich ist.","_et_gb_content_width":""},"product_cat":[193],"product_tag":[97,102,108,109,116,120,123,124,131,134,140],"yoast_head":"<!-- This site is optimized with the Yoast SEO plugin v20.5 - https:\/\/yoast.com\/wordpress\/plugins\/seo\/ -->\n<title>Drahtreinigungssysteme | Promostar<\/title>\n<meta name=\"description\" content=\"Drahtreinigungssysteme werden an Zieh-, Kaltwalz- und Streckmaschinen eingesetzt, um den w\u00e4hrend des Warmwalzprozesses gebildeten Galmei und das Oxid\" \/>\n<meta name=\"robots\" content=\"index, follow, max-snippet:-1, max-image-preview:large, max-video-preview:-1\" \/>\n<link rel=\"canonical\" href=\"https:\/\/www.promostar.it\/de\/prodotto\/drahtreinigungssysteme\/\" \/>\n<meta property=\"og:locale\" content=\"de_DE\" \/>\n<meta property=\"og:type\" content=\"article\" \/>\n<meta property=\"og:title\" content=\"Drahtreinigungssysteme | Promostar\" \/>\n<meta property=\"og:description\" content=\"Drahtreinigungssysteme werden an Zieh-, Kaltwalz- und Streckmaschinen eingesetzt, um den w\u00e4hrend des Warmwalzprozesses gebildeten Galmei und das Oxid\" \/>\n<meta property=\"og:url\" content=\"https:\/\/www.promostar.it\/de\/prodotto\/drahtreinigungssysteme\/\" \/>\n<meta property=\"og:site_name\" content=\"PromoStar S.r.l.\" \/>\n<meta property=\"article:modified_time\" content=\"2023-05-08T09:10:39+00:00\" \/>\n<meta property=\"og:image\" content=\"https:\/\/www.promostar.it\/wp-content\/uploads\/2022\/04\/Cleaning-wire-systems-3-transparent.jpg\" \/>\n\t<meta property=\"og:image:width\" content=\"1200\" \/>\n\t<meta property=\"og:image:height\" content=\"1200\" \/>\n\t<meta property=\"og:image:type\" content=\"image\/jpeg\" \/>\n<meta name=\"twitter:card\" content=\"summary_large_image\" \/>\n<script type=\"application\/ld+json\" class=\"yoast-schema-graph\">{\"@context\":\"https:\/\/schema.org\",\"@graph\":[{\"@type\":\"WebPage\",\"@id\":\"https:\/\/www.promostar.it\/de\/prodotto\/drahtreinigungssysteme\/\",\"url\":\"https:\/\/www.promostar.it\/de\/prodotto\/drahtreinigungssysteme\/\",\"name\":\"Drahtreinigungssysteme | Promostar\",\"isPartOf\":{\"@id\":\"https:\/\/www.promostar.it\/de\/#website\"},\"datePublished\":\"2022-04-05T07:20:49+00:00\",\"dateModified\":\"2023-05-08T09:10:39+00:00\",\"description\":\"Drahtreinigungssysteme werden an Zieh-, Kaltwalz- und Streckmaschinen eingesetzt, um den w\u00e4hrend des Warmwalzprozesses gebildeten Galmei und das Oxid\",\"breadcrumb\":{\"@id\":\"https:\/\/www.promostar.it\/de\/prodotto\/drahtreinigungssysteme\/#breadcrumb\"},\"inLanguage\":\"de-DE\",\"potentialAction\":[{\"@type\":\"ReadAction\",\"target\":[\"https:\/\/www.promostar.it\/de\/prodotto\/drahtreinigungssysteme\/\"]}]},{\"@type\":\"BreadcrumbList\",\"@id\":\"https:\/\/www.promostar.it\/de\/prodotto\/drahtreinigungssysteme\/#breadcrumb\",\"itemListElement\":[{\"@type\":\"ListItem\",\"position\":1,\"name\":\"Home\",\"item\":\"https:\/\/www.promostar.it\/de\/\"},{\"@type\":\"ListItem\",\"position\":2,\"name\":\"Produkte\",\"item\":\"https:\/\/www.promostar.it\/de\/shop\/\"},{\"@type\":\"ListItem\",\"position\":3,\"name\":\"Drahtreinigungssysteme\"}]},{\"@type\":\"WebSite\",\"@id\":\"https:\/\/www.promostar.it\/de\/#website\",\"url\":\"https:\/\/www.promostar.it\/de\/\",\"name\":\"PromoStar S.r.l.\",\"description\":\"Promostar \u00e8 l\u2019azienda leader e la prima ad introdurre il processo di stiratura\",\"publisher\":{\"@id\":\"https:\/\/www.promostar.it\/de\/#organization\"},\"potentialAction\":[{\"@type\":\"SearchAction\",\"target\":{\"@type\":\"EntryPoint\",\"urlTemplate\":\"https:\/\/www.promostar.it\/de\/?s={search_term_string}\"},\"query-input\":\"required name=search_term_string\"}],\"inLanguage\":\"de-DE\"},{\"@type\":\"Organization\",\"@id\":\"https:\/\/www.promostar.it\/de\/#organization\",\"name\":\"Promostar\",\"url\":\"https:\/\/www.promostar.it\/de\/\",\"logo\":{\"@type\":\"ImageObject\",\"inLanguage\":\"de-DE\",\"@id\":\"https:\/\/www.promostar.it\/de\/#\/schema\/logo\/image\/\",\"url\":\"https:\/\/www.promostar.it\/wp-content\/uploads\/2020\/10\/promostar-logo.png\",\"contentUrl\":\"https:\/\/www.promostar.it\/wp-content\/uploads\/2020\/10\/promostar-logo.png\",\"width\":210,\"height\":69,\"caption\":\"Promostar\"},\"image\":{\"@id\":\"https:\/\/www.promostar.it\/de\/#\/schema\/logo\/image\/\"}}]}<\/script>\n<!-- \/ Yoast SEO plugin. -->","yoast_head_json":{"title":"Drahtreinigungssysteme | Promostar","description":"Drahtreinigungssysteme werden an Zieh-, Kaltwalz- und Streckmaschinen eingesetzt, um den w\u00e4hrend des Warmwalzprozesses gebildeten Galmei und das Oxid","robots":{"index":"index","follow":"follow","max-snippet":"max-snippet:-1","max-image-preview":"max-image-preview:large","max-video-preview":"max-video-preview:-1"},"canonical":"https:\/\/www.promostar.it\/de\/prodotto\/drahtreinigungssysteme\/","og_locale":"de_DE","og_type":"article","og_title":"Drahtreinigungssysteme | Promostar","og_description":"Drahtreinigungssysteme werden an Zieh-, Kaltwalz- und Streckmaschinen eingesetzt, um den w\u00e4hrend des Warmwalzprozesses gebildeten Galmei und das Oxid","og_url":"https:\/\/www.promostar.it\/de\/prodotto\/drahtreinigungssysteme\/","og_site_name":"PromoStar S.r.l.","article_modified_time":"2023-05-08T09:10:39+00:00","og_image":[{"width":1200,"height":1200,"url":"https:\/\/www.promostar.it\/wp-content\/uploads\/2022\/04\/Cleaning-wire-systems-3-transparent.jpg","type":"image\/jpeg"}],"twitter_card":"summary_large_image","schema":{"@context":"https:\/\/schema.org","@graph":[{"@type":"WebPage","@id":"https:\/\/www.promostar.it\/de\/prodotto\/drahtreinigungssysteme\/","url":"https:\/\/www.promostar.it\/de\/prodotto\/drahtreinigungssysteme\/","name":"Drahtreinigungssysteme | Promostar","isPartOf":{"@id":"https:\/\/www.promostar.it\/de\/#website"},"datePublished":"2022-04-05T07:20:49+00:00","dateModified":"2023-05-08T09:10:39+00:00","description":"Drahtreinigungssysteme werden an Zieh-, Kaltwalz- und Streckmaschinen eingesetzt, um den w\u00e4hrend des Warmwalzprozesses gebildeten Galmei und das Oxid","breadcrumb":{"@id":"https:\/\/www.promostar.it\/de\/prodotto\/drahtreinigungssysteme\/#breadcrumb"},"inLanguage":"de-DE","potentialAction":[{"@type":"ReadAction","target":["https:\/\/www.promostar.it\/de\/prodotto\/drahtreinigungssysteme\/"]}]},{"@type":"BreadcrumbList","@id":"https:\/\/www.promostar.it\/de\/prodotto\/drahtreinigungssysteme\/#breadcrumb","itemListElement":[{"@type":"ListItem","position":1,"name":"Home","item":"https:\/\/www.promostar.it\/de\/"},{"@type":"ListItem","position":2,"name":"Produkte","item":"https:\/\/www.promostar.it\/de\/shop\/"},{"@type":"ListItem","position":3,"name":"Drahtreinigungssysteme"}]},{"@type":"WebSite","@id":"https:\/\/www.promostar.it\/de\/#website","url":"https:\/\/www.promostar.it\/de\/","name":"PromoStar S.r.l.","description":"Promostar \u00e8 l\u2019azienda leader e la prima ad introdurre il processo di stiratura","publisher":{"@id":"https:\/\/www.promostar.it\/de\/#organization"},"potentialAction":[{"@type":"SearchAction","target":{"@type":"EntryPoint","urlTemplate":"https:\/\/www.promostar.it\/de\/?s={search_term_string}"},"query-input":"required name=search_term_string"}],"inLanguage":"de-DE"},{"@type":"Organization","@id":"https:\/\/www.promostar.it\/de\/#organization","name":"Promostar","url":"https:\/\/www.promostar.it\/de\/","logo":{"@type":"ImageObject","inLanguage":"de-DE","@id":"https:\/\/www.promostar.it\/de\/#\/schema\/logo\/image\/","url":"https:\/\/www.promostar.it\/wp-content\/uploads\/2020\/10\/promostar-logo.png","contentUrl":"https:\/\/www.promostar.it\/wp-content\/uploads\/2020\/10\/promostar-logo.png","width":210,"height":69,"caption":"Promostar"},"image":{"@id":"https:\/\/www.promostar.it\/de\/#\/schema\/logo\/image\/"}}]}},"_links":{"self":[{"href":"https:\/\/www.promostar.it\/de\/wp-json\/wp\/v3\/product\/5890"}],"collection":[{"href":"https:\/\/www.promostar.it\/de\/wp-json\/wp\/v3\/product"}],"about":[{"href":"https:\/\/www.promostar.it\/de\/wp-json\/wp\/v2\/types\/product"}],"wp:featuredmedia":[{"embeddable":true,"href":"https:\/\/www.promostar.it\/de\/wp-json\/wp\/v2\/media\/4144"}],"wp:attachment":[{"href":"https:\/\/www.promostar.it\/de\/wp-json\/wp\/v2\/media?parent=5890"}],"wp:term":[{"taxonomy":"product_cat","embeddable":true,"href":"https:\/\/www.promostar.it\/de\/wp-json\/wp\/v2\/product_cat?post=5890"},{"taxonomy":"product_tag","embeddable":true,"href":"https:\/\/www.promostar.it\/de\/wp-json\/wp\/v2\/product_tag?post=5890"}],"curies":[{"name":"wp","href":"https:\/\/api.w.org\/{rel}","templated":true}]}}