{"id":5889,"date":"2022-04-05T09:25:59","date_gmt":"2022-04-05T07:25:59","guid":{"rendered":"https:\/\/www.promostar.it\/prodotto\/zusammenklappbare-spulen-zerlegbare-haspeln\/"},"modified":"2023-05-08T10:17:15","modified_gmt":"2023-05-08T08:17:15","slug":"zusammenklappbare-spulen-zerlegbare-haspeln","status":"publish","type":"product","link":"https:\/\/www.promostar.it\/de\/prodotto\/zusammenklappbare-spulen-zerlegbare-haspeln\/","title":{"rendered":"Zusammenklappbare Spulen &#8211; zerlegbare Haspeln"},"content":{"rendered":"<p>[et_pb_section fb_built=&#8220;1&#8243; _builder_version=&#8220;4.17.0&#8243; _module_preset=&#8220;default&#8220; global_colors_info=&#8220;{}&#8220;][\/et_pb_section]<\/p>\n","protected":false},"excerpt":{"rendered":"<p><strong>Zusammenklappbare Spulen &#8211; zerlegbare Haspeln<\/strong> werden verwendet, um den Draht nach dem Kaltwalz-, Zieh- oder Streckprozess zu Spulen oder Haspeln, um umfreifte Kompaktspulen herzustellen.<\/p>\n<p><strong>Zusammenklappbare Spulen &#8211; zerlegbare Haspeln<\/strong> k\u00f6nnen auf verschiedene Spulentypen (horizontal und vertikal) mit unterschiedlichen Abmessungen und Ladekapazit\u00e4ten passen.<\/p>\n<p>Zusammenlegbare Spulen bestehen im Wesentlichen aus zwei Flanschen und einem zentralen Kern, der aus einem soliden Metallrahmen hergestellt wird.<\/p>\n<p>Bei Haspeln mit <strong><u>manueller Demontage<\/u><\/strong> f\u00fcr <a href=\"https:\/\/www.promostar.it\/prodotto\/vegastar-copia\/\"><u>horizontale Spulmaschinen<\/u><\/a> wird nach Abschluss der Umreifungsvorg\u00e4nge der obere Flansch manuell durch den Bediener mit einem Kran entfernt. Dann ist es mit einer speziellen Zange m\u00f6glich, die erzeugte Spule aus dem zentralen Kern (der ein integraler Bestandteil des unteren Flansches ist) zu entfernen und erneut mit dem Zusammenbau der Spule fortzufahren, wobei der umgekehrte Weg befolgt wird.<\/p>\n<p>Bei Rollen mit <strong>manueller Demontage<\/strong> <a href=\"https:\/\/www.promostar.it\/prodotto\/vertical-automatic-spooler-machine\/\"><u>f\u00fcr vertikale Spulmaschine<\/u><\/a> wird nach Abschluss der Umreifungsvorg\u00e4nge der obere Flansch (der mit dem zentralen Kern integriert ist) manuell durch den Bediener durch eine geeignete Hebevorrichtung (Br\u00fcckenkran) entfernt. Der Flansch schleppt die Trommel und folglich auch die produzierte Spule; Zusammen werden sie vom Bediener im Entladebereich deponiert. An diesem Punkt kann der Bediener durch Anschluss der Hebevorrichtung (Br\u00fcckenkran) mit speziellen Haken an den Haspeln, die andere Hebel mechanisch aktivieren, die zentrale Trommel von der kompakten Spule l\u00f6sen und dann den oberen Flansch mit seinen Lauf \u00fcber dem unteren Flansch zur\u00fcckbringen, um den Zusammenbau der Spule durchzuf\u00fchren.<\/p>\n","protected":false},"featured_media":4147,"template":"","meta":{"_et_pb_use_builder":"on","_et_pb_old_content":"<strong>Zusammenklappbare Spulen - zerlegbare Haspeln<\/strong> werden verwendet, um den Draht nach dem Kaltwalz-, Zieh- oder Streckprozess zu Spulen oder Haspeln, um umfreifte Kompaktspulen herzustellen.\n\n<strong>Zusammenklappbare Spulen - zerlegbare Haspeln<\/strong> k\u00f6nnen auf verschiedene Spulentypen (horizontal und vertikal) mit unterschiedlichen Abmessungen und Ladekapazit\u00e4ten passen.\n\nZusammenlegbare Spulen bestehen im Wesentlichen aus zwei Flanschen und einem zentralen Kern, der aus einem soliden Metallrahmen hergestellt wird.\n\nBei Haspeln mit <strong><u>manueller Demontage<\/u><\/strong> f\u00fcr <a href=\"https:\/\/www.promostar.it\/prodotto\/vegastar-copia\/\"><u>horizontale Spulmaschinen<\/u><\/a> wird nach Abschluss der Umreifungsvorg\u00e4nge der obere Flansch manuell durch den Bediener mit einem Kran entfernt. Dann ist es mit einer speziellen Zange m\u00f6glich, die erzeugte Spule aus dem zentralen Kern (der ein integraler Bestandteil des unteren Flansches ist) zu entfernen und erneut mit dem Zusammenbau der Spule fortzufahren, wobei der umgekehrte Weg befolgt wird.\n\nBei Rollen mit <strong>manueller Demontage<\/strong> <a href=\"https:\/\/www.promostar.it\/prodotto\/vertical-automatic-spooler-machine\/\"><u>f\u00fcr vertikale Spulmaschine<\/u><\/a> wird nach Abschluss der Umreifungsvorg\u00e4nge der obere Flansch (der mit dem zentralen Kern integriert ist) manuell durch den Bediener durch eine geeignete Hebevorrichtung (Br\u00fcckenkran) entfernt. Der Flansch schleppt die Trommel und folglich auch die produzierte Spule; Zusammen werden sie vom Bediener im Entladebereich deponiert. An diesem Punkt kann der Bediener durch Anschluss der Hebevorrichtung (Br\u00fcckenkran) mit speziellen Haken an den Haspeln, die andere Hebel mechanisch aktivieren, die zentrale Trommel von der kompakten Spule l\u00f6sen und dann den oberen Flansch mit seinen Lauf \u00fcber dem unteren Flansch zur\u00fcckbringen, um den Zusammenbau der Spule durchzuf\u00fchren.\n\nBei Rollen mit <strong>automatischer Demontage<\/strong> f\u00fcr <a href=\"https:\/\/www.promostar.it\/prodotto\/vertical-automatic-spooler-machine\/\"><u>vertikale automatische<\/u><\/a> Spulmaschinen wird nach den Umreifungsvorg\u00e4ngen der obere Flansch (der mit dem zentralen Kern integriert ist) durch den \u00dcberkopfmanipulator (der auf der automatischen Aufspulmaschine integriert ist) entfernt. Der Flansch schleppt die zentrale Trommel und folglich die produzierte Spule; Zusammen werden sie vom Manipulator im Entladebereich abgelegt. An diesem Punkt ist der Manipulator, der andere Hebel hydraulisch aktiviert, in der Lage, die zentrale Trommel von der kompakten Spule zu l\u00f6sen und bringt dann den oberen Flansch mit seiner Trommel \u00fcber dem unteren Flansch zur\u00fcck, um automatisch den Wiedereinbau der Spule durchzuf\u00fchren.\n\nDie Endproduktanwendungen sind normalerweise Bewehrungsmatten, B\u00fcgel, K\u00f6rbe und Gittertr\u00e4ger f\u00fcr den Hoch- und Industriebau und die Fundament- und Fertigteilindustrie.","_et_gb_content_width":""},"product_cat":[193],"product_tag":[97,103,108,109,112,120,134,136],"yoast_head":"<!-- This site is optimized with the Yoast SEO plugin v20.5 - https:\/\/yoast.com\/wordpress\/plugins\/seo\/ -->\n<title>Zusammenklappbare Spulen - zerlegbare Haspeln | Promostar<\/title>\n<meta name=\"description\" content=\"Zusammenklappbare Spulen - zerlegbare Haspeln werden verwendet, um den Draht nach dem Kaltwalz-, Zieh- oder Streckprozess zu Spulen oder Haspeln\" \/>\n<meta name=\"robots\" content=\"index, follow, max-snippet:-1, max-image-preview:large, max-video-preview:-1\" \/>\n<link rel=\"canonical\" href=\"https:\/\/www.promostar.it\/de\/prodotto\/zusammenklappbare-spulen-zerlegbare-haspeln\/\" \/>\n<meta property=\"og:locale\" content=\"de_DE\" \/>\n<meta property=\"og:type\" content=\"article\" \/>\n<meta property=\"og:title\" content=\"Zusammenklappbare Spulen - zerlegbare Haspeln | Promostar\" \/>\n<meta property=\"og:description\" content=\"Zusammenklappbare Spulen - zerlegbare Haspeln werden verwendet, um den Draht nach dem Kaltwalz-, Zieh- oder Streckprozess zu Spulen oder Haspeln\" \/>\n<meta property=\"og:url\" content=\"https:\/\/www.promostar.it\/de\/prodotto\/zusammenklappbare-spulen-zerlegbare-haspeln\/\" \/>\n<meta property=\"og:site_name\" content=\"PromoStar S.r.l.\" \/>\n<meta property=\"article:modified_time\" content=\"2023-05-08T08:17:15+00:00\" \/>\n<meta property=\"og:image\" content=\"https:\/\/www.promostar.it\/wp-content\/uploads\/2022\/04\/Manual-collapsible-spool-2-transparent.jpg\" \/>\n\t<meta property=\"og:image:width\" content=\"1200\" \/>\n\t<meta property=\"og:image:height\" content=\"1200\" \/>\n\t<meta property=\"og:image:type\" content=\"image\/jpeg\" \/>\n<meta name=\"twitter:card\" content=\"summary_large_image\" \/>\n<script type=\"application\/ld+json\" class=\"yoast-schema-graph\">{\"@context\":\"https:\/\/schema.org\",\"@graph\":[{\"@type\":\"WebPage\",\"@id\":\"https:\/\/www.promostar.it\/de\/prodotto\/zusammenklappbare-spulen-zerlegbare-haspeln\/\",\"url\":\"https:\/\/www.promostar.it\/de\/prodotto\/zusammenklappbare-spulen-zerlegbare-haspeln\/\",\"name\":\"Zusammenklappbare Spulen - zerlegbare Haspeln | Promostar\",\"isPartOf\":{\"@id\":\"https:\/\/www.promostar.it\/de\/#website\"},\"datePublished\":\"2022-04-05T07:25:59+00:00\",\"dateModified\":\"2023-05-08T08:17:15+00:00\",\"description\":\"Zusammenklappbare Spulen - zerlegbare Haspeln werden verwendet, um den Draht nach dem Kaltwalz-, Zieh- oder Streckprozess zu Spulen oder Haspeln\",\"breadcrumb\":{\"@id\":\"https:\/\/www.promostar.it\/de\/prodotto\/zusammenklappbare-spulen-zerlegbare-haspeln\/#breadcrumb\"},\"inLanguage\":\"de-DE\",\"potentialAction\":[{\"@type\":\"ReadAction\",\"target\":[\"https:\/\/www.promostar.it\/de\/prodotto\/zusammenklappbare-spulen-zerlegbare-haspeln\/\"]}]},{\"@type\":\"BreadcrumbList\",\"@id\":\"https:\/\/www.promostar.it\/de\/prodotto\/zusammenklappbare-spulen-zerlegbare-haspeln\/#breadcrumb\",\"itemListElement\":[{\"@type\":\"ListItem\",\"position\":1,\"name\":\"Home\",\"item\":\"https:\/\/www.promostar.it\/de\/\"},{\"@type\":\"ListItem\",\"position\":2,\"name\":\"Produkte\",\"item\":\"https:\/\/www.promostar.it\/de\/shop\/\"},{\"@type\":\"ListItem\",\"position\":3,\"name\":\"Zusammenklappbare Spulen &#8211; zerlegbare Haspeln\"}]},{\"@type\":\"WebSite\",\"@id\":\"https:\/\/www.promostar.it\/de\/#website\",\"url\":\"https:\/\/www.promostar.it\/de\/\",\"name\":\"PromoStar S.r.l.\",\"description\":\"Promostar \u00e8 l\u2019azienda leader e la prima ad introdurre il processo di stiratura\",\"publisher\":{\"@id\":\"https:\/\/www.promostar.it\/de\/#organization\"},\"potentialAction\":[{\"@type\":\"SearchAction\",\"target\":{\"@type\":\"EntryPoint\",\"urlTemplate\":\"https:\/\/www.promostar.it\/de\/?s={search_term_string}\"},\"query-input\":\"required name=search_term_string\"}],\"inLanguage\":\"de-DE\"},{\"@type\":\"Organization\",\"@id\":\"https:\/\/www.promostar.it\/de\/#organization\",\"name\":\"Promostar\",\"url\":\"https:\/\/www.promostar.it\/de\/\",\"logo\":{\"@type\":\"ImageObject\",\"inLanguage\":\"de-DE\",\"@id\":\"https:\/\/www.promostar.it\/de\/#\/schema\/logo\/image\/\",\"url\":\"https:\/\/www.promostar.it\/wp-content\/uploads\/2020\/10\/promostar-logo.png\",\"contentUrl\":\"https:\/\/www.promostar.it\/wp-content\/uploads\/2020\/10\/promostar-logo.png\",\"width\":210,\"height\":69,\"caption\":\"Promostar\"},\"image\":{\"@id\":\"https:\/\/www.promostar.it\/de\/#\/schema\/logo\/image\/\"}}]}<\/script>\n<!-- \/ Yoast SEO plugin. -->","yoast_head_json":{"title":"Zusammenklappbare Spulen - zerlegbare Haspeln | Promostar","description":"Zusammenklappbare Spulen - zerlegbare Haspeln werden verwendet, um den Draht nach dem Kaltwalz-, Zieh- oder Streckprozess zu Spulen oder Haspeln","robots":{"index":"index","follow":"follow","max-snippet":"max-snippet:-1","max-image-preview":"max-image-preview:large","max-video-preview":"max-video-preview:-1"},"canonical":"https:\/\/www.promostar.it\/de\/prodotto\/zusammenklappbare-spulen-zerlegbare-haspeln\/","og_locale":"de_DE","og_type":"article","og_title":"Zusammenklappbare Spulen - zerlegbare Haspeln | Promostar","og_description":"Zusammenklappbare Spulen - zerlegbare Haspeln werden verwendet, um den Draht nach dem Kaltwalz-, Zieh- oder Streckprozess zu Spulen oder Haspeln","og_url":"https:\/\/www.promostar.it\/de\/prodotto\/zusammenklappbare-spulen-zerlegbare-haspeln\/","og_site_name":"PromoStar S.r.l.","article_modified_time":"2023-05-08T08:17:15+00:00","og_image":[{"width":1200,"height":1200,"url":"https:\/\/www.promostar.it\/wp-content\/uploads\/2022\/04\/Manual-collapsible-spool-2-transparent.jpg","type":"image\/jpeg"}],"twitter_card":"summary_large_image","schema":{"@context":"https:\/\/schema.org","@graph":[{"@type":"WebPage","@id":"https:\/\/www.promostar.it\/de\/prodotto\/zusammenklappbare-spulen-zerlegbare-haspeln\/","url":"https:\/\/www.promostar.it\/de\/prodotto\/zusammenklappbare-spulen-zerlegbare-haspeln\/","name":"Zusammenklappbare Spulen - zerlegbare Haspeln | Promostar","isPartOf":{"@id":"https:\/\/www.promostar.it\/de\/#website"},"datePublished":"2022-04-05T07:25:59+00:00","dateModified":"2023-05-08T08:17:15+00:00","description":"Zusammenklappbare Spulen - zerlegbare Haspeln werden verwendet, um den Draht nach dem Kaltwalz-, Zieh- oder Streckprozess zu Spulen oder Haspeln","breadcrumb":{"@id":"https:\/\/www.promostar.it\/de\/prodotto\/zusammenklappbare-spulen-zerlegbare-haspeln\/#breadcrumb"},"inLanguage":"de-DE","potentialAction":[{"@type":"ReadAction","target":["https:\/\/www.promostar.it\/de\/prodotto\/zusammenklappbare-spulen-zerlegbare-haspeln\/"]}]},{"@type":"BreadcrumbList","@id":"https:\/\/www.promostar.it\/de\/prodotto\/zusammenklappbare-spulen-zerlegbare-haspeln\/#breadcrumb","itemListElement":[{"@type":"ListItem","position":1,"name":"Home","item":"https:\/\/www.promostar.it\/de\/"},{"@type":"ListItem","position":2,"name":"Produkte","item":"https:\/\/www.promostar.it\/de\/shop\/"},{"@type":"ListItem","position":3,"name":"Zusammenklappbare Spulen &#8211; zerlegbare Haspeln"}]},{"@type":"WebSite","@id":"https:\/\/www.promostar.it\/de\/#website","url":"https:\/\/www.promostar.it\/de\/","name":"PromoStar S.r.l.","description":"Promostar \u00e8 l\u2019azienda leader e la prima ad introdurre il processo di stiratura","publisher":{"@id":"https:\/\/www.promostar.it\/de\/#organization"},"potentialAction":[{"@type":"SearchAction","target":{"@type":"EntryPoint","urlTemplate":"https:\/\/www.promostar.it\/de\/?s={search_term_string}"},"query-input":"required name=search_term_string"}],"inLanguage":"de-DE"},{"@type":"Organization","@id":"https:\/\/www.promostar.it\/de\/#organization","name":"Promostar","url":"https:\/\/www.promostar.it\/de\/","logo":{"@type":"ImageObject","inLanguage":"de-DE","@id":"https:\/\/www.promostar.it\/de\/#\/schema\/logo\/image\/","url":"https:\/\/www.promostar.it\/wp-content\/uploads\/2020\/10\/promostar-logo.png","contentUrl":"https:\/\/www.promostar.it\/wp-content\/uploads\/2020\/10\/promostar-logo.png","width":210,"height":69,"caption":"Promostar"},"image":{"@id":"https:\/\/www.promostar.it\/de\/#\/schema\/logo\/image\/"}}]}},"_links":{"self":[{"href":"https:\/\/www.promostar.it\/de\/wp-json\/wp\/v3\/product\/5889"}],"collection":[{"href":"https:\/\/www.promostar.it\/de\/wp-json\/wp\/v3\/product"}],"about":[{"href":"https:\/\/www.promostar.it\/de\/wp-json\/wp\/v2\/types\/product"}],"wp:featuredmedia":[{"embeddable":true,"href":"https:\/\/www.promostar.it\/de\/wp-json\/wp\/v2\/media\/4147"}],"wp:attachment":[{"href":"https:\/\/www.promostar.it\/de\/wp-json\/wp\/v2\/media?parent=5889"}],"wp:term":[{"taxonomy":"product_cat","embeddable":true,"href":"https:\/\/www.promostar.it\/de\/wp-json\/wp\/v2\/product_cat?post=5889"},{"taxonomy":"product_tag","embeddable":true,"href":"https:\/\/www.promostar.it\/de\/wp-json\/wp\/v2\/product_tag?post=5889"}],"curies":[{"name":"wp","href":"https:\/\/api.w.org\/{rel}","templated":true}]}}