{"id":5888,"date":"2022-04-05T09:34:29","date_gmt":"2022-04-05T07:34:29","guid":{"rendered":"https:\/\/www.promostar.it\/prodotto\/entzunderer\/"},"modified":"2023-05-08T10:11:15","modified_gmt":"2023-05-08T08:11:15","slug":"entzunderer","status":"publish","type":"product","link":"https:\/\/www.promostar.it\/de\/prodotto\/entzunderer\/","title":{"rendered":"Entzunderer"},"content":{"rendered":"<p>[et_pb_section fb_built=&#8220;1&#8243; _builder_version=&#8220;4.17.0&#8243; _module_preset=&#8220;default&#8220; global_colors_info=&#8220;{}&#8220;][\/et_pb_section]<\/p>\n","protected":false},"excerpt":{"rendered":"<p><strong>Entzunderer<\/strong> werden an Zieh-, Kaltwalz- und Streckmaschinen eingesetzt, um den w\u00e4hrend des Warmwalzprozesses gebildeten Galmei und das Oxid von der Drahtoberfl\u00e4che zu entfernen, die durch eine l\u00e4ngere Exposition des Materials mit Luft und Feuchtigkeit entstehen.<\/p>\n<p><strong>Entzunderer<\/strong> werden gem\u00e4\u00df den Zielanforderungen des Kunden in Bezug auf Sauberkeit und spezifisches Installationslayout der Maschinen und des Kundenunternehmens entwickelt und individuell gestaltet.<\/p>\n<p>Unsere Palette an Entzunderern beinhaltet:<\/p>\n<ul>\n<li>Vertikale Entkalkungsmaschine<\/li>\n<li>Horizontale Entkalkungsmaschine<\/li>\n<\/ul>\n<p><strong>Der vertikale und horizontale Entzunderer<\/strong> reinigt die Stangenoberfl\u00e4che durch Entfernen des Zunders, der die Oberfl\u00e4chenoxidbeschichtung darstellt, durch abwechselndes Biegen des Walzdrahts w\u00e4hrend seines Durchgangs durch verschiedene Walzen, die auf verschiedenen Ebenen angeordnet sind.<\/p>\n","protected":false},"featured_media":4150,"template":"","meta":{"_et_pb_use_builder":"on","_et_pb_old_content":"<strong>Entzunderer<\/strong> werden an Zieh-, Kaltwalz- und Streckmaschinen eingesetzt, um den w\u00e4hrend des Warmwalzprozesses gebildeten Galmei und das Oxid von der Drahtoberfl\u00e4che zu entfernen, die durch eine l\u00e4ngere Exposition des Materials mit Luft und Feuchtigkeit entstehen.\n\n<strong>Entzunderer<\/strong> werden gem\u00e4\u00df den Zielanforderungen des Kunden in Bezug auf Sauberkeit und spezifisches Installationslayout der Maschinen und des Kundenunternehmens entwickelt und individuell gestaltet.\n\nUnsere Palette an Entzunderern beinhaltet:\n<ul>\n \t<li>Vertikale Entkalkungsmaschine<\/li>\n \t<li>Horizontale Entkalkungsmaschine<\/li>\n<\/ul>\n<strong>Der vertikale und horizontale Entzunderer<\/strong> reinigt die Stangenoberfl\u00e4che durch Entfernen des Zunders, der die Oberfl\u00e4chenoxidbeschichtung darstellt, durch abwechselndes Biegen des Walzdrahts w\u00e4hrend seines Durchgangs durch verschiedene Walzen, die auf verschiedenen Ebenen angeordnet sind.\n\nSie bestehen aus einer starren Basis und einem Tr\u00e4ger aus Stahl, auf denen mehrere Rollen mit verschlei\u00dffestem Hartmetalleinsatz f\u00fcr eine lange Lebensdauer installiert sind. Sie sind vollst\u00e4ndig geschlossen und der Kalk kann durch einen Beh\u00e4lter im unteren Teil des Entzunderers gesammelt werden.\n\nDas vertikale Modell wird f\u00fcr Walzdraht bis zu einem Durchmesser von 8 mm verwendet und die Position aller Walzen ist feststehend.\n\nDas horizontale Modell erm\u00f6glicht den Einzug von Walzdraht bis zu einem Durchmesser von 20 mm und der Grad der Entzunderung ist durch die F\u00e4higkeit von zwei (2) verstellbaren Walzen gegeben, den Draht zu durchzudringen. Die Position der verstellbaren Walzen kann dank der Verwendung eines motorisierten Spindelhubgetriebes direkt vom Bedienpult aus reguliert werden (ein elektrischer Sensor erm\u00f6glicht die Speicherung und den Abruf der Position der Walzen nach Rezept, wodurch sie automatisch eingestellt werden).\n\nDiese beiden Vorrichtungen eignen sich, um den schweren Galmei vor dem Kaltwalz-, Zieh- oder Streckvorgang zu entfernen oder in Kombination mit aufeinanderfolgenden <a href=\"https:\/\/www.promostar.it\/prodotto\/cleaning-wire-systems\/\"><u>Drahtreinigungssystemen<\/u><\/a> zu arbeiten, um einen hohen Reinigungsgrad zu erreichen.","_et_gb_content_width":""},"product_cat":[193],"product_tag":[97,108,109,120,123,124,134],"yoast_head":"<!-- This site is optimized with the Yoast SEO plugin v20.5 - https:\/\/yoast.com\/wordpress\/plugins\/seo\/ -->\n<title>Entzunderer | Promostar<\/title>\n<meta name=\"description\" content=\"Entzunderer werden an Zieh-, Kaltwalz- und Streckmaschinen eingesetzt, um den w\u00e4hrend des Warmwalzprozesses gebildeten Galmei und das Oxid\" \/>\n<meta name=\"robots\" content=\"index, follow, max-snippet:-1, max-image-preview:large, max-video-preview:-1\" \/>\n<link rel=\"canonical\" href=\"https:\/\/www.promostar.it\/de\/prodotto\/entzunderer\/\" \/>\n<meta property=\"og:locale\" content=\"de_DE\" \/>\n<meta property=\"og:type\" content=\"article\" \/>\n<meta property=\"og:title\" content=\"Entzunderer | Promostar\" \/>\n<meta property=\"og:description\" content=\"Entzunderer werden an Zieh-, Kaltwalz- und Streckmaschinen eingesetzt, um den w\u00e4hrend des Warmwalzprozesses gebildeten Galmei und das Oxid\" \/>\n<meta property=\"og:url\" content=\"https:\/\/www.promostar.it\/de\/prodotto\/entzunderer\/\" \/>\n<meta property=\"og:site_name\" content=\"PromoStar S.r.l.\" \/>\n<meta property=\"article:modified_time\" content=\"2023-05-08T08:11:15+00:00\" \/>\n<meta property=\"og:image\" content=\"https:\/\/www.promostar.it\/wp-content\/uploads\/2022\/04\/Descalers-5-transparent.jpg\" \/>\n\t<meta property=\"og:image:width\" content=\"1200\" \/>\n\t<meta property=\"og:image:height\" content=\"1200\" \/>\n\t<meta property=\"og:image:type\" content=\"image\/jpeg\" \/>\n<meta name=\"twitter:card\" content=\"summary_large_image\" \/>\n<script type=\"application\/ld+json\" class=\"yoast-schema-graph\">{\"@context\":\"https:\/\/schema.org\",\"@graph\":[{\"@type\":\"WebPage\",\"@id\":\"https:\/\/www.promostar.it\/de\/prodotto\/entzunderer\/\",\"url\":\"https:\/\/www.promostar.it\/de\/prodotto\/entzunderer\/\",\"name\":\"Entzunderer | Promostar\",\"isPartOf\":{\"@id\":\"https:\/\/www.promostar.it\/de\/#website\"},\"datePublished\":\"2022-04-05T07:34:29+00:00\",\"dateModified\":\"2023-05-08T08:11:15+00:00\",\"description\":\"Entzunderer werden an Zieh-, Kaltwalz- und Streckmaschinen eingesetzt, um den w\u00e4hrend des Warmwalzprozesses gebildeten Galmei und das Oxid\",\"breadcrumb\":{\"@id\":\"https:\/\/www.promostar.it\/de\/prodotto\/entzunderer\/#breadcrumb\"},\"inLanguage\":\"de-DE\",\"potentialAction\":[{\"@type\":\"ReadAction\",\"target\":[\"https:\/\/www.promostar.it\/de\/prodotto\/entzunderer\/\"]}]},{\"@type\":\"BreadcrumbList\",\"@id\":\"https:\/\/www.promostar.it\/de\/prodotto\/entzunderer\/#breadcrumb\",\"itemListElement\":[{\"@type\":\"ListItem\",\"position\":1,\"name\":\"Home\",\"item\":\"https:\/\/www.promostar.it\/de\/home-2\/\"},{\"@type\":\"ListItem\",\"position\":2,\"name\":\"Produkte\",\"item\":\"https:\/\/www.promostar.it\/de\/shop\/\"},{\"@type\":\"ListItem\",\"position\":3,\"name\":\"Entzunderer\"}]},{\"@type\":\"WebSite\",\"@id\":\"https:\/\/www.promostar.it\/de\/#website\",\"url\":\"https:\/\/www.promostar.it\/de\/\",\"name\":\"PromoStar S.r.l.\",\"description\":\"Promostar \u00e8 l\u2019azienda leader e la prima ad introdurre il processo di stiratura\",\"publisher\":{\"@id\":\"https:\/\/www.promostar.it\/de\/#organization\"},\"potentialAction\":[{\"@type\":\"SearchAction\",\"target\":{\"@type\":\"EntryPoint\",\"urlTemplate\":\"https:\/\/www.promostar.it\/de\/?s={search_term_string}\"},\"query-input\":\"required name=search_term_string\"}],\"inLanguage\":\"de-DE\"},{\"@type\":\"Organization\",\"@id\":\"https:\/\/www.promostar.it\/de\/#organization\",\"name\":\"Promostar\",\"url\":\"https:\/\/www.promostar.it\/de\/\",\"logo\":{\"@type\":\"ImageObject\",\"inLanguage\":\"de-DE\",\"@id\":\"https:\/\/www.promostar.it\/de\/#\/schema\/logo\/image\/\",\"url\":\"https:\/\/www.promostar.it\/wp-content\/uploads\/2020\/10\/promostar-logo.png\",\"contentUrl\":\"https:\/\/www.promostar.it\/wp-content\/uploads\/2020\/10\/promostar-logo.png\",\"width\":210,\"height\":69,\"caption\":\"Promostar\"},\"image\":{\"@id\":\"https:\/\/www.promostar.it\/de\/#\/schema\/logo\/image\/\"}}]}<\/script>\n<!-- \/ Yoast SEO plugin. -->","yoast_head_json":{"title":"Entzunderer | Promostar","description":"Entzunderer werden an Zieh-, Kaltwalz- und Streckmaschinen eingesetzt, um den w\u00e4hrend des Warmwalzprozesses gebildeten Galmei und das Oxid","robots":{"index":"index","follow":"follow","max-snippet":"max-snippet:-1","max-image-preview":"max-image-preview:large","max-video-preview":"max-video-preview:-1"},"canonical":"https:\/\/www.promostar.it\/de\/prodotto\/entzunderer\/","og_locale":"de_DE","og_type":"article","og_title":"Entzunderer | Promostar","og_description":"Entzunderer werden an Zieh-, Kaltwalz- und Streckmaschinen eingesetzt, um den w\u00e4hrend des Warmwalzprozesses gebildeten Galmei und das Oxid","og_url":"https:\/\/www.promostar.it\/de\/prodotto\/entzunderer\/","og_site_name":"PromoStar S.r.l.","article_modified_time":"2023-05-08T08:11:15+00:00","og_image":[{"width":1200,"height":1200,"url":"https:\/\/www.promostar.it\/wp-content\/uploads\/2022\/04\/Descalers-5-transparent.jpg","type":"image\/jpeg"}],"twitter_card":"summary_large_image","schema":{"@context":"https:\/\/schema.org","@graph":[{"@type":"WebPage","@id":"https:\/\/www.promostar.it\/de\/prodotto\/entzunderer\/","url":"https:\/\/www.promostar.it\/de\/prodotto\/entzunderer\/","name":"Entzunderer | Promostar","isPartOf":{"@id":"https:\/\/www.promostar.it\/de\/#website"},"datePublished":"2022-04-05T07:34:29+00:00","dateModified":"2023-05-08T08:11:15+00:00","description":"Entzunderer werden an Zieh-, Kaltwalz- und Streckmaschinen eingesetzt, um den w\u00e4hrend des Warmwalzprozesses gebildeten Galmei und das Oxid","breadcrumb":{"@id":"https:\/\/www.promostar.it\/de\/prodotto\/entzunderer\/#breadcrumb"},"inLanguage":"de-DE","potentialAction":[{"@type":"ReadAction","target":["https:\/\/www.promostar.it\/de\/prodotto\/entzunderer\/"]}]},{"@type":"BreadcrumbList","@id":"https:\/\/www.promostar.it\/de\/prodotto\/entzunderer\/#breadcrumb","itemListElement":[{"@type":"ListItem","position":1,"name":"Home","item":"https:\/\/www.promostar.it\/de\/home-2\/"},{"@type":"ListItem","position":2,"name":"Produkte","item":"https:\/\/www.promostar.it\/de\/shop\/"},{"@type":"ListItem","position":3,"name":"Entzunderer"}]},{"@type":"WebSite","@id":"https:\/\/www.promostar.it\/de\/#website","url":"https:\/\/www.promostar.it\/de\/","name":"PromoStar S.r.l.","description":"Promostar \u00e8 l\u2019azienda leader e la prima ad introdurre il processo di stiratura","publisher":{"@id":"https:\/\/www.promostar.it\/de\/#organization"},"potentialAction":[{"@type":"SearchAction","target":{"@type":"EntryPoint","urlTemplate":"https:\/\/www.promostar.it\/de\/?s={search_term_string}"},"query-input":"required name=search_term_string"}],"inLanguage":"de-DE"},{"@type":"Organization","@id":"https:\/\/www.promostar.it\/de\/#organization","name":"Promostar","url":"https:\/\/www.promostar.it\/de\/","logo":{"@type":"ImageObject","inLanguage":"de-DE","@id":"https:\/\/www.promostar.it\/de\/#\/schema\/logo\/image\/","url":"https:\/\/www.promostar.it\/wp-content\/uploads\/2020\/10\/promostar-logo.png","contentUrl":"https:\/\/www.promostar.it\/wp-content\/uploads\/2020\/10\/promostar-logo.png","width":210,"height":69,"caption":"Promostar"},"image":{"@id":"https:\/\/www.promostar.it\/de\/#\/schema\/logo\/image\/"}}]}},"_links":{"self":[{"href":"https:\/\/www.promostar.it\/de\/wp-json\/wp\/v3\/product\/5888"}],"collection":[{"href":"https:\/\/www.promostar.it\/de\/wp-json\/wp\/v3\/product"}],"about":[{"href":"https:\/\/www.promostar.it\/de\/wp-json\/wp\/v2\/types\/product"}],"wp:featuredmedia":[{"embeddable":true,"href":"https:\/\/www.promostar.it\/de\/wp-json\/wp\/v2\/media\/4150"}],"wp:attachment":[{"href":"https:\/\/www.promostar.it\/de\/wp-json\/wp\/v2\/media?parent=5888"}],"wp:term":[{"taxonomy":"product_cat","embeddable":true,"href":"https:\/\/www.promostar.it\/de\/wp-json\/wp\/v2\/product_cat?post=5888"},{"taxonomy":"product_tag","embeddable":true,"href":"https:\/\/www.promostar.it\/de\/wp-json\/wp\/v2\/product_tag?post=5888"}],"curies":[{"name":"wp","href":"https:\/\/api.w.org\/{rel}","templated":true}]}}