{"id":5887,"date":"2022-04-05T09:39:21","date_gmt":"2022-04-05T07:39:21","guid":{"rendered":"https:\/\/www.promostar.it\/prodotto\/die-ziehmatritzenkasten\/"},"modified":"2023-05-08T10:06:50","modified_gmt":"2023-05-08T08:06:50","slug":"die-ziehmatritzenkasten","status":"publish","type":"product","link":"https:\/\/www.promostar.it\/de\/prodotto\/die-ziehmatritzenkasten\/","title":{"rendered":"Die Ziehmatritzenk\u00e4sten"},"content":{"rendered":"<p>[et_pb_section fb_built=&#8220;1&#8243; _builder_version=&#8220;4.17.0&#8243; _module_preset=&#8220;default&#8220; global_colors_info=&#8220;{}&#8220;][\/et_pb_section]<\/p>\n","protected":false},"excerpt":{"rendered":"<p><strong>Ziehmatritzenk\u00e4sten<\/strong> werden f\u00fcr den Kaltziehprozess des ohne W\u00e4rmezufuhr hergestellten Walzdrahtes eingesetzt.<\/p>\n<p><strong>Die Ziehmatritzenk\u00e4sten<\/strong> sind dank des Ziehprozesses, der den Durchmesser des blanken Drahtes auf die gew\u00fcnschte Gr\u00f6\u00dfe reduziert, ein Produkt mit einer ausgezeichneten Rundheit mit verbesserten mechanischen Eigenschaften im Vergleich zu den zulaufenden Drahtstangen.<\/p>\n<p>Das Endprodukt wird normalerweise f\u00fcr den industriellen oder landwirtschaftlichen Bereich zur Herstellung von glattem Draht, verzinktem Draht, blankem Draht, Stacheldraht, Sprengdraht, Barrieren, Zaundraht, Federdraht, N\u00e4geln und Bindedraht verwendet.<\/p>\n<p>Die Ziehk\u00e4sten bestehen aus einem robusten geschwei\u00dften Stahlrahmen, auf dem die St\u00fctzen montiert sind, die die Verwendung von Druckwerkzeugen zum Kaltziehen des Drahtes erm\u00f6glichen.<\/p>\n<p>Jeder Ziehkasten ist mit einem Seifenbeh\u00e4lter zur Schmierung des Drahtes ausgestattet, um die zwischen Draht und Matritze entstehende Reibung zu verringern.<\/p>\n","protected":false},"featured_media":4168,"template":"","meta":{"_et_pb_use_builder":"on","_et_pb_old_content":"<strong>Ziehmatritzenk\u00e4sten<\/strong> werden f\u00fcr den Kaltziehprozess des ohne W\u00e4rmezufuhr hergestellten Walzdrahtes eingesetzt.\n\n<strong>Die Ziehmatritzenk\u00e4sten<\/strong> sind dank des Ziehprozesses, der den Durchmesser des blanken Drahtes auf die gew\u00fcnschte Gr\u00f6\u00dfe reduziert, ein Produkt mit einer ausgezeichneten Rundheit mit verbesserten mechanischen Eigenschaften im Vergleich zu den zulaufenden Drahtstangen.\n\nDas Endprodukt wird normalerweise f\u00fcr den industriellen oder landwirtschaftlichen Bereich zur Herstellung von glattem Draht, verzinktem Draht, blankem Draht, Stacheldraht, Sprengdraht, Barrieren, Zaundraht, Federdraht, N\u00e4geln und Bindedraht verwendet.\n\nDie Ziehk\u00e4sten bestehen aus einem robusten geschwei\u00dften Stahlrahmen, auf dem die St\u00fctzen montiert sind, die die Verwendung von Druckwerkzeugen zum Kaltziehen des Drahtes erm\u00f6glichen.\n\nJeder Ziehkasten ist mit einem Seifenbeh\u00e4lter zur Schmierung des Drahtes ausgestattet, um die zwischen Draht und Matritze entstehende Reibung zu verringern.\n\nDie durch den Ziehprozess erzeugte W\u00e4rme wird durch einen K\u00fchlwasserkreislauf abgef\u00fchrt, der direkt die Ziehmatritzen durchstr\u00f6mt (in den rotierenden Ziehk\u00e4sten kehrt sich der Wasserfluss abwechselnd um, um die Turbulenz und die Effizienz des W\u00e4rmeaustauschs zu erh\u00f6hen).\n\nJede Ziehmatritz ist auf einer perfekt ausgerichteten Halterung montiert, um einen einfachen Austausch zu erm\u00f6glichen.\n\n<strong>Ziehmatriztenk\u00e4sten<\/strong> werden von Promostar in Zusammenarbeit mit unseren Partnern unter Verwendung der neuesten Technologien und der besten auf dem Markt erh\u00e4ltlichen Marken entwickelt und hergestellt.\n\nWir k\u00f6nnen drei (3) verschiedene Arten von Ziehmatritzenk\u00e4sten liefern:\n<ul>\n \t<li>Fix<\/li>\n \t<li>Rotierend - Leerlauf<\/li>\n \t<li>Rotierend - motorisiert<\/li>\n<\/ul>\nBei den Ziehk\u00e4sten mit feststehender Matrize ist die Druckmatrize feststehend, w\u00e4hrend sie sich beim rotierenden Typ w\u00e4hrend des Vorschubs des Drahts dreht, wodurch die zwischen dem Draht und der Matrize erzeugte Reibung verringert wird.\n\nBei \u201erotierend \u2013 Leerlauf\u201c wird die Drehung der Matrize durch den Drahtvorschub erreicht, w\u00e4hrend bei \u201erotierend \u2013 motorisiert\u201c die Drehung der Matrize durch einen speziellen Motor erzeugt wird und folglich unabh\u00e4ngig vom Drahtvorschub ist.\n\nUnser Angebot ist nicht auf die Ziehk\u00e4sten beschr\u00e4nkt, sondern kann auch mit einer Reihe von optionalen Zubeh\u00f6rteilen erg\u00e4nzt werden, wie:\n<ul>\n \t<li><a href=\"https:\/\/www.promostar.it\/prodotto\/pressure-drawing-dies\/\"><u>DURCKMATRIZTEN<\/u><\/a><\/li>\n \t<li><a href=\"https:\/\/www.promostar.it\/prodotto\/pointing-machines\/\"><u>ANSPITZMASCHINEN<\/u><\/a><\/li>\n<\/ul>","_et_gb_content_width":""},"product_cat":[193],"product_tag":[123,124],"yoast_head":"<!-- This site is optimized with the Yoast SEO plugin v20.5 - https:\/\/yoast.com\/wordpress\/plugins\/seo\/ -->\n<title>Ziehmatritzenk\u00e4sten | Promostar<\/title>\n<meta name=\"description\" content=\"Ziehmatritzenk\u00e4sten werden f\u00fcr den Kaltziehprozess des ohne W\u00e4rmezufuhr hergestellten Walzdrahtes eingesetzt\" \/>\n<meta name=\"robots\" content=\"index, follow, max-snippet:-1, max-image-preview:large, max-video-preview:-1\" \/>\n<link rel=\"canonical\" href=\"https:\/\/www.promostar.it\/de\/prodotto\/die-ziehmatritzenkasten\/\" \/>\n<meta property=\"og:locale\" content=\"de_DE\" \/>\n<meta property=\"og:type\" content=\"article\" \/>\n<meta property=\"og:title\" content=\"Ziehmatritzenk\u00e4sten | Promostar\" \/>\n<meta property=\"og:description\" content=\"Ziehmatritzenk\u00e4sten werden f\u00fcr den Kaltziehprozess des ohne W\u00e4rmezufuhr hergestellten Walzdrahtes eingesetzt\" \/>\n<meta property=\"og:url\" content=\"https:\/\/www.promostar.it\/de\/prodotto\/die-ziehmatritzenkasten\/\" \/>\n<meta property=\"og:site_name\" content=\"PromoStar S.r.l.\" \/>\n<meta property=\"article:modified_time\" content=\"2023-05-08T08:06:50+00:00\" \/>\n<meta property=\"og:image\" content=\"https:\/\/www.promostar.it\/wp-content\/uploads\/2022\/04\/Motorized-drawing-box-2.jpg\" \/>\n\t<meta property=\"og:image:width\" content=\"1200\" \/>\n\t<meta property=\"og:image:height\" content=\"1200\" \/>\n\t<meta property=\"og:image:type\" content=\"image\/jpeg\" \/>\n<meta name=\"twitter:card\" content=\"summary_large_image\" \/>\n<script type=\"application\/ld+json\" class=\"yoast-schema-graph\">{\"@context\":\"https:\/\/schema.org\",\"@graph\":[{\"@type\":\"WebPage\",\"@id\":\"https:\/\/www.promostar.it\/de\/prodotto\/die-ziehmatritzenkasten\/\",\"url\":\"https:\/\/www.promostar.it\/de\/prodotto\/die-ziehmatritzenkasten\/\",\"name\":\"Ziehmatritzenk\u00e4sten | Promostar\",\"isPartOf\":{\"@id\":\"https:\/\/www.promostar.it\/de\/#website\"},\"datePublished\":\"2022-04-05T07:39:21+00:00\",\"dateModified\":\"2023-05-08T08:06:50+00:00\",\"description\":\"Ziehmatritzenk\u00e4sten werden f\u00fcr den Kaltziehprozess des ohne W\u00e4rmezufuhr hergestellten Walzdrahtes eingesetzt\",\"breadcrumb\":{\"@id\":\"https:\/\/www.promostar.it\/de\/prodotto\/die-ziehmatritzenkasten\/#breadcrumb\"},\"inLanguage\":\"de-DE\",\"potentialAction\":[{\"@type\":\"ReadAction\",\"target\":[\"https:\/\/www.promostar.it\/de\/prodotto\/die-ziehmatritzenkasten\/\"]}]},{\"@type\":\"BreadcrumbList\",\"@id\":\"https:\/\/www.promostar.it\/de\/prodotto\/die-ziehmatritzenkasten\/#breadcrumb\",\"itemListElement\":[{\"@type\":\"ListItem\",\"position\":1,\"name\":\"Home\",\"item\":\"https:\/\/www.promostar.it\/de\/\"},{\"@type\":\"ListItem\",\"position\":2,\"name\":\"Produkte\",\"item\":\"https:\/\/www.promostar.it\/de\/shop\/\"},{\"@type\":\"ListItem\",\"position\":3,\"name\":\"Die Ziehmatritzenk\u00e4sten\"}]},{\"@type\":\"WebSite\",\"@id\":\"https:\/\/www.promostar.it\/de\/#website\",\"url\":\"https:\/\/www.promostar.it\/de\/\",\"name\":\"PromoStar S.r.l.\",\"description\":\"Promostar \u00e8 l\u2019azienda leader e la prima ad introdurre il processo di stiratura\",\"publisher\":{\"@id\":\"https:\/\/www.promostar.it\/de\/#organization\"},\"potentialAction\":[{\"@type\":\"SearchAction\",\"target\":{\"@type\":\"EntryPoint\",\"urlTemplate\":\"https:\/\/www.promostar.it\/de\/?s={search_term_string}\"},\"query-input\":\"required name=search_term_string\"}],\"inLanguage\":\"de-DE\"},{\"@type\":\"Organization\",\"@id\":\"https:\/\/www.promostar.it\/de\/#organization\",\"name\":\"Promostar\",\"url\":\"https:\/\/www.promostar.it\/de\/\",\"logo\":{\"@type\":\"ImageObject\",\"inLanguage\":\"de-DE\",\"@id\":\"https:\/\/www.promostar.it\/de\/#\/schema\/logo\/image\/\",\"url\":\"https:\/\/www.promostar.it\/wp-content\/uploads\/2020\/10\/promostar-logo.png\",\"contentUrl\":\"https:\/\/www.promostar.it\/wp-content\/uploads\/2020\/10\/promostar-logo.png\",\"width\":210,\"height\":69,\"caption\":\"Promostar\"},\"image\":{\"@id\":\"https:\/\/www.promostar.it\/de\/#\/schema\/logo\/image\/\"}}]}<\/script>\n<!-- \/ Yoast SEO plugin. -->","yoast_head_json":{"title":"Ziehmatritzenk\u00e4sten | Promostar","description":"Ziehmatritzenk\u00e4sten werden f\u00fcr den Kaltziehprozess des ohne W\u00e4rmezufuhr hergestellten Walzdrahtes eingesetzt","robots":{"index":"index","follow":"follow","max-snippet":"max-snippet:-1","max-image-preview":"max-image-preview:large","max-video-preview":"max-video-preview:-1"},"canonical":"https:\/\/www.promostar.it\/de\/prodotto\/die-ziehmatritzenkasten\/","og_locale":"de_DE","og_type":"article","og_title":"Ziehmatritzenk\u00e4sten | Promostar","og_description":"Ziehmatritzenk\u00e4sten werden f\u00fcr den Kaltziehprozess des ohne W\u00e4rmezufuhr hergestellten Walzdrahtes eingesetzt","og_url":"https:\/\/www.promostar.it\/de\/prodotto\/die-ziehmatritzenkasten\/","og_site_name":"PromoStar S.r.l.","article_modified_time":"2023-05-08T08:06:50+00:00","og_image":[{"width":1200,"height":1200,"url":"https:\/\/www.promostar.it\/wp-content\/uploads\/2022\/04\/Motorized-drawing-box-2.jpg","type":"image\/jpeg"}],"twitter_card":"summary_large_image","schema":{"@context":"https:\/\/schema.org","@graph":[{"@type":"WebPage","@id":"https:\/\/www.promostar.it\/de\/prodotto\/die-ziehmatritzenkasten\/","url":"https:\/\/www.promostar.it\/de\/prodotto\/die-ziehmatritzenkasten\/","name":"Ziehmatritzenk\u00e4sten | Promostar","isPartOf":{"@id":"https:\/\/www.promostar.it\/de\/#website"},"datePublished":"2022-04-05T07:39:21+00:00","dateModified":"2023-05-08T08:06:50+00:00","description":"Ziehmatritzenk\u00e4sten werden f\u00fcr den Kaltziehprozess des ohne W\u00e4rmezufuhr hergestellten Walzdrahtes eingesetzt","breadcrumb":{"@id":"https:\/\/www.promostar.it\/de\/prodotto\/die-ziehmatritzenkasten\/#breadcrumb"},"inLanguage":"de-DE","potentialAction":[{"@type":"ReadAction","target":["https:\/\/www.promostar.it\/de\/prodotto\/die-ziehmatritzenkasten\/"]}]},{"@type":"BreadcrumbList","@id":"https:\/\/www.promostar.it\/de\/prodotto\/die-ziehmatritzenkasten\/#breadcrumb","itemListElement":[{"@type":"ListItem","position":1,"name":"Home","item":"https:\/\/www.promostar.it\/de\/"},{"@type":"ListItem","position":2,"name":"Produkte","item":"https:\/\/www.promostar.it\/de\/shop\/"},{"@type":"ListItem","position":3,"name":"Die Ziehmatritzenk\u00e4sten"}]},{"@type":"WebSite","@id":"https:\/\/www.promostar.it\/de\/#website","url":"https:\/\/www.promostar.it\/de\/","name":"PromoStar S.r.l.","description":"Promostar \u00e8 l\u2019azienda leader e la prima ad introdurre il processo di stiratura","publisher":{"@id":"https:\/\/www.promostar.it\/de\/#organization"},"potentialAction":[{"@type":"SearchAction","target":{"@type":"EntryPoint","urlTemplate":"https:\/\/www.promostar.it\/de\/?s={search_term_string}"},"query-input":"required name=search_term_string"}],"inLanguage":"de-DE"},{"@type":"Organization","@id":"https:\/\/www.promostar.it\/de\/#organization","name":"Promostar","url":"https:\/\/www.promostar.it\/de\/","logo":{"@type":"ImageObject","inLanguage":"de-DE","@id":"https:\/\/www.promostar.it\/de\/#\/schema\/logo\/image\/","url":"https:\/\/www.promostar.it\/wp-content\/uploads\/2020\/10\/promostar-logo.png","contentUrl":"https:\/\/www.promostar.it\/wp-content\/uploads\/2020\/10\/promostar-logo.png","width":210,"height":69,"caption":"Promostar"},"image":{"@id":"https:\/\/www.promostar.it\/de\/#\/schema\/logo\/image\/"}}]}},"_links":{"self":[{"href":"https:\/\/www.promostar.it\/de\/wp-json\/wp\/v3\/product\/5887"}],"collection":[{"href":"https:\/\/www.promostar.it\/de\/wp-json\/wp\/v3\/product"}],"about":[{"href":"https:\/\/www.promostar.it\/de\/wp-json\/wp\/v2\/types\/product"}],"wp:featuredmedia":[{"embeddable":true,"href":"https:\/\/www.promostar.it\/de\/wp-json\/wp\/v2\/media\/4168"}],"wp:attachment":[{"href":"https:\/\/www.promostar.it\/de\/wp-json\/wp\/v2\/media?parent=5887"}],"wp:term":[{"taxonomy":"product_cat","embeddable":true,"href":"https:\/\/www.promostar.it\/de\/wp-json\/wp\/v2\/product_cat?post=5887"},{"taxonomy":"product_tag","embeddable":true,"href":"https:\/\/www.promostar.it\/de\/wp-json\/wp\/v2\/product_tag?post=5887"}],"curies":[{"name":"wp","href":"https:\/\/api.w.org\/{rel}","templated":true}]}}