{"id":5886,"date":"2022-04-05T09:45:03","date_gmt":"2022-04-05T07:45:03","guid":{"rendered":"https:\/\/www.promostar.it\/prodotto\/fixe-spulen-und-haspeln\/"},"modified":"2023-05-08T10:02:45","modified_gmt":"2023-05-08T08:02:45","slug":"fixe-spulen-und-haspeln","status":"publish","type":"product","link":"https:\/\/www.promostar.it\/de\/prodotto\/fixe-spulen-und-haspeln\/","title":{"rendered":"Fixe Spulen und Haspeln"},"content":{"rendered":"<p>[et_pb_section fb_built=&#8220;1&#8243; _builder_version=&#8220;4.17.0&#8243; _module_preset=&#8220;default&#8220; global_colors_info=&#8220;{}&#8220;][\/et_pb_section]<\/p>\n","protected":false},"excerpt":{"rendered":"<p><strong>Fixe Spulen und Haspeln<\/strong> werden verwendet, um den Draht nach dem Kaltwalz-, Zieh- oder Streckprozess f\u00fcr die Herstellung von Drahtspulen zu sammeln.<\/p>\n<p><strong>Fixe Spulen und Haspeln<\/strong> k\u00f6nnen auf verschiedene Spulentypen (horizontal und vertikal) mit unterschiedlichen Abmessungen und Tragf\u00e4higkeiten passen.<\/p>\n<p>Fixe Spulen von PROMOSTAR werden in aus schweren Stahl(rohr)-Rahmen hergestellt und sind perfekt ausbalanciert, um gef\u00e4hrliche Vibrationen beim Aufwickeln mit hoher Geschwindigkeit auf der Spule zu vermeiden.<\/p>\n<p>Diese Spulen werden verwendet, um andere Maschinen f\u00fcr interne Drahtumwandlungsprozesse zu beschicken, wie zum Beispiel Mattenlinien, Richtmaschinen, B\u00fcgel, K\u00f6rbe und Gittertr\u00e4germaschinen.<\/p>\n<p>Die Endproduktanwendungen sind normalerweise Bewehrungsmatten, B\u00fcgel, K\u00f6rbe und Gittertr\u00e4ger f\u00fcr den Hoch- und Industriebau und die Fundament- und Fertigteilindustrie.<\/p>\n","protected":false},"featured_media":4153,"template":"","meta":{"_et_pb_use_builder":"on","_et_pb_old_content":"<strong>Fixe Spulen und Haspeln<\/strong> werden verwendet, um den Draht nach dem Kaltwalz-, Zieh- oder Streckprozess f\u00fcr die Herstellung von Drahtspulen zu sammeln.\n\n<strong>Fixe Spulen und Haspeln<\/strong> k\u00f6nnen auf verschiedene Spulentypen (horizontal und vertikal) mit unterschiedlichen Abmessungen und Tragf\u00e4higkeiten passen.\n\nFixe Spulen von PROMOSTAR werden in aus schweren Stahl(rohr)-Rahmen hergestellt und sind perfekt ausbalanciert, um gef\u00e4hrliche Vibrationen beim Aufwickeln mit hoher Geschwindigkeit auf der Spule zu vermeiden.\n\nDiese Spulen werden verwendet, um andere Maschinen f\u00fcr interne Drahtumwandlungsprozesse zu beschicken, wie zum Beispiel Mattenlinien, Richtmaschinen, B\u00fcgel, K\u00f6rbe und Gittertr\u00e4germaschinen.\n\nDie Endproduktanwendungen sind normalerweise Bewehrungsmatten, B\u00fcgel, K\u00f6rbe und Gittertr\u00e4ger f\u00fcr den Hoch- und Industriebau und die Fundament- und Fertigteilindustrie.","_et_gb_content_width":""},"product_cat":[193],"product_tag":[97,103,108,109,112,120,123,124,134,136],"yoast_head":"<!-- This site is optimized with the Yoast SEO plugin v20.5 - https:\/\/yoast.com\/wordpress\/plugins\/seo\/ -->\n<title>Fixe Spulen und Haspeln | Promostar<\/title>\n<meta name=\"description\" content=\"Fixe Spulen und Haspeln werden verwendet, um den Draht nach dem Kaltwalz-, Zieh- oder Streckprozess f\u00fcr die Herstellung von Drahtspulen zu sammeln.\" \/>\n<meta name=\"robots\" content=\"index, follow, max-snippet:-1, max-image-preview:large, max-video-preview:-1\" \/>\n<link rel=\"canonical\" href=\"https:\/\/www.promostar.it\/de\/prodotto\/fixe-spulen-und-haspeln\/\" \/>\n<meta property=\"og:locale\" content=\"de_DE\" \/>\n<meta property=\"og:type\" content=\"article\" \/>\n<meta property=\"og:title\" content=\"Fixe Spulen und Haspeln | Promostar\" \/>\n<meta property=\"og:description\" content=\"Fixe Spulen und Haspeln werden verwendet, um den Draht nach dem Kaltwalz-, Zieh- oder Streckprozess f\u00fcr die Herstellung von Drahtspulen zu sammeln.\" \/>\n<meta property=\"og:url\" content=\"https:\/\/www.promostar.it\/de\/prodotto\/fixe-spulen-und-haspeln\/\" \/>\n<meta property=\"og:site_name\" content=\"PromoStar S.r.l.\" \/>\n<meta property=\"article:modified_time\" content=\"2023-05-08T08:02:45+00:00\" \/>\n<meta property=\"og:image\" content=\"https:\/\/www.promostar.it\/wp-content\/uploads\/2022\/04\/Fixed-spool-1-transparent.jpg\" \/>\n\t<meta property=\"og:image:width\" content=\"627\" \/>\n\t<meta property=\"og:image:height\" content=\"627\" \/>\n\t<meta property=\"og:image:type\" content=\"image\/jpeg\" \/>\n<meta name=\"twitter:card\" content=\"summary_large_image\" \/>\n<script type=\"application\/ld+json\" class=\"yoast-schema-graph\">{\"@context\":\"https:\/\/schema.org\",\"@graph\":[{\"@type\":\"WebPage\",\"@id\":\"https:\/\/www.promostar.it\/de\/prodotto\/fixe-spulen-und-haspeln\/\",\"url\":\"https:\/\/www.promostar.it\/de\/prodotto\/fixe-spulen-und-haspeln\/\",\"name\":\"Fixe Spulen und Haspeln | Promostar\",\"isPartOf\":{\"@id\":\"https:\/\/www.promostar.it\/de\/#website\"},\"datePublished\":\"2022-04-05T07:45:03+00:00\",\"dateModified\":\"2023-05-08T08:02:45+00:00\",\"description\":\"Fixe Spulen und Haspeln werden verwendet, um den Draht nach dem Kaltwalz-, Zieh- oder Streckprozess f\u00fcr die Herstellung von Drahtspulen zu sammeln.\",\"breadcrumb\":{\"@id\":\"https:\/\/www.promostar.it\/de\/prodotto\/fixe-spulen-und-haspeln\/#breadcrumb\"},\"inLanguage\":\"de-DE\",\"potentialAction\":[{\"@type\":\"ReadAction\",\"target\":[\"https:\/\/www.promostar.it\/de\/prodotto\/fixe-spulen-und-haspeln\/\"]}]},{\"@type\":\"BreadcrumbList\",\"@id\":\"https:\/\/www.promostar.it\/de\/prodotto\/fixe-spulen-und-haspeln\/#breadcrumb\",\"itemListElement\":[{\"@type\":\"ListItem\",\"position\":1,\"name\":\"Home\",\"item\":\"https:\/\/www.promostar.it\/de\/\"},{\"@type\":\"ListItem\",\"position\":2,\"name\":\"Produkte\",\"item\":\"https:\/\/www.promostar.it\/de\/shop\/\"},{\"@type\":\"ListItem\",\"position\":3,\"name\":\"Fixe Spulen und Haspeln\"}]},{\"@type\":\"WebSite\",\"@id\":\"https:\/\/www.promostar.it\/de\/#website\",\"url\":\"https:\/\/www.promostar.it\/de\/\",\"name\":\"PromoStar S.r.l.\",\"description\":\"Promostar \u00e8 l\u2019azienda leader e la prima ad introdurre il processo di stiratura\",\"publisher\":{\"@id\":\"https:\/\/www.promostar.it\/de\/#organization\"},\"potentialAction\":[{\"@type\":\"SearchAction\",\"target\":{\"@type\":\"EntryPoint\",\"urlTemplate\":\"https:\/\/www.promostar.it\/de\/?s={search_term_string}\"},\"query-input\":\"required name=search_term_string\"}],\"inLanguage\":\"de-DE\"},{\"@type\":\"Organization\",\"@id\":\"https:\/\/www.promostar.it\/de\/#organization\",\"name\":\"Promostar\",\"url\":\"https:\/\/www.promostar.it\/de\/\",\"logo\":{\"@type\":\"ImageObject\",\"inLanguage\":\"de-DE\",\"@id\":\"https:\/\/www.promostar.it\/de\/#\/schema\/logo\/image\/\",\"url\":\"https:\/\/www.promostar.it\/wp-content\/uploads\/2020\/10\/promostar-logo.png\",\"contentUrl\":\"https:\/\/www.promostar.it\/wp-content\/uploads\/2020\/10\/promostar-logo.png\",\"width\":210,\"height\":69,\"caption\":\"Promostar\"},\"image\":{\"@id\":\"https:\/\/www.promostar.it\/de\/#\/schema\/logo\/image\/\"}}]}<\/script>\n<!-- \/ Yoast SEO plugin. -->","yoast_head_json":{"title":"Fixe Spulen und Haspeln | Promostar","description":"Fixe Spulen und Haspeln werden verwendet, um den Draht nach dem Kaltwalz-, Zieh- oder Streckprozess f\u00fcr die Herstellung von Drahtspulen zu sammeln.","robots":{"index":"index","follow":"follow","max-snippet":"max-snippet:-1","max-image-preview":"max-image-preview:large","max-video-preview":"max-video-preview:-1"},"canonical":"https:\/\/www.promostar.it\/de\/prodotto\/fixe-spulen-und-haspeln\/","og_locale":"de_DE","og_type":"article","og_title":"Fixe Spulen und Haspeln | Promostar","og_description":"Fixe Spulen und Haspeln werden verwendet, um den Draht nach dem Kaltwalz-, Zieh- oder Streckprozess f\u00fcr die Herstellung von Drahtspulen zu sammeln.","og_url":"https:\/\/www.promostar.it\/de\/prodotto\/fixe-spulen-und-haspeln\/","og_site_name":"PromoStar S.r.l.","article_modified_time":"2023-05-08T08:02:45+00:00","og_image":[{"width":627,"height":627,"url":"https:\/\/www.promostar.it\/wp-content\/uploads\/2022\/04\/Fixed-spool-1-transparent.jpg","type":"image\/jpeg"}],"twitter_card":"summary_large_image","schema":{"@context":"https:\/\/schema.org","@graph":[{"@type":"WebPage","@id":"https:\/\/www.promostar.it\/de\/prodotto\/fixe-spulen-und-haspeln\/","url":"https:\/\/www.promostar.it\/de\/prodotto\/fixe-spulen-und-haspeln\/","name":"Fixe Spulen und Haspeln | Promostar","isPartOf":{"@id":"https:\/\/www.promostar.it\/de\/#website"},"datePublished":"2022-04-05T07:45:03+00:00","dateModified":"2023-05-08T08:02:45+00:00","description":"Fixe Spulen und Haspeln werden verwendet, um den Draht nach dem Kaltwalz-, Zieh- oder Streckprozess f\u00fcr die Herstellung von Drahtspulen zu sammeln.","breadcrumb":{"@id":"https:\/\/www.promostar.it\/de\/prodotto\/fixe-spulen-und-haspeln\/#breadcrumb"},"inLanguage":"de-DE","potentialAction":[{"@type":"ReadAction","target":["https:\/\/www.promostar.it\/de\/prodotto\/fixe-spulen-und-haspeln\/"]}]},{"@type":"BreadcrumbList","@id":"https:\/\/www.promostar.it\/de\/prodotto\/fixe-spulen-und-haspeln\/#breadcrumb","itemListElement":[{"@type":"ListItem","position":1,"name":"Home","item":"https:\/\/www.promostar.it\/de\/"},{"@type":"ListItem","position":2,"name":"Produkte","item":"https:\/\/www.promostar.it\/de\/shop\/"},{"@type":"ListItem","position":3,"name":"Fixe Spulen und Haspeln"}]},{"@type":"WebSite","@id":"https:\/\/www.promostar.it\/de\/#website","url":"https:\/\/www.promostar.it\/de\/","name":"PromoStar S.r.l.","description":"Promostar \u00e8 l\u2019azienda leader e la prima ad introdurre il processo di stiratura","publisher":{"@id":"https:\/\/www.promostar.it\/de\/#organization"},"potentialAction":[{"@type":"SearchAction","target":{"@type":"EntryPoint","urlTemplate":"https:\/\/www.promostar.it\/de\/?s={search_term_string}"},"query-input":"required name=search_term_string"}],"inLanguage":"de-DE"},{"@type":"Organization","@id":"https:\/\/www.promostar.it\/de\/#organization","name":"Promostar","url":"https:\/\/www.promostar.it\/de\/","logo":{"@type":"ImageObject","inLanguage":"de-DE","@id":"https:\/\/www.promostar.it\/de\/#\/schema\/logo\/image\/","url":"https:\/\/www.promostar.it\/wp-content\/uploads\/2020\/10\/promostar-logo.png","contentUrl":"https:\/\/www.promostar.it\/wp-content\/uploads\/2020\/10\/promostar-logo.png","width":210,"height":69,"caption":"Promostar"},"image":{"@id":"https:\/\/www.promostar.it\/de\/#\/schema\/logo\/image\/"}}]}},"_links":{"self":[{"href":"https:\/\/www.promostar.it\/de\/wp-json\/wp\/v3\/product\/5886"}],"collection":[{"href":"https:\/\/www.promostar.it\/de\/wp-json\/wp\/v3\/product"}],"about":[{"href":"https:\/\/www.promostar.it\/de\/wp-json\/wp\/v2\/types\/product"}],"wp:featuredmedia":[{"embeddable":true,"href":"https:\/\/www.promostar.it\/de\/wp-json\/wp\/v2\/media\/4153"}],"wp:attachment":[{"href":"https:\/\/www.promostar.it\/de\/wp-json\/wp\/v2\/media?parent=5886"}],"wp:term":[{"taxonomy":"product_cat","embeddable":true,"href":"https:\/\/www.promostar.it\/de\/wp-json\/wp\/v2\/product_cat?post=5886"},{"taxonomy":"product_tag","embeddable":true,"href":"https:\/\/www.promostar.it\/de\/wp-json\/wp\/v2\/product_tag?post=5886"}],"curies":[{"name":"wp","href":"https:\/\/api.w.org\/{rel}","templated":true}]}}