{"id":5885,"date":"2022-04-05T09:56:44","date_gmt":"2022-04-05T07:56:44","guid":{"rendered":"https:\/\/www.promostar.it\/prodotto\/die-manuelle-umreifungsstation-fur-spulen\/"},"modified":"2023-05-08T09:59:42","modified_gmt":"2023-05-08T07:59:42","slug":"die-manuelle-umreifungsstation-fur-spulen","status":"publish","type":"product","link":"https:\/\/www.promostar.it\/de\/prodotto\/die-manuelle-umreifungsstation-fur-spulen\/","title":{"rendered":"Die manuelle Umreifungsstation f\u00fcr Spulen"},"content":{"rendered":"<p>[et_pb_section fb_built=&#8220;1&#8243; _builder_version=&#8220;4.17.0&#8243; _module_preset=&#8220;default&#8220; global_colors_info=&#8220;{}&#8220;][\/et_pb_section]<\/p>\n","protected":false},"excerpt":{"rendered":"<p><strong>Die manuelle Umreifungsstation f\u00fcr Spulen<\/strong> wird verwendet, um es dem Bediener zu erm\u00f6glichen, die auf zusammenklappbaren Spulen hergestellten kompakten Spulen mit Metallband zu handhaben und manuell zu binden.<\/p>\n<p><strong>Die manuelle Umreifungsstation f\u00fcr Spulen<\/strong> wird normalerweise als eigenst\u00e4ndige Maschine in der N\u00e4he der Spulmaschine installiert, auf der Seite, an der die Spulen ausgeworfen werden. Die Spulen werden auf der Station mit einem Kran gehandhabt und beschickt oder einfach manuell von der Spulmaschine gerollt.<\/p>\n<p>Die aus einem robusten Stahlrahmen hergestellte Station umfasst eine Kippplattform, die es dem Bediener erm\u00f6glicht, die Spulen von der horizontalen in die vertikale Achse (und umgekehrt) zu drehen, und einen Hebearm, um den oberen Flansch der Spulen anzuheben, um die zusammenklappbaren Spulen zu zerlegen und wieder zusammenzubauen.<\/p>\n<p>Dank dieser Einheit ist es m\u00f6glich, die Spulen manuell zu umreifen und\/oder die Spulen um 90\u00b0 Grad zu drehen, um Handhabungsprobleme in Situationen zu l\u00f6sen, in denen beispielsweise die Spulen horizontal produziert werden, w\u00e4hrend stattdessen die Abwicklung auf der Maschendrahtmaschine in vertikaler Position erfolgt.<\/p>\n","protected":false},"featured_media":4156,"template":"","meta":{"_et_pb_use_builder":"on","_et_pb_old_content":"<strong>Die manuelle Umreifungsstation f\u00fcr Spulen<\/strong> wird verwendet, um es dem Bediener zu erm\u00f6glichen, die auf zusammenklappbaren Spulen hergestellten kompakten Spulen mit Metallband zu handhaben und manuell zu binden.\n\n<strong>Die manuelle Umreifungsstation f\u00fcr Spulen<\/strong> wird normalerweise als eigenst\u00e4ndige Maschine in der N\u00e4he der Spulmaschine installiert, auf der Seite, an der die Spulen ausgeworfen werden. Die Spulen werden auf der Station mit einem Kran gehandhabt und beschickt oder einfach manuell von der Spulmaschine gerollt.\n\nDie aus einem robusten Stahlrahmen hergestellte Station umfasst eine Kippplattform, die es dem Bediener erm\u00f6glicht, die Spulen von der horizontalen in die vertikale Achse (und umgekehrt) zu drehen, und einen Hebearm, um den oberen Flansch der Spulen anzuheben, um die zusammenklappbaren Spulen zu zerlegen und wieder zusammenzubauen.\n\nDank dieser Einheit ist es m\u00f6glich, die Spulen manuell zu umreifen und\/oder die Spulen um 90\u00b0 Grad zu drehen, um Handhabungsprobleme in Situationen zu l\u00f6sen, in denen beispielsweise die Spulen horizontal produziert werden, w\u00e4hrend stattdessen die Abwicklung auf der Maschendrahtmaschine in vertikaler Position erfolgt.","_et_gb_content_width":""},"product_cat":[193],"product_tag":[97,103,108,109,120,134],"yoast_head":"<!-- This site is optimized with the Yoast SEO plugin v20.5 - https:\/\/yoast.com\/wordpress\/plugins\/seo\/ -->\n<title>Die manuelle Umreifungsstation f\u00fcr Spulen | Promostar<\/title>\n<meta name=\"description\" content=\"Die manuelle Umreifungsstation f\u00fcr Spulen wird verwendet, um es dem Bediener zu erm\u00f6glichen, die auf zusammenklappbaren Spulen hergestellten kompakten Spulen mit Metallband zu handhaben und manuell zu binden.\" \/>\n<meta name=\"robots\" content=\"index, follow, max-snippet:-1, max-image-preview:large, max-video-preview:-1\" \/>\n<link rel=\"canonical\" href=\"https:\/\/www.promostar.it\/de\/prodotto\/die-manuelle-umreifungsstation-fur-spulen\/\" \/>\n<meta property=\"og:locale\" content=\"de_DE\" \/>\n<meta property=\"og:type\" content=\"article\" \/>\n<meta property=\"og:title\" content=\"Die manuelle Umreifungsstation f\u00fcr Spulen | Promostar\" \/>\n<meta property=\"og:description\" content=\"Die manuelle Umreifungsstation f\u00fcr Spulen wird verwendet, um es dem Bediener zu erm\u00f6glichen, die auf zusammenklappbaren Spulen hergestellten kompakten Spulen mit Metallband zu handhaben und manuell zu binden.\" \/>\n<meta property=\"og:url\" content=\"https:\/\/www.promostar.it\/de\/prodotto\/die-manuelle-umreifungsstation-fur-spulen\/\" \/>\n<meta property=\"og:site_name\" content=\"PromoStar S.r.l.\" \/>\n<meta property=\"article:modified_time\" content=\"2023-05-08T07:59:42+00:00\" \/>\n<meta property=\"og:image\" content=\"https:\/\/www.promostar.it\/wp-content\/uploads\/2022\/04\/Manual-Strapping-station-2-transparent.jpg\" \/>\n\t<meta property=\"og:image:width\" content=\"1200\" \/>\n\t<meta property=\"og:image:height\" content=\"1200\" \/>\n\t<meta property=\"og:image:type\" content=\"image\/jpeg\" \/>\n<meta name=\"twitter:card\" content=\"summary_large_image\" \/>\n<script type=\"application\/ld+json\" class=\"yoast-schema-graph\">{\"@context\":\"https:\/\/schema.org\",\"@graph\":[{\"@type\":\"WebPage\",\"@id\":\"https:\/\/www.promostar.it\/de\/prodotto\/die-manuelle-umreifungsstation-fur-spulen\/\",\"url\":\"https:\/\/www.promostar.it\/de\/prodotto\/die-manuelle-umreifungsstation-fur-spulen\/\",\"name\":\"Die manuelle Umreifungsstation f\u00fcr Spulen | Promostar\",\"isPartOf\":{\"@id\":\"https:\/\/www.promostar.it\/de\/#website\"},\"datePublished\":\"2022-04-05T07:56:44+00:00\",\"dateModified\":\"2023-05-08T07:59:42+00:00\",\"description\":\"Die manuelle Umreifungsstation f\u00fcr Spulen wird verwendet, um es dem Bediener zu erm\u00f6glichen, die auf zusammenklappbaren Spulen hergestellten kompakten Spulen mit Metallband zu handhaben und manuell zu binden.\",\"breadcrumb\":{\"@id\":\"https:\/\/www.promostar.it\/de\/prodotto\/die-manuelle-umreifungsstation-fur-spulen\/#breadcrumb\"},\"inLanguage\":\"de-DE\",\"potentialAction\":[{\"@type\":\"ReadAction\",\"target\":[\"https:\/\/www.promostar.it\/de\/prodotto\/die-manuelle-umreifungsstation-fur-spulen\/\"]}]},{\"@type\":\"BreadcrumbList\",\"@id\":\"https:\/\/www.promostar.it\/de\/prodotto\/die-manuelle-umreifungsstation-fur-spulen\/#breadcrumb\",\"itemListElement\":[{\"@type\":\"ListItem\",\"position\":1,\"name\":\"Home\",\"item\":\"https:\/\/www.promostar.it\/de\/home-2\/\"},{\"@type\":\"ListItem\",\"position\":2,\"name\":\"Produkte\",\"item\":\"https:\/\/www.promostar.it\/de\/shop\/\"},{\"@type\":\"ListItem\",\"position\":3,\"name\":\"Die manuelle Umreifungsstation f\u00fcr Spulen\"}]},{\"@type\":\"WebSite\",\"@id\":\"https:\/\/www.promostar.it\/de\/#website\",\"url\":\"https:\/\/www.promostar.it\/de\/\",\"name\":\"PromoStar S.r.l.\",\"description\":\"Promostar \u00e8 l\u2019azienda leader e la prima ad introdurre il processo di stiratura\",\"publisher\":{\"@id\":\"https:\/\/www.promostar.it\/de\/#organization\"},\"potentialAction\":[{\"@type\":\"SearchAction\",\"target\":{\"@type\":\"EntryPoint\",\"urlTemplate\":\"https:\/\/www.promostar.it\/de\/?s={search_term_string}\"},\"query-input\":\"required name=search_term_string\"}],\"inLanguage\":\"de-DE\"},{\"@type\":\"Organization\",\"@id\":\"https:\/\/www.promostar.it\/de\/#organization\",\"name\":\"Promostar\",\"url\":\"https:\/\/www.promostar.it\/de\/\",\"logo\":{\"@type\":\"ImageObject\",\"inLanguage\":\"de-DE\",\"@id\":\"https:\/\/www.promostar.it\/de\/#\/schema\/logo\/image\/\",\"url\":\"https:\/\/www.promostar.it\/wp-content\/uploads\/2020\/10\/promostar-logo.png\",\"contentUrl\":\"https:\/\/www.promostar.it\/wp-content\/uploads\/2020\/10\/promostar-logo.png\",\"width\":210,\"height\":69,\"caption\":\"Promostar\"},\"image\":{\"@id\":\"https:\/\/www.promostar.it\/de\/#\/schema\/logo\/image\/\"}}]}<\/script>\n<!-- \/ Yoast SEO plugin. -->","yoast_head_json":{"title":"Die manuelle Umreifungsstation f\u00fcr Spulen | Promostar","description":"Die manuelle Umreifungsstation f\u00fcr Spulen wird verwendet, um es dem Bediener zu erm\u00f6glichen, die auf zusammenklappbaren Spulen hergestellten kompakten Spulen mit Metallband zu handhaben und manuell zu binden.","robots":{"index":"index","follow":"follow","max-snippet":"max-snippet:-1","max-image-preview":"max-image-preview:large","max-video-preview":"max-video-preview:-1"},"canonical":"https:\/\/www.promostar.it\/de\/prodotto\/die-manuelle-umreifungsstation-fur-spulen\/","og_locale":"de_DE","og_type":"article","og_title":"Die manuelle Umreifungsstation f\u00fcr Spulen | Promostar","og_description":"Die manuelle Umreifungsstation f\u00fcr Spulen wird verwendet, um es dem Bediener zu erm\u00f6glichen, die auf zusammenklappbaren Spulen hergestellten kompakten Spulen mit Metallband zu handhaben und manuell zu binden.","og_url":"https:\/\/www.promostar.it\/de\/prodotto\/die-manuelle-umreifungsstation-fur-spulen\/","og_site_name":"PromoStar S.r.l.","article_modified_time":"2023-05-08T07:59:42+00:00","og_image":[{"width":1200,"height":1200,"url":"https:\/\/www.promostar.it\/wp-content\/uploads\/2022\/04\/Manual-Strapping-station-2-transparent.jpg","type":"image\/jpeg"}],"twitter_card":"summary_large_image","schema":{"@context":"https:\/\/schema.org","@graph":[{"@type":"WebPage","@id":"https:\/\/www.promostar.it\/de\/prodotto\/die-manuelle-umreifungsstation-fur-spulen\/","url":"https:\/\/www.promostar.it\/de\/prodotto\/die-manuelle-umreifungsstation-fur-spulen\/","name":"Die manuelle Umreifungsstation f\u00fcr Spulen | Promostar","isPartOf":{"@id":"https:\/\/www.promostar.it\/de\/#website"},"datePublished":"2022-04-05T07:56:44+00:00","dateModified":"2023-05-08T07:59:42+00:00","description":"Die manuelle Umreifungsstation f\u00fcr Spulen wird verwendet, um es dem Bediener zu erm\u00f6glichen, die auf zusammenklappbaren Spulen hergestellten kompakten Spulen mit Metallband zu handhaben und manuell zu binden.","breadcrumb":{"@id":"https:\/\/www.promostar.it\/de\/prodotto\/die-manuelle-umreifungsstation-fur-spulen\/#breadcrumb"},"inLanguage":"de-DE","potentialAction":[{"@type":"ReadAction","target":["https:\/\/www.promostar.it\/de\/prodotto\/die-manuelle-umreifungsstation-fur-spulen\/"]}]},{"@type":"BreadcrumbList","@id":"https:\/\/www.promostar.it\/de\/prodotto\/die-manuelle-umreifungsstation-fur-spulen\/#breadcrumb","itemListElement":[{"@type":"ListItem","position":1,"name":"Home","item":"https:\/\/www.promostar.it\/de\/home-2\/"},{"@type":"ListItem","position":2,"name":"Produkte","item":"https:\/\/www.promostar.it\/de\/shop\/"},{"@type":"ListItem","position":3,"name":"Die manuelle Umreifungsstation f\u00fcr Spulen"}]},{"@type":"WebSite","@id":"https:\/\/www.promostar.it\/de\/#website","url":"https:\/\/www.promostar.it\/de\/","name":"PromoStar S.r.l.","description":"Promostar \u00e8 l\u2019azienda leader e la prima ad introdurre il processo di stiratura","publisher":{"@id":"https:\/\/www.promostar.it\/de\/#organization"},"potentialAction":[{"@type":"SearchAction","target":{"@type":"EntryPoint","urlTemplate":"https:\/\/www.promostar.it\/de\/?s={search_term_string}"},"query-input":"required name=search_term_string"}],"inLanguage":"de-DE"},{"@type":"Organization","@id":"https:\/\/www.promostar.it\/de\/#organization","name":"Promostar","url":"https:\/\/www.promostar.it\/de\/","logo":{"@type":"ImageObject","inLanguage":"de-DE","@id":"https:\/\/www.promostar.it\/de\/#\/schema\/logo\/image\/","url":"https:\/\/www.promostar.it\/wp-content\/uploads\/2020\/10\/promostar-logo.png","contentUrl":"https:\/\/www.promostar.it\/wp-content\/uploads\/2020\/10\/promostar-logo.png","width":210,"height":69,"caption":"Promostar"},"image":{"@id":"https:\/\/www.promostar.it\/de\/#\/schema\/logo\/image\/"}}]}},"_links":{"self":[{"href":"https:\/\/www.promostar.it\/de\/wp-json\/wp\/v3\/product\/5885"}],"collection":[{"href":"https:\/\/www.promostar.it\/de\/wp-json\/wp\/v3\/product"}],"about":[{"href":"https:\/\/www.promostar.it\/de\/wp-json\/wp\/v2\/types\/product"}],"wp:featuredmedia":[{"embeddable":true,"href":"https:\/\/www.promostar.it\/de\/wp-json\/wp\/v2\/media\/4156"}],"wp:attachment":[{"href":"https:\/\/www.promostar.it\/de\/wp-json\/wp\/v2\/media?parent=5885"}],"wp:term":[{"taxonomy":"product_cat","embeddable":true,"href":"https:\/\/www.promostar.it\/de\/wp-json\/wp\/v2\/product_cat?post=5885"},{"taxonomy":"product_tag","embeddable":true,"href":"https:\/\/www.promostar.it\/de\/wp-json\/wp\/v2\/product_tag?post=5885"}],"curies":[{"name":"wp","href":"https:\/\/api.w.org\/{rel}","templated":true}]}}