{"id":5882,"date":"2022-04-05T10:19:18","date_gmt":"2022-04-05T08:19:18","guid":{"rendered":"https:\/\/www.promostar.it\/prodotto\/tragbare-schweisgerate\/"},"modified":"2023-05-08T09:48:29","modified_gmt":"2023-05-08T07:48:29","slug":"tragbare-schweisgerate","status":"publish","type":"product","link":"https:\/\/www.promostar.it\/de\/prodotto\/tragbare-schweisgerate\/","title":{"rendered":"Tragbare Schwei\u00dfger\u00e4te"},"content":{"rendered":"<p>[et_pb_section fb_built=&#8220;1&#8243; _builder_version=&#8220;4.17.0&#8243; _module_preset=&#8220;default&#8220; global_colors_info=&#8220;{}&#8220;][\/et_pb_section]<\/p>\n","protected":false},"excerpt":{"rendered":"<p><strong>Tragbare Schwei\u00dfger\u00e4te<\/strong> sind Ger\u00e4te, die in Zieh-, Kaltwalz- und Streckmaschinen verwendet werden, um die Enden von Dr\u00e4hten (schwei\u00dfbarer Stahl) durch Widerstandsschwei\u00dfen zu verbinden.<\/p>\n<p><strong>Tragbare Schwei\u00dfger\u00e4te<\/strong> sind beweglich dank der vier (4) R\u00e4der, auf denen sie montiert sind, und der auf der R\u00fcckseite der Maschine positionierten \u00d6se, die bei der Handhabung w\u00e4hrend der Bewegung helfen.<\/p>\n<p>Im Lieferumfang ist ein Schleifger\u00e4t zum Entfernen der Naht nach dem Schwei\u00dfen enthalten.<\/p>\n","protected":false},"featured_media":4165,"template":"","meta":{"_et_pb_use_builder":"on","_et_pb_old_content":"<strong>Tragbare Schwei\u00dfger\u00e4te<\/strong> sind Ger\u00e4te, die in Zieh-, Kaltwalz- und Streckmaschinen verwendet werden, um die Enden von Dr\u00e4hten (schwei\u00dfbarer Stahl) durch Widerstandsschwei\u00dfen zu verbinden.\n\n<strong>Tragbare Schwei\u00dfger\u00e4te<\/strong> sind beweglich dank der vier (4) R\u00e4der, auf denen sie montiert sind, und der auf der R\u00fcckseite der Maschine positionierten \u00d6se, die bei der Handhabung w\u00e4hrend der Bewegung helfen.\n\nIm Lieferumfang ist ein Schleifger\u00e4t zum Entfernen der Naht nach dem Schwei\u00dfen enthalten.","_et_gb_content_width":""},"product_cat":[193],"product_tag":[97,102,108,109,116,120,123,124,131,134,140],"yoast_head":"<!-- This site is optimized with the Yoast SEO plugin v20.5 - https:\/\/yoast.com\/wordpress\/plugins\/seo\/ -->\n<title>Tragbare Schwei\u00dfger\u00e4te | Promostar<\/title>\n<meta name=\"description\" content=\"Tragbare Schwei\u00dfger\u00e4te sind Ger\u00e4te, die in Zieh-, Kaltwalz- und Streckmaschinen verwendet werden, um die Enden von Dr\u00e4hten (schwei\u00dfbarer Stahl) durch Widerstandsschwei\u00dfen zu verbinden.\" \/>\n<meta name=\"robots\" content=\"index, follow, max-snippet:-1, max-image-preview:large, max-video-preview:-1\" \/>\n<link rel=\"canonical\" href=\"https:\/\/www.promostar.it\/de\/prodotto\/tragbare-schweisgerate\/\" \/>\n<meta property=\"og:locale\" content=\"de_DE\" \/>\n<meta property=\"og:type\" content=\"article\" \/>\n<meta property=\"og:title\" content=\"Tragbare Schwei\u00dfger\u00e4te | Promostar\" \/>\n<meta property=\"og:description\" content=\"Tragbare Schwei\u00dfger\u00e4te sind Ger\u00e4te, die in Zieh-, Kaltwalz- und Streckmaschinen verwendet werden, um die Enden von Dr\u00e4hten (schwei\u00dfbarer Stahl) durch Widerstandsschwei\u00dfen zu verbinden.\" \/>\n<meta property=\"og:url\" content=\"https:\/\/www.promostar.it\/de\/prodotto\/tragbare-schweisgerate\/\" \/>\n<meta property=\"og:site_name\" content=\"PromoStar S.r.l.\" \/>\n<meta property=\"article:modified_time\" content=\"2023-05-08T07:48:29+00:00\" \/>\n<meta property=\"og:image\" content=\"https:\/\/www.promostar.it\/wp-content\/uploads\/2022\/04\/Portable-butt-welders-4-transparent.jpg\" \/>\n\t<meta property=\"og:image:width\" content=\"1200\" \/>\n\t<meta property=\"og:image:height\" content=\"1200\" \/>\n\t<meta property=\"og:image:type\" content=\"image\/jpeg\" \/>\n<meta name=\"twitter:card\" content=\"summary_large_image\" \/>\n<script type=\"application\/ld+json\" class=\"yoast-schema-graph\">{\"@context\":\"https:\/\/schema.org\",\"@graph\":[{\"@type\":\"WebPage\",\"@id\":\"https:\/\/www.promostar.it\/de\/prodotto\/tragbare-schweisgerate\/\",\"url\":\"https:\/\/www.promostar.it\/de\/prodotto\/tragbare-schweisgerate\/\",\"name\":\"Tragbare Schwei\u00dfger\u00e4te | Promostar\",\"isPartOf\":{\"@id\":\"https:\/\/www.promostar.it\/de\/#website\"},\"datePublished\":\"2022-04-05T08:19:18+00:00\",\"dateModified\":\"2023-05-08T07:48:29+00:00\",\"description\":\"Tragbare Schwei\u00dfger\u00e4te sind Ger\u00e4te, die in Zieh-, Kaltwalz- und Streckmaschinen verwendet werden, um die Enden von Dr\u00e4hten (schwei\u00dfbarer Stahl) durch Widerstandsschwei\u00dfen zu verbinden.\",\"breadcrumb\":{\"@id\":\"https:\/\/www.promostar.it\/de\/prodotto\/tragbare-schweisgerate\/#breadcrumb\"},\"inLanguage\":\"de-DE\",\"potentialAction\":[{\"@type\":\"ReadAction\",\"target\":[\"https:\/\/www.promostar.it\/de\/prodotto\/tragbare-schweisgerate\/\"]}]},{\"@type\":\"BreadcrumbList\",\"@id\":\"https:\/\/www.promostar.it\/de\/prodotto\/tragbare-schweisgerate\/#breadcrumb\",\"itemListElement\":[{\"@type\":\"ListItem\",\"position\":1,\"name\":\"Home\",\"item\":\"https:\/\/www.promostar.it\/de\/\"},{\"@type\":\"ListItem\",\"position\":2,\"name\":\"Produkte\",\"item\":\"https:\/\/www.promostar.it\/de\/shop\/\"},{\"@type\":\"ListItem\",\"position\":3,\"name\":\"Tragbare Schwei\u00dfger\u00e4te\"}]},{\"@type\":\"WebSite\",\"@id\":\"https:\/\/www.promostar.it\/de\/#website\",\"url\":\"https:\/\/www.promostar.it\/de\/\",\"name\":\"PromoStar S.r.l.\",\"description\":\"Promostar \u00e8 l\u2019azienda leader e la prima ad introdurre il processo di stiratura\",\"publisher\":{\"@id\":\"https:\/\/www.promostar.it\/de\/#organization\"},\"potentialAction\":[{\"@type\":\"SearchAction\",\"target\":{\"@type\":\"EntryPoint\",\"urlTemplate\":\"https:\/\/www.promostar.it\/de\/?s={search_term_string}\"},\"query-input\":\"required name=search_term_string\"}],\"inLanguage\":\"de-DE\"},{\"@type\":\"Organization\",\"@id\":\"https:\/\/www.promostar.it\/de\/#organization\",\"name\":\"Promostar\",\"url\":\"https:\/\/www.promostar.it\/de\/\",\"logo\":{\"@type\":\"ImageObject\",\"inLanguage\":\"de-DE\",\"@id\":\"https:\/\/www.promostar.it\/de\/#\/schema\/logo\/image\/\",\"url\":\"https:\/\/www.promostar.it\/wp-content\/uploads\/2020\/10\/promostar-logo.png\",\"contentUrl\":\"https:\/\/www.promostar.it\/wp-content\/uploads\/2020\/10\/promostar-logo.png\",\"width\":210,\"height\":69,\"caption\":\"Promostar\"},\"image\":{\"@id\":\"https:\/\/www.promostar.it\/de\/#\/schema\/logo\/image\/\"}}]}<\/script>\n<!-- \/ Yoast SEO plugin. -->","yoast_head_json":{"title":"Tragbare Schwei\u00dfger\u00e4te | Promostar","description":"Tragbare Schwei\u00dfger\u00e4te sind Ger\u00e4te, die in Zieh-, Kaltwalz- und Streckmaschinen verwendet werden, um die Enden von Dr\u00e4hten (schwei\u00dfbarer Stahl) durch Widerstandsschwei\u00dfen zu verbinden.","robots":{"index":"index","follow":"follow","max-snippet":"max-snippet:-1","max-image-preview":"max-image-preview:large","max-video-preview":"max-video-preview:-1"},"canonical":"https:\/\/www.promostar.it\/de\/prodotto\/tragbare-schweisgerate\/","og_locale":"de_DE","og_type":"article","og_title":"Tragbare Schwei\u00dfger\u00e4te | Promostar","og_description":"Tragbare Schwei\u00dfger\u00e4te sind Ger\u00e4te, die in Zieh-, Kaltwalz- und Streckmaschinen verwendet werden, um die Enden von Dr\u00e4hten (schwei\u00dfbarer Stahl) durch Widerstandsschwei\u00dfen zu verbinden.","og_url":"https:\/\/www.promostar.it\/de\/prodotto\/tragbare-schweisgerate\/","og_site_name":"PromoStar S.r.l.","article_modified_time":"2023-05-08T07:48:29+00:00","og_image":[{"width":1200,"height":1200,"url":"https:\/\/www.promostar.it\/wp-content\/uploads\/2022\/04\/Portable-butt-welders-4-transparent.jpg","type":"image\/jpeg"}],"twitter_card":"summary_large_image","schema":{"@context":"https:\/\/schema.org","@graph":[{"@type":"WebPage","@id":"https:\/\/www.promostar.it\/de\/prodotto\/tragbare-schweisgerate\/","url":"https:\/\/www.promostar.it\/de\/prodotto\/tragbare-schweisgerate\/","name":"Tragbare Schwei\u00dfger\u00e4te | Promostar","isPartOf":{"@id":"https:\/\/www.promostar.it\/de\/#website"},"datePublished":"2022-04-05T08:19:18+00:00","dateModified":"2023-05-08T07:48:29+00:00","description":"Tragbare Schwei\u00dfger\u00e4te sind Ger\u00e4te, die in Zieh-, Kaltwalz- und Streckmaschinen verwendet werden, um die Enden von Dr\u00e4hten (schwei\u00dfbarer Stahl) durch Widerstandsschwei\u00dfen zu verbinden.","breadcrumb":{"@id":"https:\/\/www.promostar.it\/de\/prodotto\/tragbare-schweisgerate\/#breadcrumb"},"inLanguage":"de-DE","potentialAction":[{"@type":"ReadAction","target":["https:\/\/www.promostar.it\/de\/prodotto\/tragbare-schweisgerate\/"]}]},{"@type":"BreadcrumbList","@id":"https:\/\/www.promostar.it\/de\/prodotto\/tragbare-schweisgerate\/#breadcrumb","itemListElement":[{"@type":"ListItem","position":1,"name":"Home","item":"https:\/\/www.promostar.it\/de\/"},{"@type":"ListItem","position":2,"name":"Produkte","item":"https:\/\/www.promostar.it\/de\/shop\/"},{"@type":"ListItem","position":3,"name":"Tragbare Schwei\u00dfger\u00e4te"}]},{"@type":"WebSite","@id":"https:\/\/www.promostar.it\/de\/#website","url":"https:\/\/www.promostar.it\/de\/","name":"PromoStar S.r.l.","description":"Promostar \u00e8 l\u2019azienda leader e la prima ad introdurre il processo di stiratura","publisher":{"@id":"https:\/\/www.promostar.it\/de\/#organization"},"potentialAction":[{"@type":"SearchAction","target":{"@type":"EntryPoint","urlTemplate":"https:\/\/www.promostar.it\/de\/?s={search_term_string}"},"query-input":"required name=search_term_string"}],"inLanguage":"de-DE"},{"@type":"Organization","@id":"https:\/\/www.promostar.it\/de\/#organization","name":"Promostar","url":"https:\/\/www.promostar.it\/de\/","logo":{"@type":"ImageObject","inLanguage":"de-DE","@id":"https:\/\/www.promostar.it\/de\/#\/schema\/logo\/image\/","url":"https:\/\/www.promostar.it\/wp-content\/uploads\/2020\/10\/promostar-logo.png","contentUrl":"https:\/\/www.promostar.it\/wp-content\/uploads\/2020\/10\/promostar-logo.png","width":210,"height":69,"caption":"Promostar"},"image":{"@id":"https:\/\/www.promostar.it\/de\/#\/schema\/logo\/image\/"}}]}},"_links":{"self":[{"href":"https:\/\/www.promostar.it\/de\/wp-json\/wp\/v3\/product\/5882"}],"collection":[{"href":"https:\/\/www.promostar.it\/de\/wp-json\/wp\/v3\/product"}],"about":[{"href":"https:\/\/www.promostar.it\/de\/wp-json\/wp\/v2\/types\/product"}],"wp:featuredmedia":[{"embeddable":true,"href":"https:\/\/www.promostar.it\/de\/wp-json\/wp\/v2\/media\/4165"}],"wp:attachment":[{"href":"https:\/\/www.promostar.it\/de\/wp-json\/wp\/v2\/media?parent=5882"}],"wp:term":[{"taxonomy":"product_cat","embeddable":true,"href":"https:\/\/www.promostar.it\/de\/wp-json\/wp\/v2\/product_cat?post=5882"},{"taxonomy":"product_tag","embeddable":true,"href":"https:\/\/www.promostar.it\/de\/wp-json\/wp\/v2\/product_tag?post=5882"}],"curies":[{"name":"wp","href":"https:\/\/api.w.org\/{rel}","templated":true}]}}