{"id":5881,"date":"2022-04-05T10:24:46","date_gmt":"2022-04-05T08:24:46","guid":{"rendered":"https:\/\/www.promostar.it\/prodotto\/druckziehmatritzen\/"},"modified":"2023-05-08T09:43:41","modified_gmt":"2023-05-08T07:43:41","slug":"druckziehmatritzen","status":"publish","type":"product","link":"https:\/\/www.promostar.it\/de\/prodotto\/druckziehmatritzen\/","title":{"rendered":"Druckziehmatritzen"},"content":{"rendered":"<p>[et_pb_section fb_built=&#8220;1&#8243; _builder_version=&#8220;4.17.0&#8243; _module_preset=&#8220;default&#8220; global_colors_info=&#8220;{}&#8220;][\/et_pb_section]<\/p>\n","protected":false},"excerpt":{"rendered":"<p><strong>Druckziehmatritzen<\/strong> werden in den f\u00fcr den Draht-Kaltziehprozess in den Drahtziehk\u00e4sten verwendet.<\/p>\n<p><strong>Druckziehmatritzen<\/strong> bestehen aus zwei Teilen, einem Tr\u00e4ger aus hochfestem Stahl, auf dem ein Einsatz aus Wolframcarbid montiert ist.<\/p>\n<p>Grunds\u00e4tzlich k\u00f6nnen wir zwei (2) verschiedene Matrizenmodelle liefern: den zylindrischen Standardtyp oder den zylindrischen Standardtyp mit der Druckbuchse, die die Menge an Seifenpulver auf der Oberfl\u00e4che des Drahtes erh\u00f6ht, die Schmierung verbessert und hohe Produktionsgeschwindigkeiten erm\u00f6glicht.<\/p>\n<p><strong>Druckziehmatritzen<\/strong> werden in Zusammenarbeit mit unseren Partnern unter Verwendung der neuesten auf dem Markt verf\u00fcgbaren Technologien angeboten.<\/p>\n","protected":false},"featured_media":4171,"template":"","meta":{"_et_pb_use_builder":"on","_et_pb_old_content":"<strong>Druckziehmatritzen<\/strong> werden in den f\u00fcr den Draht-Kaltziehprozess in den Drahtziehk\u00e4sten verwendet.\n\n<strong>Druckziehmatritzen<\/strong> bestehen aus zwei Teilen, einem Tr\u00e4ger aus hochfestem Stahl, auf dem ein Einsatz aus Wolframcarbid montiert ist.\n\nGrunds\u00e4tzlich k\u00f6nnen wir zwei (2) verschiedene Matrizenmodelle liefern: den zylindrischen Standardtyp oder den zylindrischen Standardtyp mit der Druckbuchse, die die Menge an Seifenpulver auf der Oberfl\u00e4che des Drahtes erh\u00f6ht, die Schmierung verbessert und hohe Produktionsgeschwindigkeiten erm\u00f6glicht.\n\n<strong>Druckziehmatritzen<\/strong> werden in Zusammenarbeit mit unseren Partnern unter Verwendung der neuesten auf dem Markt verf\u00fcgbaren Technologien angeboten.","_et_gb_content_width":""},"product_cat":[193],"product_tag":[123,124],"yoast_head":"<!-- This site is optimized with the Yoast SEO plugin v20.5 - https:\/\/yoast.com\/wordpress\/plugins\/seo\/ -->\n<title>Druckziehmatritzen | Promostar<\/title>\n<meta name=\"description\" content=\"Druckziehmatritzen werden in den f\u00fcr den Draht-Kaltziehprozess in den Drahtziehk\u00e4sten verwendet. Druckziehmatritzen bestehen aus zwei Teilen\" \/>\n<meta name=\"robots\" content=\"index, follow, max-snippet:-1, max-image-preview:large, max-video-preview:-1\" \/>\n<link rel=\"canonical\" href=\"https:\/\/www.promostar.it\/de\/prodotto\/druckziehmatritzen\/\" \/>\n<meta property=\"og:locale\" content=\"de_DE\" \/>\n<meta property=\"og:type\" content=\"article\" \/>\n<meta property=\"og:title\" content=\"Druckziehmatritzen | Promostar\" \/>\n<meta property=\"og:description\" content=\"Druckziehmatritzen werden in den f\u00fcr den Draht-Kaltziehprozess in den Drahtziehk\u00e4sten verwendet. Druckziehmatritzen bestehen aus zwei Teilen\" \/>\n<meta property=\"og:url\" content=\"https:\/\/www.promostar.it\/de\/prodotto\/druckziehmatritzen\/\" \/>\n<meta property=\"og:site_name\" content=\"PromoStar S.r.l.\" \/>\n<meta property=\"article:modified_time\" content=\"2023-05-08T07:43:41+00:00\" \/>\n<meta property=\"og:image\" content=\"https:\/\/www.promostar.it\/wp-content\/uploads\/2022\/04\/Presssure-drawing-dies-1-transparent.jpg\" \/>\n\t<meta property=\"og:image:width\" content=\"1200\" \/>\n\t<meta property=\"og:image:height\" content=\"1200\" \/>\n\t<meta property=\"og:image:type\" content=\"image\/jpeg\" \/>\n<meta name=\"twitter:card\" content=\"summary_large_image\" \/>\n<script type=\"application\/ld+json\" class=\"yoast-schema-graph\">{\"@context\":\"https:\/\/schema.org\",\"@graph\":[{\"@type\":\"WebPage\",\"@id\":\"https:\/\/www.promostar.it\/de\/prodotto\/druckziehmatritzen\/\",\"url\":\"https:\/\/www.promostar.it\/de\/prodotto\/druckziehmatritzen\/\",\"name\":\"Druckziehmatritzen | Promostar\",\"isPartOf\":{\"@id\":\"https:\/\/www.promostar.it\/de\/#website\"},\"datePublished\":\"2022-04-05T08:24:46+00:00\",\"dateModified\":\"2023-05-08T07:43:41+00:00\",\"description\":\"Druckziehmatritzen werden in den f\u00fcr den Draht-Kaltziehprozess in den Drahtziehk\u00e4sten verwendet. Druckziehmatritzen bestehen aus zwei Teilen\",\"breadcrumb\":{\"@id\":\"https:\/\/www.promostar.it\/de\/prodotto\/druckziehmatritzen\/#breadcrumb\"},\"inLanguage\":\"de-DE\",\"potentialAction\":[{\"@type\":\"ReadAction\",\"target\":[\"https:\/\/www.promostar.it\/de\/prodotto\/druckziehmatritzen\/\"]}]},{\"@type\":\"BreadcrumbList\",\"@id\":\"https:\/\/www.promostar.it\/de\/prodotto\/druckziehmatritzen\/#breadcrumb\",\"itemListElement\":[{\"@type\":\"ListItem\",\"position\":1,\"name\":\"Home\",\"item\":\"https:\/\/www.promostar.it\/de\/home-2\/\"},{\"@type\":\"ListItem\",\"position\":2,\"name\":\"Produkte\",\"item\":\"https:\/\/www.promostar.it\/de\/shop\/\"},{\"@type\":\"ListItem\",\"position\":3,\"name\":\"Druckziehmatritzen\"}]},{\"@type\":\"WebSite\",\"@id\":\"https:\/\/www.promostar.it\/de\/#website\",\"url\":\"https:\/\/www.promostar.it\/de\/\",\"name\":\"PromoStar S.r.l.\",\"description\":\"Promostar \u00e8 l\u2019azienda leader e la prima ad introdurre il processo di stiratura\",\"publisher\":{\"@id\":\"https:\/\/www.promostar.it\/de\/#organization\"},\"potentialAction\":[{\"@type\":\"SearchAction\",\"target\":{\"@type\":\"EntryPoint\",\"urlTemplate\":\"https:\/\/www.promostar.it\/de\/?s={search_term_string}\"},\"query-input\":\"required name=search_term_string\"}],\"inLanguage\":\"de-DE\"},{\"@type\":\"Organization\",\"@id\":\"https:\/\/www.promostar.it\/de\/#organization\",\"name\":\"Promostar\",\"url\":\"https:\/\/www.promostar.it\/de\/\",\"logo\":{\"@type\":\"ImageObject\",\"inLanguage\":\"de-DE\",\"@id\":\"https:\/\/www.promostar.it\/de\/#\/schema\/logo\/image\/\",\"url\":\"https:\/\/www.promostar.it\/wp-content\/uploads\/2020\/10\/promostar-logo.png\",\"contentUrl\":\"https:\/\/www.promostar.it\/wp-content\/uploads\/2020\/10\/promostar-logo.png\",\"width\":210,\"height\":69,\"caption\":\"Promostar\"},\"image\":{\"@id\":\"https:\/\/www.promostar.it\/de\/#\/schema\/logo\/image\/\"}}]}<\/script>\n<!-- \/ Yoast SEO plugin. -->","yoast_head_json":{"title":"Druckziehmatritzen | Promostar","description":"Druckziehmatritzen werden in den f\u00fcr den Draht-Kaltziehprozess in den Drahtziehk\u00e4sten verwendet. Druckziehmatritzen bestehen aus zwei Teilen","robots":{"index":"index","follow":"follow","max-snippet":"max-snippet:-1","max-image-preview":"max-image-preview:large","max-video-preview":"max-video-preview:-1"},"canonical":"https:\/\/www.promostar.it\/de\/prodotto\/druckziehmatritzen\/","og_locale":"de_DE","og_type":"article","og_title":"Druckziehmatritzen | Promostar","og_description":"Druckziehmatritzen werden in den f\u00fcr den Draht-Kaltziehprozess in den Drahtziehk\u00e4sten verwendet. Druckziehmatritzen bestehen aus zwei Teilen","og_url":"https:\/\/www.promostar.it\/de\/prodotto\/druckziehmatritzen\/","og_site_name":"PromoStar S.r.l.","article_modified_time":"2023-05-08T07:43:41+00:00","og_image":[{"width":1200,"height":1200,"url":"https:\/\/www.promostar.it\/wp-content\/uploads\/2022\/04\/Presssure-drawing-dies-1-transparent.jpg","type":"image\/jpeg"}],"twitter_card":"summary_large_image","schema":{"@context":"https:\/\/schema.org","@graph":[{"@type":"WebPage","@id":"https:\/\/www.promostar.it\/de\/prodotto\/druckziehmatritzen\/","url":"https:\/\/www.promostar.it\/de\/prodotto\/druckziehmatritzen\/","name":"Druckziehmatritzen | Promostar","isPartOf":{"@id":"https:\/\/www.promostar.it\/de\/#website"},"datePublished":"2022-04-05T08:24:46+00:00","dateModified":"2023-05-08T07:43:41+00:00","description":"Druckziehmatritzen werden in den f\u00fcr den Draht-Kaltziehprozess in den Drahtziehk\u00e4sten verwendet. Druckziehmatritzen bestehen aus zwei Teilen","breadcrumb":{"@id":"https:\/\/www.promostar.it\/de\/prodotto\/druckziehmatritzen\/#breadcrumb"},"inLanguage":"de-DE","potentialAction":[{"@type":"ReadAction","target":["https:\/\/www.promostar.it\/de\/prodotto\/druckziehmatritzen\/"]}]},{"@type":"BreadcrumbList","@id":"https:\/\/www.promostar.it\/de\/prodotto\/druckziehmatritzen\/#breadcrumb","itemListElement":[{"@type":"ListItem","position":1,"name":"Home","item":"https:\/\/www.promostar.it\/de\/home-2\/"},{"@type":"ListItem","position":2,"name":"Produkte","item":"https:\/\/www.promostar.it\/de\/shop\/"},{"@type":"ListItem","position":3,"name":"Druckziehmatritzen"}]},{"@type":"WebSite","@id":"https:\/\/www.promostar.it\/de\/#website","url":"https:\/\/www.promostar.it\/de\/","name":"PromoStar S.r.l.","description":"Promostar \u00e8 l\u2019azienda leader e la prima ad introdurre il processo di stiratura","publisher":{"@id":"https:\/\/www.promostar.it\/de\/#organization"},"potentialAction":[{"@type":"SearchAction","target":{"@type":"EntryPoint","urlTemplate":"https:\/\/www.promostar.it\/de\/?s={search_term_string}"},"query-input":"required name=search_term_string"}],"inLanguage":"de-DE"},{"@type":"Organization","@id":"https:\/\/www.promostar.it\/de\/#organization","name":"Promostar","url":"https:\/\/www.promostar.it\/de\/","logo":{"@type":"ImageObject","inLanguage":"de-DE","@id":"https:\/\/www.promostar.it\/de\/#\/schema\/logo\/image\/","url":"https:\/\/www.promostar.it\/wp-content\/uploads\/2020\/10\/promostar-logo.png","contentUrl":"https:\/\/www.promostar.it\/wp-content\/uploads\/2020\/10\/promostar-logo.png","width":210,"height":69,"caption":"Promostar"},"image":{"@id":"https:\/\/www.promostar.it\/de\/#\/schema\/logo\/image\/"}}]}},"_links":{"self":[{"href":"https:\/\/www.promostar.it\/de\/wp-json\/wp\/v3\/product\/5881"}],"collection":[{"href":"https:\/\/www.promostar.it\/de\/wp-json\/wp\/v3\/product"}],"about":[{"href":"https:\/\/www.promostar.it\/de\/wp-json\/wp\/v2\/types\/product"}],"wp:featuredmedia":[{"embeddable":true,"href":"https:\/\/www.promostar.it\/de\/wp-json\/wp\/v2\/media\/4171"}],"wp:attachment":[{"href":"https:\/\/www.promostar.it\/de\/wp-json\/wp\/v2\/media?parent=5881"}],"wp:term":[{"taxonomy":"product_cat","embeddable":true,"href":"https:\/\/www.promostar.it\/de\/wp-json\/wp\/v2\/product_cat?post=5881"},{"taxonomy":"product_tag","embeddable":true,"href":"https:\/\/www.promostar.it\/de\/wp-json\/wp\/v2\/product_tag?post=5881"}],"curies":[{"name":"wp","href":"https:\/\/api.w.org\/{rel}","templated":true}]}}