{"id":5880,"date":"2022-04-05T10:31:02","date_gmt":"2022-04-05T08:31:02","guid":{"rendered":"https:\/\/www.promostar.it\/prodotto\/ziehscheiben\/"},"modified":"2023-05-08T09:09:23","modified_gmt":"2023-05-08T07:09:23","slug":"ziehscheiben","status":"publish","type":"product","link":"https:\/\/www.promostar.it\/de\/prodotto\/ziehscheiben\/","title":{"rendered":"Ziehscheiben"},"content":{"rendered":"<p>[et_pb_section fb_built=&#8220;1&#8243; _builder_version=&#8220;4.17.0&#8243; _module_preset=&#8220;default&#8220; global_colors_info=&#8220;{}&#8220;][\/et_pb_section]<\/p>\n","protected":false},"excerpt":{"rendered":"<p><strong>Ziehscheiben<\/strong> werden f\u00fcr den Kaltwalz-, Zieh- und Streckprozess des Drahtes verwendet.<\/p>\n<p><strong>Ziehscheiben<\/strong> k\u00f6nnen als eine der Hauptkomponenten der Maschine angesehen werden, da sie das Ziehen des Drahtes durch die <a href=\"https:\/\/www.promostar.it\/prodotto\/rolling-cassettes\/\"><u>Walzkassetten<\/u><\/a>, <a href=\"https:\/\/www.promostar.it\/prodotto\/die-drawing-boxes\/\"><u>Ziehmatrizenk\u00e4sten<\/u><\/a> oder <u>Streckplatten<\/u> erm\u00f6glichen, wodurch der Durchmesser verringert, die Riffelung hinzugef\u00fcgt oder die Dehnung erh\u00f6ht wird, um die mechanischen Eigenschaften des Eingangswalzdrahts gem\u00e4\u00df den Marktanforderungen in Bezug auf Zugfestigkeit, Streckgrenze und Enddehnung, normalerweise als Agt bezeichnet, zu verbessern.<\/p>\n<p>Die Endproduktanwendungen sind normalerweise Bewehrungsmatten, B\u00fcgel, K\u00f6rbe und Gittertr\u00e4ger f\u00fcr den Hoch- und Industriebau und die Fundament- und Fertigteilindustrie.<\/p>\n<p>Im Wesentlichen lassen sich drei unterschiedliche Kategorien unterscheiden:<\/p>\n<ul>\n<li>Ziehscheiben mit horizontaler Achse<\/li>\n<li>Ziehscheiben mit vertikaler Achse<\/li>\n<li>Doppelziehscheiben mit vertikaler Achse<\/li>\n<\/ul>\n","protected":false},"featured_media":4174,"template":"","meta":{"_et_pb_use_builder":"on","_et_pb_old_content":"<strong>Ziehscheiben<\/strong> werden f\u00fcr den Kaltwalz-, Zieh- und Streckprozess des Drahtes verwendet.\n\n<strong>Ziehscheiben<\/strong> k\u00f6nnen als eine der Hauptkomponenten der Maschine angesehen werden, da sie das Ziehen des Drahtes durch die <u>Walzkassetten<\/u>, <u>Ziehmatrizenk\u00e4sten<\/u> oder <u>Streckplatten<\/u> erm\u00f6glichen, wodurch der Durchmesser verringert, die Riffelung hinzugef\u00fcgt oder die Dehnung erh\u00f6ht wird, um die mechanischen Eigenschaften des Eingangswalzdrahts gem\u00e4\u00df den Marktanforderungen in Bezug auf Zugfestigkeit, Streckgrenze und Enddehnung, normalerweise als Agt bezeichnet, zu verbessern.\n\nDie Endproduktanwendungen sind normalerweise Bewehrungsmatten, B\u00fcgel, K\u00f6rbe und Gittertr\u00e4ger f\u00fcr den Hoch- und Industriebau und die Fundament- und Fertigteilindustrie.\n\nIm Wesentlichen lassen sich drei unterschiedliche Kategorien unterscheiden:\n<ul>\n \t<li>Ziehscheiben mit horizontaler Achse<\/li>\n \t<li>Ziehscheiben mit vertikaler Achse<\/li>\n \t<li>Doppelziehscheiben mit vertikaler Achse<\/li>\n<\/ul>\nZiehscheiben mit horizontaler oder vertikaler Achse werden in der Kaltwalzdrahtmaschine verwendet, und der Hauptunterschied besteht in der Richtung der Achse der Ziehscheibe und folglich der Rollen. Stattdessen wird die Doppelziehscheibe mit vertikaler Achse in der Drahtstreckmaschine verwendet, der aus zwei mit vertikaler und paralleler Achse montierten Rollen besteht, die den Draht zwingen, einen S-f\u00f6rmigen Pfad auszuf\u00fchren, wodurch vermieden wird, dass der Draht \u00fcberlappt oder gedreht werden kann, was einen zus\u00e4tzlichen Grad an Streckung des Produkts ergibt.\n\nJede Kategorie ist mit einer kompakten Struktur ausgestattet, um die maximale Steifigkeit w\u00e4hrend des Drahtumwandlungsprozesses zu gew\u00e4hrleisten, wobei alle internen Mechanismen durch druckbeaufschlagtes \u00d6l geschmiert werden. Das Ger\u00e4t und seine Elemente sind vollst\u00e4ndig durch Sicherheitsabdeckungen verschlossen.\n\nJedes Modell kann basierend auf der Produktionstabelle unserer Kunden mit verschiedenen Motorgr\u00f6\u00dfen und Getriebel\u00f6sungen ausgestattet werden.\n\nDie Anzahl der Kaltwalzrollen erm\u00f6glicht die erforderliche Reduzierung (doppelte Reduzierung ist auch auf demselben Bullblock m\u00f6glich) und das Entspannen des Drahtes mit einer entsprechenden Rolle. V-f\u00f6rmige Rollen k\u00f6nnen zus\u00e4tzlich zu den vorhandenen Kaltwalzrollen in Maschinen montiert werden, die sowohl f\u00fcr den Drahtherstellungsprozess bestimmt sind: Kaltwalzen als auch Strecken (z. B. wie unsere <a href=\"\/prodotto\/cold-rolling-line-vegastar\/\"><u>Kaltwalzmaschine Typ Vegastar<\/u><\/a><u>)<\/u>.\n\n<strong>Ziehscheiben<\/strong> werden von Promostar in Zusammenarbeit mit unseren Partnern unter Verwendung der neuesten Technologien und der besten auf dem Markt erh\u00e4ltlichen Marken entwickelt und hergestellt.","_et_gb_content_width":""},"product_cat":[193],"product_tag":[97,108,109,120,134],"yoast_head":"<!-- This site is optimized with the Yoast SEO plugin v20.5 - https:\/\/yoast.com\/wordpress\/plugins\/seo\/ -->\n<title>Ziehscheiben | Promostar<\/title>\n<meta name=\"description\" content=\"Ziehscheiben werden f\u00fcr den Kaltwalz-, Zieh- und Streckprozess des Drahtes verwendet.\" \/>\n<meta name=\"robots\" content=\"index, follow, max-snippet:-1, max-image-preview:large, max-video-preview:-1\" \/>\n<link rel=\"canonical\" href=\"https:\/\/www.promostar.it\/de\/prodotto\/ziehscheiben\/\" \/>\n<meta property=\"og:locale\" content=\"de_DE\" \/>\n<meta property=\"og:type\" content=\"article\" \/>\n<meta property=\"og:title\" content=\"Ziehscheiben | Promostar\" \/>\n<meta property=\"og:description\" content=\"Ziehscheiben werden f\u00fcr den Kaltwalz-, Zieh- und Streckprozess des Drahtes verwendet.\" \/>\n<meta property=\"og:url\" content=\"https:\/\/www.promostar.it\/de\/prodotto\/ziehscheiben\/\" \/>\n<meta property=\"og:site_name\" content=\"PromoStar S.r.l.\" \/>\n<meta property=\"article:modified_time\" content=\"2023-05-08T07:09:23+00:00\" \/>\n<meta property=\"og:image\" content=\"https:\/\/www.promostar.it\/wp-content\/uploads\/2022\/04\/Pulling-bull-blocks-2-transparent.jpg\" \/>\n\t<meta property=\"og:image:width\" content=\"1200\" \/>\n\t<meta property=\"og:image:height\" content=\"1200\" \/>\n\t<meta property=\"og:image:type\" content=\"image\/jpeg\" \/>\n<meta name=\"twitter:card\" content=\"summary_large_image\" \/>\n<script type=\"application\/ld+json\" class=\"yoast-schema-graph\">{\"@context\":\"https:\/\/schema.org\",\"@graph\":[{\"@type\":\"WebPage\",\"@id\":\"https:\/\/www.promostar.it\/de\/prodotto\/ziehscheiben\/\",\"url\":\"https:\/\/www.promostar.it\/de\/prodotto\/ziehscheiben\/\",\"name\":\"Ziehscheiben | Promostar\",\"isPartOf\":{\"@id\":\"https:\/\/www.promostar.it\/de\/#website\"},\"datePublished\":\"2022-04-05T08:31:02+00:00\",\"dateModified\":\"2023-05-08T07:09:23+00:00\",\"description\":\"Ziehscheiben werden f\u00fcr den Kaltwalz-, Zieh- und Streckprozess des Drahtes verwendet.\",\"breadcrumb\":{\"@id\":\"https:\/\/www.promostar.it\/de\/prodotto\/ziehscheiben\/#breadcrumb\"},\"inLanguage\":\"de-DE\",\"potentialAction\":[{\"@type\":\"ReadAction\",\"target\":[\"https:\/\/www.promostar.it\/de\/prodotto\/ziehscheiben\/\"]}]},{\"@type\":\"BreadcrumbList\",\"@id\":\"https:\/\/www.promostar.it\/de\/prodotto\/ziehscheiben\/#breadcrumb\",\"itemListElement\":[{\"@type\":\"ListItem\",\"position\":1,\"name\":\"Home\",\"item\":\"https:\/\/www.promostar.it\/de\/home-2\/\"},{\"@type\":\"ListItem\",\"position\":2,\"name\":\"Produkte\",\"item\":\"https:\/\/www.promostar.it\/de\/shop\/\"},{\"@type\":\"ListItem\",\"position\":3,\"name\":\"Ziehscheiben\"}]},{\"@type\":\"WebSite\",\"@id\":\"https:\/\/www.promostar.it\/de\/#website\",\"url\":\"https:\/\/www.promostar.it\/de\/\",\"name\":\"PromoStar S.r.l.\",\"description\":\"Promostar \u00e8 l\u2019azienda leader e la prima ad introdurre il processo di stiratura\",\"publisher\":{\"@id\":\"https:\/\/www.promostar.it\/de\/#organization\"},\"potentialAction\":[{\"@type\":\"SearchAction\",\"target\":{\"@type\":\"EntryPoint\",\"urlTemplate\":\"https:\/\/www.promostar.it\/de\/?s={search_term_string}\"},\"query-input\":\"required name=search_term_string\"}],\"inLanguage\":\"de-DE\"},{\"@type\":\"Organization\",\"@id\":\"https:\/\/www.promostar.it\/de\/#organization\",\"name\":\"Promostar\",\"url\":\"https:\/\/www.promostar.it\/de\/\",\"logo\":{\"@type\":\"ImageObject\",\"inLanguage\":\"de-DE\",\"@id\":\"https:\/\/www.promostar.it\/de\/#\/schema\/logo\/image\/\",\"url\":\"https:\/\/www.promostar.it\/wp-content\/uploads\/2020\/10\/promostar-logo.png\",\"contentUrl\":\"https:\/\/www.promostar.it\/wp-content\/uploads\/2020\/10\/promostar-logo.png\",\"width\":210,\"height\":69,\"caption\":\"Promostar\"},\"image\":{\"@id\":\"https:\/\/www.promostar.it\/de\/#\/schema\/logo\/image\/\"}}]}<\/script>\n<!-- \/ Yoast SEO plugin. -->","yoast_head_json":{"title":"Ziehscheiben | Promostar","description":"Ziehscheiben werden f\u00fcr den Kaltwalz-, Zieh- und Streckprozess des Drahtes verwendet.","robots":{"index":"index","follow":"follow","max-snippet":"max-snippet:-1","max-image-preview":"max-image-preview:large","max-video-preview":"max-video-preview:-1"},"canonical":"https:\/\/www.promostar.it\/de\/prodotto\/ziehscheiben\/","og_locale":"de_DE","og_type":"article","og_title":"Ziehscheiben | Promostar","og_description":"Ziehscheiben werden f\u00fcr den Kaltwalz-, Zieh- und Streckprozess des Drahtes verwendet.","og_url":"https:\/\/www.promostar.it\/de\/prodotto\/ziehscheiben\/","og_site_name":"PromoStar S.r.l.","article_modified_time":"2023-05-08T07:09:23+00:00","og_image":[{"width":1200,"height":1200,"url":"https:\/\/www.promostar.it\/wp-content\/uploads\/2022\/04\/Pulling-bull-blocks-2-transparent.jpg","type":"image\/jpeg"}],"twitter_card":"summary_large_image","schema":{"@context":"https:\/\/schema.org","@graph":[{"@type":"WebPage","@id":"https:\/\/www.promostar.it\/de\/prodotto\/ziehscheiben\/","url":"https:\/\/www.promostar.it\/de\/prodotto\/ziehscheiben\/","name":"Ziehscheiben | Promostar","isPartOf":{"@id":"https:\/\/www.promostar.it\/de\/#website"},"datePublished":"2022-04-05T08:31:02+00:00","dateModified":"2023-05-08T07:09:23+00:00","description":"Ziehscheiben werden f\u00fcr den Kaltwalz-, Zieh- und Streckprozess des Drahtes verwendet.","breadcrumb":{"@id":"https:\/\/www.promostar.it\/de\/prodotto\/ziehscheiben\/#breadcrumb"},"inLanguage":"de-DE","potentialAction":[{"@type":"ReadAction","target":["https:\/\/www.promostar.it\/de\/prodotto\/ziehscheiben\/"]}]},{"@type":"BreadcrumbList","@id":"https:\/\/www.promostar.it\/de\/prodotto\/ziehscheiben\/#breadcrumb","itemListElement":[{"@type":"ListItem","position":1,"name":"Home","item":"https:\/\/www.promostar.it\/de\/home-2\/"},{"@type":"ListItem","position":2,"name":"Produkte","item":"https:\/\/www.promostar.it\/de\/shop\/"},{"@type":"ListItem","position":3,"name":"Ziehscheiben"}]},{"@type":"WebSite","@id":"https:\/\/www.promostar.it\/de\/#website","url":"https:\/\/www.promostar.it\/de\/","name":"PromoStar S.r.l.","description":"Promostar \u00e8 l\u2019azienda leader e la prima ad introdurre il processo di stiratura","publisher":{"@id":"https:\/\/www.promostar.it\/de\/#organization"},"potentialAction":[{"@type":"SearchAction","target":{"@type":"EntryPoint","urlTemplate":"https:\/\/www.promostar.it\/de\/?s={search_term_string}"},"query-input":"required name=search_term_string"}],"inLanguage":"de-DE"},{"@type":"Organization","@id":"https:\/\/www.promostar.it\/de\/#organization","name":"Promostar","url":"https:\/\/www.promostar.it\/de\/","logo":{"@type":"ImageObject","inLanguage":"de-DE","@id":"https:\/\/www.promostar.it\/de\/#\/schema\/logo\/image\/","url":"https:\/\/www.promostar.it\/wp-content\/uploads\/2020\/10\/promostar-logo.png","contentUrl":"https:\/\/www.promostar.it\/wp-content\/uploads\/2020\/10\/promostar-logo.png","width":210,"height":69,"caption":"Promostar"},"image":{"@id":"https:\/\/www.promostar.it\/de\/#\/schema\/logo\/image\/"}}]}},"_links":{"self":[{"href":"https:\/\/www.promostar.it\/de\/wp-json\/wp\/v3\/product\/5880"}],"collection":[{"href":"https:\/\/www.promostar.it\/de\/wp-json\/wp\/v3\/product"}],"about":[{"href":"https:\/\/www.promostar.it\/de\/wp-json\/wp\/v2\/types\/product"}],"wp:featuredmedia":[{"embeddable":true,"href":"https:\/\/www.promostar.it\/de\/wp-json\/wp\/v2\/media\/4174"}],"wp:attachment":[{"href":"https:\/\/www.promostar.it\/de\/wp-json\/wp\/v2\/media?parent=5880"}],"wp:term":[{"taxonomy":"product_cat","embeddable":true,"href":"https:\/\/www.promostar.it\/de\/wp-json\/wp\/v2\/product_cat?post=5880"},{"taxonomy":"product_tag","embeddable":true,"href":"https:\/\/www.promostar.it\/de\/wp-json\/wp\/v2\/product_tag?post=5880"}],"curies":[{"name":"wp","href":"https:\/\/api.w.org\/{rel}","templated":true}]}}