{"id":5879,"date":"2022-04-05T10:47:10","date_gmt":"2022-04-05T08:47:10","guid":{"rendered":"https:\/\/www.promostar.it\/prodotto\/span-und-staubsammelsysteme\/"},"modified":"2023-05-08T09:02:18","modified_gmt":"2023-05-08T07:02:18","slug":"span-und-staubsammelsysteme","status":"publish","type":"product","link":"https:\/\/www.promostar.it\/de\/prodotto\/span-und-staubsammelsysteme\/","title":{"rendered":"Span- und Staubsammelsysteme"},"content":{"rendered":"<p>[et_pb_section fb_built=&#8220;1&#8243; _builder_version=&#8220;4.17.0&#8243; _module_preset=&#8220;default&#8220; global_colors_info=&#8220;{}&#8220;][\/et_pb_section]<\/p>\n","protected":false},"excerpt":{"rendered":"<p><strong>Span- und Staubsammelsysteme<\/strong> werden an Zieh-, Kaltwalz- und Streckmaschinen verwendet, um den schweren Galmei zu sammeln, der sich normalerweise w\u00e4hrend des Betriebs ansammelt, und ihn in einen speziellen Beh\u00e4lter oder Container zu transportieren \/ zu entladen.<\/p>\n<p><strong>Span- und Staubsammelsysteme<\/strong> werden entsprechend dem spezifischen Installationslayout der Maschinen und des Kundenunternehmens entwickelt und geplant.<\/p>\n<p>Haupts\u00e4chlich k\u00f6nnen zwei verschiedene Kategorien unterschieden werden: eine f\u00fcr den schweren Staub und eine f\u00fcr den leichten Staub.<\/p>\n<p>Mechanische Kettenf\u00f6rderer geh\u00f6ren zum ersten Typ und werden unterhalb des Maschinenhauptk\u00f6rpers und unterhalb des Abwickelbereichs installiert. Diese Ger\u00e4te k\u00f6nnen den Galmei und den schweren Staub sammeln, die w\u00e4hrend der Produktion durch die Schwerkraft vom Draht herunterfallen. Eine oder mehrere Linien (nebeneinander installiert) k\u00f6nnen von einem integrierten System bedient werden, das sich einen einzigen Entladepunkt teilt.<\/p>\n","protected":false},"featured_media":4183,"template":"","meta":{"_et_pb_use_builder":"on","_et_pb_old_content":"<strong>Span- und Staubsammelsysteme<\/strong> werden an Zieh-, Kaltwalz- und Streckmaschinen verwendet, um den schweren Galmei zu sammeln, der sich normalerweise w\u00e4hrend des Betriebs ansammelt, und ihn in einen speziellen Beh\u00e4lter oder Container zu transportieren \/ zu entladen.\n\n<strong>Span- und Staubsammelsysteme<\/strong> werden entsprechend dem spezifischen Installationslayout der Maschinen und des Kundenunternehmens entwickelt und geplant.\n\nHaupts\u00e4chlich k\u00f6nnen zwei verschiedene Kategorien unterschieden werden: eine f\u00fcr den schweren Staub und eine f\u00fcr den leichten Staub.\n\nMechanische Kettenf\u00f6rderer geh\u00f6ren zum ersten Typ und werden unterhalb des Maschinenhauptk\u00f6rpers und unterhalb des Abwickelbereichs installiert. Diese Ger\u00e4te k\u00f6nnen den Galmei und den schweren Staub sammeln, die w\u00e4hrend der Produktion durch die Schwerkraft vom Draht herunterfallen. Eine oder mehrere Linien (nebeneinander installiert) k\u00f6nnen von einem integrierten System bedient werden, das sich einen einzigen Entladepunkt teilt.\n\nDie zweite Kategorie umfasst die Vorrichtung zur Entfernung von leichtem Staub: Da die Promostar-Maschinenk\u00f6rper vollst\u00e4ndig durch Schutzvorrichtungen geschlossen sind, erm\u00f6glichen sie die Installation eines Staubabsaug- und Filtersystems, das in der Lage ist, den w\u00e4hrend der Drahtherstellung erzeugten leichten Staub aufzufangen. Wir k\u00f6nnen spezielle Ger\u00e4te liefern, die nicht nur das Innere der Maschine sauber halten, sondern auch den Schmiermittelverbrauch optimieren, wenn sie in Kombination mit unserer Seifenzugabeeinheit verwendet werden.","_et_gb_content_width":""},"product_cat":[193],"product_tag":[97,102,108,109,116,120,123,124,131,134,140],"yoast_head":"<!-- This site is optimized with the Yoast SEO plugin v20.5 - https:\/\/yoast.com\/wordpress\/plugins\/seo\/ -->\n<title>Span- und Staubsammelsysteme | Promostar<\/title>\n<meta name=\"description\" content=\"Span- und Staubsammelsysteme werden an Zieh-, Kaltwalz- und Streckmaschinen verwendet, um den schweren Galmei zu sammeln\" \/>\n<meta name=\"robots\" content=\"index, follow, max-snippet:-1, max-image-preview:large, max-video-preview:-1\" \/>\n<link rel=\"canonical\" href=\"https:\/\/www.promostar.it\/de\/prodotto\/span-und-staubsammelsysteme\/\" \/>\n<meta property=\"og:locale\" content=\"de_DE\" \/>\n<meta property=\"og:type\" content=\"article\" \/>\n<meta property=\"og:title\" content=\"Span- und Staubsammelsysteme | Promostar\" \/>\n<meta property=\"og:description\" content=\"Span- und Staubsammelsysteme werden an Zieh-, Kaltwalz- und Streckmaschinen verwendet, um den schweren Galmei zu sammeln\" \/>\n<meta property=\"og:url\" content=\"https:\/\/www.promostar.it\/de\/prodotto\/span-und-staubsammelsysteme\/\" \/>\n<meta property=\"og:site_name\" content=\"PromoStar S.r.l.\" \/>\n<meta property=\"article:modified_time\" content=\"2023-05-08T07:02:18+00:00\" \/>\n<meta property=\"og:image\" content=\"https:\/\/www.promostar.it\/wp-content\/uploads\/2022\/04\/Scale-and-dust-evacuation-systems-1-1-scaled.jpg\" \/>\n\t<meta property=\"og:image:width\" content=\"2471\" \/>\n\t<meta property=\"og:image:height\" content=\"2560\" \/>\n\t<meta property=\"og:image:type\" content=\"image\/jpeg\" \/>\n<meta name=\"twitter:card\" content=\"summary_large_image\" \/>\n<script type=\"application\/ld+json\" class=\"yoast-schema-graph\">{\"@context\":\"https:\/\/schema.org\",\"@graph\":[{\"@type\":\"WebPage\",\"@id\":\"https:\/\/www.promostar.it\/de\/prodotto\/span-und-staubsammelsysteme\/\",\"url\":\"https:\/\/www.promostar.it\/de\/prodotto\/span-und-staubsammelsysteme\/\",\"name\":\"Span- und Staubsammelsysteme | Promostar\",\"isPartOf\":{\"@id\":\"https:\/\/www.promostar.it\/de\/#website\"},\"datePublished\":\"2022-04-05T08:47:10+00:00\",\"dateModified\":\"2023-05-08T07:02:18+00:00\",\"description\":\"Span- und Staubsammelsysteme werden an Zieh-, Kaltwalz- und Streckmaschinen verwendet, um den schweren Galmei zu sammeln\",\"breadcrumb\":{\"@id\":\"https:\/\/www.promostar.it\/de\/prodotto\/span-und-staubsammelsysteme\/#breadcrumb\"},\"inLanguage\":\"de-DE\",\"potentialAction\":[{\"@type\":\"ReadAction\",\"target\":[\"https:\/\/www.promostar.it\/de\/prodotto\/span-und-staubsammelsysteme\/\"]}]},{\"@type\":\"BreadcrumbList\",\"@id\":\"https:\/\/www.promostar.it\/de\/prodotto\/span-und-staubsammelsysteme\/#breadcrumb\",\"itemListElement\":[{\"@type\":\"ListItem\",\"position\":1,\"name\":\"Home\",\"item\":\"https:\/\/www.promostar.it\/de\/home-2\/\"},{\"@type\":\"ListItem\",\"position\":2,\"name\":\"Produkte\",\"item\":\"https:\/\/www.promostar.it\/de\/shop\/\"},{\"@type\":\"ListItem\",\"position\":3,\"name\":\"Span- und Staubsammelsysteme\"}]},{\"@type\":\"WebSite\",\"@id\":\"https:\/\/www.promostar.it\/de\/#website\",\"url\":\"https:\/\/www.promostar.it\/de\/\",\"name\":\"PromoStar S.r.l.\",\"description\":\"Promostar \u00e8 l\u2019azienda leader e la prima ad introdurre il processo di stiratura\",\"publisher\":{\"@id\":\"https:\/\/www.promostar.it\/de\/#organization\"},\"potentialAction\":[{\"@type\":\"SearchAction\",\"target\":{\"@type\":\"EntryPoint\",\"urlTemplate\":\"https:\/\/www.promostar.it\/de\/?s={search_term_string}\"},\"query-input\":\"required name=search_term_string\"}],\"inLanguage\":\"de-DE\"},{\"@type\":\"Organization\",\"@id\":\"https:\/\/www.promostar.it\/de\/#organization\",\"name\":\"Promostar\",\"url\":\"https:\/\/www.promostar.it\/de\/\",\"logo\":{\"@type\":\"ImageObject\",\"inLanguage\":\"de-DE\",\"@id\":\"https:\/\/www.promostar.it\/de\/#\/schema\/logo\/image\/\",\"url\":\"https:\/\/www.promostar.it\/wp-content\/uploads\/2020\/10\/promostar-logo.png\",\"contentUrl\":\"https:\/\/www.promostar.it\/wp-content\/uploads\/2020\/10\/promostar-logo.png\",\"width\":210,\"height\":69,\"caption\":\"Promostar\"},\"image\":{\"@id\":\"https:\/\/www.promostar.it\/de\/#\/schema\/logo\/image\/\"}}]}<\/script>\n<!-- \/ Yoast SEO plugin. -->","yoast_head_json":{"title":"Span- und Staubsammelsysteme | Promostar","description":"Span- und Staubsammelsysteme werden an Zieh-, Kaltwalz- und Streckmaschinen verwendet, um den schweren Galmei zu sammeln","robots":{"index":"index","follow":"follow","max-snippet":"max-snippet:-1","max-image-preview":"max-image-preview:large","max-video-preview":"max-video-preview:-1"},"canonical":"https:\/\/www.promostar.it\/de\/prodotto\/span-und-staubsammelsysteme\/","og_locale":"de_DE","og_type":"article","og_title":"Span- und Staubsammelsysteme | Promostar","og_description":"Span- und Staubsammelsysteme werden an Zieh-, Kaltwalz- und Streckmaschinen verwendet, um den schweren Galmei zu sammeln","og_url":"https:\/\/www.promostar.it\/de\/prodotto\/span-und-staubsammelsysteme\/","og_site_name":"PromoStar S.r.l.","article_modified_time":"2023-05-08T07:02:18+00:00","og_image":[{"width":2471,"height":2560,"url":"https:\/\/www.promostar.it\/wp-content\/uploads\/2022\/04\/Scale-and-dust-evacuation-systems-1-1-scaled.jpg","type":"image\/jpeg"}],"twitter_card":"summary_large_image","schema":{"@context":"https:\/\/schema.org","@graph":[{"@type":"WebPage","@id":"https:\/\/www.promostar.it\/de\/prodotto\/span-und-staubsammelsysteme\/","url":"https:\/\/www.promostar.it\/de\/prodotto\/span-und-staubsammelsysteme\/","name":"Span- und Staubsammelsysteme | Promostar","isPartOf":{"@id":"https:\/\/www.promostar.it\/de\/#website"},"datePublished":"2022-04-05T08:47:10+00:00","dateModified":"2023-05-08T07:02:18+00:00","description":"Span- und Staubsammelsysteme werden an Zieh-, Kaltwalz- und Streckmaschinen verwendet, um den schweren Galmei zu sammeln","breadcrumb":{"@id":"https:\/\/www.promostar.it\/de\/prodotto\/span-und-staubsammelsysteme\/#breadcrumb"},"inLanguage":"de-DE","potentialAction":[{"@type":"ReadAction","target":["https:\/\/www.promostar.it\/de\/prodotto\/span-und-staubsammelsysteme\/"]}]},{"@type":"BreadcrumbList","@id":"https:\/\/www.promostar.it\/de\/prodotto\/span-und-staubsammelsysteme\/#breadcrumb","itemListElement":[{"@type":"ListItem","position":1,"name":"Home","item":"https:\/\/www.promostar.it\/de\/home-2\/"},{"@type":"ListItem","position":2,"name":"Produkte","item":"https:\/\/www.promostar.it\/de\/shop\/"},{"@type":"ListItem","position":3,"name":"Span- und Staubsammelsysteme"}]},{"@type":"WebSite","@id":"https:\/\/www.promostar.it\/de\/#website","url":"https:\/\/www.promostar.it\/de\/","name":"PromoStar S.r.l.","description":"Promostar \u00e8 l\u2019azienda leader e la prima ad introdurre il processo di stiratura","publisher":{"@id":"https:\/\/www.promostar.it\/de\/#organization"},"potentialAction":[{"@type":"SearchAction","target":{"@type":"EntryPoint","urlTemplate":"https:\/\/www.promostar.it\/de\/?s={search_term_string}"},"query-input":"required name=search_term_string"}],"inLanguage":"de-DE"},{"@type":"Organization","@id":"https:\/\/www.promostar.it\/de\/#organization","name":"Promostar","url":"https:\/\/www.promostar.it\/de\/","logo":{"@type":"ImageObject","inLanguage":"de-DE","@id":"https:\/\/www.promostar.it\/de\/#\/schema\/logo\/image\/","url":"https:\/\/www.promostar.it\/wp-content\/uploads\/2020\/10\/promostar-logo.png","contentUrl":"https:\/\/www.promostar.it\/wp-content\/uploads\/2020\/10\/promostar-logo.png","width":210,"height":69,"caption":"Promostar"},"image":{"@id":"https:\/\/www.promostar.it\/de\/#\/schema\/logo\/image\/"}}]}},"_links":{"self":[{"href":"https:\/\/www.promostar.it\/de\/wp-json\/wp\/v3\/product\/5879"}],"collection":[{"href":"https:\/\/www.promostar.it\/de\/wp-json\/wp\/v3\/product"}],"about":[{"href":"https:\/\/www.promostar.it\/de\/wp-json\/wp\/v2\/types\/product"}],"wp:featuredmedia":[{"embeddable":true,"href":"https:\/\/www.promostar.it\/de\/wp-json\/wp\/v2\/media\/4183"}],"wp:attachment":[{"href":"https:\/\/www.promostar.it\/de\/wp-json\/wp\/v2\/media?parent=5879"}],"wp:term":[{"taxonomy":"product_cat","embeddable":true,"href":"https:\/\/www.promostar.it\/de\/wp-json\/wp\/v2\/product_cat?post=5879"},{"taxonomy":"product_tag","embeddable":true,"href":"https:\/\/www.promostar.it\/de\/wp-json\/wp\/v2\/product_tag?post=5879"}],"curies":[{"name":"wp","href":"https:\/\/api.w.org\/{rel}","templated":true}]}}