{"id":5878,"date":"2022-04-05T10:52:24","date_gmt":"2022-04-05T08:52:24","guid":{"rendered":"https:\/\/www.promostar.it\/prodotto\/drahthaspeln-drahttrager\/"},"modified":"2023-05-05T16:40:55","modified_gmt":"2023-05-05T14:40:55","slug":"drahthaspeln-drahttrager","status":"publish","type":"product","link":"https:\/\/www.promostar.it\/de\/prodotto\/drahthaspeln-drahttrager\/","title":{"rendered":"Drahthaspeln (Drahttr\u00e4ger)"},"content":{"rendered":"<p>[et_pb_section fb_built=&#8220;1&#8243; _builder_version=&#8220;4.17.0&#8243; _module_preset=&#8220;default&#8220; global_colors_info=&#8220;{}&#8220;][\/et_pb_section]<\/p>\n","protected":false},"excerpt":{"rendered":"<p><strong>Drahthaspeln (Drahttr\u00e4ger)<\/strong> werden verwendet, um den Draht nach dem Ziehprozess auf der Multipass-Ziehmaschine f\u00fcr die Herstellung von Drahtspulen zu sammeln.<\/p>\n<p><strong>Drahthaspeln (Drahttr\u00e4ger)<\/strong> k\u00f6nnen auf verschiedene Arten von statischen Wicklern passen &#8211; Dead-Block, mit unterschiedlichen Abmessungen und Tragf\u00e4higkeiten.<\/p>\n<p>Diese Spulen werden verwendet, um andere Maschinen f\u00fcr interne Drahtumwandlungsprozesse zu beschicken, wie zum Beispiel Gitterlinien, Richtmaschinen, Ketten-, Feder- und Nagelmaschinen.<\/p>\n<p>Die Endproduktanwendungen sind normalerweise gegl\u00fchter Draht, Zaungitter, Federdraht, N\u00e4gel, verzinkter Draht f\u00fcr den industriellen und landwirtschaftlichen Markt.<\/p>\n","protected":false},"featured_media":4186,"template":"","meta":{"_et_pb_use_builder":"on","_et_pb_old_content":"<strong>Drahthaspeln (Drahttr\u00e4ger)<\/strong> werden verwendet, um den Draht nach dem Ziehprozess auf der Multipass-Ziehmaschine f\u00fcr die Herstellung von Drahtspulen zu sammeln.\n\n<strong>Drahthaspeln (Drahttr\u00e4ger)<\/strong> k\u00f6nnen auf verschiedene Arten von statischen Wicklern passen - Dead-Block, mit unterschiedlichen Abmessungen und Tragf\u00e4higkeiten.\n\nDiese Spulen werden verwendet, um andere Maschinen f\u00fcr interne Drahtumwandlungsprozesse zu beschicken, wie zum Beispiel Gitterlinien, Richtmaschinen, Ketten-, Feder- und Nagelmaschinen.\n\nDie Endproduktanwendungen sind normalerweise gegl\u00fchter Draht, Zaungitter, Federdraht, N\u00e4gel, verzinkter Draht f\u00fcr den industriellen und landwirtschaftlichen Markt.","_et_gb_content_width":""},"product_cat":[193],"product_tag":[123,124],"yoast_head":"<!-- This site is optimized with the Yoast SEO plugin v20.5 - https:\/\/yoast.com\/wordpress\/plugins\/seo\/ -->\n<title>Drahthaspeln (Drahttr\u00e4ger) | Promostar<\/title>\n<meta name=\"description\" content=\"Drahthaspeln (Drahttr\u00e4ger) werden verwendet, um den Draht nach dem Ziehprozess auf der Multipass-Ziehmaschine f\u00fcr die Herstellung von Drahtspulen zu sammeln.\" \/>\n<meta name=\"robots\" content=\"index, follow, max-snippet:-1, max-image-preview:large, max-video-preview:-1\" \/>\n<link rel=\"canonical\" href=\"https:\/\/www.promostar.it\/de\/prodotto\/drahthaspeln-drahttrager\/\" \/>\n<meta property=\"og:locale\" content=\"de_DE\" \/>\n<meta property=\"og:type\" content=\"article\" \/>\n<meta property=\"og:title\" content=\"Drahthaspeln (Drahttr\u00e4ger) | Promostar\" \/>\n<meta property=\"og:description\" content=\"Drahthaspeln (Drahttr\u00e4ger) werden verwendet, um den Draht nach dem Ziehprozess auf der Multipass-Ziehmaschine f\u00fcr die Herstellung von Drahtspulen zu sammeln.\" \/>\n<meta property=\"og:url\" content=\"https:\/\/www.promostar.it\/de\/prodotto\/drahthaspeln-drahttrager\/\" \/>\n<meta property=\"og:site_name\" content=\"PromoStar S.r.l.\" \/>\n<meta property=\"article:modified_time\" content=\"2023-05-05T14:40:55+00:00\" \/>\n<meta property=\"og:image\" content=\"https:\/\/www.promostar.it\/wp-content\/uploads\/2022\/04\/Spider-reels-1-transaparent.jpg\" \/>\n\t<meta property=\"og:image:width\" content=\"1200\" \/>\n\t<meta property=\"og:image:height\" content=\"1200\" \/>\n\t<meta property=\"og:image:type\" content=\"image\/jpeg\" \/>\n<meta name=\"twitter:card\" content=\"summary_large_image\" \/>\n<script type=\"application\/ld+json\" class=\"yoast-schema-graph\">{\"@context\":\"https:\/\/schema.org\",\"@graph\":[{\"@type\":\"WebPage\",\"@id\":\"https:\/\/www.promostar.it\/de\/prodotto\/drahthaspeln-drahttrager\/\",\"url\":\"https:\/\/www.promostar.it\/de\/prodotto\/drahthaspeln-drahttrager\/\",\"name\":\"Drahthaspeln (Drahttr\u00e4ger) | Promostar\",\"isPartOf\":{\"@id\":\"https:\/\/www.promostar.it\/de\/#website\"},\"datePublished\":\"2022-04-05T08:52:24+00:00\",\"dateModified\":\"2023-05-05T14:40:55+00:00\",\"description\":\"Drahthaspeln (Drahttr\u00e4ger) werden verwendet, um den Draht nach dem Ziehprozess auf der Multipass-Ziehmaschine f\u00fcr die Herstellung von Drahtspulen zu sammeln.\",\"breadcrumb\":{\"@id\":\"https:\/\/www.promostar.it\/de\/prodotto\/drahthaspeln-drahttrager\/#breadcrumb\"},\"inLanguage\":\"de-DE\",\"potentialAction\":[{\"@type\":\"ReadAction\",\"target\":[\"https:\/\/www.promostar.it\/de\/prodotto\/drahthaspeln-drahttrager\/\"]}]},{\"@type\":\"BreadcrumbList\",\"@id\":\"https:\/\/www.promostar.it\/de\/prodotto\/drahthaspeln-drahttrager\/#breadcrumb\",\"itemListElement\":[{\"@type\":\"ListItem\",\"position\":1,\"name\":\"Home\",\"item\":\"https:\/\/www.promostar.it\/de\/home-2\/\"},{\"@type\":\"ListItem\",\"position\":2,\"name\":\"Produkte\",\"item\":\"https:\/\/www.promostar.it\/de\/shop\/\"},{\"@type\":\"ListItem\",\"position\":3,\"name\":\"Drahthaspeln (Drahttr\u00e4ger)\"}]},{\"@type\":\"WebSite\",\"@id\":\"https:\/\/www.promostar.it\/de\/#website\",\"url\":\"https:\/\/www.promostar.it\/de\/\",\"name\":\"PromoStar S.r.l.\",\"description\":\"Promostar \u00e8 l\u2019azienda leader e la prima ad introdurre il processo di stiratura\",\"publisher\":{\"@id\":\"https:\/\/www.promostar.it\/de\/#organization\"},\"potentialAction\":[{\"@type\":\"SearchAction\",\"target\":{\"@type\":\"EntryPoint\",\"urlTemplate\":\"https:\/\/www.promostar.it\/de\/?s={search_term_string}\"},\"query-input\":\"required name=search_term_string\"}],\"inLanguage\":\"de-DE\"},{\"@type\":\"Organization\",\"@id\":\"https:\/\/www.promostar.it\/de\/#organization\",\"name\":\"Promostar\",\"url\":\"https:\/\/www.promostar.it\/de\/\",\"logo\":{\"@type\":\"ImageObject\",\"inLanguage\":\"de-DE\",\"@id\":\"https:\/\/www.promostar.it\/de\/#\/schema\/logo\/image\/\",\"url\":\"https:\/\/www.promostar.it\/wp-content\/uploads\/2020\/10\/promostar-logo.png\",\"contentUrl\":\"https:\/\/www.promostar.it\/wp-content\/uploads\/2020\/10\/promostar-logo.png\",\"width\":210,\"height\":69,\"caption\":\"Promostar\"},\"image\":{\"@id\":\"https:\/\/www.promostar.it\/de\/#\/schema\/logo\/image\/\"}}]}<\/script>\n<!-- \/ Yoast SEO plugin. -->","yoast_head_json":{"title":"Drahthaspeln (Drahttr\u00e4ger) | Promostar","description":"Drahthaspeln (Drahttr\u00e4ger) werden verwendet, um den Draht nach dem Ziehprozess auf der Multipass-Ziehmaschine f\u00fcr die Herstellung von Drahtspulen zu sammeln.","robots":{"index":"index","follow":"follow","max-snippet":"max-snippet:-1","max-image-preview":"max-image-preview:large","max-video-preview":"max-video-preview:-1"},"canonical":"https:\/\/www.promostar.it\/de\/prodotto\/drahthaspeln-drahttrager\/","og_locale":"de_DE","og_type":"article","og_title":"Drahthaspeln (Drahttr\u00e4ger) | Promostar","og_description":"Drahthaspeln (Drahttr\u00e4ger) werden verwendet, um den Draht nach dem Ziehprozess auf der Multipass-Ziehmaschine f\u00fcr die Herstellung von Drahtspulen zu sammeln.","og_url":"https:\/\/www.promostar.it\/de\/prodotto\/drahthaspeln-drahttrager\/","og_site_name":"PromoStar S.r.l.","article_modified_time":"2023-05-05T14:40:55+00:00","og_image":[{"width":1200,"height":1200,"url":"https:\/\/www.promostar.it\/wp-content\/uploads\/2022\/04\/Spider-reels-1-transaparent.jpg","type":"image\/jpeg"}],"twitter_card":"summary_large_image","schema":{"@context":"https:\/\/schema.org","@graph":[{"@type":"WebPage","@id":"https:\/\/www.promostar.it\/de\/prodotto\/drahthaspeln-drahttrager\/","url":"https:\/\/www.promostar.it\/de\/prodotto\/drahthaspeln-drahttrager\/","name":"Drahthaspeln (Drahttr\u00e4ger) | Promostar","isPartOf":{"@id":"https:\/\/www.promostar.it\/de\/#website"},"datePublished":"2022-04-05T08:52:24+00:00","dateModified":"2023-05-05T14:40:55+00:00","description":"Drahthaspeln (Drahttr\u00e4ger) werden verwendet, um den Draht nach dem Ziehprozess auf der Multipass-Ziehmaschine f\u00fcr die Herstellung von Drahtspulen zu sammeln.","breadcrumb":{"@id":"https:\/\/www.promostar.it\/de\/prodotto\/drahthaspeln-drahttrager\/#breadcrumb"},"inLanguage":"de-DE","potentialAction":[{"@type":"ReadAction","target":["https:\/\/www.promostar.it\/de\/prodotto\/drahthaspeln-drahttrager\/"]}]},{"@type":"BreadcrumbList","@id":"https:\/\/www.promostar.it\/de\/prodotto\/drahthaspeln-drahttrager\/#breadcrumb","itemListElement":[{"@type":"ListItem","position":1,"name":"Home","item":"https:\/\/www.promostar.it\/de\/home-2\/"},{"@type":"ListItem","position":2,"name":"Produkte","item":"https:\/\/www.promostar.it\/de\/shop\/"},{"@type":"ListItem","position":3,"name":"Drahthaspeln (Drahttr\u00e4ger)"}]},{"@type":"WebSite","@id":"https:\/\/www.promostar.it\/de\/#website","url":"https:\/\/www.promostar.it\/de\/","name":"PromoStar S.r.l.","description":"Promostar \u00e8 l\u2019azienda leader e la prima ad introdurre il processo di stiratura","publisher":{"@id":"https:\/\/www.promostar.it\/de\/#organization"},"potentialAction":[{"@type":"SearchAction","target":{"@type":"EntryPoint","urlTemplate":"https:\/\/www.promostar.it\/de\/?s={search_term_string}"},"query-input":"required name=search_term_string"}],"inLanguage":"de-DE"},{"@type":"Organization","@id":"https:\/\/www.promostar.it\/de\/#organization","name":"Promostar","url":"https:\/\/www.promostar.it\/de\/","logo":{"@type":"ImageObject","inLanguage":"de-DE","@id":"https:\/\/www.promostar.it\/de\/#\/schema\/logo\/image\/","url":"https:\/\/www.promostar.it\/wp-content\/uploads\/2020\/10\/promostar-logo.png","contentUrl":"https:\/\/www.promostar.it\/wp-content\/uploads\/2020\/10\/promostar-logo.png","width":210,"height":69,"caption":"Promostar"},"image":{"@id":"https:\/\/www.promostar.it\/de\/#\/schema\/logo\/image\/"}}]}},"_links":{"self":[{"href":"https:\/\/www.promostar.it\/de\/wp-json\/wp\/v3\/product\/5878"}],"collection":[{"href":"https:\/\/www.promostar.it\/de\/wp-json\/wp\/v3\/product"}],"about":[{"href":"https:\/\/www.promostar.it\/de\/wp-json\/wp\/v2\/types\/product"}],"wp:featuredmedia":[{"embeddable":true,"href":"https:\/\/www.promostar.it\/de\/wp-json\/wp\/v2\/media\/4186"}],"wp:attachment":[{"href":"https:\/\/www.promostar.it\/de\/wp-json\/wp\/v2\/media?parent=5878"}],"wp:term":[{"taxonomy":"product_cat","embeddable":true,"href":"https:\/\/www.promostar.it\/de\/wp-json\/wp\/v2\/product_cat?post=5878"},{"taxonomy":"product_tag","embeddable":true,"href":"https:\/\/www.promostar.it\/de\/wp-json\/wp\/v2\/product_tag?post=5878"}],"curies":[{"name":"wp","href":"https:\/\/api.w.org\/{rel}","templated":true}]}}