{"id":5877,"date":"2022-04-05T10:58:37","date_gmt":"2022-04-05T08:58:37","guid":{"rendered":"https:\/\/www.promostar.it\/prodotto\/streckkit\/"},"modified":"2023-05-05T16:37:43","modified_gmt":"2023-05-05T14:37:43","slug":"streckkit","status":"publish","type":"product","link":"https:\/\/www.promostar.it\/de\/prodotto\/streckkit\/","title":{"rendered":"Streckkit"},"content":{"rendered":"<p>[et_pb_section fb_built=&#8220;1&#8243; _builder_version=&#8220;4.17.0&#8243; _module_preset=&#8220;default&#8220; global_colors_info=&#8220;{}&#8220;][\/et_pb_section]<\/p>\n","protected":false},"excerpt":{"rendered":"<p>Das <strong>Streckkit<\/strong> wird f\u00fcr den Streckvorgang des Drahtes verwendet.<\/p>\n<p>Das <strong>Streckkit<\/strong> erh\u00f6ht die mechanischen Eigenschaften des zugef\u00fchrten Materials (Bewehrungsstahl auf Spulen), das die erforderliche chemische Zusammensetzung haben sollte, ohne teure mikrolegierte Elemente (Vanadium und Mangan) hinzuzuf\u00fcgen und ohne einen \u201eWasserabschreckungsprozess\u201c (allgemein als Termex oder Tempcore bezeichnet) durchzuf\u00fchren.<\/p>\n<p>Der Streckvorgang wird durch zwei im <strong>90\u00b0-Winkel zueinander ausgerichtete Streckplatten <\/strong>durchgef\u00fchrt, die dank einer abwechselnden Biegung durch eine Reihe von <strong>Rollen (Wolframkarbid)<\/strong> auf das zugef\u00fchrte Material den gew\u00fcnschten Streckgrad aufbringen (der von 1 bis 7 % variieren kann), was die Dehnung des Drahtes erh\u00f6ht, w\u00e4hrend das Rippenmuster bereits in der Warmwalzphase seiner Herstellung auf die Materialoberfl\u00e4che aufgebracht wurde. Das erhaltene gestreckte Material ist im Wesentlichen ein warmgewalztes Material mit erh\u00f6hten mechanischen Eigenschaften (Zugfestigkeit, Streckgrenze und Enddehnung) und weist ebenso wie die anderen Verst\u00e4rkungsdr\u00e4hte eine erh\u00f6hte Duktilit\u00e4t und F\u00e4higkeit zur Aufnahme unvorhergesehener Belastungen auf. Ein weiterer Vorteil dieses Verfahrens sind die Drahtabmessungen, die sich w\u00e4hrend des Prozesses nicht wesentlich \u00e4ndern (der Durchmesser bleibt praktisch gleich).<\/p>\n","protected":false},"featured_media":4189,"template":"","meta":{"_et_pb_use_builder":"on","_et_pb_old_content":"Das <strong>Streckkit<\/strong> wird f\u00fcr den Streckvorgang des Drahtes verwendet.\n\nDas <strong>Streckkit<\/strong> erh\u00f6ht die mechanischen Eigenschaften des zugef\u00fchrten Materials (Bewehrungsstahl auf Spulen), das die erforderliche chemische Zusammensetzung haben sollte, ohne teure mikrolegierte Elemente (Vanadium und Mangan) hinzuzuf\u00fcgen und ohne einen \u201eWasserabschreckungsprozess\u201c (allgemein als Termex oder Tempcore bezeichnet) durchzuf\u00fchren.\n\nDer Streckvorgang wird durch zwei im <strong>90\u00b0-Winkel zueinander ausgerichtete Streckplatten <\/strong>durchgef\u00fchrt, die dank einer abwechselnden Biegung durch eine Reihe von <strong>Rollen (Wolframkarbid)<\/strong> auf das zugef\u00fchrte Material den gew\u00fcnschten Streckgrad aufbringen (der von 1 bis 7 % variieren kann), was die Dehnung des Drahtes erh\u00f6ht, w\u00e4hrend das Rippenmuster bereits in der Warmwalzphase seiner Herstellung auf die Materialoberfl\u00e4che aufgebracht wurde. Das erhaltene gestreckte Material ist im Wesentlichen ein warmgewalztes Material mit erh\u00f6hten mechanischen Eigenschaften (Zugfestigkeit, Streckgrenze und Enddehnung) und weist ebenso wie die anderen Verst\u00e4rkungsdr\u00e4hte eine erh\u00f6hte Duktilit\u00e4t und F\u00e4higkeit zur Aufnahme unvorhergesehener Belastungen auf. Ein weiterer Vorteil dieses Verfahrens sind die Drahtabmessungen, die sich w\u00e4hrend des Prozesses nicht wesentlich \u00e4ndern (der Durchmesser bleibt praktisch gleich).\n\nMit dem Streckverfahren k\u00f6nnen Sie die gleiche Qualit\u00e4t kompakter Coils mit den gleichen mechanischen und \u00e4sthetischen Eigenschaften eines Spulers in einem Warmwalzwerk herstellen, jedoch mit einer bemerkenswerten Reduzierung der Investitionskosten und der Herstellung eines billigeren Materials als im Warmwalzwerk\n\nDie Endproduktanwendungen sind normalerweise Bewehrungsmatten, B\u00fcgel, K\u00f6rbe und Gittertr\u00e4ger f\u00fcr den Hoch- und Industriebau und die Fundament- und Fertigteilindustrie.\n\nDie oben erw\u00e4hnten Streckplatten sind an einer Metallstruktur befestigt, die durch eine \u00e4u\u00dfere Schutzabdeckung vollst\u00e4ndig geschlossen ist. Der Zugang erfolgt \u00fcber eine von au\u00dfen bedienbare T\u00fcr. Diese Eigenschaft erm\u00f6glicht eine bemerkenswerte <strong>Verringerung der L\u00e4rm- und Staubausbreitung<\/strong> in die Umgebung und <strong>erh\u00f6ht das Sicherheitsniveau<\/strong>, wodurch die Arbeitsbedingungen f\u00fcr die Bediener verbessert werden.\n\nAuf jeder Streckplatte sind eine Reihe von Leerlaufrollen montiert, deren Position durch einen <strong>Elektromotor einstellbar<\/strong> ist und aufgezeichnet werden kann, um ein Rezept zu erstellen, das von den Bedienern auch zuk\u00fcnftig abgerufen werden kann, um dieselbe Einstellung zu verwenden.\n\nAlle Rollen sind aus Wolframkarbid gefertigt und auf Laufradlagern montiert, die hohen Geschwindigkeiten und rauen Arbeitsbedingungen standhalten.\n\nEine zentralisierte Fettschmieranlage erreicht alle Rollentr\u00e4ger und erm\u00f6glicht deren <strong>automatische Schmierung<\/strong>. Ein durch die Stifte der Rollen flie\u00dfender <strong>K\u00fchlwasserkreislauf<\/strong> leitet die beim Streckvorgang entstehende W\u00e4rme ab.\n\nDas lokale Steuerpult, das vom Bediener leicht erreicht werden kann, erm\u00f6glicht ein Eingreifen w\u00e4hrend der Drahteinf\u00fchrungs- und Anpassungsphase.\n\nEine angemessene \u00e4u\u00dfere Abdeckung und gen\u00fcgend \u00d6ffnungen zum Einf\u00fchren von Dr\u00e4hten isolieren alle beweglichen Teile, die eine Gefahr darstellen.\n\nDas <strong>Streckkit<\/strong> enth\u00e4lt auch <strong>zwei (2) dedizierte Rollen f\u00fcr den Streckvorgang<\/strong>, die eine hartmetallbeschichtete V-f\u00f6rmige Nut haben, um eine angemessene Zugkraft sicherzustellen, die f\u00fcr den Streckvorgang erforderlich ist.\n\nEin Arm mit einer <strong>Druckrolle<\/strong> und einer <strong>Umgehungsrolle<\/strong> werden in die Struktur hinzugef\u00fcgt und vervollst\u00e4ndigen die Lieferung.\n\nDas <strong>Streckkit<\/strong> wird von Promostar in Zusammenarbeit mit unseren Partnern unter Verwendung der neuesten Technologien und der besten auf dem Markt erh\u00e4ltlichen Marken entwickelt und hergestellt.","_et_gb_content_width":""},"product_cat":[193],"product_tag":[97,108,109,120,134],"yoast_head":"<!-- This site is optimized with the Yoast SEO plugin v20.5 - https:\/\/yoast.com\/wordpress\/plugins\/seo\/ -->\n<title>Streckkit | Promostar<\/title>\n<meta name=\"description\" content=\"Das Streckkit wird f\u00fcr den Streckvorgang des Drahtes verwendet. Das Streckkit erh\u00f6ht die mechanischen Eigenschaften des zugef\u00fchrten Materials\" \/>\n<meta name=\"robots\" content=\"index, follow, max-snippet:-1, max-image-preview:large, max-video-preview:-1\" \/>\n<link rel=\"canonical\" href=\"https:\/\/www.promostar.it\/de\/prodotto\/streckkit\/\" \/>\n<meta property=\"og:locale\" content=\"de_DE\" \/>\n<meta property=\"og:type\" content=\"article\" \/>\n<meta property=\"og:title\" content=\"Streckkit | Promostar\" \/>\n<meta property=\"og:description\" content=\"Das Streckkit wird f\u00fcr den Streckvorgang des Drahtes verwendet. Das Streckkit erh\u00f6ht die mechanischen Eigenschaften des zugef\u00fchrten Materials\" \/>\n<meta property=\"og:url\" content=\"https:\/\/www.promostar.it\/de\/prodotto\/streckkit\/\" \/>\n<meta property=\"og:site_name\" content=\"PromoStar S.r.l.\" \/>\n<meta property=\"article:modified_time\" content=\"2023-05-05T14:37:43+00:00\" \/>\n<meta property=\"og:image\" content=\"https:\/\/www.promostar.it\/wp-content\/uploads\/2022\/04\/Stretching-Kit-1-transparent.jpg\" \/>\n\t<meta property=\"og:image:width\" content=\"1200\" \/>\n\t<meta property=\"og:image:height\" content=\"1200\" \/>\n\t<meta property=\"og:image:type\" content=\"image\/jpeg\" \/>\n<meta name=\"twitter:card\" content=\"summary_large_image\" \/>\n<script type=\"application\/ld+json\" class=\"yoast-schema-graph\">{\"@context\":\"https:\/\/schema.org\",\"@graph\":[{\"@type\":\"WebPage\",\"@id\":\"https:\/\/www.promostar.it\/de\/prodotto\/streckkit\/\",\"url\":\"https:\/\/www.promostar.it\/de\/prodotto\/streckkit\/\",\"name\":\"Streckkit | Promostar\",\"isPartOf\":{\"@id\":\"https:\/\/www.promostar.it\/de\/#website\"},\"datePublished\":\"2022-04-05T08:58:37+00:00\",\"dateModified\":\"2023-05-05T14:37:43+00:00\",\"description\":\"Das Streckkit wird f\u00fcr den Streckvorgang des Drahtes verwendet. Das Streckkit erh\u00f6ht die mechanischen Eigenschaften des zugef\u00fchrten Materials\",\"breadcrumb\":{\"@id\":\"https:\/\/www.promostar.it\/de\/prodotto\/streckkit\/#breadcrumb\"},\"inLanguage\":\"de-DE\",\"potentialAction\":[{\"@type\":\"ReadAction\",\"target\":[\"https:\/\/www.promostar.it\/de\/prodotto\/streckkit\/\"]}]},{\"@type\":\"BreadcrumbList\",\"@id\":\"https:\/\/www.promostar.it\/de\/prodotto\/streckkit\/#breadcrumb\",\"itemListElement\":[{\"@type\":\"ListItem\",\"position\":1,\"name\":\"Home\",\"item\":\"https:\/\/www.promostar.it\/de\/home-2\/\"},{\"@type\":\"ListItem\",\"position\":2,\"name\":\"Produkte\",\"item\":\"https:\/\/www.promostar.it\/de\/shop\/\"},{\"@type\":\"ListItem\",\"position\":3,\"name\":\"Streckkit\"}]},{\"@type\":\"WebSite\",\"@id\":\"https:\/\/www.promostar.it\/de\/#website\",\"url\":\"https:\/\/www.promostar.it\/de\/\",\"name\":\"PromoStar S.r.l.\",\"description\":\"Promostar \u00e8 l\u2019azienda leader e la prima ad introdurre il processo di stiratura\",\"publisher\":{\"@id\":\"https:\/\/www.promostar.it\/de\/#organization\"},\"potentialAction\":[{\"@type\":\"SearchAction\",\"target\":{\"@type\":\"EntryPoint\",\"urlTemplate\":\"https:\/\/www.promostar.it\/de\/?s={search_term_string}\"},\"query-input\":\"required name=search_term_string\"}],\"inLanguage\":\"de-DE\"},{\"@type\":\"Organization\",\"@id\":\"https:\/\/www.promostar.it\/de\/#organization\",\"name\":\"Promostar\",\"url\":\"https:\/\/www.promostar.it\/de\/\",\"logo\":{\"@type\":\"ImageObject\",\"inLanguage\":\"de-DE\",\"@id\":\"https:\/\/www.promostar.it\/de\/#\/schema\/logo\/image\/\",\"url\":\"https:\/\/www.promostar.it\/wp-content\/uploads\/2020\/10\/promostar-logo.png\",\"contentUrl\":\"https:\/\/www.promostar.it\/wp-content\/uploads\/2020\/10\/promostar-logo.png\",\"width\":210,\"height\":69,\"caption\":\"Promostar\"},\"image\":{\"@id\":\"https:\/\/www.promostar.it\/de\/#\/schema\/logo\/image\/\"}}]}<\/script>\n<!-- \/ Yoast SEO plugin. -->","yoast_head_json":{"title":"Streckkit | Promostar","description":"Das Streckkit wird f\u00fcr den Streckvorgang des Drahtes verwendet. Das Streckkit erh\u00f6ht die mechanischen Eigenschaften des zugef\u00fchrten Materials","robots":{"index":"index","follow":"follow","max-snippet":"max-snippet:-1","max-image-preview":"max-image-preview:large","max-video-preview":"max-video-preview:-1"},"canonical":"https:\/\/www.promostar.it\/de\/prodotto\/streckkit\/","og_locale":"de_DE","og_type":"article","og_title":"Streckkit | Promostar","og_description":"Das Streckkit wird f\u00fcr den Streckvorgang des Drahtes verwendet. Das Streckkit erh\u00f6ht die mechanischen Eigenschaften des zugef\u00fchrten Materials","og_url":"https:\/\/www.promostar.it\/de\/prodotto\/streckkit\/","og_site_name":"PromoStar S.r.l.","article_modified_time":"2023-05-05T14:37:43+00:00","og_image":[{"width":1200,"height":1200,"url":"https:\/\/www.promostar.it\/wp-content\/uploads\/2022\/04\/Stretching-Kit-1-transparent.jpg","type":"image\/jpeg"}],"twitter_card":"summary_large_image","schema":{"@context":"https:\/\/schema.org","@graph":[{"@type":"WebPage","@id":"https:\/\/www.promostar.it\/de\/prodotto\/streckkit\/","url":"https:\/\/www.promostar.it\/de\/prodotto\/streckkit\/","name":"Streckkit | Promostar","isPartOf":{"@id":"https:\/\/www.promostar.it\/de\/#website"},"datePublished":"2022-04-05T08:58:37+00:00","dateModified":"2023-05-05T14:37:43+00:00","description":"Das Streckkit wird f\u00fcr den Streckvorgang des Drahtes verwendet. Das Streckkit erh\u00f6ht die mechanischen Eigenschaften des zugef\u00fchrten Materials","breadcrumb":{"@id":"https:\/\/www.promostar.it\/de\/prodotto\/streckkit\/#breadcrumb"},"inLanguage":"de-DE","potentialAction":[{"@type":"ReadAction","target":["https:\/\/www.promostar.it\/de\/prodotto\/streckkit\/"]}]},{"@type":"BreadcrumbList","@id":"https:\/\/www.promostar.it\/de\/prodotto\/streckkit\/#breadcrumb","itemListElement":[{"@type":"ListItem","position":1,"name":"Home","item":"https:\/\/www.promostar.it\/de\/home-2\/"},{"@type":"ListItem","position":2,"name":"Produkte","item":"https:\/\/www.promostar.it\/de\/shop\/"},{"@type":"ListItem","position":3,"name":"Streckkit"}]},{"@type":"WebSite","@id":"https:\/\/www.promostar.it\/de\/#website","url":"https:\/\/www.promostar.it\/de\/","name":"PromoStar S.r.l.","description":"Promostar \u00e8 l\u2019azienda leader e la prima ad introdurre il processo di stiratura","publisher":{"@id":"https:\/\/www.promostar.it\/de\/#organization"},"potentialAction":[{"@type":"SearchAction","target":{"@type":"EntryPoint","urlTemplate":"https:\/\/www.promostar.it\/de\/?s={search_term_string}"},"query-input":"required name=search_term_string"}],"inLanguage":"de-DE"},{"@type":"Organization","@id":"https:\/\/www.promostar.it\/de\/#organization","name":"Promostar","url":"https:\/\/www.promostar.it\/de\/","logo":{"@type":"ImageObject","inLanguage":"de-DE","@id":"https:\/\/www.promostar.it\/de\/#\/schema\/logo\/image\/","url":"https:\/\/www.promostar.it\/wp-content\/uploads\/2020\/10\/promostar-logo.png","contentUrl":"https:\/\/www.promostar.it\/wp-content\/uploads\/2020\/10\/promostar-logo.png","width":210,"height":69,"caption":"Promostar"},"image":{"@id":"https:\/\/www.promostar.it\/de\/#\/schema\/logo\/image\/"}}]}},"_links":{"self":[{"href":"https:\/\/www.promostar.it\/de\/wp-json\/wp\/v3\/product\/5877"}],"collection":[{"href":"https:\/\/www.promostar.it\/de\/wp-json\/wp\/v3\/product"}],"about":[{"href":"https:\/\/www.promostar.it\/de\/wp-json\/wp\/v2\/types\/product"}],"wp:featuredmedia":[{"embeddable":true,"href":"https:\/\/www.promostar.it\/de\/wp-json\/wp\/v2\/media\/4189"}],"wp:attachment":[{"href":"https:\/\/www.promostar.it\/de\/wp-json\/wp\/v2\/media?parent=5877"}],"wp:term":[{"taxonomy":"product_cat","embeddable":true,"href":"https:\/\/www.promostar.it\/de\/wp-json\/wp\/v2\/product_cat?post=5877"},{"taxonomy":"product_tag","embeddable":true,"href":"https:\/\/www.promostar.it\/de\/wp-json\/wp\/v2\/product_tag?post=5877"}],"curies":[{"name":"wp","href":"https:\/\/api.w.org\/{rel}","templated":true}]}}