{"id":5876,"date":"2022-04-05T11:04:33","date_gmt":"2022-04-05T09:04:33","guid":{"rendered":"https:\/\/www.promostar.it\/prodotto\/drahtschmiermaschinen\/"},"modified":"2023-05-05T16:12:06","modified_gmt":"2023-05-05T14:12:06","slug":"drahtschmiermaschinen","status":"publish","type":"product","link":"https:\/\/www.promostar.it\/de\/prodotto\/drahtschmiermaschinen\/","title":{"rendered":"Drahtschmiermaschinen"},"content":{"rendered":"<p>[et_pb_section fb_built=&#8220;1&#8243; theme_builder_area=&#8220;post_content&#8220; _builder_version=&#8220;4.17.0&#8243; _module_preset=&#8220;default&#8220;][\/et_pb_section]<\/p>\n","protected":false},"excerpt":{"rendered":"<p><strong>Drahtschmiermaschinen<\/strong> werden verwendet, um den Walzdraht am Zulauf vor dem Kaltwalzen oder Ziehvorgang des Drahtes mit Calcium-Natriumstearat-Pulver zu schmieren.<\/p>\n<p><strong>Drahtschmiermaschinen<\/strong> f\u00fchren die Schmierung des Walzdrahts durch, indem sie das Seifenpulver in direkten Kontakt mit der Stangenoberfl\u00e4che bringen.<\/p>\n<p>Sie bestehen aus einer starren Basis und einem Tr\u00e4ger aus Stahl, auf denen zwei motorisierte (2) Endlosschnecken installiert sind, eine horizontale und eine vertikale, deren Funktion darin besteht, das Schmierpulver kontinuierlich auf die Walzdrahtebene zu f\u00f6rdern. Ein bequemer oberer Zugang erm\u00f6glicht ein schnelles Laden von Schmiermittelpulver, w\u00e4hrend ein unterer Zugang das Entfernen des verbrauchten Seifenpulvers erm\u00f6glicht.<\/p>\n","protected":false},"featured_media":4192,"template":"","meta":{"_et_pb_use_builder":"on","_et_pb_old_content":"<strong>Drahtschmiermaschinen<\/strong> werden verwendet, um den Walzdraht am Zulauf vor dem Kaltwalzen oder Ziehvorgang des Drahtes mit Calcium-Natriumstearat-Pulver zu schmieren.\n\n<strong>Drahtschmiermaschinen<\/strong> f\u00fchren die Schmierung des Walzdrahts durch, indem sie das Seifenpulver in direkten Kontakt mit der Stangenoberfl\u00e4che bringen.\n\nSie bestehen aus einer starren Basis und einem Tr\u00e4ger aus Stahl, auf denen zwei motorisierte (2) Endlosschnecken installiert sind, eine horizontale und eine vertikale, deren Funktion darin besteht, das Schmierpulver kontinuierlich auf die Walzdrahtebene zu f\u00f6rdern. Ein bequemer oberer Zugang erm\u00f6glicht ein schnelles Laden von Schmiermittelpulver, w\u00e4hrend ein unterer Zugang das Entfernen des verbrauchten Seifenpulvers erm\u00f6glicht.\n\nDas Ger\u00e4t ist vollst\u00e4ndig geschlossen und kann mit der Installation eines Filter- und Recyclingsystems ausgestattet werden, das die gesamte Seife in einen Unterdruck versetzt, wodurch die Verteilung des Seifenpulvers im Inneren des Maschinenk\u00f6rpers begrenzt und somit der Verbrauch reduziert wird. Dadurch wird das \u00fcbersch\u00fcssige Seifenpulver \u00fcber der Sieboberfl\u00e4che absorbiert und durch das Filterreinigungssystem wieder in das Seifenfach fallen gelassen.","_et_gb_content_width":""},"product_cat":[193],"product_tag":[97,108,109,120,123,124,134],"yoast_head":"<!-- This site is optimized with the Yoast SEO plugin v20.5 - https:\/\/yoast.com\/wordpress\/plugins\/seo\/ -->\n<title>Drahtschmiermaschinen | Promostar<\/title>\n<meta name=\"description\" content=\"Drahtschmiermaschinen werden verwendet, um den Walzdraht am Zulauf vor dem Kaltwalzen oder Ziehvorgang des Drahtes mit Calcium-Natriumstearat-Pulver zu schmieren.\" \/>\n<meta name=\"robots\" content=\"index, follow, max-snippet:-1, max-image-preview:large, max-video-preview:-1\" \/>\n<link rel=\"canonical\" href=\"https:\/\/www.promostar.it\/de\/prodotto\/drahtschmiermaschinen\/\" \/>\n<meta property=\"og:locale\" content=\"de_DE\" \/>\n<meta property=\"og:type\" content=\"article\" \/>\n<meta property=\"og:title\" content=\"Drahtschmiermaschinen | Promostar\" \/>\n<meta property=\"og:description\" content=\"Drahtschmiermaschinen werden verwendet, um den Walzdraht am Zulauf vor dem Kaltwalzen oder Ziehvorgang des Drahtes mit Calcium-Natriumstearat-Pulver zu schmieren.\" \/>\n<meta property=\"og:url\" content=\"https:\/\/www.promostar.it\/de\/prodotto\/drahtschmiermaschinen\/\" \/>\n<meta property=\"og:site_name\" content=\"PromoStar S.r.l.\" \/>\n<meta property=\"article:modified_time\" content=\"2023-05-05T14:12:06+00:00\" \/>\n<meta property=\"og:image\" content=\"https:\/\/www.promostar.it\/wp-content\/uploads\/2022\/04\/Wire-lubricant-machine-2-transparent.jpg\" \/>\n\t<meta property=\"og:image:width\" content=\"1200\" \/>\n\t<meta property=\"og:image:height\" content=\"1200\" \/>\n\t<meta property=\"og:image:type\" content=\"image\/jpeg\" \/>\n<meta name=\"twitter:card\" content=\"summary_large_image\" \/>\n<script type=\"application\/ld+json\" class=\"yoast-schema-graph\">{\"@context\":\"https:\/\/schema.org\",\"@graph\":[{\"@type\":\"WebPage\",\"@id\":\"https:\/\/www.promostar.it\/de\/prodotto\/drahtschmiermaschinen\/\",\"url\":\"https:\/\/www.promostar.it\/de\/prodotto\/drahtschmiermaschinen\/\",\"name\":\"Drahtschmiermaschinen | Promostar\",\"isPartOf\":{\"@id\":\"https:\/\/www.promostar.it\/de\/#website\"},\"datePublished\":\"2022-04-05T09:04:33+00:00\",\"dateModified\":\"2023-05-05T14:12:06+00:00\",\"description\":\"Drahtschmiermaschinen werden verwendet, um den Walzdraht am Zulauf vor dem Kaltwalzen oder Ziehvorgang des Drahtes mit Calcium-Natriumstearat-Pulver zu schmieren.\",\"breadcrumb\":{\"@id\":\"https:\/\/www.promostar.it\/de\/prodotto\/drahtschmiermaschinen\/#breadcrumb\"},\"inLanguage\":\"de-DE\",\"potentialAction\":[{\"@type\":\"ReadAction\",\"target\":[\"https:\/\/www.promostar.it\/de\/prodotto\/drahtschmiermaschinen\/\"]}]},{\"@type\":\"BreadcrumbList\",\"@id\":\"https:\/\/www.promostar.it\/de\/prodotto\/drahtschmiermaschinen\/#breadcrumb\",\"itemListElement\":[{\"@type\":\"ListItem\",\"position\":1,\"name\":\"Home\",\"item\":\"https:\/\/www.promostar.it\/de\/home-2\/\"},{\"@type\":\"ListItem\",\"position\":2,\"name\":\"Produkte\",\"item\":\"https:\/\/www.promostar.it\/de\/shop\/\"},{\"@type\":\"ListItem\",\"position\":3,\"name\":\"Drahtschmiermaschinen\"}]},{\"@type\":\"WebSite\",\"@id\":\"https:\/\/www.promostar.it\/de\/#website\",\"url\":\"https:\/\/www.promostar.it\/de\/\",\"name\":\"PromoStar S.r.l.\",\"description\":\"Promostar \u00e8 l\u2019azienda leader e la prima ad introdurre il processo di stiratura\",\"publisher\":{\"@id\":\"https:\/\/www.promostar.it\/de\/#organization\"},\"potentialAction\":[{\"@type\":\"SearchAction\",\"target\":{\"@type\":\"EntryPoint\",\"urlTemplate\":\"https:\/\/www.promostar.it\/de\/?s={search_term_string}\"},\"query-input\":\"required name=search_term_string\"}],\"inLanguage\":\"de-DE\"},{\"@type\":\"Organization\",\"@id\":\"https:\/\/www.promostar.it\/de\/#organization\",\"name\":\"Promostar\",\"url\":\"https:\/\/www.promostar.it\/de\/\",\"logo\":{\"@type\":\"ImageObject\",\"inLanguage\":\"de-DE\",\"@id\":\"https:\/\/www.promostar.it\/de\/#\/schema\/logo\/image\/\",\"url\":\"https:\/\/www.promostar.it\/wp-content\/uploads\/2020\/10\/promostar-logo.png\",\"contentUrl\":\"https:\/\/www.promostar.it\/wp-content\/uploads\/2020\/10\/promostar-logo.png\",\"width\":210,\"height\":69,\"caption\":\"Promostar\"},\"image\":{\"@id\":\"https:\/\/www.promostar.it\/de\/#\/schema\/logo\/image\/\"}}]}<\/script>\n<!-- \/ Yoast SEO plugin. -->","yoast_head_json":{"title":"Drahtschmiermaschinen | Promostar","description":"Drahtschmiermaschinen werden verwendet, um den Walzdraht am Zulauf vor dem Kaltwalzen oder Ziehvorgang des Drahtes mit Calcium-Natriumstearat-Pulver zu schmieren.","robots":{"index":"index","follow":"follow","max-snippet":"max-snippet:-1","max-image-preview":"max-image-preview:large","max-video-preview":"max-video-preview:-1"},"canonical":"https:\/\/www.promostar.it\/de\/prodotto\/drahtschmiermaschinen\/","og_locale":"de_DE","og_type":"article","og_title":"Drahtschmiermaschinen | Promostar","og_description":"Drahtschmiermaschinen werden verwendet, um den Walzdraht am Zulauf vor dem Kaltwalzen oder Ziehvorgang des Drahtes mit Calcium-Natriumstearat-Pulver zu schmieren.","og_url":"https:\/\/www.promostar.it\/de\/prodotto\/drahtschmiermaschinen\/","og_site_name":"PromoStar S.r.l.","article_modified_time":"2023-05-05T14:12:06+00:00","og_image":[{"width":1200,"height":1200,"url":"https:\/\/www.promostar.it\/wp-content\/uploads\/2022\/04\/Wire-lubricant-machine-2-transparent.jpg","type":"image\/jpeg"}],"twitter_card":"summary_large_image","schema":{"@context":"https:\/\/schema.org","@graph":[{"@type":"WebPage","@id":"https:\/\/www.promostar.it\/de\/prodotto\/drahtschmiermaschinen\/","url":"https:\/\/www.promostar.it\/de\/prodotto\/drahtschmiermaschinen\/","name":"Drahtschmiermaschinen | Promostar","isPartOf":{"@id":"https:\/\/www.promostar.it\/de\/#website"},"datePublished":"2022-04-05T09:04:33+00:00","dateModified":"2023-05-05T14:12:06+00:00","description":"Drahtschmiermaschinen werden verwendet, um den Walzdraht am Zulauf vor dem Kaltwalzen oder Ziehvorgang des Drahtes mit Calcium-Natriumstearat-Pulver zu schmieren.","breadcrumb":{"@id":"https:\/\/www.promostar.it\/de\/prodotto\/drahtschmiermaschinen\/#breadcrumb"},"inLanguage":"de-DE","potentialAction":[{"@type":"ReadAction","target":["https:\/\/www.promostar.it\/de\/prodotto\/drahtschmiermaschinen\/"]}]},{"@type":"BreadcrumbList","@id":"https:\/\/www.promostar.it\/de\/prodotto\/drahtschmiermaschinen\/#breadcrumb","itemListElement":[{"@type":"ListItem","position":1,"name":"Home","item":"https:\/\/www.promostar.it\/de\/home-2\/"},{"@type":"ListItem","position":2,"name":"Produkte","item":"https:\/\/www.promostar.it\/de\/shop\/"},{"@type":"ListItem","position":3,"name":"Drahtschmiermaschinen"}]},{"@type":"WebSite","@id":"https:\/\/www.promostar.it\/de\/#website","url":"https:\/\/www.promostar.it\/de\/","name":"PromoStar S.r.l.","description":"Promostar \u00e8 l\u2019azienda leader e la prima ad introdurre il processo di stiratura","publisher":{"@id":"https:\/\/www.promostar.it\/de\/#organization"},"potentialAction":[{"@type":"SearchAction","target":{"@type":"EntryPoint","urlTemplate":"https:\/\/www.promostar.it\/de\/?s={search_term_string}"},"query-input":"required name=search_term_string"}],"inLanguage":"de-DE"},{"@type":"Organization","@id":"https:\/\/www.promostar.it\/de\/#organization","name":"Promostar","url":"https:\/\/www.promostar.it\/de\/","logo":{"@type":"ImageObject","inLanguage":"de-DE","@id":"https:\/\/www.promostar.it\/de\/#\/schema\/logo\/image\/","url":"https:\/\/www.promostar.it\/wp-content\/uploads\/2020\/10\/promostar-logo.png","contentUrl":"https:\/\/www.promostar.it\/wp-content\/uploads\/2020\/10\/promostar-logo.png","width":210,"height":69,"caption":"Promostar"},"image":{"@id":"https:\/\/www.promostar.it\/de\/#\/schema\/logo\/image\/"}}]}},"_links":{"self":[{"href":"https:\/\/www.promostar.it\/de\/wp-json\/wp\/v3\/product\/5876"}],"collection":[{"href":"https:\/\/www.promostar.it\/de\/wp-json\/wp\/v3\/product"}],"about":[{"href":"https:\/\/www.promostar.it\/de\/wp-json\/wp\/v2\/types\/product"}],"wp:featuredmedia":[{"embeddable":true,"href":"https:\/\/www.promostar.it\/de\/wp-json\/wp\/v2\/media\/4192"}],"wp:attachment":[{"href":"https:\/\/www.promostar.it\/de\/wp-json\/wp\/v2\/media?parent=5876"}],"wp:term":[{"taxonomy":"product_cat","embeddable":true,"href":"https:\/\/www.promostar.it\/de\/wp-json\/wp\/v2\/product_cat?post=5876"},{"taxonomy":"product_tag","embeddable":true,"href":"https:\/\/www.promostar.it\/de\/wp-json\/wp\/v2\/product_tag?post=5876"}],"curies":[{"name":"wp","href":"https:\/\/api.w.org\/{rel}","templated":true}]}}