{"id":5875,"date":"2022-04-05T11:09:51","date_gmt":"2022-04-05T09:09:51","guid":{"rendered":"https:\/\/www.promostar.it\/prodotto\/drahtablaufsysteme\/"},"modified":"2023-05-05T16:07:23","modified_gmt":"2023-05-05T14:07:23","slug":"drahtablaufsysteme","status":"publish","type":"product","link":"https:\/\/www.promostar.it\/de\/prodotto\/drahtablaufsysteme\/","title":{"rendered":"Drahtablaufsysteme"},"content":{"rendered":"<p>[et_pb_section fb_built=&#8220;1&#8243; _builder_version=&#8220;4.17.0&#8243; _module_preset=&#8220;default&#8220; global_colors_info=&#8220;{}&#8220;][\/et_pb_section]<\/p>\n","protected":false},"excerpt":{"rendered":"<p><strong>Drahtablaufsysteme<\/strong> sind Vorrichtungen, die zum Abwickeln des Walzdrahts in Drahtkaltwalz-, Zieh- und Streckmaschinen verwendet werden.<\/p>\n<p><strong>Drahtablaufsysteme<\/strong> sind so konzipiert, dass sie einen Hochgeschwindigkeits-Drahtablauf ohne die Entwicklung von Verwicklungen\/Knoten und Unterbrechungen f\u00f6rdern und garantieren.<\/p>\n<p>Im Wesentlichen lassen sich zwei unterschiedliche Kategorien unterscheiden:<\/p>\n<ul>\n<li><strong>Vertikale Abwicklung<\/strong><\/li>\n<li><strong>Horizontale Abwicklung<\/strong><\/li>\n<\/ul>\n<p>Die v<strong>ertikalen Abwicklungen<\/strong> werden bis zu mittleren Walzdrahtdurchmessern empfohlen und bestehen aus zwei Hauptger\u00e4ten, die in Kombination arbeiten: zwei (2) Kippfinger und ein (1) Ablaufturm.<\/p>\n<p>Die <strong>Kippfinger<\/strong> erm\u00f6glichen eine kontinuierliche Stangenzuf\u00fchrung in die Kaltwalz-, Zieh- und Streckanlage. Sie bestehen aus einem Paar passend geformter Arme, deren Struktur aus Stahlrohren besteht, die innen mit Sand gef\u00fcllt sind, um die Ger\u00e4usche w\u00e4hrend des Betriebs zu reduzieren, die sich in einer vertikalen Ebene um 90 Grad drehen k\u00f6nnen, um zwei (2) verschiedene Positionen zu erreichen: vertikal und horizontal. In der horizontalen Position erm\u00f6glichen die Finger das Laden des Walzdrahts, der direkt aus dem Lagerbereich mit einem Laufkran oder einem Gabelstapler entnommen wird. Wenn der Walzdraht geladen wird, drehen sich die Finger in die vertikale Position, bereit, um das Abwickeln des Drahts in Richtung des Ablaufturms zu erm\u00f6glichen. Abh\u00e4ngig von den Abmessungen und dem Gewicht der Walzdr\u00e4hte und der H\u00f6he des Ablaufturms sind mehrere Modelle von Kippfingern erh\u00e4ltlich.<\/p>\n","protected":false},"featured_media":4195,"template":"","meta":{"_et_pb_use_builder":"on","_et_pb_old_content":"<strong>Drahtablaufsysteme<\/strong> sind Vorrichtungen, die zum Abwickeln des Walzdrahts in Drahtkaltwalz-, Zieh- und Streckmaschinen verwendet werden.\n\n<strong>Drahtablaufsysteme<\/strong> sind so konzipiert, dass sie einen Hochgeschwindigkeits-Drahtablauf ohne die Entwicklung von Verwicklungen\/Knoten und Unterbrechungen f\u00f6rdern und garantieren.\n\nIm Wesentlichen lassen sich zwei unterschiedliche Kategorien unterscheiden:\n<ul>\n \t<li><strong>Vertikale Abwicklung<\/strong><\/li>\n \t<li><strong>Horizontale Abwicklung<\/strong><\/li>\n<\/ul>\nDie <strong>vertikalen Abwicklungen<\/strong> werden bis zu mittleren Walzdrahtdurchmessern empfohlen und bestehen aus zwei Hauptger\u00e4ten, die in Kombination arbeiten: zwei (2) Kippfinger und ein (1) Ablaufturm.\n\nDie <strong>Kippfinger<\/strong> erm\u00f6glichen eine kontinuierliche Stangenzuf\u00fchrung in die Kaltwalz-, Zieh- und Streckanlage. Sie bestehen aus einem Paar passend geformter Arme, deren Struktur aus Stahlrohren besteht, die innen mit Sand gef\u00fcllt sind, um die Ger\u00e4usche w\u00e4hrend des Betriebs zu reduzieren, die sich in einer vertikalen Ebene um 90 Grad drehen k\u00f6nnen, um zwei (2) verschiedene Positionen zu erreichen: vertikal und horizontal. In der horizontalen Position erm\u00f6glichen die Finger das Laden des Walzdrahts, der direkt aus dem Lagerbereich mit einem Laufkran oder einem Gabelstapler entnommen wird. Wenn der Walzdraht geladen wird, drehen sich die Finger in die vertikale Position, bereit, um das Abwickeln des Drahts in Richtung des Ablaufturms zu erm\u00f6glichen. Abh\u00e4ngig von den Abmessungen und dem Gewicht der Walzdr\u00e4hte und der H\u00f6he des Ablaufturms sind mehrere Modelle von Kippfingern erh\u00e4ltlich.\n\nDer <strong>Ablaufturm<\/strong> erm\u00f6glicht ein vertikales Abwickeln mit hoher Geschwindigkeit ohne die Entstehung von Verwicklungen\/Knoten und Unterbrechung der Produktion. Er besteht aus einem stabilen Stahlrahmen mit einem passenden Untergestell. Auf der Oberseite des Rahmens befindet sich ein mobiler Wagen, der von einem Elektrozug bewegt wird, mit einem Abwickelrad. Dieses System erm\u00f6glicht ein einfaches Entwirren des Drahtes, wenn w\u00e4hrend des Betriebs Knoten auftreten. Die Seiten des Turms sind mit d\u00fcnnem Grobstahlblech verkleidet, um Staub einzud\u00e4mmen, der an der Basis des Turms durch einen Metallschieber nach vorne zwischen den Fingern geschoben wird. Das Ger\u00fcst ist mit einer <strong>Sicherheitsvorrichtung<\/strong> ausgestattet, die die Kaltwalzlinie im Notfall (<strong>beim Vorhandensein von Knoten<\/strong>) automatisch stoppt. Ein spezifisches Sensorsystem der neuen Generation, <u>das direkt durch das Rezept eingestellt werden kann, ohne dass der Oberkorb abgesenkt werden muss<\/u>, erm\u00f6glicht die Einstellung des Sensors f\u00fcr die unterschiedlichen Drahtdurchmesser laut der entsprechenden Rezepte. Die Vorteile dieses Systems lassen sich in einer extremen <strong>Flexibilit\u00e4t, schnellem Produktionswechsel<\/strong> und <strong>keine Ausfallzeiten<\/strong> zusammenfassen, da die Anpassungen (falls erforderlich) im laufenden Betrieb vorgenommen werden, ohne die Maschine anzuhalten. Die Position des Abwickelwagens wird automatisch durch einen <strong>pneumatischen Zylinder<\/strong> gesichert, der die korrekte Verankerung des Hakens an der Struktur doppelt \u00fcberpr\u00fcft und auch sein \u00d6ffnen\/Schlie\u00dfen erm\u00f6glicht. Die Spannung der Hebezeugkette wird durch einen <strong>Sensor kontrolliert, der eine \u00dcberlastung der Kette verhindert<\/strong>. Abh\u00e4ngig von den Geschwindigkeiten der Linie und dem Layout des Unternehmens sind mehrere Modelle von Ablauft\u00fcrmen erh\u00e4ltlich.\n\nDie <strong>horizontalen Abwicklungen<\/strong> werden besonders f\u00fcr gro\u00dfe Walzdrahtdurchmesser empfohlen und bestehen aus mehreren Vorrichtungen, die in Kombination arbeiten: der horizontale Abwicklerbalken und die Struktur, ein oder zwei mobile Laufkatzen mit einziehbarem Haken, die Knotenpr\u00e4senz und die Schutzportaleinheit.\n\nDer horizontale <strong>Abwicklerbalken und die Struktur<\/strong> bestehen aus einem stabilen Stahltr\u00e4ger mit geh\u00e4rteten Stahlplatten (was eine lange Lebensdauer der Verschlei\u00dfteile und eine einfache Wartung gew\u00e4hrleistet) und werden zum Be- und Entladen der Walzdr\u00e4hte verwendet. Robuste St\u00fctzs\u00e4ulen, die mit einem Satz hydraulischer Klemmen ausgestattet sind, st\u00fctzen den Balken und werden w\u00e4hrend des Betriebs geschlossen\/ge\u00f6ffnet (Vorschub des Walzdrahts auf dem Abwickelbalken). Im Abwickelbereich sch\u00fctteln spezielle Finnen (geh\u00e4rteter Stahl) und verstellbare Stangen den Draht, wodurch die Knoten reduziert und die \u00d6ffnung der Spitzen verbessert werden.\n\nAuf dem oberen Teil der Struktur nimmt ein sekund\u00e4rer Tr\u00e4ger einen (oder zwei) motorisierten <strong>mobilen Laufwagen mit einziehbarem Haken<\/strong> auf, der auf F\u00fchrungen durch einen Zahnstangen-Ritzel-Mechanismus f\u00e4hrt. Er hat die Funktion, den Walzdraht einzeln entlang des Hauptabwickelbalkens zu bewegen.\n\nAlle Ger\u00e4te werden von einer \u00dcberkopfkonstruktion getragen, die mit 5 S\u00e4ulenpaaren auf dem Boden befestigt ist. Die ersten beiden S\u00e4ulen sind in mehreren Positionen verschiebbar, um den Stumpfschwei\u00dfer besser unterzubringen. Die Sicherheit wird durch ein Laser-Scan-Ger\u00e4t gew\u00e4hrleistet. Der Puffer an verarbeitungsbereitem Rohmaterial, den diese L\u00f6sung garantiert, und die hohe Ergonomie f\u00fcr die Bediener an den Lade-\/Schwei\u00dfstationen gew\u00e4hrleisten eine kontinuierliche Produktion und maximieren die Effizienz.\n\nDie <strong>Knotenpr\u00e4senz<\/strong> der neuesten Generation ist ein innovatives Ger\u00e4t, das es erm\u00f6glicht, die Stillstandszeit der Maschine im Falle eines Knotens drastisch zu reduzieren, indem ein Drahtbruch vermieden wird, der die Anlage schnell stoppt. Es besteht aus einer robusten Stahlkonstruktion, die einen Drahtf\u00f6rderkorb, einer Reihe von F\u00f6rderrollen, die auf \u00fcberdimensionierten Lagern montiert sind, zwei horizontalen Armen, die manuell ge\u00f6ffnet werden k\u00f6nnen, und einen an der horizontalen Achse befestigten Hebel, der von einem Pneumatikzylinder gesteuert wird. Das Ger\u00e4t <u>erkennt auf unterschiedliche Weise gro\u00dfe oder kleine Knoten und stoppt die Anlage<\/u> in beiden F\u00e4llen, damit Drahtbr\u00fcche vermieden werden. Wenn kleine Knoten auftreten, wird die Bildung von gro\u00dfen Knoten verhindert, was es dem Bediener erm\u00f6glicht, den Knoten in den meisten F\u00e4llen zu l\u00f6sen, ohne den Draht zu durchzuschneiden. Auf diese Weise kann die Produktion in kurzer Zeit wieder gestartet werden.\n\nBei der <strong>Schutzportaleinheit<\/strong> handelt sich um eine Reihe robuster und schwerer geschwei\u00dfter Stahlportale, die direkt am Boden befestigt und zwischen dem Ablaufsystem und der Knotenpr\u00e4senzeinheit installiert werden. Ihre Funktion besteht darin, das zu bearbeitende Material in einem genau definierten Raum zu halten und die Spitzen w\u00e4hrend des Vorschubs zu \u00f6ffnen.\n\n<strong>Drahtablaufsysteme<\/strong> werden von Promostar in Zusammenarbeit mit unseren Partnern unter Verwendung der neuesten Technologien und der besten auf dem Markt erh\u00e4ltlichen Marken entwickelt und hergestellt.\n\nUnser Angebot ist nicht auf die oben beschriebenen Drahtablaufsysteme beschr\u00e4nkt, sondern kann auch mit einer Reihe von Optionen und Zubeh\u00f6r erg\u00e4nzt werden, wie\n<ul>\n \t<li>Fallschutzreibung<\/li>\n \t<li>Sicherheitsbl\u00f6cke<\/li>\n \t<li>Klemmrolle<\/li>\n \t<li>Draht\u00fcberwachungskit zur automatischen Verwaltung der Drahtgeschwindigkeit<\/li>\n \t<li>Optische Knotenerkennung<\/li>\n \t<li>Motorisierter Laufwagen zum Einf\u00e4deln<\/li>\n<\/ul>","_et_gb_content_width":""},"product_cat":[193],"product_tag":[97,108,109,120,123,124,134],"yoast_head":"<!-- This site is optimized with the Yoast SEO plugin v20.5 - https:\/\/yoast.com\/wordpress\/plugins\/seo\/ -->\n<title>Drahtablaufsysteme | Promostar<\/title>\n<meta name=\"description\" content=\"Drahtablaufsysteme sind Vorrichtungen, die zum Abwickeln des Walzdrahts in Drahtkaltwalz-, Zieh- und Streckmaschinen verwendet werden.\" \/>\n<meta name=\"robots\" content=\"index, follow, max-snippet:-1, max-image-preview:large, max-video-preview:-1\" \/>\n<link rel=\"canonical\" href=\"https:\/\/www.promostar.it\/de\/prodotto\/drahtablaufsysteme\/\" \/>\n<meta property=\"og:locale\" content=\"de_DE\" \/>\n<meta property=\"og:type\" content=\"article\" \/>\n<meta property=\"og:title\" content=\"Drahtablaufsysteme | Promostar\" \/>\n<meta property=\"og:description\" content=\"Drahtablaufsysteme sind Vorrichtungen, die zum Abwickeln des Walzdrahts in Drahtkaltwalz-, Zieh- und Streckmaschinen verwendet werden.\" \/>\n<meta property=\"og:url\" content=\"https:\/\/www.promostar.it\/de\/prodotto\/drahtablaufsysteme\/\" \/>\n<meta property=\"og:site_name\" content=\"PromoStar S.r.l.\" \/>\n<meta property=\"article:modified_time\" content=\"2023-05-05T14:07:23+00:00\" \/>\n<meta property=\"og:image\" content=\"https:\/\/www.promostar.it\/wp-content\/uploads\/2022\/04\/Wire-pay-off-systems-1-transparent.jpg\" \/>\n\t<meta property=\"og:image:width\" content=\"1200\" \/>\n\t<meta property=\"og:image:height\" content=\"1200\" \/>\n\t<meta property=\"og:image:type\" content=\"image\/jpeg\" \/>\n<meta name=\"twitter:card\" content=\"summary_large_image\" \/>\n<script type=\"application\/ld+json\" class=\"yoast-schema-graph\">{\"@context\":\"https:\/\/schema.org\",\"@graph\":[{\"@type\":\"WebPage\",\"@id\":\"https:\/\/www.promostar.it\/de\/prodotto\/drahtablaufsysteme\/\",\"url\":\"https:\/\/www.promostar.it\/de\/prodotto\/drahtablaufsysteme\/\",\"name\":\"Drahtablaufsysteme | Promostar\",\"isPartOf\":{\"@id\":\"https:\/\/www.promostar.it\/de\/#website\"},\"datePublished\":\"2022-04-05T09:09:51+00:00\",\"dateModified\":\"2023-05-05T14:07:23+00:00\",\"description\":\"Drahtablaufsysteme sind Vorrichtungen, die zum Abwickeln des Walzdrahts in Drahtkaltwalz-, Zieh- und Streckmaschinen verwendet werden.\",\"breadcrumb\":{\"@id\":\"https:\/\/www.promostar.it\/de\/prodotto\/drahtablaufsysteme\/#breadcrumb\"},\"inLanguage\":\"de-DE\",\"potentialAction\":[{\"@type\":\"ReadAction\",\"target\":[\"https:\/\/www.promostar.it\/de\/prodotto\/drahtablaufsysteme\/\"]}]},{\"@type\":\"BreadcrumbList\",\"@id\":\"https:\/\/www.promostar.it\/de\/prodotto\/drahtablaufsysteme\/#breadcrumb\",\"itemListElement\":[{\"@type\":\"ListItem\",\"position\":1,\"name\":\"Home\",\"item\":\"https:\/\/www.promostar.it\/de\/\"},{\"@type\":\"ListItem\",\"position\":2,\"name\":\"Produkte\",\"item\":\"https:\/\/www.promostar.it\/de\/shop\/\"},{\"@type\":\"ListItem\",\"position\":3,\"name\":\"Drahtablaufsysteme\"}]},{\"@type\":\"WebSite\",\"@id\":\"https:\/\/www.promostar.it\/de\/#website\",\"url\":\"https:\/\/www.promostar.it\/de\/\",\"name\":\"PromoStar S.r.l.\",\"description\":\"Promostar \u00e8 l\u2019azienda leader e la prima ad introdurre il processo di stiratura\",\"publisher\":{\"@id\":\"https:\/\/www.promostar.it\/de\/#organization\"},\"potentialAction\":[{\"@type\":\"SearchAction\",\"target\":{\"@type\":\"EntryPoint\",\"urlTemplate\":\"https:\/\/www.promostar.it\/de\/?s={search_term_string}\"},\"query-input\":\"required name=search_term_string\"}],\"inLanguage\":\"de-DE\"},{\"@type\":\"Organization\",\"@id\":\"https:\/\/www.promostar.it\/de\/#organization\",\"name\":\"Promostar\",\"url\":\"https:\/\/www.promostar.it\/de\/\",\"logo\":{\"@type\":\"ImageObject\",\"inLanguage\":\"de-DE\",\"@id\":\"https:\/\/www.promostar.it\/de\/#\/schema\/logo\/image\/\",\"url\":\"https:\/\/www.promostar.it\/wp-content\/uploads\/2020\/10\/promostar-logo.png\",\"contentUrl\":\"https:\/\/www.promostar.it\/wp-content\/uploads\/2020\/10\/promostar-logo.png\",\"width\":210,\"height\":69,\"caption\":\"Promostar\"},\"image\":{\"@id\":\"https:\/\/www.promostar.it\/de\/#\/schema\/logo\/image\/\"}}]}<\/script>\n<!-- \/ Yoast SEO plugin. -->","yoast_head_json":{"title":"Drahtablaufsysteme | Promostar","description":"Drahtablaufsysteme sind Vorrichtungen, die zum Abwickeln des Walzdrahts in Drahtkaltwalz-, Zieh- und Streckmaschinen verwendet werden.","robots":{"index":"index","follow":"follow","max-snippet":"max-snippet:-1","max-image-preview":"max-image-preview:large","max-video-preview":"max-video-preview:-1"},"canonical":"https:\/\/www.promostar.it\/de\/prodotto\/drahtablaufsysteme\/","og_locale":"de_DE","og_type":"article","og_title":"Drahtablaufsysteme | Promostar","og_description":"Drahtablaufsysteme sind Vorrichtungen, die zum Abwickeln des Walzdrahts in Drahtkaltwalz-, Zieh- und Streckmaschinen verwendet werden.","og_url":"https:\/\/www.promostar.it\/de\/prodotto\/drahtablaufsysteme\/","og_site_name":"PromoStar S.r.l.","article_modified_time":"2023-05-05T14:07:23+00:00","og_image":[{"width":1200,"height":1200,"url":"https:\/\/www.promostar.it\/wp-content\/uploads\/2022\/04\/Wire-pay-off-systems-1-transparent.jpg","type":"image\/jpeg"}],"twitter_card":"summary_large_image","schema":{"@context":"https:\/\/schema.org","@graph":[{"@type":"WebPage","@id":"https:\/\/www.promostar.it\/de\/prodotto\/drahtablaufsysteme\/","url":"https:\/\/www.promostar.it\/de\/prodotto\/drahtablaufsysteme\/","name":"Drahtablaufsysteme | Promostar","isPartOf":{"@id":"https:\/\/www.promostar.it\/de\/#website"},"datePublished":"2022-04-05T09:09:51+00:00","dateModified":"2023-05-05T14:07:23+00:00","description":"Drahtablaufsysteme sind Vorrichtungen, die zum Abwickeln des Walzdrahts in Drahtkaltwalz-, Zieh- und Streckmaschinen verwendet werden.","breadcrumb":{"@id":"https:\/\/www.promostar.it\/de\/prodotto\/drahtablaufsysteme\/#breadcrumb"},"inLanguage":"de-DE","potentialAction":[{"@type":"ReadAction","target":["https:\/\/www.promostar.it\/de\/prodotto\/drahtablaufsysteme\/"]}]},{"@type":"BreadcrumbList","@id":"https:\/\/www.promostar.it\/de\/prodotto\/drahtablaufsysteme\/#breadcrumb","itemListElement":[{"@type":"ListItem","position":1,"name":"Home","item":"https:\/\/www.promostar.it\/de\/"},{"@type":"ListItem","position":2,"name":"Produkte","item":"https:\/\/www.promostar.it\/de\/shop\/"},{"@type":"ListItem","position":3,"name":"Drahtablaufsysteme"}]},{"@type":"WebSite","@id":"https:\/\/www.promostar.it\/de\/#website","url":"https:\/\/www.promostar.it\/de\/","name":"PromoStar S.r.l.","description":"Promostar \u00e8 l\u2019azienda leader e la prima ad introdurre il processo di stiratura","publisher":{"@id":"https:\/\/www.promostar.it\/de\/#organization"},"potentialAction":[{"@type":"SearchAction","target":{"@type":"EntryPoint","urlTemplate":"https:\/\/www.promostar.it\/de\/?s={search_term_string}"},"query-input":"required name=search_term_string"}],"inLanguage":"de-DE"},{"@type":"Organization","@id":"https:\/\/www.promostar.it\/de\/#organization","name":"Promostar","url":"https:\/\/www.promostar.it\/de\/","logo":{"@type":"ImageObject","inLanguage":"de-DE","@id":"https:\/\/www.promostar.it\/de\/#\/schema\/logo\/image\/","url":"https:\/\/www.promostar.it\/wp-content\/uploads\/2020\/10\/promostar-logo.png","contentUrl":"https:\/\/www.promostar.it\/wp-content\/uploads\/2020\/10\/promostar-logo.png","width":210,"height":69,"caption":"Promostar"},"image":{"@id":"https:\/\/www.promostar.it\/de\/#\/schema\/logo\/image\/"}}]}},"_links":{"self":[{"href":"https:\/\/www.promostar.it\/de\/wp-json\/wp\/v3\/product\/5875"}],"collection":[{"href":"https:\/\/www.promostar.it\/de\/wp-json\/wp\/v3\/product"}],"about":[{"href":"https:\/\/www.promostar.it\/de\/wp-json\/wp\/v2\/types\/product"}],"wp:featuredmedia":[{"embeddable":true,"href":"https:\/\/www.promostar.it\/de\/wp-json\/wp\/v2\/media\/4195"}],"wp:attachment":[{"href":"https:\/\/www.promostar.it\/de\/wp-json\/wp\/v2\/media?parent=5875"}],"wp:term":[{"taxonomy":"product_cat","embeddable":true,"href":"https:\/\/www.promostar.it\/de\/wp-json\/wp\/v2\/product_cat?post=5875"},{"taxonomy":"product_tag","embeddable":true,"href":"https:\/\/www.promostar.it\/de\/wp-json\/wp\/v2\/product_tag?post=5875"}],"curies":[{"name":"wp","href":"https:\/\/api.w.org\/{rel}","templated":true}]}}