{"id":5873,"date":"2022-04-15T09:50:52","date_gmt":"2022-04-15T07:50:52","guid":{"rendered":"https:\/\/www.promostar.it\/prodotto\/das-automatische-umreifungs-etikettier-und-wiegesystem-fuer-spulen\/"},"modified":"2023-05-05T15:37:30","modified_gmt":"2023-05-05T13:37:30","slug":"das-automatische-umreifungs-etikettier-und-wiegesystem-fuer-spulen","status":"publish","type":"product","link":"https:\/\/www.promostar.it\/de\/prodotto\/das-automatische-umreifungs-etikettier-und-wiegesystem-fuer-spulen\/","title":{"rendered":"Das automatische Umreifungs-, Etikettier- und Wiegesystem f\u00fcr Spulen"},"content":{"rendered":"<p>[et_pb_section fb_built=&#8220;1&#8243; _builder_version=&#8220;4.17.0&#8243; _module_preset=&#8220;default&#8220; global_colors_info=&#8220;{}&#8220;][\/et_pb_section]<\/p>\n","protected":false},"excerpt":{"rendered":"<p><strong>Das automatische Umreifungs-, Etikettier- und Wiegesystem f\u00fcr Spulen<\/strong> wird verwendet, um automatisch umreifte Spulen auf dem automatischen Spuler zu erhalten, mittels eines pneumatischen Umreifungskopfes, Wiegezellen und einer Druckvorrichtung.<\/p>\n<p>Das <strong>automatische Umreifungs-, Etikettier- und Wiegesystem f\u00fcr Spulen<\/strong> wird nach der Spulphase direkt auf der rotierenden Plattform des Spoolers (oder alternativ auf einer speziellen Station in der N\u00e4he) durchgef\u00fchrt: Sobald die zusammenklappbare Spule angehoben und von der Reitstockspindel richtig ausgerichtet wurde, n\u00e4hert sich die Umreifungsmaschine an und f\u00fchrt das Metallband alle 90 Grad ein, nimmt jeglichen Durchhang im Band auf und bindet die B\u00e4nder zusammen.<\/p>\n<p>Die Anzahl der in jeder Position vorhandenen B\u00e4nder ist vollst\u00e4ndig programmierbar (<strong>doppeltes Umreifen ist zul\u00e4ssig<\/strong>)<br \/>\nDie Umreifungsmaschine ist eine vollautomatische Maschine, die einen Umreifungsbandspender mit hoher Kapazit\u00e4t umfasst, um die H\u00e4ufigkeit des Ladens von Umreifungsmaterial zu minimieren und die Leistung der gesamten Kaltwalz- oder Streckanlage zu verbessern.<\/p>\n","protected":false},"featured_media":4138,"template":"","meta":{"_et_pb_use_builder":"on","_et_pb_old_content":"<strong>Das automatische Umreifungs-, Etikettier- und Wiegesystem f\u00fcr Spulen<\/strong> wird verwendet, um automatisch umreifte Spulen auf dem automatischen Spuler zu erhalten, mittels eines pneumatischen Umreifungskopfes, Wiegezellen und einer Druckvorrichtung.\n\nDas <strong>automatische Umreifungs-, Etikettier- und Wiegesystem f\u00fcr Spulen<\/strong> wird nach der Spulphase direkt auf der rotierenden Plattform des Spoolers (oder alternativ auf einer speziellen Station in der N\u00e4he) durchgef\u00fchrt: Sobald die zusammenklappbare Spule angehoben und von der Reitstockspindel richtig ausgerichtet wurde, n\u00e4hert sich die Umreifungsmaschine an und f\u00fchrt das Metallband alle 90 Grad ein, nimmt jeglichen Durchhang im Band auf und bindet die B\u00e4nder zusammen.\n\nDie Anzahl der in jeder Position vorhandenen B\u00e4nder ist vollst\u00e4ndig programmierbar (<strong>doppeltes Umreifen ist zul\u00e4ssig<\/strong>)\nDie Umreifungsmaschine ist eine vollautomatische Maschine, die einen Umreifungsbandspender mit hoher Kapazit\u00e4t umfasst, um die H\u00e4ufigkeit des Ladens von Umreifungsmaterial zu minimieren und die Leistung der gesamten Kaltwalz- oder Streckanlage zu verbessern.\n\nDas <strong>automatische Einlegen von Etikette<\/strong>n aus Spezialkunststoff erfolgt durch Positionieren dieser Etiketten innerhalb der Umreifungsmaschine, w\u00e4hrend das Etikettierger\u00e4t mit einer Druckeinheit ausgestattet ist, die das Etikett mit den spezifischen Daten f\u00fcr jedes Spule bedruckt. Das Etikett wird integral an der Spule durch das Band befestigt, das durch die entsprechenden Schlitze gebunden wird. Bei Bedarf ist es m\u00f6glich, mehrere Kopien des gleichen Etiketts f\u00fcr jede Spule zu drucken und auch einzuzuf\u00fcgen, bis zu maximal 4 Kopien.\n\nDie Druckeinheit des Etiketts ist vollst\u00e4ndig programmierbar, um alle notwendigen Informationen (Logo, Gussnummer, Stahlqualit\u00e4t, Drahtdurchmesser, Spulengewicht, Datum, Seriennummer, Barcode usw.).\n\nDas <strong>Wiegen der Spulen<\/strong> erfolgt auf dem rotierenden Reitstock des Spoolers, wo einige W\u00e4gezellen automatisch das tats\u00e4chliche Gewicht erkennen und ein Signal erzeugen, das an den Drucker und die SPS gesendet wird, um das Gewicht in den Produktionsdatendateien zu speichern.\n\n<strong>Dieses System ist bereits f\u00fcr die Zertifizierung durch eine Zertifizierungsstelle vorgesehen<\/strong>.","_et_gb_content_width":""},"product_cat":[193],"product_tag":[97,108,109,120,134,136],"yoast_head":"<!-- This site is optimized with the Yoast SEO plugin v20.5 - https:\/\/yoast.com\/wordpress\/plugins\/seo\/ -->\n<title>Automatische Umreifungs-, Etikettier- und Wiegesystem f\u00fcr Spulen | Promostar<\/title>\n<meta name=\"description\" content=\"Das automatische Umreifungs-, Etikettier- und Wiegesystem f\u00fcr Spulen wird verwendet, um automatisch umreifte Spulen auf dem automatischen Spuler zu erhalten\" \/>\n<meta name=\"robots\" content=\"index, follow, max-snippet:-1, max-image-preview:large, max-video-preview:-1\" \/>\n<link rel=\"canonical\" href=\"https:\/\/www.promostar.it\/de\/prodotto\/das-automatische-umreifungs-etikettier-und-wiegesystem-fuer-spulen\/\" \/>\n<meta property=\"og:locale\" content=\"de_DE\" \/>\n<meta property=\"og:type\" content=\"article\" \/>\n<meta property=\"og:title\" content=\"Automatische Umreifungs-, Etikettier- und Wiegesystem f\u00fcr Spulen | Promostar\" \/>\n<meta property=\"og:description\" content=\"Das automatische Umreifungs-, Etikettier- und Wiegesystem f\u00fcr Spulen wird verwendet, um automatisch umreifte Spulen auf dem automatischen Spuler zu erhalten\" \/>\n<meta property=\"og:url\" content=\"https:\/\/www.promostar.it\/de\/prodotto\/das-automatische-umreifungs-etikettier-und-wiegesystem-fuer-spulen\/\" \/>\n<meta property=\"og:site_name\" content=\"PromoStar S.r.l.\" \/>\n<meta property=\"article:modified_time\" content=\"2023-05-05T13:37:30+00:00\" \/>\n<meta property=\"og:image\" content=\"https:\/\/www.promostar.it\/wp-content\/uploads\/2022\/04\/Automatic-Strapping-1-transparent.jpg\" \/>\n\t<meta property=\"og:image:width\" content=\"1200\" \/>\n\t<meta property=\"og:image:height\" content=\"1200\" \/>\n\t<meta property=\"og:image:type\" content=\"image\/jpeg\" \/>\n<meta name=\"twitter:card\" content=\"summary_large_image\" \/>\n<script type=\"application\/ld+json\" class=\"yoast-schema-graph\">{\"@context\":\"https:\/\/schema.org\",\"@graph\":[{\"@type\":\"WebPage\",\"@id\":\"https:\/\/www.promostar.it\/de\/prodotto\/das-automatische-umreifungs-etikettier-und-wiegesystem-fuer-spulen\/\",\"url\":\"https:\/\/www.promostar.it\/de\/prodotto\/das-automatische-umreifungs-etikettier-und-wiegesystem-fuer-spulen\/\",\"name\":\"Automatische Umreifungs-, Etikettier- und Wiegesystem f\u00fcr Spulen | Promostar\",\"isPartOf\":{\"@id\":\"https:\/\/www.promostar.it\/de\/#website\"},\"datePublished\":\"2022-04-15T07:50:52+00:00\",\"dateModified\":\"2023-05-05T13:37:30+00:00\",\"description\":\"Das automatische Umreifungs-, Etikettier- und Wiegesystem f\u00fcr Spulen wird verwendet, um automatisch umreifte Spulen auf dem automatischen Spuler zu erhalten\",\"breadcrumb\":{\"@id\":\"https:\/\/www.promostar.it\/de\/prodotto\/das-automatische-umreifungs-etikettier-und-wiegesystem-fuer-spulen\/#breadcrumb\"},\"inLanguage\":\"de-DE\",\"potentialAction\":[{\"@type\":\"ReadAction\",\"target\":[\"https:\/\/www.promostar.it\/de\/prodotto\/das-automatische-umreifungs-etikettier-und-wiegesystem-fuer-spulen\/\"]}]},{\"@type\":\"BreadcrumbList\",\"@id\":\"https:\/\/www.promostar.it\/de\/prodotto\/das-automatische-umreifungs-etikettier-und-wiegesystem-fuer-spulen\/#breadcrumb\",\"itemListElement\":[{\"@type\":\"ListItem\",\"position\":1,\"name\":\"Home\",\"item\":\"https:\/\/www.promostar.it\/de\/\"},{\"@type\":\"ListItem\",\"position\":2,\"name\":\"Produkte\",\"item\":\"https:\/\/www.promostar.it\/de\/shop\/\"},{\"@type\":\"ListItem\",\"position\":3,\"name\":\"Das automatische Umreifungs-, Etikettier- und Wiegesystem f\u00fcr Spulen\"}]},{\"@type\":\"WebSite\",\"@id\":\"https:\/\/www.promostar.it\/de\/#website\",\"url\":\"https:\/\/www.promostar.it\/de\/\",\"name\":\"PromoStar S.r.l.\",\"description\":\"Promostar \u00e8 l\u2019azienda leader e la prima ad introdurre il processo di stiratura\",\"publisher\":{\"@id\":\"https:\/\/www.promostar.it\/de\/#organization\"},\"potentialAction\":[{\"@type\":\"SearchAction\",\"target\":{\"@type\":\"EntryPoint\",\"urlTemplate\":\"https:\/\/www.promostar.it\/de\/?s={search_term_string}\"},\"query-input\":\"required name=search_term_string\"}],\"inLanguage\":\"de-DE\"},{\"@type\":\"Organization\",\"@id\":\"https:\/\/www.promostar.it\/de\/#organization\",\"name\":\"Promostar\",\"url\":\"https:\/\/www.promostar.it\/de\/\",\"logo\":{\"@type\":\"ImageObject\",\"inLanguage\":\"de-DE\",\"@id\":\"https:\/\/www.promostar.it\/de\/#\/schema\/logo\/image\/\",\"url\":\"https:\/\/www.promostar.it\/wp-content\/uploads\/2020\/10\/promostar-logo.png\",\"contentUrl\":\"https:\/\/www.promostar.it\/wp-content\/uploads\/2020\/10\/promostar-logo.png\",\"width\":210,\"height\":69,\"caption\":\"Promostar\"},\"image\":{\"@id\":\"https:\/\/www.promostar.it\/de\/#\/schema\/logo\/image\/\"}}]}<\/script>\n<!-- \/ Yoast SEO plugin. -->","yoast_head_json":{"title":"Automatische Umreifungs-, Etikettier- und Wiegesystem f\u00fcr Spulen | Promostar","description":"Das automatische Umreifungs-, Etikettier- und Wiegesystem f\u00fcr Spulen wird verwendet, um automatisch umreifte Spulen auf dem automatischen Spuler zu erhalten","robots":{"index":"index","follow":"follow","max-snippet":"max-snippet:-1","max-image-preview":"max-image-preview:large","max-video-preview":"max-video-preview:-1"},"canonical":"https:\/\/www.promostar.it\/de\/prodotto\/das-automatische-umreifungs-etikettier-und-wiegesystem-fuer-spulen\/","og_locale":"de_DE","og_type":"article","og_title":"Automatische Umreifungs-, Etikettier- und Wiegesystem f\u00fcr Spulen | Promostar","og_description":"Das automatische Umreifungs-, Etikettier- und Wiegesystem f\u00fcr Spulen wird verwendet, um automatisch umreifte Spulen auf dem automatischen Spuler zu erhalten","og_url":"https:\/\/www.promostar.it\/de\/prodotto\/das-automatische-umreifungs-etikettier-und-wiegesystem-fuer-spulen\/","og_site_name":"PromoStar S.r.l.","article_modified_time":"2023-05-05T13:37:30+00:00","og_image":[{"width":1200,"height":1200,"url":"https:\/\/www.promostar.it\/wp-content\/uploads\/2022\/04\/Automatic-Strapping-1-transparent.jpg","type":"image\/jpeg"}],"twitter_card":"summary_large_image","schema":{"@context":"https:\/\/schema.org","@graph":[{"@type":"WebPage","@id":"https:\/\/www.promostar.it\/de\/prodotto\/das-automatische-umreifungs-etikettier-und-wiegesystem-fuer-spulen\/","url":"https:\/\/www.promostar.it\/de\/prodotto\/das-automatische-umreifungs-etikettier-und-wiegesystem-fuer-spulen\/","name":"Automatische Umreifungs-, Etikettier- und Wiegesystem f\u00fcr Spulen | Promostar","isPartOf":{"@id":"https:\/\/www.promostar.it\/de\/#website"},"datePublished":"2022-04-15T07:50:52+00:00","dateModified":"2023-05-05T13:37:30+00:00","description":"Das automatische Umreifungs-, Etikettier- und Wiegesystem f\u00fcr Spulen wird verwendet, um automatisch umreifte Spulen auf dem automatischen Spuler zu erhalten","breadcrumb":{"@id":"https:\/\/www.promostar.it\/de\/prodotto\/das-automatische-umreifungs-etikettier-und-wiegesystem-fuer-spulen\/#breadcrumb"},"inLanguage":"de-DE","potentialAction":[{"@type":"ReadAction","target":["https:\/\/www.promostar.it\/de\/prodotto\/das-automatische-umreifungs-etikettier-und-wiegesystem-fuer-spulen\/"]}]},{"@type":"BreadcrumbList","@id":"https:\/\/www.promostar.it\/de\/prodotto\/das-automatische-umreifungs-etikettier-und-wiegesystem-fuer-spulen\/#breadcrumb","itemListElement":[{"@type":"ListItem","position":1,"name":"Home","item":"https:\/\/www.promostar.it\/de\/"},{"@type":"ListItem","position":2,"name":"Produkte","item":"https:\/\/www.promostar.it\/de\/shop\/"},{"@type":"ListItem","position":3,"name":"Das automatische Umreifungs-, Etikettier- und Wiegesystem f\u00fcr Spulen"}]},{"@type":"WebSite","@id":"https:\/\/www.promostar.it\/de\/#website","url":"https:\/\/www.promostar.it\/de\/","name":"PromoStar S.r.l.","description":"Promostar \u00e8 l\u2019azienda leader e la prima ad introdurre il processo di stiratura","publisher":{"@id":"https:\/\/www.promostar.it\/de\/#organization"},"potentialAction":[{"@type":"SearchAction","target":{"@type":"EntryPoint","urlTemplate":"https:\/\/www.promostar.it\/de\/?s={search_term_string}"},"query-input":"required name=search_term_string"}],"inLanguage":"de-DE"},{"@type":"Organization","@id":"https:\/\/www.promostar.it\/de\/#organization","name":"Promostar","url":"https:\/\/www.promostar.it\/de\/","logo":{"@type":"ImageObject","inLanguage":"de-DE","@id":"https:\/\/www.promostar.it\/de\/#\/schema\/logo\/image\/","url":"https:\/\/www.promostar.it\/wp-content\/uploads\/2020\/10\/promostar-logo.png","contentUrl":"https:\/\/www.promostar.it\/wp-content\/uploads\/2020\/10\/promostar-logo.png","width":210,"height":69,"caption":"Promostar"},"image":{"@id":"https:\/\/www.promostar.it\/de\/#\/schema\/logo\/image\/"}}]}},"_links":{"self":[{"href":"https:\/\/www.promostar.it\/de\/wp-json\/wp\/v3\/product\/5873"}],"collection":[{"href":"https:\/\/www.promostar.it\/de\/wp-json\/wp\/v3\/product"}],"about":[{"href":"https:\/\/www.promostar.it\/de\/wp-json\/wp\/v2\/types\/product"}],"wp:featuredmedia":[{"embeddable":true,"href":"https:\/\/www.promostar.it\/de\/wp-json\/wp\/v2\/media\/4138"}],"wp:attachment":[{"href":"https:\/\/www.promostar.it\/de\/wp-json\/wp\/v2\/media?parent=5873"}],"wp:term":[{"taxonomy":"product_cat","embeddable":true,"href":"https:\/\/www.promostar.it\/de\/wp-json\/wp\/v2\/product_cat?post=5873"},{"taxonomy":"product_tag","embeddable":true,"href":"https:\/\/www.promostar.it\/de\/wp-json\/wp\/v2\/product_tag?post=5873"}],"curies":[{"name":"wp","href":"https:\/\/api.w.org\/{rel}","templated":true}]}}